{"id":11742,"date":"2018-10-01T17:41:56","date_gmt":"2018-10-01T21:41:56","guid":{"rendered":"https:\/\/www.duboischemicals.com\/\/auto-care\/superblend\/"},"modified":"2021-02-22T09:49:25","modified_gmt":"2021-02-22T14:49:25","slug":"superblend","status":"publish","type":"page","link":"https:\/\/www.duboischemicals.com\/auto-care\/fr\/equipment\/superblend\/","title":{"rendered":"SuperBlend"},"content":{"rendered":"<h2>SuperBlend, un syst\u00e8me de m\u00e9lange de d\u00e9tergents sur mesure <\/h2>\n<p>Devenez votre propre mixeur pour rivaliser contre tous les concurents locaux! Le centre <a href=\"http:\/\/www.duboischemicals.com\/\/auto-care\/wp-content\/uploads\/sites\/6\/2018\/12\/SuperBlend-Sell-Sheet.pdf\" target=\"_blank\" rel=\"noopener noreferrer\">SuperBlend<\/a> permet \u00e0 l&rsquo;utilisateur de fabriquer une large gamme de d\u00e9tergents et de produits protecteurs avec un seul bouton. Notre conception brevet\u00e9e offre une qualit\u00e9 constante, un fonctionnement fiable, une facilit\u00e9 d&rsquo;utilisation simple avec un seul bouton et des performances Blendco \u00e9prouv\u00e9es.<\/p>\n<p><a href=\"http:\/\/www.duboischemicals.com\/\/auto-care\/wp-content\/uploads\/sites\/6\/2018\/12\/SuperBlend-Sell-Sheet.pdf\" target=\"_blank\" rel=\"noopener noreferrer\"><img loading=\"lazy\" decoding=\"async\" class=\"alignnone size-medium wp-image-10842\" src=\"https:\/\/www.duboischemicals.com\/auto-care\/wp-content\/uploads\/sites\/6\/2018\/11\/SuperBlend-280x300.jpg\" alt=\"\" width=\"280\" height=\"300\" srcset=\"https:\/\/www.duboischemicals.com\/auto-care\/wp-content\/uploads\/sites\/6\/2018\/11\/SuperBlend-280x300.jpg 280w, https:\/\/www.duboischemicals.com\/auto-care\/wp-content\/uploads\/sites\/6\/2018\/11\/SuperBlend-140x150.jpg 140w, https:\/\/www.duboischemicals.com\/auto-care\/wp-content\/uploads\/sites\/6\/2018\/11\/SuperBlend.jpg 450w\" sizes=\"auto, (max-width: 280px) 100vw, 280px\" \/><\/a><\/p>\n<p><a href=\"http:\/\/www.duboischemicals.com\/\/auto-care\/wp-content\/uploads\/sites\/6\/2018\/12\/SuperBlend-Sell-Sheet.pdf\" target=\"_blank\" rel=\"noopener noreferrer\">SuperBlend<\/a> peut cr\u00e9er n&rsquo;importe quel d\u00e9tergent ou protecteur concentr\u00e9 \u00e0 des prix catalogue. Cela signifie de la VALEUR gr\u00e2ce \u00e0 un superconcentr\u00e9 qui r\u00e9duit les co\u00fbts de fret, de stockage et de manutention.<\/p>\n","protected":false},"excerpt":{"rendered":"<p>SuperBlend, un syst\u00e8me de m\u00e9lange de d\u00e9tergents sur mesure Devenez votre propre mixeur pour rivaliser contre tous les concurents locaux! Le centre SuperBlend permet \u00e0 l&rsquo;utilisateur de fabriquer une large gamme de d\u00e9tergents et de&#8230;<\/p>\n","protected":false},"author":220,"featured_media":0,"parent":12314,"menu_order":3,"comment_status":"closed","ping_status":"closed","template":"","meta":{"_acf_changed":false,"footnotes":""},"class_list":["post-11742","page","type-page","status-publish","hentry"],"acf":[],"yoast_head":"<!-- This site is optimized with the Yoast SEO plugin v26.8 - https:\/\/yoast.com\/product\/yoast-seo-wordpress\/ -->\n<title>SuperBlend - Entretien automobile<\/title>\n<meta name=\"robots\" content=\"index, follow, max-snippet:-1, max-image-preview:large, max-video-preview:-1\" \/>\n<link rel=\"canonical\" href=\"https:\/\/www.duboischemicals.com\/auto-care\/fr\/equipment\/superblend\/\" \/>\n<meta property=\"og:locale\" content=\"fr_FR\" \/>\n<meta property=\"og:type\" content=\"article\" \/>\n<meta property=\"og:title\" content=\"SuperBlend - Entretien automobile\" \/>\n<meta property=\"og:description\" content=\"SuperBlend, un syst\u00e8me de m\u00e9lange de d\u00e9tergents sur mesure Devenez votre propre mixeur pour rivaliser contre tous les concurents locaux! Le centre SuperBlend permet \u00e0 l&rsquo;utilisateur de fabriquer une large gamme de d\u00e9tergents et de...\" \/>\n<meta property=\"og:url\" content=\"https:\/\/www.duboischemicals.com\/auto-care\/fr\/equipment\/superblend\/\" \/>\n<meta property=\"og:site_name\" content=\"Entretien automobile\" \/>\n<meta property=\"article:modified_time\" content=\"2021-02-22T14:49:25+00:00\" \/>\n<meta property=\"og:image\" content=\"https:\/\/www.duboischemicals.com\/auto-care\/wp-content\/uploads\/sites\/6\/2018\/11\/SuperBlend-280x300.jpg\" \/>\n<meta name=\"twitter:card\" content=\"summary_large_image\" \/>\n<meta name=\"twitter:label1\" content=\"Dur\u00e9e de lecture estim\u00e9e\" \/>\n\t<meta name=\"twitter:data1\" content=\"1 minute\" \/>\n<script type=\"application\/ld+json\" class=\"yoast-schema-graph\">{\"@context\":\"https:\/\/schema.org\",\"@graph\":[{\"@type\":\"WebPage\",\"@id\":\"https:\/\/www.duboischemicals.com\/auto-care\/fr\/equipment\/superblend\/\",\"url\":\"https:\/\/www.duboischemicals.com\/auto-care\/fr\/equipment\/superblend\/\",\"name\":\"SuperBlend - Entretien automobile\",\"isPartOf\":{\"@id\":\"https:\/\/www.duboischemicals.com\/auto-care\/fr\/#website\"},\"primaryImageOfPage\":{\"@id\":\"https:\/\/www.duboischemicals.com\/auto-care\/fr\/equipment\/superblend\/#primaryimage\"},\"image\":{\"@id\":\"https:\/\/www.duboischemicals.com\/auto-care\/fr\/equipment\/superblend\/#primaryimage\"},\"thumbnailUrl\":\"https:\/\/www.duboischemicals.com\/auto-care\/wp-content\/uploads\/sites\/6\/2018\/11\/SuperBlend-280x300.jpg\",\"datePublished\":\"2018-10-01T21:41:56+00:00\",\"dateModified\":\"2021-02-22T14:49:25+00:00\",\"breadcrumb\":{\"@id\":\"https:\/\/www.duboischemicals.com\/auto-care\/fr\/equipment\/superblend\/#breadcrumb\"},\"inLanguage\":\"fr-FR\",\"potentialAction\":[{\"@type\":\"ReadAction\",\"target\":[\"https:\/\/www.duboischemicals.com\/auto-care\/fr\/equipment\/superblend\/\"]}]},{\"@type\":\"ImageObject\",\"inLanguage\":\"fr-FR\",\"@id\":\"https:\/\/www.duboischemicals.com\/auto-care\/fr\/equipment\/superblend\/#primaryimage\",\"url\":\"https:\/\/www.duboischemicals.com\/auto-care\/wp-content\/uploads\/sites\/6\/2018\/11\/SuperBlend-280x300.jpg\",\"contentUrl\":\"https:\/\/www.duboischemicals.com\/auto-care\/wp-content\/uploads\/sites\/6\/2018\/11\/SuperBlend-280x300.jpg\"},{\"@type\":\"BreadcrumbList\",\"@id\":\"https:\/\/www.duboischemicals.com\/auto-care\/fr\/equipment\/superblend\/#breadcrumb\",\"itemListElement\":[{\"@type\":\"ListItem\",\"position\":1,\"name\":\"Accueil\",\"item\":\"https:\/\/www.duboischemicals.com\/auto-care\/fr\/\"},{\"@type\":\"ListItem\",\"position\":2,\"name\":\"\u00c9quipement\",\"item\":\"https:\/\/www.duboischemicals.com\/auto-care\/fr\/equipment\/\"},{\"@type\":\"ListItem\",\"position\":3,\"name\":\"SuperBlend\"}]},{\"@type\":\"WebSite\",\"@id\":\"https:\/\/www.duboischemicals.com\/auto-care\/fr\/#website\",\"url\":\"https:\/\/www.duboischemicals.com\/auto-care\/fr\/\",\"name\":\"Entretien automobile\",\"description\":\"\",\"potentialAction\":[{\"@type\":\"SearchAction\",\"target\":{\"@type\":\"EntryPoint\",\"urlTemplate\":\"https:\/\/www.duboischemicals.com\/auto-care\/fr\/?s={search_term_string}\"},\"query-input\":{\"@type\":\"PropertyValueSpecification\",\"valueRequired\":true,\"valueName\":\"search_term_string\"}}],\"inLanguage\":\"fr-FR\"}]}<\/script>\n<!-- \/ Yoast SEO plugin. -->","yoast_head_json":{"title":"SuperBlend - Entretien automobile","robots":{"index":"index","follow":"follow","max-snippet":"max-snippet:-1","max-image-preview":"max-image-preview:large","max-video-preview":"max-video-preview:-1"},"canonical":"https:\/\/www.duboischemicals.com\/auto-care\/fr\/equipment\/superblend\/","og_locale":"fr_FR","og_type":"article","og_title":"SuperBlend - Entretien automobile","og_description":"SuperBlend, un syst\u00e8me de m\u00e9lange de d\u00e9tergents sur mesure Devenez votre propre mixeur pour rivaliser contre tous les concurents locaux! Le centre SuperBlend permet \u00e0 l&rsquo;utilisateur de fabriquer une large gamme de d\u00e9tergents et de...","og_url":"https:\/\/www.duboischemicals.com\/auto-care\/fr\/equipment\/superblend\/","og_site_name":"Entretien automobile","article_modified_time":"2021-02-22T14:49:25+00:00","og_image":[{"url":"https:\/\/www.duboischemicals.com\/auto-care\/wp-content\/uploads\/sites\/6\/2018\/11\/SuperBlend-280x300.jpg","type":"","width":"","height":""}],"twitter_card":"summary_large_image","twitter_misc":{"Dur\u00e9e de lecture estim\u00e9e":"1 minute"},"schema":{"@context":"https:\/\/schema.org","@graph":[{"@type":"WebPage","@id":"https:\/\/www.duboischemicals.com\/auto-care\/fr\/equipment\/superblend\/","url":"https:\/\/www.duboischemicals.com\/auto-care\/fr\/equipment\/superblend\/","name":"SuperBlend - Entretien automobile","isPartOf":{"@id":"https:\/\/www.duboischemicals.com\/auto-care\/fr\/#website"},"primaryImageOfPage":{"@id":"https:\/\/www.duboischemicals.com\/auto-care\/fr\/equipment\/superblend\/#primaryimage"},"image":{"@id":"https:\/\/www.duboischemicals.com\/auto-care\/fr\/equipment\/superblend\/#primaryimage"},"thumbnailUrl":"https:\/\/www.duboischemicals.com\/auto-care\/wp-content\/uploads\/sites\/6\/2018\/11\/SuperBlend-280x300.jpg","datePublished":"2018-10-01T21:41:56+00:00","dateModified":"2021-02-22T14:49:25+00:00","breadcrumb":{"@id":"https:\/\/www.duboischemicals.com\/auto-care\/fr\/equipment\/superblend\/#breadcrumb"},"inLanguage":"fr-FR","potentialAction":[{"@type":"ReadAction","target":["https:\/\/www.duboischemicals.com\/auto-care\/fr\/equipment\/superblend\/"]}]},{"@type":"ImageObject","inLanguage":"fr-FR","@id":"https:\/\/www.duboischemicals.com\/auto-care\/fr\/equipment\/superblend\/#primaryimage","url":"https:\/\/www.duboischemicals.com\/auto-care\/wp-content\/uploads\/sites\/6\/2018\/11\/SuperBlend-280x300.jpg","contentUrl":"https:\/\/www.duboischemicals.com\/auto-care\/wp-content\/uploads\/sites\/6\/2018\/11\/SuperBlend-280x300.jpg"},{"@type":"BreadcrumbList","@id":"https:\/\/www.duboischemicals.com\/auto-care\/fr\/equipment\/superblend\/#breadcrumb","itemListElement":[{"@type":"ListItem","position":1,"name":"Accueil","item":"https:\/\/www.duboischemicals.com\/auto-care\/fr\/"},{"@type":"ListItem","position":2,"name":"\u00c9quipement","item":"https:\/\/www.duboischemicals.com\/auto-care\/fr\/equipment\/"},{"@type":"ListItem","position":3,"name":"SuperBlend"}]},{"@type":"WebSite","@id":"https:\/\/www.duboischemicals.com\/auto-care\/fr\/#website","url":"https:\/\/www.duboischemicals.com\/auto-care\/fr\/","name":"Entretien automobile","description":"","potentialAction":[{"@type":"SearchAction","target":{"@type":"EntryPoint","urlTemplate":"https:\/\/www.duboischemicals.com\/auto-care\/fr\/?s={search_term_string}"},"query-input":{"@type":"PropertyValueSpecification","valueRequired":true,"valueName":"search_term_string"}}],"inLanguage":"fr-FR"}]}},"_links":{"self":[{"href":"https:\/\/www.duboischemicals.com\/auto-care\/fr\/wp-json\/wp\/v2\/pages\/11742","targetHints":{"allow":["GET"]}}],"collection":[{"href":"https:\/\/www.duboischemicals.com\/auto-care\/fr\/wp-json\/wp\/v2\/pages"}],"about":[{"href":"https:\/\/www.duboischemicals.com\/auto-care\/fr\/wp-json\/wp\/v2\/types\/page"}],"author":[{"embeddable":true,"href":"https:\/\/www.duboischemicals.com\/auto-care\/fr\/wp-json\/wp\/v2\/users\/220"}],"replies":[{"embeddable":true,"href":"https:\/\/www.duboischemicals.com\/auto-care\/fr\/wp-json\/wp\/v2\/comments?post=11742"}],"version-history":[{"count":1,"href":"https:\/\/www.duboischemicals.com\/auto-care\/fr\/wp-json\/wp\/v2\/pages\/11742\/revisions"}],"predecessor-version":[{"id":12576,"href":"https:\/\/www.duboischemicals.com\/auto-care\/fr\/wp-json\/wp\/v2\/pages\/11742\/revisions\/12576"}],"up":[{"embeddable":true,"href":"https:\/\/www.duboischemicals.com\/auto-care\/fr\/wp-json\/wp\/v2\/pages\/12314"}],"wp:attachment":[{"href":"https:\/\/www.duboischemicals.com\/auto-care\/fr\/wp-json\/wp\/v2\/media?parent=11742"}],"curies":[{"name":"wp","href":"https:\/\/api.w.org\/{rel}","templated":true}]}}