{"id":11764,"date":"2018-10-01T17:43:18","date_gmt":"2018-10-01T21:43:18","guid":{"rendered":"https:\/\/www.duboischemicals.com\/\/auto-care\/service-support\/customer-service\/"},"modified":"2021-04-02T09:53:11","modified_gmt":"2021-04-02T13:53:11","slug":"customer-service","status":"publish","type":"page","link":"https:\/\/www.duboischemicals.com\/auto-care\/fr\/service-support\/customer-service\/","title":{"rendered":"Service \u00e0 la client\u00e8le"},"content":{"rendered":"<h2>Service \u00e0 la client\u00e8le<\/h2>\n<p>\u00c0 Blendco Systems, nous nous engageons \u00e0 vous offrir le meilleur en mati\u00e8re de soutien \u00e0 la client\u00e8le. Nous sommes accessibles, \u00e0 votre \u00e9coute et pr\u00eats \u00e0 vous apporter l&rsquo;aide individuelle dont vous avez besoin. Notre personnel d&rsquo;assistance poss\u00e8de des connaissances et de l&rsquo;enthousiasme, car nous aimons trouver de nouvelles et meilleures fa\u00e7ons de r\u00e9pondre aux besoins de nos clients fid\u00e8les.<\/p>\n","protected":false},"excerpt":{"rendered":"<p>Service \u00e0 la client\u00e8le \u00c0 Blendco Systems, nous nous engageons \u00e0 vous offrir le meilleur en mati\u00e8re de soutien \u00e0 la client\u00e8le. Nous sommes accessibles, \u00e0 votre \u00e9coute et pr\u00eats \u00e0 vous apporter l&rsquo;aide individuelle&#8230;<\/p>\n","protected":false},"author":220,"featured_media":0,"parent":11753,"menu_order":1,"comment_status":"closed","ping_status":"closed","template":"template-staff-listing.php","meta":{"_acf_changed":false,"footnotes":""},"class_list":["post-11764","page","type-page","status-publish","hentry"],"acf":[],"yoast_head":"<!-- This site is optimized with the Yoast SEO plugin v26.8 - https:\/\/yoast.com\/product\/yoast-seo-wordpress\/ -->\n<title>Service \u00e0 la client\u00e8le - Entretien automobile<\/title>\n<meta name=\"robots\" content=\"index, follow, max-snippet:-1, max-image-preview:large, max-video-preview:-1\" \/>\n<link rel=\"canonical\" href=\"https:\/\/www.duboischemicals.com\/auto-care\/fr\/service-support\/customer-service\/\" \/>\n<meta property=\"og:locale\" content=\"fr_FR\" \/>\n<meta property=\"og:type\" content=\"article\" \/>\n<meta property=\"og:title\" content=\"Service \u00e0 la client\u00e8le - Entretien automobile\" \/>\n<meta property=\"og:description\" content=\"Service \u00e0 la client\u00e8le \u00c0 Blendco Systems, nous nous engageons \u00e0 vous offrir le meilleur en mati\u00e8re de soutien \u00e0 la client\u00e8le. Nous sommes accessibles, \u00e0 votre \u00e9coute et pr\u00eats \u00e0 vous apporter l&rsquo;aide individuelle...\" \/>\n<meta property=\"og:url\" content=\"https:\/\/www.duboischemicals.com\/auto-care\/fr\/service-support\/customer-service\/\" \/>\n<meta property=\"og:site_name\" content=\"Entretien automobile\" \/>\n<meta property=\"article:modified_time\" content=\"2021-04-02T13:53:11+00:00\" \/>\n<meta name=\"twitter:card\" content=\"summary_large_image\" \/>\n<script type=\"application\/ld+json\" class=\"yoast-schema-graph\">{\"@context\":\"https:\/\/schema.org\",\"@graph\":[{\"@type\":\"WebPage\",\"@id\":\"https:\/\/www.duboischemicals.com\/auto-care\/fr\/service-support\/customer-service\/\",\"url\":\"https:\/\/www.duboischemicals.com\/auto-care\/fr\/service-support\/customer-service\/\",\"name\":\"Service \u00e0 la client\u00e8le - Entretien automobile\",\"isPartOf\":{\"@id\":\"https:\/\/www.duboischemicals.com\/auto-care\/fr\/#website\"},\"datePublished\":\"2018-10-01T21:43:18+00:00\",\"dateModified\":\"2021-04-02T13:53:11+00:00\",\"breadcrumb\":{\"@id\":\"https:\/\/www.duboischemicals.com\/auto-care\/fr\/service-support\/customer-service\/#breadcrumb\"},\"inLanguage\":\"fr-FR\",\"potentialAction\":[{\"@type\":\"ReadAction\",\"target\":[\"https:\/\/www.duboischemicals.com\/auto-care\/fr\/service-support\/customer-service\/\"]}]},{\"@type\":\"BreadcrumbList\",\"@id\":\"https:\/\/www.duboischemicals.com\/auto-care\/fr\/service-support\/customer-service\/#breadcrumb\",\"itemListElement\":[{\"@type\":\"ListItem\",\"position\":1,\"name\":\"Accueil\",\"item\":\"https:\/\/www.duboischemicals.com\/auto-care\/fr\/\"},{\"@type\":\"ListItem\",\"position\":2,\"name\":\"Service et soutien\",\"item\":\"https:\/\/www.duboischemicals.com\/auto-care\/fr\/service-support\/\"},{\"@type\":\"ListItem\",\"position\":3,\"name\":\"Service \u00e0 la client\u00e8le\"}]},{\"@type\":\"WebSite\",\"@id\":\"https:\/\/www.duboischemicals.com\/auto-care\/fr\/#website\",\"url\":\"https:\/\/www.duboischemicals.com\/auto-care\/fr\/\",\"name\":\"Entretien automobile\",\"description\":\"\",\"potentialAction\":[{\"@type\":\"SearchAction\",\"target\":{\"@type\":\"EntryPoint\",\"urlTemplate\":\"https:\/\/www.duboischemicals.com\/auto-care\/fr\/?s={search_term_string}\"},\"query-input\":{\"@type\":\"PropertyValueSpecification\",\"valueRequired\":true,\"valueName\":\"search_term_string\"}}],\"inLanguage\":\"fr-FR\"}]}<\/script>\n<!-- \/ Yoast SEO plugin. -->","yoast_head_json":{"title":"Service \u00e0 la client\u00e8le - Entretien automobile","robots":{"index":"index","follow":"follow","max-snippet":"max-snippet:-1","max-image-preview":"max-image-preview:large","max-video-preview":"max-video-preview:-1"},"canonical":"https:\/\/www.duboischemicals.com\/auto-care\/fr\/service-support\/customer-service\/","og_locale":"fr_FR","og_type":"article","og_title":"Service \u00e0 la client\u00e8le - Entretien automobile","og_description":"Service \u00e0 la client\u00e8le \u00c0 Blendco Systems, nous nous engageons \u00e0 vous offrir le meilleur en mati\u00e8re de soutien \u00e0 la client\u00e8le. Nous sommes accessibles, \u00e0 votre \u00e9coute et pr\u00eats \u00e0 vous apporter l&rsquo;aide individuelle...","og_url":"https:\/\/www.duboischemicals.com\/auto-care\/fr\/service-support\/customer-service\/","og_site_name":"Entretien automobile","article_modified_time":"2021-04-02T13:53:11+00:00","twitter_card":"summary_large_image","schema":{"@context":"https:\/\/schema.org","@graph":[{"@type":"WebPage","@id":"https:\/\/www.duboischemicals.com\/auto-care\/fr\/service-support\/customer-service\/","url":"https:\/\/www.duboischemicals.com\/auto-care\/fr\/service-support\/customer-service\/","name":"Service \u00e0 la client\u00e8le - Entretien automobile","isPartOf":{"@id":"https:\/\/www.duboischemicals.com\/auto-care\/fr\/#website"},"datePublished":"2018-10-01T21:43:18+00:00","dateModified":"2021-04-02T13:53:11+00:00","breadcrumb":{"@id":"https:\/\/www.duboischemicals.com\/auto-care\/fr\/service-support\/customer-service\/#breadcrumb"},"inLanguage":"fr-FR","potentialAction":[{"@type":"ReadAction","target":["https:\/\/www.duboischemicals.com\/auto-care\/fr\/service-support\/customer-service\/"]}]},{"@type":"BreadcrumbList","@id":"https:\/\/www.duboischemicals.com\/auto-care\/fr\/service-support\/customer-service\/#breadcrumb","itemListElement":[{"@type":"ListItem","position":1,"name":"Accueil","item":"https:\/\/www.duboischemicals.com\/auto-care\/fr\/"},{"@type":"ListItem","position":2,"name":"Service et soutien","item":"https:\/\/www.duboischemicals.com\/auto-care\/fr\/service-support\/"},{"@type":"ListItem","position":3,"name":"Service \u00e0 la client\u00e8le"}]},{"@type":"WebSite","@id":"https:\/\/www.duboischemicals.com\/auto-care\/fr\/#website","url":"https:\/\/www.duboischemicals.com\/auto-care\/fr\/","name":"Entretien automobile","description":"","potentialAction":[{"@type":"SearchAction","target":{"@type":"EntryPoint","urlTemplate":"https:\/\/www.duboischemicals.com\/auto-care\/fr\/?s={search_term_string}"},"query-input":{"@type":"PropertyValueSpecification","valueRequired":true,"valueName":"search_term_string"}}],"inLanguage":"fr-FR"}]}},"_links":{"self":[{"href":"https:\/\/www.duboischemicals.com\/auto-care\/fr\/wp-json\/wp\/v2\/pages\/11764","targetHints":{"allow":["GET"]}}],"collection":[{"href":"https:\/\/www.duboischemicals.com\/auto-care\/fr\/wp-json\/wp\/v2\/pages"}],"about":[{"href":"https:\/\/www.duboischemicals.com\/auto-care\/fr\/wp-json\/wp\/v2\/types\/page"}],"author":[{"embeddable":true,"href":"https:\/\/www.duboischemicals.com\/auto-care\/fr\/wp-json\/wp\/v2\/users\/220"}],"replies":[{"embeddable":true,"href":"https:\/\/www.duboischemicals.com\/auto-care\/fr\/wp-json\/wp\/v2\/comments?post=11764"}],"version-history":[{"count":2,"href":"https:\/\/www.duboischemicals.com\/auto-care\/fr\/wp-json\/wp\/v2\/pages\/11764\/revisions"}],"predecessor-version":[{"id":13317,"href":"https:\/\/www.duboischemicals.com\/auto-care\/fr\/wp-json\/wp\/v2\/pages\/11764\/revisions\/13317"}],"up":[{"embeddable":true,"href":"https:\/\/www.duboischemicals.com\/auto-care\/fr\/wp-json\/wp\/v2\/pages\/11753"}],"wp:attachment":[{"href":"https:\/\/www.duboischemicals.com\/auto-care\/fr\/wp-json\/wp\/v2\/media?parent=11764"}],"curies":[{"name":"wp","href":"https:\/\/api.w.org\/{rel}","templated":true}]}}