{"id":11930,"date":"2018-10-15T09:25:19","date_gmt":"2018-10-15T13:25:19","guid":{"rendered":"https:\/\/www.duboischemicals.com\/\/auto-care\/products\/"},"modified":"2021-03-09T06:26:00","modified_gmt":"2021-03-09T11:26:00","slug":"products","status":"publish","type":"page","link":"https:\/\/www.duboischemicals.com\/auto-care\/fr\/products\/","title":{"rendered":"Produits"},"content":{"rendered":"<p>\u00c0 Blendco Systems &amp; CAR Products, nous sommes fiers d&rsquo;\u00eatre un leader du secteur avec les produits de lavage et d\u2019esth\u00e9tique automobiles les plus vendus et de la plus haute qualit\u00e9! Nous sommes \u00e9galement fiers de vous proposer des produits adapt\u00e9s \u00e0 vos besoins en mati\u00e8re de lavage automobile, qui vous offrent davantage de possibilit\u00e9s, afin que vous puissiez produire les voitures les plus propres et les plus brillantes \u00e0 des prix comp\u00e9titifs.<\/p>\n<p><strong>Pour voir tous nos excellents produits d\u2019entretien automobile, cliquez sur le bouton Catalogue de produits ci-dessus.<\/strong><\/p>\n","protected":false},"excerpt":{"rendered":"<p>\u00c0 Blendco Systems &amp; CAR Products, nous sommes fiers d&rsquo;\u00eatre un leader du secteur avec les produits de lavage et d\u2019esth\u00e9tique automobiles les plus vendus et de la plus haute qualit\u00e9! Nous sommes \u00e9galement fiers&#8230;<\/p>\n","protected":false},"author":220,"featured_media":10477,"parent":0,"menu_order":5,"comment_status":"closed","ping_status":"closed","template":"template-prodinfo.php","meta":{"_acf_changed":false,"footnotes":""},"class_list":["post-11930","page","type-page","status-publish","has-post-thumbnail","hentry"],"acf":[],"yoast_head":"<!-- This site is optimized with the Yoast SEO plugin v26.8 - https:\/\/yoast.com\/product\/yoast-seo-wordpress\/ -->\n<title>Produits - Entretien automobile<\/title>\n<meta name=\"robots\" content=\"index, follow, max-snippet:-1, max-image-preview:large, max-video-preview:-1\" \/>\n<link rel=\"canonical\" href=\"https:\/\/www.duboischemicals.com\/auto-care\/fr\/products\/\" \/>\n<meta property=\"og:locale\" content=\"fr_FR\" \/>\n<meta property=\"og:type\" content=\"article\" \/>\n<meta property=\"og:title\" content=\"Produits - Entretien automobile\" \/>\n<meta property=\"og:description\" content=\"\u00c0 Blendco Systems &amp; CAR Products, nous sommes fiers d&rsquo;\u00eatre un leader du secteur avec les produits de lavage et d\u2019esth\u00e9tique automobiles les plus vendus et de la plus haute qualit\u00e9! Nous sommes \u00e9galement fiers...\" \/>\n<meta property=\"og:url\" content=\"https:\/\/www.duboischemicals.com\/auto-care\/fr\/products\/\" \/>\n<meta property=\"og:site_name\" content=\"Entretien automobile\" \/>\n<meta property=\"article:modified_time\" content=\"2021-03-09T11:26:00+00:00\" \/>\n<meta property=\"og:image\" content=\"https:\/\/www.duboischemicals.com\/auto-care\/wp-content\/uploads\/sites\/6\/2018\/10\/Autp-Care-Image.png\" \/>\n\t<meta property=\"og:image:width\" content=\"454\" \/>\n\t<meta property=\"og:image:height\" content=\"450\" \/>\n\t<meta property=\"og:image:type\" content=\"image\/png\" \/>\n<meta name=\"twitter:card\" content=\"summary_large_image\" \/>\n<script type=\"application\/ld+json\" class=\"yoast-schema-graph\">{\"@context\":\"https:\/\/schema.org\",\"@graph\":[{\"@type\":\"WebPage\",\"@id\":\"https:\/\/www.duboischemicals.com\/auto-care\/fr\/products\/\",\"url\":\"https:\/\/www.duboischemicals.com\/auto-care\/fr\/products\/\",\"name\":\"Produits - Entretien automobile\",\"isPartOf\":{\"@id\":\"https:\/\/www.duboischemicals.com\/auto-care\/fr\/#website\"},\"primaryImageOfPage\":{\"@id\":\"https:\/\/www.duboischemicals.com\/auto-care\/fr\/products\/#primaryimage\"},\"image\":{\"@id\":\"https:\/\/www.duboischemicals.com\/auto-care\/fr\/products\/#primaryimage\"},\"thumbnailUrl\":\"https:\/\/www.duboischemicals.com\/auto-care\/wp-content\/uploads\/sites\/6\/2018\/10\/Autp-Care-Image.png\",\"datePublished\":\"2018-10-15T13:25:19+00:00\",\"dateModified\":\"2021-03-09T11:26:00+00:00\",\"breadcrumb\":{\"@id\":\"https:\/\/www.duboischemicals.com\/auto-care\/fr\/products\/#breadcrumb\"},\"inLanguage\":\"fr-FR\",\"potentialAction\":[{\"@type\":\"ReadAction\",\"target\":[\"https:\/\/www.duboischemicals.com\/auto-care\/fr\/products\/\"]}]},{\"@type\":\"ImageObject\",\"inLanguage\":\"fr-FR\",\"@id\":\"https:\/\/www.duboischemicals.com\/auto-care\/fr\/products\/#primaryimage\",\"url\":\"https:\/\/www.duboischemicals.com\/auto-care\/wp-content\/uploads\/sites\/6\/2018\/10\/Autp-Care-Image.png\",\"contentUrl\":\"https:\/\/www.duboischemicals.com\/auto-care\/wp-content\/uploads\/sites\/6\/2018\/10\/Autp-Care-Image.png\",\"width\":454,\"height\":450},{\"@type\":\"BreadcrumbList\",\"@id\":\"https:\/\/www.duboischemicals.com\/auto-care\/fr\/products\/#breadcrumb\",\"itemListElement\":[{\"@type\":\"ListItem\",\"position\":1,\"name\":\"Accueil\",\"item\":\"https:\/\/www.duboischemicals.com\/auto-care\/fr\/\"},{\"@type\":\"ListItem\",\"position\":2,\"name\":\"Produits\"}]},{\"@type\":\"WebSite\",\"@id\":\"https:\/\/www.duboischemicals.com\/auto-care\/fr\/#website\",\"url\":\"https:\/\/www.duboischemicals.com\/auto-care\/fr\/\",\"name\":\"Entretien automobile\",\"description\":\"\",\"potentialAction\":[{\"@type\":\"SearchAction\",\"target\":{\"@type\":\"EntryPoint\",\"urlTemplate\":\"https:\/\/www.duboischemicals.com\/auto-care\/fr\/?s={search_term_string}\"},\"query-input\":{\"@type\":\"PropertyValueSpecification\",\"valueRequired\":true,\"valueName\":\"search_term_string\"}}],\"inLanguage\":\"fr-FR\"}]}<\/script>\n<!-- \/ Yoast SEO plugin. -->","yoast_head_json":{"title":"Produits - Entretien automobile","robots":{"index":"index","follow":"follow","max-snippet":"max-snippet:-1","max-image-preview":"max-image-preview:large","max-video-preview":"max-video-preview:-1"},"canonical":"https:\/\/www.duboischemicals.com\/auto-care\/fr\/products\/","og_locale":"fr_FR","og_type":"article","og_title":"Produits - Entretien automobile","og_description":"\u00c0 Blendco Systems &amp; CAR Products, nous sommes fiers d&rsquo;\u00eatre un leader du secteur avec les produits de lavage et d\u2019esth\u00e9tique automobiles les plus vendus et de la plus haute qualit\u00e9! Nous sommes \u00e9galement fiers...","og_url":"https:\/\/www.duboischemicals.com\/auto-care\/fr\/products\/","og_site_name":"Entretien automobile","article_modified_time":"2021-03-09T11:26:00+00:00","og_image":[{"width":454,"height":450,"url":"https:\/\/www.duboischemicals.com\/auto-care\/wp-content\/uploads\/sites\/6\/2018\/10\/Autp-Care-Image.png","type":"image\/png"}],"twitter_card":"summary_large_image","schema":{"@context":"https:\/\/schema.org","@graph":[{"@type":"WebPage","@id":"https:\/\/www.duboischemicals.com\/auto-care\/fr\/products\/","url":"https:\/\/www.duboischemicals.com\/auto-care\/fr\/products\/","name":"Produits - Entretien automobile","isPartOf":{"@id":"https:\/\/www.duboischemicals.com\/auto-care\/fr\/#website"},"primaryImageOfPage":{"@id":"https:\/\/www.duboischemicals.com\/auto-care\/fr\/products\/#primaryimage"},"image":{"@id":"https:\/\/www.duboischemicals.com\/auto-care\/fr\/products\/#primaryimage"},"thumbnailUrl":"https:\/\/www.duboischemicals.com\/auto-care\/wp-content\/uploads\/sites\/6\/2018\/10\/Autp-Care-Image.png","datePublished":"2018-10-15T13:25:19+00:00","dateModified":"2021-03-09T11:26:00+00:00","breadcrumb":{"@id":"https:\/\/www.duboischemicals.com\/auto-care\/fr\/products\/#breadcrumb"},"inLanguage":"fr-FR","potentialAction":[{"@type":"ReadAction","target":["https:\/\/www.duboischemicals.com\/auto-care\/fr\/products\/"]}]},{"@type":"ImageObject","inLanguage":"fr-FR","@id":"https:\/\/www.duboischemicals.com\/auto-care\/fr\/products\/#primaryimage","url":"https:\/\/www.duboischemicals.com\/auto-care\/wp-content\/uploads\/sites\/6\/2018\/10\/Autp-Care-Image.png","contentUrl":"https:\/\/www.duboischemicals.com\/auto-care\/wp-content\/uploads\/sites\/6\/2018\/10\/Autp-Care-Image.png","width":454,"height":450},{"@type":"BreadcrumbList","@id":"https:\/\/www.duboischemicals.com\/auto-care\/fr\/products\/#breadcrumb","itemListElement":[{"@type":"ListItem","position":1,"name":"Accueil","item":"https:\/\/www.duboischemicals.com\/auto-care\/fr\/"},{"@type":"ListItem","position":2,"name":"Produits"}]},{"@type":"WebSite","@id":"https:\/\/www.duboischemicals.com\/auto-care\/fr\/#website","url":"https:\/\/www.duboischemicals.com\/auto-care\/fr\/","name":"Entretien automobile","description":"","potentialAction":[{"@type":"SearchAction","target":{"@type":"EntryPoint","urlTemplate":"https:\/\/www.duboischemicals.com\/auto-care\/fr\/?s={search_term_string}"},"query-input":{"@type":"PropertyValueSpecification","valueRequired":true,"valueName":"search_term_string"}}],"inLanguage":"fr-FR"}]}},"_links":{"self":[{"href":"https:\/\/www.duboischemicals.com\/auto-care\/fr\/wp-json\/wp\/v2\/pages\/11930","targetHints":{"allow":["GET"]}}],"collection":[{"href":"https:\/\/www.duboischemicals.com\/auto-care\/fr\/wp-json\/wp\/v2\/pages"}],"about":[{"href":"https:\/\/www.duboischemicals.com\/auto-care\/fr\/wp-json\/wp\/v2\/types\/page"}],"author":[{"embeddable":true,"href":"https:\/\/www.duboischemicals.com\/auto-care\/fr\/wp-json\/wp\/v2\/users\/220"}],"replies":[{"embeddable":true,"href":"https:\/\/www.duboischemicals.com\/auto-care\/fr\/wp-json\/wp\/v2\/comments?post=11930"}],"version-history":[{"count":2,"href":"https:\/\/www.duboischemicals.com\/auto-care\/fr\/wp-json\/wp\/v2\/pages\/11930\/revisions"}],"predecessor-version":[{"id":12472,"href":"https:\/\/www.duboischemicals.com\/auto-care\/fr\/wp-json\/wp\/v2\/pages\/11930\/revisions\/12472"}],"wp:featuredmedia":[{"embeddable":true,"href":"https:\/\/www.duboischemicals.com\/auto-care\/fr\/wp-json\/wp\/v2\/media\/10477"}],"wp:attachment":[{"href":"https:\/\/www.duboischemicals.com\/auto-care\/fr\/wp-json\/wp\/v2\/media?parent=11930"}],"curies":[{"name":"wp","href":"https:\/\/api.w.org\/{rel}","templated":true}]}}