{"id":12074,"date":"2018-10-01T17:36:28","date_gmt":"2018-10-01T21:36:28","guid":{"rendered":"https:\/\/www.duboischemicals.com\/\/auto-care\/buy-now\/"},"modified":"2021-04-02T09:16:33","modified_gmt":"2021-04-02T13:16:33","slug":"buy-now","status":"publish","type":"page","link":"https:\/\/www.duboischemicals.com\/auto-care\/fr\/buy-now\/","title":{"rendered":"Achetez maintenant"},"content":{"rendered":"<h2>Commandez maintenant!<\/h2>\n<p>Que vous soyez un nouveau client, un client int\u00e9ress\u00e9 \u00e0 acheter certains produits dans notre boutique en ligne ou un client existant souhaitant passer une nouvelle commande, nous avons une option pour vous!<\/p>\n","protected":false},"excerpt":{"rendered":"<p>Commandez maintenant! Que vous soyez un nouveau client, un client int\u00e9ress\u00e9 \u00e0 acheter certains produits dans notre boutique en ligne ou un client existant souhaitant passer une nouvelle commande, nous avons une option pour vous!<\/p>\n","protected":false},"author":220,"featured_media":0,"parent":0,"menu_order":0,"comment_status":"closed","ping_status":"closed","template":"template-circle-nav.php","meta":{"_acf_changed":false,"footnotes":""},"class_list":["post-12074","page","type-page","status-publish","hentry"],"acf":[],"yoast_head":"<!-- This site is optimized with the Yoast SEO plugin v26.8 - https:\/\/yoast.com\/product\/yoast-seo-wordpress\/ -->\n<title>Achetez maintenant - Entretien automobile<\/title>\n<meta name=\"robots\" content=\"index, follow, max-snippet:-1, max-image-preview:large, max-video-preview:-1\" \/>\n<link rel=\"canonical\" href=\"https:\/\/www.duboischemicals.com\/auto-care\/fr\/buy-now\/\" \/>\n<meta property=\"og:locale\" content=\"fr_FR\" \/>\n<meta property=\"og:type\" content=\"article\" \/>\n<meta property=\"og:title\" content=\"Achetez maintenant - Entretien automobile\" \/>\n<meta property=\"og:description\" content=\"Commandez maintenant! Que vous soyez un nouveau client, un client int\u00e9ress\u00e9 \u00e0 acheter certains produits dans notre boutique en ligne ou un client existant souhaitant passer une nouvelle commande, nous avons une option pour vous!\" \/>\n<meta property=\"og:url\" content=\"https:\/\/www.duboischemicals.com\/auto-care\/fr\/buy-now\/\" \/>\n<meta property=\"og:site_name\" content=\"Entretien automobile\" \/>\n<meta property=\"article:modified_time\" content=\"2021-04-02T13:16:33+00:00\" \/>\n<meta name=\"twitter:card\" content=\"summary_large_image\" \/>\n<script type=\"application\/ld+json\" class=\"yoast-schema-graph\">{\"@context\":\"https:\/\/schema.org\",\"@graph\":[{\"@type\":\"WebPage\",\"@id\":\"https:\/\/www.duboischemicals.com\/auto-care\/fr\/buy-now\/\",\"url\":\"https:\/\/www.duboischemicals.com\/auto-care\/fr\/buy-now\/\",\"name\":\"Achetez maintenant - Entretien automobile\",\"isPartOf\":{\"@id\":\"https:\/\/www.duboischemicals.com\/auto-care\/fr\/#website\"},\"datePublished\":\"2018-10-01T21:36:28+00:00\",\"dateModified\":\"2021-04-02T13:16:33+00:00\",\"breadcrumb\":{\"@id\":\"https:\/\/www.duboischemicals.com\/auto-care\/fr\/buy-now\/#breadcrumb\"},\"inLanguage\":\"fr-FR\",\"potentialAction\":[{\"@type\":\"ReadAction\",\"target\":[\"https:\/\/www.duboischemicals.com\/auto-care\/fr\/buy-now\/\"]}]},{\"@type\":\"BreadcrumbList\",\"@id\":\"https:\/\/www.duboischemicals.com\/auto-care\/fr\/buy-now\/#breadcrumb\",\"itemListElement\":[{\"@type\":\"ListItem\",\"position\":1,\"name\":\"Accueil\",\"item\":\"https:\/\/www.duboischemicals.com\/auto-care\/fr\/\"},{\"@type\":\"ListItem\",\"position\":2,\"name\":\"Achetez maintenant\"}]},{\"@type\":\"WebSite\",\"@id\":\"https:\/\/www.duboischemicals.com\/auto-care\/fr\/#website\",\"url\":\"https:\/\/www.duboischemicals.com\/auto-care\/fr\/\",\"name\":\"Entretien automobile\",\"description\":\"\",\"potentialAction\":[{\"@type\":\"SearchAction\",\"target\":{\"@type\":\"EntryPoint\",\"urlTemplate\":\"https:\/\/www.duboischemicals.com\/auto-care\/fr\/?s={search_term_string}\"},\"query-input\":{\"@type\":\"PropertyValueSpecification\",\"valueRequired\":true,\"valueName\":\"search_term_string\"}}],\"inLanguage\":\"fr-FR\"}]}<\/script>\n<!-- \/ Yoast SEO plugin. -->","yoast_head_json":{"title":"Achetez maintenant - Entretien automobile","robots":{"index":"index","follow":"follow","max-snippet":"max-snippet:-1","max-image-preview":"max-image-preview:large","max-video-preview":"max-video-preview:-1"},"canonical":"https:\/\/www.duboischemicals.com\/auto-care\/fr\/buy-now\/","og_locale":"fr_FR","og_type":"article","og_title":"Achetez maintenant - Entretien automobile","og_description":"Commandez maintenant! Que vous soyez un nouveau client, un client int\u00e9ress\u00e9 \u00e0 acheter certains produits dans notre boutique en ligne ou un client existant souhaitant passer une nouvelle commande, nous avons une option pour vous!","og_url":"https:\/\/www.duboischemicals.com\/auto-care\/fr\/buy-now\/","og_site_name":"Entretien automobile","article_modified_time":"2021-04-02T13:16:33+00:00","twitter_card":"summary_large_image","schema":{"@context":"https:\/\/schema.org","@graph":[{"@type":"WebPage","@id":"https:\/\/www.duboischemicals.com\/auto-care\/fr\/buy-now\/","url":"https:\/\/www.duboischemicals.com\/auto-care\/fr\/buy-now\/","name":"Achetez maintenant - Entretien automobile","isPartOf":{"@id":"https:\/\/www.duboischemicals.com\/auto-care\/fr\/#website"},"datePublished":"2018-10-01T21:36:28+00:00","dateModified":"2021-04-02T13:16:33+00:00","breadcrumb":{"@id":"https:\/\/www.duboischemicals.com\/auto-care\/fr\/buy-now\/#breadcrumb"},"inLanguage":"fr-FR","potentialAction":[{"@type":"ReadAction","target":["https:\/\/www.duboischemicals.com\/auto-care\/fr\/buy-now\/"]}]},{"@type":"BreadcrumbList","@id":"https:\/\/www.duboischemicals.com\/auto-care\/fr\/buy-now\/#breadcrumb","itemListElement":[{"@type":"ListItem","position":1,"name":"Accueil","item":"https:\/\/www.duboischemicals.com\/auto-care\/fr\/"},{"@type":"ListItem","position":2,"name":"Achetez maintenant"}]},{"@type":"WebSite","@id":"https:\/\/www.duboischemicals.com\/auto-care\/fr\/#website","url":"https:\/\/www.duboischemicals.com\/auto-care\/fr\/","name":"Entretien automobile","description":"","potentialAction":[{"@type":"SearchAction","target":{"@type":"EntryPoint","urlTemplate":"https:\/\/www.duboischemicals.com\/auto-care\/fr\/?s={search_term_string}"},"query-input":{"@type":"PropertyValueSpecification","valueRequired":true,"valueName":"search_term_string"}}],"inLanguage":"fr-FR"}]}},"_links":{"self":[{"href":"https:\/\/www.duboischemicals.com\/auto-care\/fr\/wp-json\/wp\/v2\/pages\/12074","targetHints":{"allow":["GET"]}}],"collection":[{"href":"https:\/\/www.duboischemicals.com\/auto-care\/fr\/wp-json\/wp\/v2\/pages"}],"about":[{"href":"https:\/\/www.duboischemicals.com\/auto-care\/fr\/wp-json\/wp\/v2\/types\/page"}],"author":[{"embeddable":true,"href":"https:\/\/www.duboischemicals.com\/auto-care\/fr\/wp-json\/wp\/v2\/users\/220"}],"replies":[{"embeddable":true,"href":"https:\/\/www.duboischemicals.com\/auto-care\/fr\/wp-json\/wp\/v2\/comments?post=12074"}],"version-history":[{"count":2,"href":"https:\/\/www.duboischemicals.com\/auto-care\/fr\/wp-json\/wp\/v2\/pages\/12074\/revisions"}],"predecessor-version":[{"id":13313,"href":"https:\/\/www.duboischemicals.com\/auto-care\/fr\/wp-json\/wp\/v2\/pages\/12074\/revisions\/13313"}],"wp:attachment":[{"href":"https:\/\/www.duboischemicals.com\/auto-care\/fr\/wp-json\/wp\/v2\/media?parent=12074"}],"curies":[{"name":"wp","href":"https:\/\/api.w.org\/{rel}","templated":true}]}}