{"id":12312,"date":"2020-05-18T13:34:32","date_gmt":"2020-05-18T17:34:32","guid":{"rendered":"https:\/\/www.duboischemicals.com\/\/auto-care\/ceramic-cleaner\/"},"modified":"2021-02-18T09:12:02","modified_gmt":"2021-02-18T14:12:02","slug":"ceramic-cleaner","status":"publish","type":"page","link":"https:\/\/www.duboischemicals.com\/auto-care\/fr\/ceramic-cleaner\/","title":{"rendered":"Nettoyant de type c\u00e9ramique"},"content":{"rendered":"<h3><img loading=\"lazy\" decoding=\"async\" class=\"wp-image-11727 alignnone\" src=\"https:\/\/www.duboischemicals.com\/auto-care\/wp-content\/uploads\/sites\/6\/2020\/05\/Blendco-Ceramictude-01.png\" alt=\"\" width=\"500\" height=\"174\" srcset=\"https:\/\/www.duboischemicals.com\/auto-care\/wp-content\/uploads\/sites\/6\/2020\/05\/Blendco-Ceramictude-01.png 1600w, https:\/\/www.duboischemicals.com\/auto-care\/wp-content\/uploads\/sites\/6\/2020\/05\/Blendco-Ceramictude-01-300x104.png 300w, https:\/\/www.duboischemicals.com\/auto-care\/wp-content\/uploads\/sites\/6\/2020\/05\/Blendco-Ceramictude-01-1024x356.png 1024w, https:\/\/www.duboischemicals.com\/auto-care\/wp-content\/uploads\/sites\/6\/2020\/05\/Blendco-Ceramictude-01-768x267.png 768w, https:\/\/www.duboischemicals.com\/auto-care\/wp-content\/uploads\/sites\/6\/2020\/05\/Blendco-Ceramictude-01-1536x534.png 1536w, https:\/\/www.duboischemicals.com\/auto-care\/wp-content\/uploads\/sites\/6\/2020\/05\/Blendco-Ceramictude-01-150x52.png 150w\" sizes=\"auto, (max-width: 500px) 100vw, 500px\" \/><\/h3>\n<p style=\"text-align: right;\"><a href=\"https:\/\/www.duboischemicals.com\/auto-care\/wp-content\/uploads\/sites\/6\/2020\/05\/Ceramic-Sell-Sheet.pdf\" target=\"_blank\" rel=\"noopener noreferrer\">Voir la fiche de vente<\/a><\/p>\n<hr \/>\n<h3><img loading=\"lazy\" decoding=\"async\" class=\"wp-image-11725 size-thumbnail alignleft\" src=\"https:\/\/www.duboischemicals.com\/auto-care\/wp-content\/uploads\/sites\/6\/2020\/05\/CeramicProtectants-TotalBody-CMYK-1-150x150.jpg\" alt=\"\" width=\"150\" height=\"150\" srcset=\"https:\/\/www.duboischemicals.com\/auto-care\/wp-content\/uploads\/sites\/6\/2020\/05\/CeramicProtectants-TotalBody-CMYK-1-150x150.jpg 150w, https:\/\/www.duboischemicals.com\/auto-care\/wp-content\/uploads\/sites\/6\/2020\/05\/CeramicProtectants-TotalBody-CMYK-1-300x300.jpg 300w, https:\/\/www.duboischemicals.com\/auto-care\/wp-content\/uploads\/sites\/6\/2020\/05\/CeramicProtectants-TotalBody-CMYK-1.jpg 500w\" sizes=\"auto, (max-width: 150px) 100vw, 150px\" \/><\/h3>\n<h3>Rust-Oleum\u00ae Ceramic Total Body Protectant<\/h3>\n<p>Un protecteur int\u00e9gral pour carrosserie \u00e0 base de silice polym\u00e8re, qui forme une barri\u00e8re semblable \u00e0 la vitroc\u00e9ramique et se lie int\u00e9gralement au verre, au chrome, au caoutchouc, au plastique et \u00e0 la peinture. Le protecteur Rust-Oleum TBP porte la marque de confiance Rust-Oleum et dure plus longtemps que tous les autres produits c\u00e9ramiques test\u00e9s. Parfum agr\u00e9able de melon d\u2019eau.<\/p>\n<p>&nbsp;<\/p>\n<hr \/>\n<h3><img loading=\"lazy\" decoding=\"async\" class=\"wp-image-11723 size-thumbnail alignright\" src=\"https:\/\/www.duboischemicals.com\/auto-care\/wp-content\/uploads\/sites\/6\/2020\/05\/CeramicProtectants-Clearcoat-CMYK-150x150.jpg\" alt=\"\" width=\"150\" height=\"150\" srcset=\"https:\/\/www.duboischemicals.com\/auto-care\/wp-content\/uploads\/sites\/6\/2020\/05\/CeramicProtectants-Clearcoat-CMYK-150x150.jpg 150w, https:\/\/www.duboischemicals.com\/auto-care\/wp-content\/uploads\/sites\/6\/2020\/05\/CeramicProtectants-Clearcoat-CMYK-300x300.jpg 300w, https:\/\/www.duboischemicals.com\/auto-care\/wp-content\/uploads\/sites\/6\/2020\/05\/CeramicProtectants-Clearcoat-CMYK.jpg 500w\" sizes=\"auto, (max-width: 150px) 100vw, 150px\" \/><\/h3>\n<h3>Rust-Oelum\u00ae Ceramic Clearcoat Protectant<\/h3>\n<p>Un protecteur c\u00e9ramique pour couche de finition transparente \u00e0 base de silice polym\u00e8re, qui forme une barri\u00e8re semblable \u00e0 la vitroc\u00e9ramique et prot\u00e8ge la finition incolore des v\u00e9hicules. Le protecteur Rust-Oleum CCP porte la marque de confiance Rust-Oleum et dure plus longtemps que tous les autres produits c\u00e9ramiques test\u00e9s. Parfum agr\u00e9able de melon d\u2019eau.<\/p>\n<p>&nbsp;<\/p>\n<hr \/>\n<h3><img loading=\"lazy\" decoding=\"async\" class=\"size-thumbnail wp-image-11721 alignleft\" src=\"https:\/\/www.duboischemicals.com\/auto-care\/wp-content\/uploads\/sites\/6\/2020\/05\/CeramicProtectants-Foaming-CMYK-150x150.jpg\" alt=\"\" width=\"150\" height=\"150\" srcset=\"https:\/\/www.duboischemicals.com\/auto-care\/wp-content\/uploads\/sites\/6\/2020\/05\/CeramicProtectants-Foaming-CMYK-150x150.jpg 150w, https:\/\/www.duboischemicals.com\/auto-care\/wp-content\/uploads\/sites\/6\/2020\/05\/CeramicProtectants-Foaming-CMYK-300x300.jpg 300w, https:\/\/www.duboischemicals.com\/auto-care\/wp-content\/uploads\/sites\/6\/2020\/05\/CeramicProtectants-Foaming-CMYK.jpg 500w\" sizes=\"auto, (max-width: 150px) 100vw, 150px\" \/><\/h3>\n<h3>Rust-Oleum\u00ae Ceramic Foaming Protectant<\/h3>\n<p>Un protecteur \u00e0 base de silice polym\u00e8re tr\u00e8s moussant, tr\u00e8s parfum\u00e9, aux couleurs vives et brillantes et \u00e0 fort pouvoir protecteur. Le protecteur Rust-Oleum FP porte la marque de confiance Rust-Oleum et dure plus longtemps que tous les autres produits c\u00e9ramiques test\u00e9s. Parfum agr\u00e9able de melon d\u2019eau. Offert en couleurs vives et percutantes.<\/p>\n","protected":false},"excerpt":{"rendered":"<p>Voir la fiche de vente Rust-Oleum\u00ae Ceramic Total Body Protectant Un protecteur int\u00e9gral pour carrosserie \u00e0 base de silice polym\u00e8re, qui forme une barri\u00e8re semblable \u00e0 la vitroc\u00e9ramique et se lie int\u00e9gralement au verre, au&#8230;<\/p>\n","protected":false},"author":220,"featured_media":0,"parent":0,"menu_order":0,"comment_status":"closed","ping_status":"closed","template":"","meta":{"_acf_changed":false,"footnotes":""},"class_list":["post-12312","page","type-page","status-publish","hentry"],"acf":[],"yoast_head":"<!-- This site is optimized with the Yoast SEO plugin v26.8 - https:\/\/yoast.com\/product\/yoast-seo-wordpress\/ -->\n<title>Nettoyant de type c\u00e9ramique - Entretien automobile<\/title>\n<meta name=\"robots\" content=\"index, follow, max-snippet:-1, max-image-preview:large, max-video-preview:-1\" \/>\n<link rel=\"canonical\" href=\"https:\/\/www.duboischemicals.com\/auto-care\/fr\/ceramic-cleaner\/\" \/>\n<meta property=\"og:locale\" content=\"fr_FR\" \/>\n<meta property=\"og:type\" content=\"article\" \/>\n<meta property=\"og:title\" content=\"Nettoyant de type c\u00e9ramique - Entretien automobile\" \/>\n<meta property=\"og:description\" content=\"Voir la fiche de vente Rust-Oleum\u00ae Ceramic Total Body Protectant Un protecteur int\u00e9gral pour carrosserie \u00e0 base de silice polym\u00e8re, qui forme une barri\u00e8re semblable \u00e0 la vitroc\u00e9ramique et se lie int\u00e9gralement au verre, au...\" \/>\n<meta property=\"og:url\" content=\"https:\/\/www.duboischemicals.com\/auto-care\/fr\/ceramic-cleaner\/\" \/>\n<meta property=\"og:site_name\" content=\"Entretien automobile\" \/>\n<meta property=\"article:modified_time\" content=\"2021-02-18T14:12:02+00:00\" \/>\n<meta property=\"og:image\" content=\"https:\/\/www.duboischemicals.com\/auto-care\/wp-content\/uploads\/sites\/6\/2020\/05\/Blendco-Ceramictude-01.png\" \/>\n<meta name=\"twitter:card\" content=\"summary_large_image\" \/>\n<meta name=\"twitter:label1\" content=\"Dur\u00e9e de lecture estim\u00e9e\" \/>\n\t<meta name=\"twitter:data1\" content=\"1 minute\" \/>\n<script type=\"application\/ld+json\" class=\"yoast-schema-graph\">{\"@context\":\"https:\/\/schema.org\",\"@graph\":[{\"@type\":\"WebPage\",\"@id\":\"https:\/\/www.duboischemicals.com\/auto-care\/fr\/ceramic-cleaner\/\",\"url\":\"https:\/\/www.duboischemicals.com\/auto-care\/fr\/ceramic-cleaner\/\",\"name\":\"Nettoyant de type c\u00e9ramique - Entretien automobile\",\"isPartOf\":{\"@id\":\"https:\/\/www.duboischemicals.com\/auto-care\/fr\/#website\"},\"primaryImageOfPage\":{\"@id\":\"https:\/\/www.duboischemicals.com\/auto-care\/fr\/ceramic-cleaner\/#primaryimage\"},\"image\":{\"@id\":\"https:\/\/www.duboischemicals.com\/auto-care\/fr\/ceramic-cleaner\/#primaryimage\"},\"thumbnailUrl\":\"https:\/\/www.duboischemicals.com\/auto-care\/wp-content\/uploads\/sites\/6\/2020\/05\/Blendco-Ceramictude-01.png\",\"datePublished\":\"2020-05-18T17:34:32+00:00\",\"dateModified\":\"2021-02-18T14:12:02+00:00\",\"breadcrumb\":{\"@id\":\"https:\/\/www.duboischemicals.com\/auto-care\/fr\/ceramic-cleaner\/#breadcrumb\"},\"inLanguage\":\"fr-FR\",\"potentialAction\":[{\"@type\":\"ReadAction\",\"target\":[\"https:\/\/www.duboischemicals.com\/auto-care\/fr\/ceramic-cleaner\/\"]}]},{\"@type\":\"ImageObject\",\"inLanguage\":\"fr-FR\",\"@id\":\"https:\/\/www.duboischemicals.com\/auto-care\/fr\/ceramic-cleaner\/#primaryimage\",\"url\":\"https:\/\/www.duboischemicals.com\/auto-care\/wp-content\/uploads\/sites\/6\/2020\/05\/Blendco-Ceramictude-01.png\",\"contentUrl\":\"https:\/\/www.duboischemicals.com\/auto-care\/wp-content\/uploads\/sites\/6\/2020\/05\/Blendco-Ceramictude-01.png\"},{\"@type\":\"BreadcrumbList\",\"@id\":\"https:\/\/www.duboischemicals.com\/auto-care\/fr\/ceramic-cleaner\/#breadcrumb\",\"itemListElement\":[{\"@type\":\"ListItem\",\"position\":1,\"name\":\"Accueil\",\"item\":\"https:\/\/www.duboischemicals.com\/auto-care\/fr\/\"},{\"@type\":\"ListItem\",\"position\":2,\"name\":\"Nettoyant de type c\u00e9ramique\"}]},{\"@type\":\"WebSite\",\"@id\":\"https:\/\/www.duboischemicals.com\/auto-care\/fr\/#website\",\"url\":\"https:\/\/www.duboischemicals.com\/auto-care\/fr\/\",\"name\":\"Entretien automobile\",\"description\":\"\",\"potentialAction\":[{\"@type\":\"SearchAction\",\"target\":{\"@type\":\"EntryPoint\",\"urlTemplate\":\"https:\/\/www.duboischemicals.com\/auto-care\/fr\/?s={search_term_string}\"},\"query-input\":{\"@type\":\"PropertyValueSpecification\",\"valueRequired\":true,\"valueName\":\"search_term_string\"}}],\"inLanguage\":\"fr-FR\"}]}<\/script>\n<!-- \/ Yoast SEO plugin. -->","yoast_head_json":{"title":"Nettoyant de type c\u00e9ramique - Entretien automobile","robots":{"index":"index","follow":"follow","max-snippet":"max-snippet:-1","max-image-preview":"max-image-preview:large","max-video-preview":"max-video-preview:-1"},"canonical":"https:\/\/www.duboischemicals.com\/auto-care\/fr\/ceramic-cleaner\/","og_locale":"fr_FR","og_type":"article","og_title":"Nettoyant de type c\u00e9ramique - Entretien automobile","og_description":"Voir la fiche de vente Rust-Oleum\u00ae Ceramic Total Body Protectant Un protecteur int\u00e9gral pour carrosserie \u00e0 base de silice polym\u00e8re, qui forme une barri\u00e8re semblable \u00e0 la vitroc\u00e9ramique et se lie int\u00e9gralement au verre, au...","og_url":"https:\/\/www.duboischemicals.com\/auto-care\/fr\/ceramic-cleaner\/","og_site_name":"Entretien automobile","article_modified_time":"2021-02-18T14:12:02+00:00","og_image":[{"url":"https:\/\/www.duboischemicals.com\/auto-care\/wp-content\/uploads\/sites\/6\/2020\/05\/Blendco-Ceramictude-01.png","type":"","width":"","height":""}],"twitter_card":"summary_large_image","twitter_misc":{"Dur\u00e9e de lecture estim\u00e9e":"1 minute"},"schema":{"@context":"https:\/\/schema.org","@graph":[{"@type":"WebPage","@id":"https:\/\/www.duboischemicals.com\/auto-care\/fr\/ceramic-cleaner\/","url":"https:\/\/www.duboischemicals.com\/auto-care\/fr\/ceramic-cleaner\/","name":"Nettoyant de type c\u00e9ramique - Entretien automobile","isPartOf":{"@id":"https:\/\/www.duboischemicals.com\/auto-care\/fr\/#website"},"primaryImageOfPage":{"@id":"https:\/\/www.duboischemicals.com\/auto-care\/fr\/ceramic-cleaner\/#primaryimage"},"image":{"@id":"https:\/\/www.duboischemicals.com\/auto-care\/fr\/ceramic-cleaner\/#primaryimage"},"thumbnailUrl":"https:\/\/www.duboischemicals.com\/auto-care\/wp-content\/uploads\/sites\/6\/2020\/05\/Blendco-Ceramictude-01.png","datePublished":"2020-05-18T17:34:32+00:00","dateModified":"2021-02-18T14:12:02+00:00","breadcrumb":{"@id":"https:\/\/www.duboischemicals.com\/auto-care\/fr\/ceramic-cleaner\/#breadcrumb"},"inLanguage":"fr-FR","potentialAction":[{"@type":"ReadAction","target":["https:\/\/www.duboischemicals.com\/auto-care\/fr\/ceramic-cleaner\/"]}]},{"@type":"ImageObject","inLanguage":"fr-FR","@id":"https:\/\/www.duboischemicals.com\/auto-care\/fr\/ceramic-cleaner\/#primaryimage","url":"https:\/\/www.duboischemicals.com\/auto-care\/wp-content\/uploads\/sites\/6\/2020\/05\/Blendco-Ceramictude-01.png","contentUrl":"https:\/\/www.duboischemicals.com\/auto-care\/wp-content\/uploads\/sites\/6\/2020\/05\/Blendco-Ceramictude-01.png"},{"@type":"BreadcrumbList","@id":"https:\/\/www.duboischemicals.com\/auto-care\/fr\/ceramic-cleaner\/#breadcrumb","itemListElement":[{"@type":"ListItem","position":1,"name":"Accueil","item":"https:\/\/www.duboischemicals.com\/auto-care\/fr\/"},{"@type":"ListItem","position":2,"name":"Nettoyant de type c\u00e9ramique"}]},{"@type":"WebSite","@id":"https:\/\/www.duboischemicals.com\/auto-care\/fr\/#website","url":"https:\/\/www.duboischemicals.com\/auto-care\/fr\/","name":"Entretien automobile","description":"","potentialAction":[{"@type":"SearchAction","target":{"@type":"EntryPoint","urlTemplate":"https:\/\/www.duboischemicals.com\/auto-care\/fr\/?s={search_term_string}"},"query-input":{"@type":"PropertyValueSpecification","valueRequired":true,"valueName":"search_term_string"}}],"inLanguage":"fr-FR"}]}},"_links":{"self":[{"href":"https:\/\/www.duboischemicals.com\/auto-care\/fr\/wp-json\/wp\/v2\/pages\/12312","targetHints":{"allow":["GET"]}}],"collection":[{"href":"https:\/\/www.duboischemicals.com\/auto-care\/fr\/wp-json\/wp\/v2\/pages"}],"about":[{"href":"https:\/\/www.duboischemicals.com\/auto-care\/fr\/wp-json\/wp\/v2\/types\/page"}],"author":[{"embeddable":true,"href":"https:\/\/www.duboischemicals.com\/auto-care\/fr\/wp-json\/wp\/v2\/users\/220"}],"replies":[{"embeddable":true,"href":"https:\/\/www.duboischemicals.com\/auto-care\/fr\/wp-json\/wp\/v2\/comments?post=12312"}],"version-history":[{"count":1,"href":"https:\/\/www.duboischemicals.com\/auto-care\/fr\/wp-json\/wp\/v2\/pages\/12312\/revisions"}],"predecessor-version":[{"id":13006,"href":"https:\/\/www.duboischemicals.com\/auto-care\/fr\/wp-json\/wp\/v2\/pages\/12312\/revisions\/13006"}],"wp:attachment":[{"href":"https:\/\/www.duboischemicals.com\/auto-care\/fr\/wp-json\/wp\/v2\/media?parent=12312"}],"curies":[{"name":"wp","href":"https:\/\/api.w.org\/{rel}","templated":true}]}}