{"id":12313,"date":"2018-11-02T13:35:57","date_gmt":"2018-11-02T17:35:57","guid":{"rendered":"https:\/\/www.duboischemicals.com\/\/auto-care\/other-equipment-solutions\/"},"modified":"2021-02-22T09:51:44","modified_gmt":"2021-02-22T14:51:44","slug":"other-equipment-solutions","status":"publish","type":"page","link":"https:\/\/www.duboischemicals.com\/auto-care\/fr\/equipment\/other-equipment-solutions\/","title":{"rendered":"Autres solutions d&rsquo;\u00e9quipement"},"content":{"rendered":"<h2>Station de dosage automatique Odor Gone<\/h2>\n<p>Vous pouvez maintenant ajouter automatiquement la quantit\u00e9 n\u00e9cessaire de SuperClear Odor Gone pour \u00e9liminer les odeurs dans les postes et les tunnels! Odor Gone \u00e9limine les odeurs courantes dans les applications de r\u00e9cup\u00e9ration de l&rsquo;eau. Facile \u00e0 installer. Support mural; il suffit d\u2019une prise de 110\u00a0volts! Fonctionne avec la plupart des syst\u00e8mes de r\u00e9cup\u00e9ration d&rsquo;eau.<br \/>\n\u200b<\/p>\n<hr \/>\n<h2>VRD<span style=\"font-size: xx-small;\">(TM)\u00a0<\/span> (Venturi Reduction Device)<\/h2>\n<p>&nbsp;<\/p>\n<p><img loading=\"lazy\" decoding=\"async\" class=\"aligncenter size-large wp-image-11715\" src=\"https:\/\/www.duboischemicals.com\/auto-care\/wp-content\/uploads\/sites\/6\/2020\/05\/VRD-All-horizontal-Small-1024x327.png\" alt=\"\" width=\"1024\" height=\"327\" srcset=\"https:\/\/www.duboischemicals.com\/auto-care\/wp-content\/uploads\/sites\/6\/2020\/05\/VRD-All-horizontal-Small-1024x327.png 1024w, https:\/\/www.duboischemicals.com\/auto-care\/wp-content\/uploads\/sites\/6\/2020\/05\/VRD-All-horizontal-Small-300x96.png 300w, https:\/\/www.duboischemicals.com\/auto-care\/wp-content\/uploads\/sites\/6\/2020\/05\/VRD-All-horizontal-Small-768x245.png 768w, https:\/\/www.duboischemicals.com\/auto-care\/wp-content\/uploads\/sites\/6\/2020\/05\/VRD-All-horizontal-Small-1536x491.png 1536w, https:\/\/www.duboischemicals.com\/auto-care\/wp-content\/uploads\/sites\/6\/2020\/05\/VRD-All-horizontal-Small-150x48.png 150w, https:\/\/www.duboischemicals.com\/auto-care\/wp-content\/uploads\/sites\/6\/2020\/05\/VRD-All-horizontal-Small.png 1800w\" sizes=\"auto, (max-width: 1024px) 100vw, 1024px\" \/><\/p>\n<p>La dilution, maintenant fiable!<\/p>\n<p>Am\u00e9liorez vos embouts gr\u00e2ce aux NOUVEAUX syst\u00e8mes de distribution innovants faisant appel \u00e0 la r\u00e9duction par effet Venturi avec brevet en instance de Blendco.<\/p>\n<p>Contient un pr\u00e9filtre pour capter les contaminants, ce qui \u00e9vite pratiquement tout colmatage. Se d\u00e9cline dans une large gamme de tailles.<\/p>\n","protected":false},"excerpt":{"rendered":"<p>Station de dosage automatique Odor Gone Vous pouvez maintenant ajouter automatiquement la quantit\u00e9 n\u00e9cessaire de SuperClear Odor Gone pour \u00e9liminer les odeurs dans les postes et les tunnels! Odor Gone \u00e9limine les odeurs courantes dans&#8230;<\/p>\n","protected":false},"author":220,"featured_media":0,"parent":12314,"menu_order":5,"comment_status":"closed","ping_status":"closed","template":"","meta":{"_acf_changed":false,"footnotes":""},"class_list":["post-12313","page","type-page","status-publish","hentry"],"acf":[],"yoast_head":"<!-- This site is optimized with the Yoast SEO plugin v26.8 - https:\/\/yoast.com\/product\/yoast-seo-wordpress\/ -->\n<title>Autres solutions d&#039;\u00e9quipement - Entretien automobile<\/title>\n<meta name=\"robots\" content=\"index, follow, max-snippet:-1, max-image-preview:large, max-video-preview:-1\" \/>\n<link rel=\"canonical\" href=\"https:\/\/www.duboischemicals.com\/auto-care\/fr\/equipment\/other-equipment-solutions\/\" \/>\n<meta property=\"og:locale\" content=\"fr_FR\" \/>\n<meta property=\"og:type\" content=\"article\" \/>\n<meta property=\"og:title\" content=\"Autres solutions d&#039;\u00e9quipement - Entretien automobile\" \/>\n<meta property=\"og:description\" content=\"Station de dosage automatique Odor Gone Vous pouvez maintenant ajouter automatiquement la quantit\u00e9 n\u00e9cessaire de SuperClear Odor Gone pour \u00e9liminer les odeurs dans les postes et les tunnels! Odor Gone \u00e9limine les odeurs courantes dans...\" \/>\n<meta property=\"og:url\" content=\"https:\/\/www.duboischemicals.com\/auto-care\/fr\/equipment\/other-equipment-solutions\/\" \/>\n<meta property=\"og:site_name\" content=\"Entretien automobile\" \/>\n<meta property=\"article:modified_time\" content=\"2021-02-22T14:51:44+00:00\" \/>\n<meta property=\"og:image\" content=\"https:\/\/www.duboischemicals.com\/auto-care\/wp-content\/uploads\/sites\/6\/2020\/05\/VRD-All-horizontal-Small-1024x327.png\" \/>\n<meta name=\"twitter:card\" content=\"summary_large_image\" \/>\n<meta name=\"twitter:label1\" content=\"Dur\u00e9e de lecture estim\u00e9e\" \/>\n\t<meta name=\"twitter:data1\" content=\"1 minute\" \/>\n<script type=\"application\/ld+json\" class=\"yoast-schema-graph\">{\"@context\":\"https:\/\/schema.org\",\"@graph\":[{\"@type\":\"WebPage\",\"@id\":\"https:\/\/www.duboischemicals.com\/auto-care\/fr\/equipment\/other-equipment-solutions\/\",\"url\":\"https:\/\/www.duboischemicals.com\/auto-care\/fr\/equipment\/other-equipment-solutions\/\",\"name\":\"Autres solutions d'\u00e9quipement - Entretien automobile\",\"isPartOf\":{\"@id\":\"https:\/\/www.duboischemicals.com\/auto-care\/fr\/#website\"},\"primaryImageOfPage\":{\"@id\":\"https:\/\/www.duboischemicals.com\/auto-care\/fr\/equipment\/other-equipment-solutions\/#primaryimage\"},\"image\":{\"@id\":\"https:\/\/www.duboischemicals.com\/auto-care\/fr\/equipment\/other-equipment-solutions\/#primaryimage\"},\"thumbnailUrl\":\"https:\/\/www.duboischemicals.com\/auto-care\/wp-content\/uploads\/sites\/6\/2020\/05\/VRD-All-horizontal-Small-1024x327.png\",\"datePublished\":\"2018-11-02T17:35:57+00:00\",\"dateModified\":\"2021-02-22T14:51:44+00:00\",\"breadcrumb\":{\"@id\":\"https:\/\/www.duboischemicals.com\/auto-care\/fr\/equipment\/other-equipment-solutions\/#breadcrumb\"},\"inLanguage\":\"fr-FR\",\"potentialAction\":[{\"@type\":\"ReadAction\",\"target\":[\"https:\/\/www.duboischemicals.com\/auto-care\/fr\/equipment\/other-equipment-solutions\/\"]}]},{\"@type\":\"ImageObject\",\"inLanguage\":\"fr-FR\",\"@id\":\"https:\/\/www.duboischemicals.com\/auto-care\/fr\/equipment\/other-equipment-solutions\/#primaryimage\",\"url\":\"https:\/\/www.duboischemicals.com\/auto-care\/wp-content\/uploads\/sites\/6\/2020\/05\/VRD-All-horizontal-Small-1024x327.png\",\"contentUrl\":\"https:\/\/www.duboischemicals.com\/auto-care\/wp-content\/uploads\/sites\/6\/2020\/05\/VRD-All-horizontal-Small-1024x327.png\"},{\"@type\":\"BreadcrumbList\",\"@id\":\"https:\/\/www.duboischemicals.com\/auto-care\/fr\/equipment\/other-equipment-solutions\/#breadcrumb\",\"itemListElement\":[{\"@type\":\"ListItem\",\"position\":1,\"name\":\"Accueil\",\"item\":\"https:\/\/www.duboischemicals.com\/auto-care\/fr\/\"},{\"@type\":\"ListItem\",\"position\":2,\"name\":\"\u00c9quipement\",\"item\":\"https:\/\/www.duboischemicals.com\/auto-care\/fr\/equipment\/\"},{\"@type\":\"ListItem\",\"position\":3,\"name\":\"Autres solutions d&rsquo;\u00e9quipement\"}]},{\"@type\":\"WebSite\",\"@id\":\"https:\/\/www.duboischemicals.com\/auto-care\/fr\/#website\",\"url\":\"https:\/\/www.duboischemicals.com\/auto-care\/fr\/\",\"name\":\"Entretien automobile\",\"description\":\"\",\"potentialAction\":[{\"@type\":\"SearchAction\",\"target\":{\"@type\":\"EntryPoint\",\"urlTemplate\":\"https:\/\/www.duboischemicals.com\/auto-care\/fr\/?s={search_term_string}\"},\"query-input\":{\"@type\":\"PropertyValueSpecification\",\"valueRequired\":true,\"valueName\":\"search_term_string\"}}],\"inLanguage\":\"fr-FR\"}]}<\/script>\n<!-- \/ Yoast SEO plugin. -->","yoast_head_json":{"title":"Autres solutions d'\u00e9quipement - Entretien automobile","robots":{"index":"index","follow":"follow","max-snippet":"max-snippet:-1","max-image-preview":"max-image-preview:large","max-video-preview":"max-video-preview:-1"},"canonical":"https:\/\/www.duboischemicals.com\/auto-care\/fr\/equipment\/other-equipment-solutions\/","og_locale":"fr_FR","og_type":"article","og_title":"Autres solutions d'\u00e9quipement - Entretien automobile","og_description":"Station de dosage automatique Odor Gone Vous pouvez maintenant ajouter automatiquement la quantit\u00e9 n\u00e9cessaire de SuperClear Odor Gone pour \u00e9liminer les odeurs dans les postes et les tunnels! Odor Gone \u00e9limine les odeurs courantes dans...","og_url":"https:\/\/www.duboischemicals.com\/auto-care\/fr\/equipment\/other-equipment-solutions\/","og_site_name":"Entretien automobile","article_modified_time":"2021-02-22T14:51:44+00:00","og_image":[{"url":"https:\/\/www.duboischemicals.com\/auto-care\/wp-content\/uploads\/sites\/6\/2020\/05\/VRD-All-horizontal-Small-1024x327.png","type":"","width":"","height":""}],"twitter_card":"summary_large_image","twitter_misc":{"Dur\u00e9e de lecture estim\u00e9e":"1 minute"},"schema":{"@context":"https:\/\/schema.org","@graph":[{"@type":"WebPage","@id":"https:\/\/www.duboischemicals.com\/auto-care\/fr\/equipment\/other-equipment-solutions\/","url":"https:\/\/www.duboischemicals.com\/auto-care\/fr\/equipment\/other-equipment-solutions\/","name":"Autres solutions d'\u00e9quipement - Entretien automobile","isPartOf":{"@id":"https:\/\/www.duboischemicals.com\/auto-care\/fr\/#website"},"primaryImageOfPage":{"@id":"https:\/\/www.duboischemicals.com\/auto-care\/fr\/equipment\/other-equipment-solutions\/#primaryimage"},"image":{"@id":"https:\/\/www.duboischemicals.com\/auto-care\/fr\/equipment\/other-equipment-solutions\/#primaryimage"},"thumbnailUrl":"https:\/\/www.duboischemicals.com\/auto-care\/wp-content\/uploads\/sites\/6\/2020\/05\/VRD-All-horizontal-Small-1024x327.png","datePublished":"2018-11-02T17:35:57+00:00","dateModified":"2021-02-22T14:51:44+00:00","breadcrumb":{"@id":"https:\/\/www.duboischemicals.com\/auto-care\/fr\/equipment\/other-equipment-solutions\/#breadcrumb"},"inLanguage":"fr-FR","potentialAction":[{"@type":"ReadAction","target":["https:\/\/www.duboischemicals.com\/auto-care\/fr\/equipment\/other-equipment-solutions\/"]}]},{"@type":"ImageObject","inLanguage":"fr-FR","@id":"https:\/\/www.duboischemicals.com\/auto-care\/fr\/equipment\/other-equipment-solutions\/#primaryimage","url":"https:\/\/www.duboischemicals.com\/auto-care\/wp-content\/uploads\/sites\/6\/2020\/05\/VRD-All-horizontal-Small-1024x327.png","contentUrl":"https:\/\/www.duboischemicals.com\/auto-care\/wp-content\/uploads\/sites\/6\/2020\/05\/VRD-All-horizontal-Small-1024x327.png"},{"@type":"BreadcrumbList","@id":"https:\/\/www.duboischemicals.com\/auto-care\/fr\/equipment\/other-equipment-solutions\/#breadcrumb","itemListElement":[{"@type":"ListItem","position":1,"name":"Accueil","item":"https:\/\/www.duboischemicals.com\/auto-care\/fr\/"},{"@type":"ListItem","position":2,"name":"\u00c9quipement","item":"https:\/\/www.duboischemicals.com\/auto-care\/fr\/equipment\/"},{"@type":"ListItem","position":3,"name":"Autres solutions d&rsquo;\u00e9quipement"}]},{"@type":"WebSite","@id":"https:\/\/www.duboischemicals.com\/auto-care\/fr\/#website","url":"https:\/\/www.duboischemicals.com\/auto-care\/fr\/","name":"Entretien automobile","description":"","potentialAction":[{"@type":"SearchAction","target":{"@type":"EntryPoint","urlTemplate":"https:\/\/www.duboischemicals.com\/auto-care\/fr\/?s={search_term_string}"},"query-input":{"@type":"PropertyValueSpecification","valueRequired":true,"valueName":"search_term_string"}}],"inLanguage":"fr-FR"}]}},"_links":{"self":[{"href":"https:\/\/www.duboischemicals.com\/auto-care\/fr\/wp-json\/wp\/v2\/pages\/12313","targetHints":{"allow":["GET"]}}],"collection":[{"href":"https:\/\/www.duboischemicals.com\/auto-care\/fr\/wp-json\/wp\/v2\/pages"}],"about":[{"href":"https:\/\/www.duboischemicals.com\/auto-care\/fr\/wp-json\/wp\/v2\/types\/page"}],"author":[{"embeddable":true,"href":"https:\/\/www.duboischemicals.com\/auto-care\/fr\/wp-json\/wp\/v2\/users\/220"}],"replies":[{"embeddable":true,"href":"https:\/\/www.duboischemicals.com\/auto-care\/fr\/wp-json\/wp\/v2\/comments?post=12313"}],"version-history":[{"count":1,"href":"https:\/\/www.duboischemicals.com\/auto-care\/fr\/wp-json\/wp\/v2\/pages\/12313\/revisions"}],"predecessor-version":[{"id":12454,"href":"https:\/\/www.duboischemicals.com\/auto-care\/fr\/wp-json\/wp\/v2\/pages\/12313\/revisions\/12454"}],"up":[{"embeddable":true,"href":"https:\/\/www.duboischemicals.com\/auto-care\/fr\/wp-json\/wp\/v2\/pages\/12314"}],"wp:attachment":[{"href":"https:\/\/www.duboischemicals.com\/auto-care\/fr\/wp-json\/wp\/v2\/media?parent=12313"}],"curies":[{"name":"wp","href":"https:\/\/api.w.org\/{rel}","templated":true}]}}