{"id":12323,"date":"2018-11-02T14:31:57","date_gmt":"2018-11-02T18:31:57","guid":{"rendered":"https:\/\/www.duboischemicals.com\/\/auto-care\/equipment\/supersat\/"},"modified":"2021-02-22T09:43:27","modified_gmt":"2021-02-22T14:43:27","slug":"supersat","status":"publish","type":"page","link":"https:\/\/www.duboischemicals.com\/auto-care\/fr\/equipment\/supersat\/","title":{"rendered":"SuperSat"},"content":{"rendered":"<h2>Syst\u00e8me de d\u00e9tergents personnalis\u00e9s SuperSat<sup>\u00ae<\/sup><\/h2>\n<p>Depuis plus de 30\u00a0ans, Blendco a d\u00e9montr\u00e9 la commodit\u00e9 et la rentabilit\u00e9 des produits en poudre \u00e0 dissoudre avec le syst\u00e8me brevet\u00e9 de d\u00e9tergents personnalis\u00e9s <a href=\"http:\/\/www.duboischemicals.com\/\/auto-care\/wp-content\/uploads\/sites\/6\/2018\/12\/SuperSat-Sell-Sheet.pdf\" target=\"_blank\" rel=\"noopener noreferrer\">SuperSat<\/a>.Les d\u00e9tergents <a href=\"http:\/\/www.duboischemicals.com\/\/auto-care\/wp-content\/uploads\/sites\/6\/2018\/12\/SuperSat-Sell-Sheet.pdf\" target=\"_blank\" rel=\"noopener noreferrer\">SuperSat<\/a> sont connus pour leur pouvoir nettoyant, leur parfum et leur couleur. Le syst\u00e8me <a href=\"http:\/\/www.duboischemicals.com\/\/auto-care\/wp-content\/uploads\/sites\/6\/2018\/12\/SuperSat-Sell-Sheet.pdf\" target=\"_blank\" rel=\"noopener noreferrer\">SuperSat<\/a> pr\u00e9pare une gamme compl\u00e8te de d\u00e9tergents en continu et automatiquement \u00e0 votre lave-auto. Aucun autre syst\u00e8me ne se compare \u00e0 <a href=\"http:\/\/www.duboischemicals.com\/\/auto-care\/wp-content\/uploads\/sites\/6\/2018\/12\/SuperSat-Sell-Sheet.pdf\" target=\"_blank\" rel=\"noopener noreferrer\">SuperSat<\/a>, la norme des syst\u00e8mes de mise en solution des poudres.<\/p>\n<p>C\u2019est le syst\u00e8me original de poudres \u00e0 dissoudre!<\/p>\n<p><a href=\"http:\/\/www.duboischemicals.com\/\/auto-care\/wp-content\/uploads\/sites\/6\/2018\/12\/SuperSat-Sell-Sheet.pdf\" target=\"_blank\" rel=\"noopener noreferrer\"><img loading=\"lazy\" decoding=\"async\" class=\"alignnone size-medium wp-image-10840\" src=\"https:\/\/www.duboischemicals.com\/auto-care\/wp-content\/uploads\/sites\/6\/2018\/11\/SuperSat-200x300.jpg\" alt=\"\" width=\"200\" height=\"300\" srcset=\"https:\/\/www.duboischemicals.com\/auto-care\/wp-content\/uploads\/sites\/6\/2018\/11\/SuperSat-200x300.jpg 200w, https:\/\/www.duboischemicals.com\/auto-care\/wp-content\/uploads\/sites\/6\/2018\/11\/SuperSat-100x150.jpg 100w, https:\/\/www.duboischemicals.com\/auto-care\/wp-content\/uploads\/sites\/6\/2018\/11\/SuperSat.jpg 450w\" sizes=\"auto, (max-width: 200px) 100vw, 200px\" \/><\/a><strong>Comment \u00e7a marche?<\/strong><\/p>\n<p>Le r\u00e9servoir <a href=\"http:\/\/www.duboischemicals.com\/\/auto-care\/wp-content\/uploads\/sites\/6\/2018\/12\/SuperSat-Sell-Sheet.pdf\" target=\"_blank\" rel=\"noopener noreferrer\">SuperSat<\/a> assure l\u2019approvisionnement continu en solutions favorisant l\u2019alcalinit\u00e9. Un adjuvant alcalin donne au d\u00e9tergent final sa force et son pouvoir nettoyant. Au fur et \u00e0 mesure que la solution dans le r\u00e9servoir est utilis\u00e9e, une nouvelle solution est g\u00e9n\u00e9r\u00e9e automatiquement en utilisant votre eau et la poudre r\u00e9serv\u00e9e au fond du r\u00e9servoir. Avec <a href=\"http:\/\/www.duboischemicals.com\/\/auto-care\/wp-content\/uploads\/sites\/6\/2018\/12\/SuperSat-Sell-Sheet.pdf\" target=\"_blank\" rel=\"noopener noreferrer\">Supersat<\/a>, absolument aucun m\u00e9lange ou mesure n&rsquo;est n\u00e9cessaire!<\/p>\n<p><strong>Avantages\u00a0:<\/strong><\/p>\n<ul>\n<li>Technologie de nettoyage sup\u00e9rieure<\/li>\n<li>\u00c9conomie d&rsquo;argent (\u00e9vite d\u2019exp\u00e9dier de l&rsquo;eau)<\/li>\n<li>Enti\u00e8rement r\u00e9glable pour r\u00e9pondre \u00e0 vos besoins en mati\u00e8re de puissance de nettoyage, de co\u00fbt et de spectacle<\/li>\n<\/ul>\n","protected":false},"excerpt":{"rendered":"<p>Syst\u00e8me de d\u00e9tergents personnalis\u00e9s SuperSat\u00ae Depuis plus de 30\u00a0ans, Blendco a d\u00e9montr\u00e9 la commodit\u00e9 et la rentabilit\u00e9 des produits en poudre \u00e0 dissoudre avec le syst\u00e8me brevet\u00e9 de d\u00e9tergents personnalis\u00e9s SuperSat.Les d\u00e9tergents SuperSat sont connus&#8230;<\/p>\n","protected":false},"author":220,"featured_media":0,"parent":12314,"menu_order":1,"comment_status":"closed","ping_status":"closed","template":"","meta":{"_acf_changed":false,"footnotes":""},"class_list":["post-12323","page","type-page","status-publish","hentry"],"acf":[],"yoast_head":"<!-- This site is optimized with the Yoast SEO plugin v26.8 - https:\/\/yoast.com\/product\/yoast-seo-wordpress\/ -->\n<title>SuperSat - Entretien automobile<\/title>\n<meta name=\"robots\" content=\"index, follow, max-snippet:-1, max-image-preview:large, max-video-preview:-1\" \/>\n<link rel=\"canonical\" href=\"https:\/\/www.duboischemicals.com\/auto-care\/fr\/equipment\/supersat\/\" \/>\n<meta property=\"og:locale\" content=\"fr_FR\" \/>\n<meta property=\"og:type\" content=\"article\" \/>\n<meta property=\"og:title\" content=\"SuperSat - Entretien automobile\" \/>\n<meta property=\"og:description\" content=\"Syst\u00e8me de d\u00e9tergents personnalis\u00e9s SuperSat\u00ae Depuis plus de 30\u00a0ans, Blendco a d\u00e9montr\u00e9 la commodit\u00e9 et la rentabilit\u00e9 des produits en poudre \u00e0 dissoudre avec le syst\u00e8me brevet\u00e9 de d\u00e9tergents personnalis\u00e9s SuperSat.Les d\u00e9tergents SuperSat sont connus...\" \/>\n<meta property=\"og:url\" content=\"https:\/\/www.duboischemicals.com\/auto-care\/fr\/equipment\/supersat\/\" \/>\n<meta property=\"og:site_name\" content=\"Entretien automobile\" \/>\n<meta property=\"article:modified_time\" content=\"2021-02-22T14:43:27+00:00\" \/>\n<meta property=\"og:image\" content=\"https:\/\/www.duboischemicals.com\/auto-care\/wp-content\/uploads\/sites\/6\/2018\/11\/SuperSat-200x300.jpg\" \/>\n<meta name=\"twitter:card\" content=\"summary_large_image\" \/>\n<meta name=\"twitter:label1\" content=\"Dur\u00e9e de lecture estim\u00e9e\" \/>\n\t<meta name=\"twitter:data1\" content=\"1 minute\" \/>\n<script type=\"application\/ld+json\" class=\"yoast-schema-graph\">{\"@context\":\"https:\/\/schema.org\",\"@graph\":[{\"@type\":\"WebPage\",\"@id\":\"https:\/\/www.duboischemicals.com\/auto-care\/fr\/equipment\/supersat\/\",\"url\":\"https:\/\/www.duboischemicals.com\/auto-care\/fr\/equipment\/supersat\/\",\"name\":\"SuperSat - Entretien automobile\",\"isPartOf\":{\"@id\":\"https:\/\/www.duboischemicals.com\/auto-care\/fr\/#website\"},\"primaryImageOfPage\":{\"@id\":\"https:\/\/www.duboischemicals.com\/auto-care\/fr\/equipment\/supersat\/#primaryimage\"},\"image\":{\"@id\":\"https:\/\/www.duboischemicals.com\/auto-care\/fr\/equipment\/supersat\/#primaryimage\"},\"thumbnailUrl\":\"https:\/\/www.duboischemicals.com\/auto-care\/wp-content\/uploads\/sites\/6\/2018\/11\/SuperSat-200x300.jpg\",\"datePublished\":\"2018-11-02T18:31:57+00:00\",\"dateModified\":\"2021-02-22T14:43:27+00:00\",\"breadcrumb\":{\"@id\":\"https:\/\/www.duboischemicals.com\/auto-care\/fr\/equipment\/supersat\/#breadcrumb\"},\"inLanguage\":\"fr-FR\",\"potentialAction\":[{\"@type\":\"ReadAction\",\"target\":[\"https:\/\/www.duboischemicals.com\/auto-care\/fr\/equipment\/supersat\/\"]}]},{\"@type\":\"ImageObject\",\"inLanguage\":\"fr-FR\",\"@id\":\"https:\/\/www.duboischemicals.com\/auto-care\/fr\/equipment\/supersat\/#primaryimage\",\"url\":\"https:\/\/www.duboischemicals.com\/auto-care\/wp-content\/uploads\/sites\/6\/2018\/11\/SuperSat-200x300.jpg\",\"contentUrl\":\"https:\/\/www.duboischemicals.com\/auto-care\/wp-content\/uploads\/sites\/6\/2018\/11\/SuperSat-200x300.jpg\"},{\"@type\":\"BreadcrumbList\",\"@id\":\"https:\/\/www.duboischemicals.com\/auto-care\/fr\/equipment\/supersat\/#breadcrumb\",\"itemListElement\":[{\"@type\":\"ListItem\",\"position\":1,\"name\":\"Accueil\",\"item\":\"https:\/\/www.duboischemicals.com\/auto-care\/fr\/\"},{\"@type\":\"ListItem\",\"position\":2,\"name\":\"\u00c9quipement\",\"item\":\"https:\/\/www.duboischemicals.com\/auto-care\/fr\/equipment\/\"},{\"@type\":\"ListItem\",\"position\":3,\"name\":\"SuperSat\"}]},{\"@type\":\"WebSite\",\"@id\":\"https:\/\/www.duboischemicals.com\/auto-care\/fr\/#website\",\"url\":\"https:\/\/www.duboischemicals.com\/auto-care\/fr\/\",\"name\":\"Entretien automobile\",\"description\":\"\",\"potentialAction\":[{\"@type\":\"SearchAction\",\"target\":{\"@type\":\"EntryPoint\",\"urlTemplate\":\"https:\/\/www.duboischemicals.com\/auto-care\/fr\/?s={search_term_string}\"},\"query-input\":{\"@type\":\"PropertyValueSpecification\",\"valueRequired\":true,\"valueName\":\"search_term_string\"}}],\"inLanguage\":\"fr-FR\"}]}<\/script>\n<!-- \/ Yoast SEO plugin. -->","yoast_head_json":{"title":"SuperSat - Entretien automobile","robots":{"index":"index","follow":"follow","max-snippet":"max-snippet:-1","max-image-preview":"max-image-preview:large","max-video-preview":"max-video-preview:-1"},"canonical":"https:\/\/www.duboischemicals.com\/auto-care\/fr\/equipment\/supersat\/","og_locale":"fr_FR","og_type":"article","og_title":"SuperSat - Entretien automobile","og_description":"Syst\u00e8me de d\u00e9tergents personnalis\u00e9s SuperSat\u00ae Depuis plus de 30\u00a0ans, Blendco a d\u00e9montr\u00e9 la commodit\u00e9 et la rentabilit\u00e9 des produits en poudre \u00e0 dissoudre avec le syst\u00e8me brevet\u00e9 de d\u00e9tergents personnalis\u00e9s SuperSat.Les d\u00e9tergents SuperSat sont connus...","og_url":"https:\/\/www.duboischemicals.com\/auto-care\/fr\/equipment\/supersat\/","og_site_name":"Entretien automobile","article_modified_time":"2021-02-22T14:43:27+00:00","og_image":[{"url":"https:\/\/www.duboischemicals.com\/auto-care\/wp-content\/uploads\/sites\/6\/2018\/11\/SuperSat-200x300.jpg","type":"","width":"","height":""}],"twitter_card":"summary_large_image","twitter_misc":{"Dur\u00e9e de lecture estim\u00e9e":"1 minute"},"schema":{"@context":"https:\/\/schema.org","@graph":[{"@type":"WebPage","@id":"https:\/\/www.duboischemicals.com\/auto-care\/fr\/equipment\/supersat\/","url":"https:\/\/www.duboischemicals.com\/auto-care\/fr\/equipment\/supersat\/","name":"SuperSat - Entretien automobile","isPartOf":{"@id":"https:\/\/www.duboischemicals.com\/auto-care\/fr\/#website"},"primaryImageOfPage":{"@id":"https:\/\/www.duboischemicals.com\/auto-care\/fr\/equipment\/supersat\/#primaryimage"},"image":{"@id":"https:\/\/www.duboischemicals.com\/auto-care\/fr\/equipment\/supersat\/#primaryimage"},"thumbnailUrl":"https:\/\/www.duboischemicals.com\/auto-care\/wp-content\/uploads\/sites\/6\/2018\/11\/SuperSat-200x300.jpg","datePublished":"2018-11-02T18:31:57+00:00","dateModified":"2021-02-22T14:43:27+00:00","breadcrumb":{"@id":"https:\/\/www.duboischemicals.com\/auto-care\/fr\/equipment\/supersat\/#breadcrumb"},"inLanguage":"fr-FR","potentialAction":[{"@type":"ReadAction","target":["https:\/\/www.duboischemicals.com\/auto-care\/fr\/equipment\/supersat\/"]}]},{"@type":"ImageObject","inLanguage":"fr-FR","@id":"https:\/\/www.duboischemicals.com\/auto-care\/fr\/equipment\/supersat\/#primaryimage","url":"https:\/\/www.duboischemicals.com\/auto-care\/wp-content\/uploads\/sites\/6\/2018\/11\/SuperSat-200x300.jpg","contentUrl":"https:\/\/www.duboischemicals.com\/auto-care\/wp-content\/uploads\/sites\/6\/2018\/11\/SuperSat-200x300.jpg"},{"@type":"BreadcrumbList","@id":"https:\/\/www.duboischemicals.com\/auto-care\/fr\/equipment\/supersat\/#breadcrumb","itemListElement":[{"@type":"ListItem","position":1,"name":"Accueil","item":"https:\/\/www.duboischemicals.com\/auto-care\/fr\/"},{"@type":"ListItem","position":2,"name":"\u00c9quipement","item":"https:\/\/www.duboischemicals.com\/auto-care\/fr\/equipment\/"},{"@type":"ListItem","position":3,"name":"SuperSat"}]},{"@type":"WebSite","@id":"https:\/\/www.duboischemicals.com\/auto-care\/fr\/#website","url":"https:\/\/www.duboischemicals.com\/auto-care\/fr\/","name":"Entretien automobile","description":"","potentialAction":[{"@type":"SearchAction","target":{"@type":"EntryPoint","urlTemplate":"https:\/\/www.duboischemicals.com\/auto-care\/fr\/?s={search_term_string}"},"query-input":{"@type":"PropertyValueSpecification","valueRequired":true,"valueName":"search_term_string"}}],"inLanguage":"fr-FR"}]}},"_links":{"self":[{"href":"https:\/\/www.duboischemicals.com\/auto-care\/fr\/wp-json\/wp\/v2\/pages\/12323","targetHints":{"allow":["GET"]}}],"collection":[{"href":"https:\/\/www.duboischemicals.com\/auto-care\/fr\/wp-json\/wp\/v2\/pages"}],"about":[{"href":"https:\/\/www.duboischemicals.com\/auto-care\/fr\/wp-json\/wp\/v2\/types\/page"}],"author":[{"embeddable":true,"href":"https:\/\/www.duboischemicals.com\/auto-care\/fr\/wp-json\/wp\/v2\/users\/220"}],"replies":[{"embeddable":true,"href":"https:\/\/www.duboischemicals.com\/auto-care\/fr\/wp-json\/wp\/v2\/comments?post=12323"}],"version-history":[{"count":1,"href":"https:\/\/www.duboischemicals.com\/auto-care\/fr\/wp-json\/wp\/v2\/pages\/12323\/revisions"}],"predecessor-version":[{"id":12466,"href":"https:\/\/www.duboischemicals.com\/auto-care\/fr\/wp-json\/wp\/v2\/pages\/12323\/revisions\/12466"}],"up":[{"embeddable":true,"href":"https:\/\/www.duboischemicals.com\/auto-care\/fr\/wp-json\/wp\/v2\/pages\/12314"}],"wp:attachment":[{"href":"https:\/\/www.duboischemicals.com\/auto-care\/fr\/wp-json\/wp\/v2\/media?parent=12323"}],"curies":[{"name":"wp","href":"https:\/\/api.w.org\/{rel}","templated":true}]}}