{"id":12326,"date":"2018-10-01T17:41:42","date_gmt":"2018-10-01T21:41:42","guid":{"rendered":"https:\/\/www.duboischemicals.com\/\/auto-care\/equipment\/supersmart-rms\/"},"modified":"2021-02-22T09:46:22","modified_gmt":"2021-02-22T14:46:22","slug":"supersmart-rms","status":"publish","type":"page","link":"https:\/\/www.duboischemicals.com\/auto-care\/fr\/equipment\/supersmart-rms\/","title":{"rendered":"SuperSmart RMS"},"content":{"rendered":"<h2>SuperSmart RMS 3.0 (Remote Monitoring System)<\/h2>\n<p>Voici la fin des conjectures&#8230; Souhaitez-vous recevoir des informations en temps r\u00e9el sur Internet concernant votre utilisation de produits chimiques, les niveaux de stocks et le nombre d\u2019achats d\u2019un forfait par jour? Vous le pouvez! Blendco a r\u00e9cemment introduit le nouveau syst\u00e8me de surveillance \u00e0 distance r\u00e9volutionnaire <a href=\"http:\/\/www.duboischemicals.com\/\/auto-care\/wp-content\/uploads\/sites\/6\/2018\/12\/SuperSmart-RMS-Sell-Sheet-NEW.pdf\" target=\"_blank\" rel=\"noopener noreferrer\">SuperSmart<\/a>. Vous pouvez d\u00e9sormais jeter un coup d\u2019\u0153il \u00e0 votre lave-auto \u00e0 tout moment depuis votre t\u00e9l\u00e9phone intelligent ou votre ordinateur.<\/p>\n<p><a href=\"http:\/\/www.duboischemicals.com\/\/auto-care\/wp-content\/uploads\/sites\/6\/2018\/12\/SuperSmart-RMS-Sell-Sheet-NEW.pdf\" target=\"_blank\" rel=\"noopener noreferrer\"><img loading=\"lazy\" decoding=\"async\" class=\"alignnone size-medium wp-image-10841\" src=\"https:\/\/www.duboischemicals.com\/auto-care\/wp-content\/uploads\/sites\/6\/2018\/11\/SuperSmart_RMS-200x300.jpg\" alt=\"\" width=\"200\" height=\"300\" srcset=\"https:\/\/www.duboischemicals.com\/auto-care\/wp-content\/uploads\/sites\/6\/2018\/11\/SuperSmart_RMS-200x300.jpg 200w, https:\/\/www.duboischemicals.com\/auto-care\/wp-content\/uploads\/sites\/6\/2018\/11\/SuperSmart_RMS-100x150.jpg 100w, https:\/\/www.duboischemicals.com\/auto-care\/wp-content\/uploads\/sites\/6\/2018\/11\/SuperSmart_RMS.jpg 450w\" sizes=\"auto, (max-width: 200px) 100vw, 200px\" \/><\/a><\/p>\n<p><a href=\"http:\/\/www.duboischemicals.com\/\/auto-care\/wp-content\/uploads\/sites\/6\/2018\/12\/SuperSmart-RMS-Sell-Sheet-NEW.pdf\" target=\"_blank\" rel=\"noopener noreferrer\">SuperSmart<\/a> fonctionne avec tous nos produits Blendco. Id\u00e9al pour les op\u00e9rateurs multi-sites.<br \/>\n\u200b<\/p>\n<ul>\n<li>Simple \u00e0 installer et plus simple \u00e0 utiliser!<br \/>\n\u200b<\/li>\n<li>Suivi de l&rsquo;inventaire en temps r\u00e9el sur le web!<\/li>\n<li>Optimisez l&rsquo;utilisation des produits chimiques gr\u00e2ce aux alarmes d&rsquo;utilisation des produits!<\/li>\n<li>Informations sur le comptage des voitures par type de lavage!<\/li>\n<li>Messagerie active avec de nombreux param\u00e8tres cl\u00e9s du lavage!<\/li>\n<\/ul>\n<p><strong>Faites le choix intelligent avec <a href=\"http:\/\/www.duboischemicals.com\/\/auto-care\/wp-content\/uploads\/sites\/6\/2018\/12\/SuperSmart-RMS-Sell-Sheet-NEW.pdf\" target=\"_blank\" rel=\"noopener noreferrer\">SuperSmart<\/a>!<\/strong><\/p>\n","protected":false},"excerpt":{"rendered":"<p>SuperSmart RMS 3.0 (Remote Monitoring System) Voici la fin des conjectures&#8230; Souhaitez-vous recevoir des informations en temps r\u00e9el sur Internet concernant votre utilisation de produits chimiques, les niveaux de stocks et le nombre d\u2019achats d\u2019un&#8230;<\/p>\n","protected":false},"author":220,"featured_media":0,"parent":12314,"menu_order":2,"comment_status":"closed","ping_status":"closed","template":"","meta":{"_acf_changed":false,"footnotes":""},"class_list":["post-12326","page","type-page","status-publish","hentry"],"acf":[],"yoast_head":"<!-- This site is optimized with the Yoast SEO plugin v26.8 - https:\/\/yoast.com\/product\/yoast-seo-wordpress\/ -->\n<title>SuperSmart RMS - Entretien automobile<\/title>\n<meta name=\"robots\" content=\"index, follow, max-snippet:-1, max-image-preview:large, max-video-preview:-1\" \/>\n<link rel=\"canonical\" href=\"https:\/\/www.duboischemicals.com\/auto-care\/fr\/equipment\/supersmart-rms\/\" \/>\n<meta property=\"og:locale\" content=\"fr_FR\" \/>\n<meta property=\"og:type\" content=\"article\" \/>\n<meta property=\"og:title\" content=\"SuperSmart RMS - Entretien automobile\" \/>\n<meta property=\"og:description\" content=\"SuperSmart RMS 3.0 (Remote Monitoring System) Voici la fin des conjectures&#8230; Souhaitez-vous recevoir des informations en temps r\u00e9el sur Internet concernant votre utilisation de produits chimiques, les niveaux de stocks et le nombre d\u2019achats d\u2019un...\" \/>\n<meta property=\"og:url\" content=\"https:\/\/www.duboischemicals.com\/auto-care\/fr\/equipment\/supersmart-rms\/\" \/>\n<meta property=\"og:site_name\" content=\"Entretien automobile\" \/>\n<meta property=\"article:modified_time\" content=\"2021-02-22T14:46:22+00:00\" \/>\n<meta property=\"og:image\" content=\"https:\/\/www.duboischemicals.com\/auto-care\/wp-content\/uploads\/sites\/6\/2018\/11\/SuperSmart_RMS-200x300.jpg\" \/>\n<meta name=\"twitter:card\" content=\"summary_large_image\" \/>\n<meta name=\"twitter:label1\" content=\"Dur\u00e9e de lecture estim\u00e9e\" \/>\n\t<meta name=\"twitter:data1\" content=\"1 minute\" \/>\n<script type=\"application\/ld+json\" class=\"yoast-schema-graph\">{\"@context\":\"https:\/\/schema.org\",\"@graph\":[{\"@type\":\"WebPage\",\"@id\":\"https:\/\/www.duboischemicals.com\/auto-care\/fr\/equipment\/supersmart-rms\/\",\"url\":\"https:\/\/www.duboischemicals.com\/auto-care\/fr\/equipment\/supersmart-rms\/\",\"name\":\"SuperSmart RMS - Entretien automobile\",\"isPartOf\":{\"@id\":\"https:\/\/www.duboischemicals.com\/auto-care\/fr\/#website\"},\"primaryImageOfPage\":{\"@id\":\"https:\/\/www.duboischemicals.com\/auto-care\/fr\/equipment\/supersmart-rms\/#primaryimage\"},\"image\":{\"@id\":\"https:\/\/www.duboischemicals.com\/auto-care\/fr\/equipment\/supersmart-rms\/#primaryimage\"},\"thumbnailUrl\":\"https:\/\/www.duboischemicals.com\/auto-care\/wp-content\/uploads\/sites\/6\/2018\/11\/SuperSmart_RMS-200x300.jpg\",\"datePublished\":\"2018-10-01T21:41:42+00:00\",\"dateModified\":\"2021-02-22T14:46:22+00:00\",\"breadcrumb\":{\"@id\":\"https:\/\/www.duboischemicals.com\/auto-care\/fr\/equipment\/supersmart-rms\/#breadcrumb\"},\"inLanguage\":\"fr-FR\",\"potentialAction\":[{\"@type\":\"ReadAction\",\"target\":[\"https:\/\/www.duboischemicals.com\/auto-care\/fr\/equipment\/supersmart-rms\/\"]}]},{\"@type\":\"ImageObject\",\"inLanguage\":\"fr-FR\",\"@id\":\"https:\/\/www.duboischemicals.com\/auto-care\/fr\/equipment\/supersmart-rms\/#primaryimage\",\"url\":\"https:\/\/www.duboischemicals.com\/auto-care\/wp-content\/uploads\/sites\/6\/2018\/11\/SuperSmart_RMS-200x300.jpg\",\"contentUrl\":\"https:\/\/www.duboischemicals.com\/auto-care\/wp-content\/uploads\/sites\/6\/2018\/11\/SuperSmart_RMS-200x300.jpg\"},{\"@type\":\"BreadcrumbList\",\"@id\":\"https:\/\/www.duboischemicals.com\/auto-care\/fr\/equipment\/supersmart-rms\/#breadcrumb\",\"itemListElement\":[{\"@type\":\"ListItem\",\"position\":1,\"name\":\"Accueil\",\"item\":\"https:\/\/www.duboischemicals.com\/auto-care\/fr\/\"},{\"@type\":\"ListItem\",\"position\":2,\"name\":\"\u00c9quipement\",\"item\":\"https:\/\/www.duboischemicals.com\/auto-care\/fr\/equipment\/\"},{\"@type\":\"ListItem\",\"position\":3,\"name\":\"SuperSmart RMS\"}]},{\"@type\":\"WebSite\",\"@id\":\"https:\/\/www.duboischemicals.com\/auto-care\/fr\/#website\",\"url\":\"https:\/\/www.duboischemicals.com\/auto-care\/fr\/\",\"name\":\"Entretien automobile\",\"description\":\"\",\"potentialAction\":[{\"@type\":\"SearchAction\",\"target\":{\"@type\":\"EntryPoint\",\"urlTemplate\":\"https:\/\/www.duboischemicals.com\/auto-care\/fr\/?s={search_term_string}\"},\"query-input\":{\"@type\":\"PropertyValueSpecification\",\"valueRequired\":true,\"valueName\":\"search_term_string\"}}],\"inLanguage\":\"fr-FR\"}]}<\/script>\n<!-- \/ Yoast SEO plugin. -->","yoast_head_json":{"title":"SuperSmart RMS - Entretien automobile","robots":{"index":"index","follow":"follow","max-snippet":"max-snippet:-1","max-image-preview":"max-image-preview:large","max-video-preview":"max-video-preview:-1"},"canonical":"https:\/\/www.duboischemicals.com\/auto-care\/fr\/equipment\/supersmart-rms\/","og_locale":"fr_FR","og_type":"article","og_title":"SuperSmart RMS - Entretien automobile","og_description":"SuperSmart RMS 3.0 (Remote Monitoring System) Voici la fin des conjectures&#8230; Souhaitez-vous recevoir des informations en temps r\u00e9el sur Internet concernant votre utilisation de produits chimiques, les niveaux de stocks et le nombre d\u2019achats d\u2019un...","og_url":"https:\/\/www.duboischemicals.com\/auto-care\/fr\/equipment\/supersmart-rms\/","og_site_name":"Entretien automobile","article_modified_time":"2021-02-22T14:46:22+00:00","og_image":[{"url":"https:\/\/www.duboischemicals.com\/auto-care\/wp-content\/uploads\/sites\/6\/2018\/11\/SuperSmart_RMS-200x300.jpg","type":"","width":"","height":""}],"twitter_card":"summary_large_image","twitter_misc":{"Dur\u00e9e de lecture estim\u00e9e":"1 minute"},"schema":{"@context":"https:\/\/schema.org","@graph":[{"@type":"WebPage","@id":"https:\/\/www.duboischemicals.com\/auto-care\/fr\/equipment\/supersmart-rms\/","url":"https:\/\/www.duboischemicals.com\/auto-care\/fr\/equipment\/supersmart-rms\/","name":"SuperSmart RMS - Entretien automobile","isPartOf":{"@id":"https:\/\/www.duboischemicals.com\/auto-care\/fr\/#website"},"primaryImageOfPage":{"@id":"https:\/\/www.duboischemicals.com\/auto-care\/fr\/equipment\/supersmart-rms\/#primaryimage"},"image":{"@id":"https:\/\/www.duboischemicals.com\/auto-care\/fr\/equipment\/supersmart-rms\/#primaryimage"},"thumbnailUrl":"https:\/\/www.duboischemicals.com\/auto-care\/wp-content\/uploads\/sites\/6\/2018\/11\/SuperSmart_RMS-200x300.jpg","datePublished":"2018-10-01T21:41:42+00:00","dateModified":"2021-02-22T14:46:22+00:00","breadcrumb":{"@id":"https:\/\/www.duboischemicals.com\/auto-care\/fr\/equipment\/supersmart-rms\/#breadcrumb"},"inLanguage":"fr-FR","potentialAction":[{"@type":"ReadAction","target":["https:\/\/www.duboischemicals.com\/auto-care\/fr\/equipment\/supersmart-rms\/"]}]},{"@type":"ImageObject","inLanguage":"fr-FR","@id":"https:\/\/www.duboischemicals.com\/auto-care\/fr\/equipment\/supersmart-rms\/#primaryimage","url":"https:\/\/www.duboischemicals.com\/auto-care\/wp-content\/uploads\/sites\/6\/2018\/11\/SuperSmart_RMS-200x300.jpg","contentUrl":"https:\/\/www.duboischemicals.com\/auto-care\/wp-content\/uploads\/sites\/6\/2018\/11\/SuperSmart_RMS-200x300.jpg"},{"@type":"BreadcrumbList","@id":"https:\/\/www.duboischemicals.com\/auto-care\/fr\/equipment\/supersmart-rms\/#breadcrumb","itemListElement":[{"@type":"ListItem","position":1,"name":"Accueil","item":"https:\/\/www.duboischemicals.com\/auto-care\/fr\/"},{"@type":"ListItem","position":2,"name":"\u00c9quipement","item":"https:\/\/www.duboischemicals.com\/auto-care\/fr\/equipment\/"},{"@type":"ListItem","position":3,"name":"SuperSmart RMS"}]},{"@type":"WebSite","@id":"https:\/\/www.duboischemicals.com\/auto-care\/fr\/#website","url":"https:\/\/www.duboischemicals.com\/auto-care\/fr\/","name":"Entretien automobile","description":"","potentialAction":[{"@type":"SearchAction","target":{"@type":"EntryPoint","urlTemplate":"https:\/\/www.duboischemicals.com\/auto-care\/fr\/?s={search_term_string}"},"query-input":{"@type":"PropertyValueSpecification","valueRequired":true,"valueName":"search_term_string"}}],"inLanguage":"fr-FR"}]}},"_links":{"self":[{"href":"https:\/\/www.duboischemicals.com\/auto-care\/fr\/wp-json\/wp\/v2\/pages\/12326","targetHints":{"allow":["GET"]}}],"collection":[{"href":"https:\/\/www.duboischemicals.com\/auto-care\/fr\/wp-json\/wp\/v2\/pages"}],"about":[{"href":"https:\/\/www.duboischemicals.com\/auto-care\/fr\/wp-json\/wp\/v2\/types\/page"}],"author":[{"embeddable":true,"href":"https:\/\/www.duboischemicals.com\/auto-care\/fr\/wp-json\/wp\/v2\/users\/220"}],"replies":[{"embeddable":true,"href":"https:\/\/www.duboischemicals.com\/auto-care\/fr\/wp-json\/wp\/v2\/comments?post=12326"}],"version-history":[{"count":1,"href":"https:\/\/www.duboischemicals.com\/auto-care\/fr\/wp-json\/wp\/v2\/pages\/12326\/revisions"}],"predecessor-version":[{"id":12566,"href":"https:\/\/www.duboischemicals.com\/auto-care\/fr\/wp-json\/wp\/v2\/pages\/12326\/revisions\/12566"}],"up":[{"embeddable":true,"href":"https:\/\/www.duboischemicals.com\/auto-care\/fr\/wp-json\/wp\/v2\/pages\/12314"}],"wp:attachment":[{"href":"https:\/\/www.duboischemicals.com\/auto-care\/fr\/wp-json\/wp\/v2\/media?parent=12326"}],"curies":[{"name":"wp","href":"https:\/\/api.w.org\/{rel}","templated":true}]}}