{"id":12333,"date":"2018-11-05T16:59:41","date_gmt":"2018-11-05T21:59:41","guid":{"rendered":"https:\/\/www.duboischemicals.com\/\/auto-care\/service-support\/technical-support\/"},"modified":"2021-04-02T09:51:01","modified_gmt":"2021-04-02T13:51:01","slug":"technical-support","status":"publish","type":"page","link":"https:\/\/www.duboischemicals.com\/auto-care\/fr\/service-support\/technical-support\/","title":{"rendered":"Soutien technique"},"content":{"rendered":"<h2>Soutien technique<\/h2>\n<p>\u00c0 Blendco Systems, nous savons combien il est important d&rsquo;obtenir le soutien comp\u00e9tent dont vous avez besoin quand vous en avez besoin. Notre personnel d&rsquo;assistance technique conna\u00eet toutes nos solutions d&rsquo;\u00e9quipement et est joignable quand vous en avez besoin. N&rsquo;h\u00e9sitez pas \u00e0 nous contacter, quels que soient vos besoins. Vous avez des questions, Blendco a les r\u00e9ponses!<\/p>\n","protected":false},"excerpt":{"rendered":"<p>Soutien technique \u00c0 Blendco Systems, nous savons combien il est important d&rsquo;obtenir le soutien comp\u00e9tent dont vous avez besoin quand vous en avez besoin. Notre personnel d&rsquo;assistance technique conna\u00eet toutes nos solutions d&rsquo;\u00e9quipement et est&#8230;<\/p>\n","protected":false},"author":220,"featured_media":0,"parent":11753,"menu_order":4,"comment_status":"closed","ping_status":"closed","template":"template-staff-listing.php","meta":{"_acf_changed":false,"footnotes":""},"class_list":["post-12333","page","type-page","status-publish","hentry"],"acf":[],"yoast_head":"<!-- This site is optimized with the Yoast SEO plugin v26.8 - https:\/\/yoast.com\/product\/yoast-seo-wordpress\/ -->\n<title>Soutien technique - Entretien automobile<\/title>\n<meta name=\"robots\" content=\"index, follow, max-snippet:-1, max-image-preview:large, max-video-preview:-1\" \/>\n<link rel=\"canonical\" href=\"https:\/\/www.duboischemicals.com\/auto-care\/fr\/service-support\/technical-support\/\" \/>\n<meta property=\"og:locale\" content=\"fr_FR\" \/>\n<meta property=\"og:type\" content=\"article\" \/>\n<meta property=\"og:title\" content=\"Soutien technique - Entretien automobile\" \/>\n<meta property=\"og:description\" content=\"Soutien technique \u00c0 Blendco Systems, nous savons combien il est important d&rsquo;obtenir le soutien comp\u00e9tent dont vous avez besoin quand vous en avez besoin. Notre personnel d&rsquo;assistance technique conna\u00eet toutes nos solutions d&rsquo;\u00e9quipement et est...\" \/>\n<meta property=\"og:url\" content=\"https:\/\/www.duboischemicals.com\/auto-care\/fr\/service-support\/technical-support\/\" \/>\n<meta property=\"og:site_name\" content=\"Entretien automobile\" \/>\n<meta property=\"article:modified_time\" content=\"2021-04-02T13:51:01+00:00\" \/>\n<meta name=\"twitter:card\" content=\"summary_large_image\" \/>\n<script type=\"application\/ld+json\" class=\"yoast-schema-graph\">{\"@context\":\"https:\/\/schema.org\",\"@graph\":[{\"@type\":\"WebPage\",\"@id\":\"https:\/\/www.duboischemicals.com\/auto-care\/fr\/service-support\/technical-support\/\",\"url\":\"https:\/\/www.duboischemicals.com\/auto-care\/fr\/service-support\/technical-support\/\",\"name\":\"Soutien technique - Entretien automobile\",\"isPartOf\":{\"@id\":\"https:\/\/www.duboischemicals.com\/auto-care\/fr\/#website\"},\"datePublished\":\"2018-11-05T21:59:41+00:00\",\"dateModified\":\"2021-04-02T13:51:01+00:00\",\"breadcrumb\":{\"@id\":\"https:\/\/www.duboischemicals.com\/auto-care\/fr\/service-support\/technical-support\/#breadcrumb\"},\"inLanguage\":\"fr-FR\",\"potentialAction\":[{\"@type\":\"ReadAction\",\"target\":[\"https:\/\/www.duboischemicals.com\/auto-care\/fr\/service-support\/technical-support\/\"]}]},{\"@type\":\"BreadcrumbList\",\"@id\":\"https:\/\/www.duboischemicals.com\/auto-care\/fr\/service-support\/technical-support\/#breadcrumb\",\"itemListElement\":[{\"@type\":\"ListItem\",\"position\":1,\"name\":\"Accueil\",\"item\":\"https:\/\/www.duboischemicals.com\/auto-care\/fr\/\"},{\"@type\":\"ListItem\",\"position\":2,\"name\":\"Service et soutien\",\"item\":\"https:\/\/www.duboischemicals.com\/auto-care\/fr\/service-support\/\"},{\"@type\":\"ListItem\",\"position\":3,\"name\":\"Soutien technique\"}]},{\"@type\":\"WebSite\",\"@id\":\"https:\/\/www.duboischemicals.com\/auto-care\/fr\/#website\",\"url\":\"https:\/\/www.duboischemicals.com\/auto-care\/fr\/\",\"name\":\"Entretien automobile\",\"description\":\"\",\"potentialAction\":[{\"@type\":\"SearchAction\",\"target\":{\"@type\":\"EntryPoint\",\"urlTemplate\":\"https:\/\/www.duboischemicals.com\/auto-care\/fr\/?s={search_term_string}\"},\"query-input\":{\"@type\":\"PropertyValueSpecification\",\"valueRequired\":true,\"valueName\":\"search_term_string\"}}],\"inLanguage\":\"fr-FR\"}]}<\/script>\n<!-- \/ Yoast SEO plugin. -->","yoast_head_json":{"title":"Soutien technique - Entretien automobile","robots":{"index":"index","follow":"follow","max-snippet":"max-snippet:-1","max-image-preview":"max-image-preview:large","max-video-preview":"max-video-preview:-1"},"canonical":"https:\/\/www.duboischemicals.com\/auto-care\/fr\/service-support\/technical-support\/","og_locale":"fr_FR","og_type":"article","og_title":"Soutien technique - Entretien automobile","og_description":"Soutien technique \u00c0 Blendco Systems, nous savons combien il est important d&rsquo;obtenir le soutien comp\u00e9tent dont vous avez besoin quand vous en avez besoin. Notre personnel d&rsquo;assistance technique conna\u00eet toutes nos solutions d&rsquo;\u00e9quipement et est...","og_url":"https:\/\/www.duboischemicals.com\/auto-care\/fr\/service-support\/technical-support\/","og_site_name":"Entretien automobile","article_modified_time":"2021-04-02T13:51:01+00:00","twitter_card":"summary_large_image","schema":{"@context":"https:\/\/schema.org","@graph":[{"@type":"WebPage","@id":"https:\/\/www.duboischemicals.com\/auto-care\/fr\/service-support\/technical-support\/","url":"https:\/\/www.duboischemicals.com\/auto-care\/fr\/service-support\/technical-support\/","name":"Soutien technique - Entretien automobile","isPartOf":{"@id":"https:\/\/www.duboischemicals.com\/auto-care\/fr\/#website"},"datePublished":"2018-11-05T21:59:41+00:00","dateModified":"2021-04-02T13:51:01+00:00","breadcrumb":{"@id":"https:\/\/www.duboischemicals.com\/auto-care\/fr\/service-support\/technical-support\/#breadcrumb"},"inLanguage":"fr-FR","potentialAction":[{"@type":"ReadAction","target":["https:\/\/www.duboischemicals.com\/auto-care\/fr\/service-support\/technical-support\/"]}]},{"@type":"BreadcrumbList","@id":"https:\/\/www.duboischemicals.com\/auto-care\/fr\/service-support\/technical-support\/#breadcrumb","itemListElement":[{"@type":"ListItem","position":1,"name":"Accueil","item":"https:\/\/www.duboischemicals.com\/auto-care\/fr\/"},{"@type":"ListItem","position":2,"name":"Service et soutien","item":"https:\/\/www.duboischemicals.com\/auto-care\/fr\/service-support\/"},{"@type":"ListItem","position":3,"name":"Soutien technique"}]},{"@type":"WebSite","@id":"https:\/\/www.duboischemicals.com\/auto-care\/fr\/#website","url":"https:\/\/www.duboischemicals.com\/auto-care\/fr\/","name":"Entretien automobile","description":"","potentialAction":[{"@type":"SearchAction","target":{"@type":"EntryPoint","urlTemplate":"https:\/\/www.duboischemicals.com\/auto-care\/fr\/?s={search_term_string}"},"query-input":{"@type":"PropertyValueSpecification","valueRequired":true,"valueName":"search_term_string"}}],"inLanguage":"fr-FR"}]}},"_links":{"self":[{"href":"https:\/\/www.duboischemicals.com\/auto-care\/fr\/wp-json\/wp\/v2\/pages\/12333","targetHints":{"allow":["GET"]}}],"collection":[{"href":"https:\/\/www.duboischemicals.com\/auto-care\/fr\/wp-json\/wp\/v2\/pages"}],"about":[{"href":"https:\/\/www.duboischemicals.com\/auto-care\/fr\/wp-json\/wp\/v2\/types\/page"}],"author":[{"embeddable":true,"href":"https:\/\/www.duboischemicals.com\/auto-care\/fr\/wp-json\/wp\/v2\/users\/220"}],"replies":[{"embeddable":true,"href":"https:\/\/www.duboischemicals.com\/auto-care\/fr\/wp-json\/wp\/v2\/comments?post=12333"}],"version-history":[{"count":3,"href":"https:\/\/www.duboischemicals.com\/auto-care\/fr\/wp-json\/wp\/v2\/pages\/12333\/revisions"}],"predecessor-version":[{"id":13316,"href":"https:\/\/www.duboischemicals.com\/auto-care\/fr\/wp-json\/wp\/v2\/pages\/12333\/revisions\/13316"}],"up":[{"embeddable":true,"href":"https:\/\/www.duboischemicals.com\/auto-care\/fr\/wp-json\/wp\/v2\/pages\/11753"}],"wp:attachment":[{"href":"https:\/\/www.duboischemicals.com\/auto-care\/fr\/wp-json\/wp\/v2\/media?parent=12333"}],"curies":[{"name":"wp","href":"https:\/\/api.w.org\/{rel}","templated":true}]}}