{"id":12338,"date":"2018-10-15T18:30:50","date_gmt":"2018-10-15T22:30:50","guid":{"rendered":"https:\/\/www.duboischemicals.com\/\/auto-care\/products\/auto-wash-products\/"},"modified":"2021-03-10T13:25:32","modified_gmt":"2021-03-10T18:25:32","slug":"auto-wash-products","status":"publish","type":"page","link":"https:\/\/www.duboischemicals.com\/auto-care\/fr\/products\/auto-wash-products\/","title":{"rendered":"Produits de lavage automobile"},"content":{"rendered":"<p>Blendco fournit des solutions de nettoyage innovantes \u00e0 l&rsquo;industrie du lavage automobile depuis plus de 50\u00a0ans.\u00a0Nos produits comprennent une gamme compl\u00e8te de d\u00e9tergents, d&rsquo;agents de polissage et de protecteurs de la plus haute qualit\u00e9, qui sont tous bas\u00e9s sur des d\u00e9cennies d&rsquo;exp\u00e9rience en mati\u00e8re de formulation. \u00c0 Blendco, nous nous effor\u00e7ons de vous fournir les meilleurs produits de lavage automobile, de rendre les v\u00e9hicules plus propres plus rapidement et plus facilement et d&rsquo;am\u00e9liorer vos r\u00e9sultats!<\/p>\n<p><strong><a href=\"https:\/\/www.duboischemicals.com\/auto-care\/search-products\/?market=auto-care&amp;ptype=alkaline-concentrates\">Concentr\u00e9s alcalins<\/a>\u00a0:<\/strong> Nous proposons une gamme compl\u00e8te de produits alcalins liquides et en poudre qui font partie d&rsquo;un syst\u00e8me en deux parties, qui peut \u00eatre enti\u00e8rement personnalis\u00e9 pour r\u00e9pondre \u00e0 tous vos besoins en mati\u00e8re de lavage de voitures.<\/p>\n<p><a href=\"https:\/\/www.duboischemicals.com\/auto-care\/search-products\/?market=auto-care&amp;ptype=cleaners-degreasers\"><strong>Nettoyants et d\u00e9graisseurs\u00a0: <\/strong><\/a>Une gamme compl\u00e8te de nettoyants et de d\u00e9graissants qui promet d&rsquo;avoir du punch!<\/p>\n<p><a href=\"https:\/\/www.duboischemicals.com\/auto-care\/search-products\/?market=auto-care&amp;ptype=detergents\"><strong>D\u00e9tergents<\/strong>:<\/a> Une gamme compl\u00e8te de d\u00e9tergents r\u00e9volutionnaires offrant des performances sup\u00e9rieures \u00e0 prix comp\u00e9titif gr\u00e2ce \u00e0 des produits de qualit\u00e9 exceptionnelle.<\/p>\n<p><a href=\"https:\/\/www.duboischemicals.com\/auto-care\/search-products\/?market=auto-care&amp;ptype=drying-agents\"><strong>Agents de s\u00e9chage\u00a0:<\/strong><\/a> Des agents de s\u00e9chage r\u00e9volutionnaires qui permettent une d\u00e9shydratation instantan\u00e9e pour obtenir un r\u00e9sultat final plus sec.<a href=\"https:\/\/www.duboischemicals.com\/auto-care\/products\/auto-wash-products\/?preview_id=3594&amp;preview_nonce=591b9c07ee&amp;_thumbnail_id=4929&amp;preview=true\"><\/a><br \/>\n\u200b<br \/>\n\u200b<a href=\"https:\/\/www.duboischemicals.com\/auto-care\/search-products\/?market=auto-care&amp;ptype=foaming-products\"><strong>Produits moussants: <\/strong><\/a>Les produits moussants de Blendco ajouteront un \u00e9clat et une performance exceptionnels \u00e0 tout lavage de voiture!<\/p>\n<p><a href=\"https:\/\/www.duboischemicals.com\/auto-care\/search-products\/?market=auto-care&amp;ptype=foaming-wax-conditioners\"><strong>Conditionneurs de cire moussante<\/strong>:<\/a>\u00a0Un m\u00e9lange exclusif d\u2019encaustiques et de conditionneurs procurant une propret\u00e9 et un \u00e9clat exceptionnels.<\/p>\n<p><a href=\"https:\/\/www.duboischemicals.com\/auto-care\/search-products\/?market=auto-care&amp;ptype=pet-wash-products\"><strong>Lavage d&rsquo;animaux de compagnie<\/strong>:<\/a> Dorlotez votre animal de compagnie avec notre gamme compl\u00e8te de produits de nettoyage doux et de haute qualit\u00e9. Fido vous en sera reconnaissant!<\/p>\n<p><a href=\"https:\/\/www.duboischemicals.com\/auto-care\/search-products\/?market=auto-care&amp;ptype=presoaks\"><strong>Pr\u00e9trempage\u00a0: <\/strong><\/a>Des pr\u00e9trempages puissants con\u00e7us pour amorcer le processus de nettoyage des voitures.<\/p>\n<p><a href=\"https:\/\/www.duboischemicals.com\/auto-care\/search-products\/?market=auto-care&amp;ptype=protectants\"><strong>Protecteurs\u00a0: <\/strong><\/a>Des m\u00e9langes exclusifs de protecteurs de nouvelle g\u00e9n\u00e9ration qui offrent une protection exceptionnelle ainsi qu\u2019un \u00c9CLAT!<\/p>\n<p><a href=\"https:\/\/www.duboischemicals.com\/auto-care\/search-products\/?market=auto-care&amp;ptype=specialty-products\"><strong>Produits sp\u00e9cialis\u00e9s\u00a0:<\/strong><\/a> Tous les produits dont vous avez besoin pour garder votre lave-auto aussi propre qu\u2019une salle d\u2019exposition, du plancher jusqu\u2019au plafond.<\/p>\n<p><a href=\"https:\/\/www.duboischemicals.com\/auto-care\/search-products\/?market=auto-care&amp;pline=superblend\"><strong>SuperBlend\u00a0:<\/strong><\/a> Fabriquez \u00e0 votre emplacement avec SuperBlend! Fabriquez une gamme compl\u00e8te de d\u00e9tergents et de protecteurs de haute qualit\u00e9 en utilisant nos concentr\u00e9s SuperBlend.<\/p>\n<p><a href=\"https:\/\/www.duboischemicals.com\/auto-care\/search-products\/?market=auto-care&amp;ptype=tire-wheel-cleaners\"><strong>Nettoyants pour pneus et roues\u00a0:<\/strong><\/a> Nettoyants de haute performance pour pneus et roues convenant \u00e0 tous les types de roues et de jantes. D\u00e9logez la salet\u00e9 en toute s\u00e9curit\u00e9, peu importe ce que la route vous r\u00e9serve.<\/p>\n<p><a href=\"https:\/\/www.duboischemicals.com\/auto-care\/search-products\/?market=auto-care&amp;ptype=water-treatment\"><strong>Traitement des eaux<\/strong>:<\/a> \u00c0 utiliser avec notre syst\u00e8me brevet\u00e9 SuperClear pour traiter l&rsquo;eau recycl\u00e9e, \u00e9liminer les odeurs ind\u00e9sirables et assurer la r\u00e9utilisation.<\/p>\n<p>&nbsp;<\/p>\n","protected":false},"excerpt":{"rendered":"<p>Blendco fournit des solutions de nettoyage innovantes \u00e0 l&rsquo;industrie du lavage automobile depuis plus de 50\u00a0ans.\u00a0Nos produits comprennent une gamme compl\u00e8te de d\u00e9tergents, d&rsquo;agents de polissage et de protecteurs de la plus haute qualit\u00e9, qui&#8230;<\/p>\n","protected":false},"author":220,"featured_media":10846,"parent":11930,"menu_order":1,"comment_status":"closed","ping_status":"closed","template":"template-prodinfo.php","meta":{"_acf_changed":false,"footnotes":""},"class_list":["post-12338","page","type-page","status-publish","has-post-thumbnail","hentry"],"acf":[],"yoast_head":"<!-- This site is optimized with the Yoast SEO plugin v26.8 - https:\/\/yoast.com\/product\/yoast-seo-wordpress\/ -->\n<title>Produits de lavage automobile - Entretien automobile<\/title>\n<meta name=\"robots\" content=\"index, follow, max-snippet:-1, max-image-preview:large, max-video-preview:-1\" \/>\n<link rel=\"canonical\" href=\"https:\/\/www.duboischemicals.com\/auto-care\/fr\/products\/auto-wash-products\/\" \/>\n<meta property=\"og:locale\" content=\"fr_FR\" \/>\n<meta property=\"og:type\" content=\"article\" \/>\n<meta property=\"og:title\" content=\"Produits de lavage automobile - Entretien automobile\" \/>\n<meta property=\"og:description\" content=\"Blendco fournit des solutions de nettoyage innovantes \u00e0 l&rsquo;industrie du lavage automobile depuis plus de 50\u00a0ans.\u00a0Nos produits comprennent une gamme compl\u00e8te de d\u00e9tergents, d&rsquo;agents de polissage et de protecteurs de la plus haute qualit\u00e9, qui...\" \/>\n<meta property=\"og:url\" content=\"https:\/\/www.duboischemicals.com\/auto-care\/fr\/products\/auto-wash-products\/\" \/>\n<meta property=\"og:site_name\" content=\"Entretien automobile\" \/>\n<meta property=\"article:modified_time\" content=\"2021-03-10T18:25:32+00:00\" \/>\n<meta property=\"og:image\" content=\"https:\/\/www.duboischemicals.com\/auto-care\/wp-content\/uploads\/sites\/6\/2018\/11\/Products-Auto-Wash-sq.jpg\" \/>\n\t<meta property=\"og:image:width\" content=\"450\" \/>\n\t<meta property=\"og:image:height\" content=\"450\" \/>\n\t<meta property=\"og:image:type\" content=\"image\/jpeg\" \/>\n<meta name=\"twitter:card\" content=\"summary_large_image\" \/>\n<meta name=\"twitter:label1\" content=\"Dur\u00e9e de lecture estim\u00e9e\" \/>\n\t<meta name=\"twitter:data1\" content=\"2 minutes\" \/>\n<script type=\"application\/ld+json\" class=\"yoast-schema-graph\">{\"@context\":\"https:\/\/schema.org\",\"@graph\":[{\"@type\":\"WebPage\",\"@id\":\"https:\/\/www.duboischemicals.com\/auto-care\/fr\/products\/auto-wash-products\/\",\"url\":\"https:\/\/www.duboischemicals.com\/auto-care\/fr\/products\/auto-wash-products\/\",\"name\":\"Produits de lavage automobile - Entretien automobile\",\"isPartOf\":{\"@id\":\"https:\/\/www.duboischemicals.com\/auto-care\/fr\/#website\"},\"primaryImageOfPage\":{\"@id\":\"https:\/\/www.duboischemicals.com\/auto-care\/fr\/products\/auto-wash-products\/#primaryimage\"},\"image\":{\"@id\":\"https:\/\/www.duboischemicals.com\/auto-care\/fr\/products\/auto-wash-products\/#primaryimage\"},\"thumbnailUrl\":\"https:\/\/www.duboischemicals.com\/auto-care\/wp-content\/uploads\/sites\/6\/2018\/11\/Products-Auto-Wash-sq.jpg\",\"datePublished\":\"2018-10-15T22:30:50+00:00\",\"dateModified\":\"2021-03-10T18:25:32+00:00\",\"breadcrumb\":{\"@id\":\"https:\/\/www.duboischemicals.com\/auto-care\/fr\/products\/auto-wash-products\/#breadcrumb\"},\"inLanguage\":\"fr-FR\",\"potentialAction\":[{\"@type\":\"ReadAction\",\"target\":[\"https:\/\/www.duboischemicals.com\/auto-care\/fr\/products\/auto-wash-products\/\"]}]},{\"@type\":\"ImageObject\",\"inLanguage\":\"fr-FR\",\"@id\":\"https:\/\/www.duboischemicals.com\/auto-care\/fr\/products\/auto-wash-products\/#primaryimage\",\"url\":\"https:\/\/www.duboischemicals.com\/auto-care\/wp-content\/uploads\/sites\/6\/2018\/11\/Products-Auto-Wash-sq.jpg\",\"contentUrl\":\"https:\/\/www.duboischemicals.com\/auto-care\/wp-content\/uploads\/sites\/6\/2018\/11\/Products-Auto-Wash-sq.jpg\",\"width\":450,\"height\":450},{\"@type\":\"BreadcrumbList\",\"@id\":\"https:\/\/www.duboischemicals.com\/auto-care\/fr\/products\/auto-wash-products\/#breadcrumb\",\"itemListElement\":[{\"@type\":\"ListItem\",\"position\":1,\"name\":\"Accueil\",\"item\":\"https:\/\/www.duboischemicals.com\/auto-care\/fr\/\"},{\"@type\":\"ListItem\",\"position\":2,\"name\":\"Produits\",\"item\":\"https:\/\/www.duboischemicals.com\/auto-care\/fr\/products\/\"},{\"@type\":\"ListItem\",\"position\":3,\"name\":\"Produits de lavage automobile\"}]},{\"@type\":\"WebSite\",\"@id\":\"https:\/\/www.duboischemicals.com\/auto-care\/fr\/#website\",\"url\":\"https:\/\/www.duboischemicals.com\/auto-care\/fr\/\",\"name\":\"Entretien automobile\",\"description\":\"\",\"potentialAction\":[{\"@type\":\"SearchAction\",\"target\":{\"@type\":\"EntryPoint\",\"urlTemplate\":\"https:\/\/www.duboischemicals.com\/auto-care\/fr\/?s={search_term_string}\"},\"query-input\":{\"@type\":\"PropertyValueSpecification\",\"valueRequired\":true,\"valueName\":\"search_term_string\"}}],\"inLanguage\":\"fr-FR\"}]}<\/script>\n<!-- \/ Yoast SEO plugin. -->","yoast_head_json":{"title":"Produits de lavage automobile - Entretien automobile","robots":{"index":"index","follow":"follow","max-snippet":"max-snippet:-1","max-image-preview":"max-image-preview:large","max-video-preview":"max-video-preview:-1"},"canonical":"https:\/\/www.duboischemicals.com\/auto-care\/fr\/products\/auto-wash-products\/","og_locale":"fr_FR","og_type":"article","og_title":"Produits de lavage automobile - Entretien automobile","og_description":"Blendco fournit des solutions de nettoyage innovantes \u00e0 l&rsquo;industrie du lavage automobile depuis plus de 50\u00a0ans.\u00a0Nos produits comprennent une gamme compl\u00e8te de d\u00e9tergents, d&rsquo;agents de polissage et de protecteurs de la plus haute qualit\u00e9, qui...","og_url":"https:\/\/www.duboischemicals.com\/auto-care\/fr\/products\/auto-wash-products\/","og_site_name":"Entretien automobile","article_modified_time":"2021-03-10T18:25:32+00:00","og_image":[{"width":450,"height":450,"url":"https:\/\/www.duboischemicals.com\/auto-care\/wp-content\/uploads\/sites\/6\/2018\/11\/Products-Auto-Wash-sq.jpg","type":"image\/jpeg"}],"twitter_card":"summary_large_image","twitter_misc":{"Dur\u00e9e de lecture estim\u00e9e":"2 minutes"},"schema":{"@context":"https:\/\/schema.org","@graph":[{"@type":"WebPage","@id":"https:\/\/www.duboischemicals.com\/auto-care\/fr\/products\/auto-wash-products\/","url":"https:\/\/www.duboischemicals.com\/auto-care\/fr\/products\/auto-wash-products\/","name":"Produits de lavage automobile - Entretien automobile","isPartOf":{"@id":"https:\/\/www.duboischemicals.com\/auto-care\/fr\/#website"},"primaryImageOfPage":{"@id":"https:\/\/www.duboischemicals.com\/auto-care\/fr\/products\/auto-wash-products\/#primaryimage"},"image":{"@id":"https:\/\/www.duboischemicals.com\/auto-care\/fr\/products\/auto-wash-products\/#primaryimage"},"thumbnailUrl":"https:\/\/www.duboischemicals.com\/auto-care\/wp-content\/uploads\/sites\/6\/2018\/11\/Products-Auto-Wash-sq.jpg","datePublished":"2018-10-15T22:30:50+00:00","dateModified":"2021-03-10T18:25:32+00:00","breadcrumb":{"@id":"https:\/\/www.duboischemicals.com\/auto-care\/fr\/products\/auto-wash-products\/#breadcrumb"},"inLanguage":"fr-FR","potentialAction":[{"@type":"ReadAction","target":["https:\/\/www.duboischemicals.com\/auto-care\/fr\/products\/auto-wash-products\/"]}]},{"@type":"ImageObject","inLanguage":"fr-FR","@id":"https:\/\/www.duboischemicals.com\/auto-care\/fr\/products\/auto-wash-products\/#primaryimage","url":"https:\/\/www.duboischemicals.com\/auto-care\/wp-content\/uploads\/sites\/6\/2018\/11\/Products-Auto-Wash-sq.jpg","contentUrl":"https:\/\/www.duboischemicals.com\/auto-care\/wp-content\/uploads\/sites\/6\/2018\/11\/Products-Auto-Wash-sq.jpg","width":450,"height":450},{"@type":"BreadcrumbList","@id":"https:\/\/www.duboischemicals.com\/auto-care\/fr\/products\/auto-wash-products\/#breadcrumb","itemListElement":[{"@type":"ListItem","position":1,"name":"Accueil","item":"https:\/\/www.duboischemicals.com\/auto-care\/fr\/"},{"@type":"ListItem","position":2,"name":"Produits","item":"https:\/\/www.duboischemicals.com\/auto-care\/fr\/products\/"},{"@type":"ListItem","position":3,"name":"Produits de lavage automobile"}]},{"@type":"WebSite","@id":"https:\/\/www.duboischemicals.com\/auto-care\/fr\/#website","url":"https:\/\/www.duboischemicals.com\/auto-care\/fr\/","name":"Entretien automobile","description":"","potentialAction":[{"@type":"SearchAction","target":{"@type":"EntryPoint","urlTemplate":"https:\/\/www.duboischemicals.com\/auto-care\/fr\/?s={search_term_string}"},"query-input":{"@type":"PropertyValueSpecification","valueRequired":true,"valueName":"search_term_string"}}],"inLanguage":"fr-FR"}]}},"_links":{"self":[{"href":"https:\/\/www.duboischemicals.com\/auto-care\/fr\/wp-json\/wp\/v2\/pages\/12338","targetHints":{"allow":["GET"]}}],"collection":[{"href":"https:\/\/www.duboischemicals.com\/auto-care\/fr\/wp-json\/wp\/v2\/pages"}],"about":[{"href":"https:\/\/www.duboischemicals.com\/auto-care\/fr\/wp-json\/wp\/v2\/types\/page"}],"author":[{"embeddable":true,"href":"https:\/\/www.duboischemicals.com\/auto-care\/fr\/wp-json\/wp\/v2\/users\/220"}],"replies":[{"embeddable":true,"href":"https:\/\/www.duboischemicals.com\/auto-care\/fr\/wp-json\/wp\/v2\/comments?post=12338"}],"version-history":[{"count":4,"href":"https:\/\/www.duboischemicals.com\/auto-care\/fr\/wp-json\/wp\/v2\/pages\/12338\/revisions"}],"predecessor-version":[{"id":13284,"href":"https:\/\/www.duboischemicals.com\/auto-care\/fr\/wp-json\/wp\/v2\/pages\/12338\/revisions\/13284"}],"up":[{"embeddable":true,"href":"https:\/\/www.duboischemicals.com\/auto-care\/fr\/wp-json\/wp\/v2\/pages\/11930"}],"wp:featuredmedia":[{"embeddable":true,"href":"https:\/\/www.duboischemicals.com\/auto-care\/fr\/wp-json\/wp\/v2\/media\/10846"}],"wp:attachment":[{"href":"https:\/\/www.duboischemicals.com\/auto-care\/fr\/wp-json\/wp\/v2\/media?parent=12338"}],"curies":[{"name":"wp","href":"https:\/\/api.w.org\/{rel}","templated":true}]}}