{"id":12345,"date":"2018-11-02T13:06:01","date_gmt":"2018-11-02T17:06:01","guid":{"rendered":"https:\/\/www.duboischemicals.com\/\/auto-care\/resources\/auto-wash-marketing\/"},"modified":"2021-04-09T09:32:33","modified_gmt":"2021-04-09T13:32:33","slug":"auto-wash-marketing","status":"publish","type":"page","link":"https:\/\/www.duboischemicals.com\/auto-care\/fr\/resources\/auto-wash-marketing\/","title":{"rendered":"Marketing de lave-auto"},"content":{"rendered":"<h2>Marketing de lave-auto<\/h2>\n<p>Blendco propose une grande vari\u00e9t\u00e9 de contenus de marketing pour vous aider \u00e0 renforcer et \u00e0 promouvoir la fid\u00e9lit\u00e9 \u00e0 la marque. Ces outils invitants aident \u00e0 attirer de nouveaux clients, \u00e0 fid\u00e9liser les clients existants et \u00e0 cr\u00e9er un attrait visuel.<\/p>\n<p>Blendco personnalise aussi! Nous pouvons adapter toutes nos options de marketing. Affichez votre logo, vos couleurs, votre signalisation et votre image de marque dans tout votre lave-auto.<\/p>\n<p><img loading=\"lazy\" decoding=\"async\" class=\"alignnone wp-image-10931 size-large\" src=\"\/auto-care\/wp-content\/uploads\/sites\/6\/2021\/04\/automarketing.jpeg\" alt=\"\" width=\"1024\" height=\"346\" \/><\/p>\n<p><strong>Et bien plus encore!<\/strong><\/p>\n","protected":false},"excerpt":{"rendered":"<p>Marketing de lave-auto Blendco propose une grande vari\u00e9t\u00e9 de contenus de marketing pour vous aider \u00e0 renforcer et \u00e0 promouvoir la fid\u00e9lit\u00e9 \u00e0 la marque. Ces outils invitants aident \u00e0 attirer de nouveaux clients, \u00e0&#8230;<\/p>\n","protected":false},"author":220,"featured_media":0,"parent":11797,"menu_order":1,"comment_status":"closed","ping_status":"closed","template":"","meta":{"_acf_changed":false,"footnotes":""},"class_list":["post-12345","page","type-page","status-publish","hentry"],"acf":[],"yoast_head":"<!-- This site is optimized with the Yoast SEO plugin v26.8 - https:\/\/yoast.com\/product\/yoast-seo-wordpress\/ -->\n<title>Marketing de lave-auto - Entretien automobile<\/title>\n<meta name=\"robots\" content=\"index, follow, max-snippet:-1, max-image-preview:large, max-video-preview:-1\" \/>\n<link rel=\"canonical\" href=\"https:\/\/www.duboischemicals.com\/auto-care\/fr\/resources\/auto-wash-marketing\/\" \/>\n<meta property=\"og:locale\" content=\"fr_FR\" \/>\n<meta property=\"og:type\" content=\"article\" \/>\n<meta property=\"og:title\" content=\"Marketing de lave-auto - Entretien automobile\" \/>\n<meta property=\"og:description\" content=\"Marketing de lave-auto Blendco propose une grande vari\u00e9t\u00e9 de contenus de marketing pour vous aider \u00e0 renforcer et \u00e0 promouvoir la fid\u00e9lit\u00e9 \u00e0 la marque. Ces outils invitants aident \u00e0 attirer de nouveaux clients, \u00e0...\" \/>\n<meta property=\"og:url\" content=\"https:\/\/www.duboischemicals.com\/auto-care\/fr\/resources\/auto-wash-marketing\/\" \/>\n<meta property=\"og:site_name\" content=\"Entretien automobile\" \/>\n<meta property=\"article:modified_time\" content=\"2021-04-09T13:32:33+00:00\" \/>\n<meta property=\"og:image\" content=\"https:\/\/www.duboischemicals.com\/auto-care\/wp-content\/uploads\/sites\/6\/2021\/04\/automarketing.jpeg\" \/>\n<meta name=\"twitter:card\" content=\"summary_large_image\" \/>\n<script type=\"application\/ld+json\" class=\"yoast-schema-graph\">{\"@context\":\"https:\/\/schema.org\",\"@graph\":[{\"@type\":\"WebPage\",\"@id\":\"https:\/\/www.duboischemicals.com\/auto-care\/fr\/resources\/auto-wash-marketing\/\",\"url\":\"https:\/\/www.duboischemicals.com\/auto-care\/fr\/resources\/auto-wash-marketing\/\",\"name\":\"Marketing de lave-auto - Entretien automobile\",\"isPartOf\":{\"@id\":\"https:\/\/www.duboischemicals.com\/auto-care\/fr\/#website\"},\"datePublished\":\"2018-11-02T17:06:01+00:00\",\"dateModified\":\"2021-04-09T13:32:33+00:00\",\"breadcrumb\":{\"@id\":\"https:\/\/www.duboischemicals.com\/auto-care\/fr\/resources\/auto-wash-marketing\/#breadcrumb\"},\"inLanguage\":\"fr-FR\",\"potentialAction\":[{\"@type\":\"ReadAction\",\"target\":[\"https:\/\/www.duboischemicals.com\/auto-care\/fr\/resources\/auto-wash-marketing\/\"]}]},{\"@type\":\"BreadcrumbList\",\"@id\":\"https:\/\/www.duboischemicals.com\/auto-care\/fr\/resources\/auto-wash-marketing\/#breadcrumb\",\"itemListElement\":[{\"@type\":\"ListItem\",\"position\":1,\"name\":\"Accueil\",\"item\":\"https:\/\/www.duboischemicals.com\/auto-care\/fr\/\"},{\"@type\":\"ListItem\",\"position\":2,\"name\":\"Ressources\",\"item\":\"https:\/\/www.duboischemicals.com\/auto-care\/fr\/resources\/\"},{\"@type\":\"ListItem\",\"position\":3,\"name\":\"Marketing de lave-auto\"}]},{\"@type\":\"WebSite\",\"@id\":\"https:\/\/www.duboischemicals.com\/auto-care\/fr\/#website\",\"url\":\"https:\/\/www.duboischemicals.com\/auto-care\/fr\/\",\"name\":\"Entretien automobile\",\"description\":\"\",\"potentialAction\":[{\"@type\":\"SearchAction\",\"target\":{\"@type\":\"EntryPoint\",\"urlTemplate\":\"https:\/\/www.duboischemicals.com\/auto-care\/fr\/?s={search_term_string}\"},\"query-input\":{\"@type\":\"PropertyValueSpecification\",\"valueRequired\":true,\"valueName\":\"search_term_string\"}}],\"inLanguage\":\"fr-FR\"}]}<\/script>\n<!-- \/ Yoast SEO plugin. -->","yoast_head_json":{"title":"Marketing de lave-auto - Entretien automobile","robots":{"index":"index","follow":"follow","max-snippet":"max-snippet:-1","max-image-preview":"max-image-preview:large","max-video-preview":"max-video-preview:-1"},"canonical":"https:\/\/www.duboischemicals.com\/auto-care\/fr\/resources\/auto-wash-marketing\/","og_locale":"fr_FR","og_type":"article","og_title":"Marketing de lave-auto - Entretien automobile","og_description":"Marketing de lave-auto Blendco propose une grande vari\u00e9t\u00e9 de contenus de marketing pour vous aider \u00e0 renforcer et \u00e0 promouvoir la fid\u00e9lit\u00e9 \u00e0 la marque. Ces outils invitants aident \u00e0 attirer de nouveaux clients, \u00e0...","og_url":"https:\/\/www.duboischemicals.com\/auto-care\/fr\/resources\/auto-wash-marketing\/","og_site_name":"Entretien automobile","article_modified_time":"2021-04-09T13:32:33+00:00","og_image":[{"url":"https:\/\/www.duboischemicals.com\/auto-care\/wp-content\/uploads\/sites\/6\/2021\/04\/automarketing.jpeg","type":"","width":"","height":""}],"twitter_card":"summary_large_image","schema":{"@context":"https:\/\/schema.org","@graph":[{"@type":"WebPage","@id":"https:\/\/www.duboischemicals.com\/auto-care\/fr\/resources\/auto-wash-marketing\/","url":"https:\/\/www.duboischemicals.com\/auto-care\/fr\/resources\/auto-wash-marketing\/","name":"Marketing de lave-auto - Entretien automobile","isPartOf":{"@id":"https:\/\/www.duboischemicals.com\/auto-care\/fr\/#website"},"datePublished":"2018-11-02T17:06:01+00:00","dateModified":"2021-04-09T13:32:33+00:00","breadcrumb":{"@id":"https:\/\/www.duboischemicals.com\/auto-care\/fr\/resources\/auto-wash-marketing\/#breadcrumb"},"inLanguage":"fr-FR","potentialAction":[{"@type":"ReadAction","target":["https:\/\/www.duboischemicals.com\/auto-care\/fr\/resources\/auto-wash-marketing\/"]}]},{"@type":"BreadcrumbList","@id":"https:\/\/www.duboischemicals.com\/auto-care\/fr\/resources\/auto-wash-marketing\/#breadcrumb","itemListElement":[{"@type":"ListItem","position":1,"name":"Accueil","item":"https:\/\/www.duboischemicals.com\/auto-care\/fr\/"},{"@type":"ListItem","position":2,"name":"Ressources","item":"https:\/\/www.duboischemicals.com\/auto-care\/fr\/resources\/"},{"@type":"ListItem","position":3,"name":"Marketing de lave-auto"}]},{"@type":"WebSite","@id":"https:\/\/www.duboischemicals.com\/auto-care\/fr\/#website","url":"https:\/\/www.duboischemicals.com\/auto-care\/fr\/","name":"Entretien automobile","description":"","potentialAction":[{"@type":"SearchAction","target":{"@type":"EntryPoint","urlTemplate":"https:\/\/www.duboischemicals.com\/auto-care\/fr\/?s={search_term_string}"},"query-input":{"@type":"PropertyValueSpecification","valueRequired":true,"valueName":"search_term_string"}}],"inLanguage":"fr-FR"}]}},"_links":{"self":[{"href":"https:\/\/www.duboischemicals.com\/auto-care\/fr\/wp-json\/wp\/v2\/pages\/12345","targetHints":{"allow":["GET"]}}],"collection":[{"href":"https:\/\/www.duboischemicals.com\/auto-care\/fr\/wp-json\/wp\/v2\/pages"}],"about":[{"href":"https:\/\/www.duboischemicals.com\/auto-care\/fr\/wp-json\/wp\/v2\/types\/page"}],"author":[{"embeddable":true,"href":"https:\/\/www.duboischemicals.com\/auto-care\/fr\/wp-json\/wp\/v2\/users\/220"}],"replies":[{"embeddable":true,"href":"https:\/\/www.duboischemicals.com\/auto-care\/fr\/wp-json\/wp\/v2\/comments?post=12345"}],"version-history":[{"count":2,"href":"https:\/\/www.duboischemicals.com\/auto-care\/fr\/wp-json\/wp\/v2\/pages\/12345\/revisions"}],"predecessor-version":[{"id":13329,"href":"https:\/\/www.duboischemicals.com\/auto-care\/fr\/wp-json\/wp\/v2\/pages\/12345\/revisions\/13329"}],"up":[{"embeddable":true,"href":"https:\/\/www.duboischemicals.com\/auto-care\/fr\/wp-json\/wp\/v2\/pages\/11797"}],"wp:attachment":[{"href":"https:\/\/www.duboischemicals.com\/auto-care\/fr\/wp-json\/wp\/v2\/media?parent=12345"}],"curies":[{"name":"wp","href":"https:\/\/api.w.org\/{rel}","templated":true}]}}