{"id":12350,"date":"2018-10-01T17:38:25","date_gmt":"2018-10-01T21:38:25","guid":{"rendered":"https:\/\/www.duboischemicals.com\/\/auto-care\/industries\/auto-detailing\/"},"modified":"2021-02-22T09:42:13","modified_gmt":"2021-02-22T14:42:13","slug":"auto-detailing","status":"publish","type":"page","link":"https:\/\/www.duboischemicals.com\/auto-care\/fr\/industries\/auto-detailing\/","title":{"rendered":"Esth\u00e9tique automobile"},"content":{"rendered":"<h2>Esth\u00e9tique automobile<\/h2>\n<p>C.A.R.\u00a0Products poss\u00e8de 50\u00a0ans d\u2019exp\u00e9rience en formulation et en production des produits d\u2019esth\u00e9tique automobile de la plus haute qualit\u00e9 de l\u2019industrie. Cette exp\u00e9rience in\u00e9gal\u00e9e vous aide \u00e0 obtenir la voiture la plus propre et la plus brillante possible, \u00e0 un prix comp\u00e9titif.<b>\u00a0<\/b><span data-ccp-props=\"{&quot;201341983&quot;:0,&quot;335559739&quot;:200,&quot;335559740&quot;:276}\">\u00a0<\/span><\/p>\n<p>Apprenez-en plus sur notre <a href=\"http:\/\/www.duboischemicals.com\/\/auto-care\/products\/detailing-products\/\">gamme compl\u00e8te de produits<\/a>!<span data-ccp-props=\"{&quot;201341983&quot;:0,&quot;335559739&quot;:200,&quot;335559740&quot;:276}\">\u00a0<\/span><\/p>\n","protected":false},"excerpt":{"rendered":"<p>Esth\u00e9tique automobile C.A.R.\u00a0Products poss\u00e8de 50\u00a0ans d\u2019exp\u00e9rience en formulation et en production des produits d\u2019esth\u00e9tique automobile de la plus haute qualit\u00e9 de l\u2019industrie. Cette exp\u00e9rience in\u00e9gal\u00e9e vous aide \u00e0 obtenir la voiture la plus propre et&#8230;<\/p>\n","protected":false},"author":220,"featured_media":0,"parent":12347,"menu_order":2,"comment_status":"closed","ping_status":"closed","template":"","meta":{"_acf_changed":false,"footnotes":""},"class_list":["post-12350","page","type-page","status-publish","hentry"],"acf":[],"yoast_head":"<!-- This site is optimized with the Yoast SEO plugin v26.8 - https:\/\/yoast.com\/product\/yoast-seo-wordpress\/ -->\n<title>Esth\u00e9tique automobile - Entretien automobile<\/title>\n<meta name=\"robots\" content=\"index, follow, max-snippet:-1, max-image-preview:large, max-video-preview:-1\" \/>\n<link rel=\"canonical\" href=\"https:\/\/www.duboischemicals.com\/auto-care\/fr\/industries\/auto-detailing\/\" \/>\n<meta property=\"og:locale\" content=\"fr_FR\" \/>\n<meta property=\"og:type\" content=\"article\" \/>\n<meta property=\"og:title\" content=\"Esth\u00e9tique automobile - Entretien automobile\" \/>\n<meta property=\"og:description\" content=\"Esth\u00e9tique automobile C.A.R.\u00a0Products poss\u00e8de 50\u00a0ans d\u2019exp\u00e9rience en formulation et en production des produits d\u2019esth\u00e9tique automobile de la plus haute qualit\u00e9 de l\u2019industrie. Cette exp\u00e9rience in\u00e9gal\u00e9e vous aide \u00e0 obtenir la voiture la plus propre et...\" \/>\n<meta property=\"og:url\" content=\"https:\/\/www.duboischemicals.com\/auto-care\/fr\/industries\/auto-detailing\/\" \/>\n<meta property=\"og:site_name\" content=\"Entretien automobile\" \/>\n<meta property=\"article:modified_time\" content=\"2021-02-22T14:42:13+00:00\" \/>\n<meta name=\"twitter:card\" content=\"summary_large_image\" \/>\n<script type=\"application\/ld+json\" class=\"yoast-schema-graph\">{\"@context\":\"https:\/\/schema.org\",\"@graph\":[{\"@type\":\"WebPage\",\"@id\":\"https:\/\/www.duboischemicals.com\/auto-care\/fr\/industries\/auto-detailing\/\",\"url\":\"https:\/\/www.duboischemicals.com\/auto-care\/fr\/industries\/auto-detailing\/\",\"name\":\"Esth\u00e9tique automobile - Entretien automobile\",\"isPartOf\":{\"@id\":\"https:\/\/www.duboischemicals.com\/auto-care\/fr\/#website\"},\"datePublished\":\"2018-10-01T21:38:25+00:00\",\"dateModified\":\"2021-02-22T14:42:13+00:00\",\"breadcrumb\":{\"@id\":\"https:\/\/www.duboischemicals.com\/auto-care\/fr\/industries\/auto-detailing\/#breadcrumb\"},\"inLanguage\":\"fr-FR\",\"potentialAction\":[{\"@type\":\"ReadAction\",\"target\":[\"https:\/\/www.duboischemicals.com\/auto-care\/fr\/industries\/auto-detailing\/\"]}]},{\"@type\":\"BreadcrumbList\",\"@id\":\"https:\/\/www.duboischemicals.com\/auto-care\/fr\/industries\/auto-detailing\/#breadcrumb\",\"itemListElement\":[{\"@type\":\"ListItem\",\"position\":1,\"name\":\"Accueil\",\"item\":\"https:\/\/www.duboischemicals.com\/auto-care\/fr\/\"},{\"@type\":\"ListItem\",\"position\":2,\"name\":\"Industries\",\"item\":\"https:\/\/www.duboischemicals.com\/auto-care\/fr\/industries\/\"},{\"@type\":\"ListItem\",\"position\":3,\"name\":\"Esth\u00e9tique automobile\"}]},{\"@type\":\"WebSite\",\"@id\":\"https:\/\/www.duboischemicals.com\/auto-care\/fr\/#website\",\"url\":\"https:\/\/www.duboischemicals.com\/auto-care\/fr\/\",\"name\":\"Entretien automobile\",\"description\":\"\",\"potentialAction\":[{\"@type\":\"SearchAction\",\"target\":{\"@type\":\"EntryPoint\",\"urlTemplate\":\"https:\/\/www.duboischemicals.com\/auto-care\/fr\/?s={search_term_string}\"},\"query-input\":{\"@type\":\"PropertyValueSpecification\",\"valueRequired\":true,\"valueName\":\"search_term_string\"}}],\"inLanguage\":\"fr-FR\"}]}<\/script>\n<!-- \/ Yoast SEO plugin. -->","yoast_head_json":{"title":"Esth\u00e9tique automobile - Entretien automobile","robots":{"index":"index","follow":"follow","max-snippet":"max-snippet:-1","max-image-preview":"max-image-preview:large","max-video-preview":"max-video-preview:-1"},"canonical":"https:\/\/www.duboischemicals.com\/auto-care\/fr\/industries\/auto-detailing\/","og_locale":"fr_FR","og_type":"article","og_title":"Esth\u00e9tique automobile - Entretien automobile","og_description":"Esth\u00e9tique automobile C.A.R.\u00a0Products poss\u00e8de 50\u00a0ans d\u2019exp\u00e9rience en formulation et en production des produits d\u2019esth\u00e9tique automobile de la plus haute qualit\u00e9 de l\u2019industrie. Cette exp\u00e9rience in\u00e9gal\u00e9e vous aide \u00e0 obtenir la voiture la plus propre et...","og_url":"https:\/\/www.duboischemicals.com\/auto-care\/fr\/industries\/auto-detailing\/","og_site_name":"Entretien automobile","article_modified_time":"2021-02-22T14:42:13+00:00","twitter_card":"summary_large_image","schema":{"@context":"https:\/\/schema.org","@graph":[{"@type":"WebPage","@id":"https:\/\/www.duboischemicals.com\/auto-care\/fr\/industries\/auto-detailing\/","url":"https:\/\/www.duboischemicals.com\/auto-care\/fr\/industries\/auto-detailing\/","name":"Esth\u00e9tique automobile - Entretien automobile","isPartOf":{"@id":"https:\/\/www.duboischemicals.com\/auto-care\/fr\/#website"},"datePublished":"2018-10-01T21:38:25+00:00","dateModified":"2021-02-22T14:42:13+00:00","breadcrumb":{"@id":"https:\/\/www.duboischemicals.com\/auto-care\/fr\/industries\/auto-detailing\/#breadcrumb"},"inLanguage":"fr-FR","potentialAction":[{"@type":"ReadAction","target":["https:\/\/www.duboischemicals.com\/auto-care\/fr\/industries\/auto-detailing\/"]}]},{"@type":"BreadcrumbList","@id":"https:\/\/www.duboischemicals.com\/auto-care\/fr\/industries\/auto-detailing\/#breadcrumb","itemListElement":[{"@type":"ListItem","position":1,"name":"Accueil","item":"https:\/\/www.duboischemicals.com\/auto-care\/fr\/"},{"@type":"ListItem","position":2,"name":"Industries","item":"https:\/\/www.duboischemicals.com\/auto-care\/fr\/industries\/"},{"@type":"ListItem","position":3,"name":"Esth\u00e9tique automobile"}]},{"@type":"WebSite","@id":"https:\/\/www.duboischemicals.com\/auto-care\/fr\/#website","url":"https:\/\/www.duboischemicals.com\/auto-care\/fr\/","name":"Entretien automobile","description":"","potentialAction":[{"@type":"SearchAction","target":{"@type":"EntryPoint","urlTemplate":"https:\/\/www.duboischemicals.com\/auto-care\/fr\/?s={search_term_string}"},"query-input":{"@type":"PropertyValueSpecification","valueRequired":true,"valueName":"search_term_string"}}],"inLanguage":"fr-FR"}]}},"_links":{"self":[{"href":"https:\/\/www.duboischemicals.com\/auto-care\/fr\/wp-json\/wp\/v2\/pages\/12350","targetHints":{"allow":["GET"]}}],"collection":[{"href":"https:\/\/www.duboischemicals.com\/auto-care\/fr\/wp-json\/wp\/v2\/pages"}],"about":[{"href":"https:\/\/www.duboischemicals.com\/auto-care\/fr\/wp-json\/wp\/v2\/types\/page"}],"author":[{"embeddable":true,"href":"https:\/\/www.duboischemicals.com\/auto-care\/fr\/wp-json\/wp\/v2\/users\/220"}],"replies":[{"embeddable":true,"href":"https:\/\/www.duboischemicals.com\/auto-care\/fr\/wp-json\/wp\/v2\/comments?post=12350"}],"version-history":[{"count":1,"href":"https:\/\/www.duboischemicals.com\/auto-care\/fr\/wp-json\/wp\/v2\/pages\/12350\/revisions"}],"predecessor-version":[{"id":12473,"href":"https:\/\/www.duboischemicals.com\/auto-care\/fr\/wp-json\/wp\/v2\/pages\/12350\/revisions\/12473"}],"up":[{"embeddable":true,"href":"https:\/\/www.duboischemicals.com\/auto-care\/fr\/wp-json\/wp\/v2\/pages\/12347"}],"wp:attachment":[{"href":"https:\/\/www.duboischemicals.com\/auto-care\/fr\/wp-json\/wp\/v2\/media?parent=12350"}],"curies":[{"name":"wp","href":"https:\/\/api.w.org\/{rel}","templated":true}]}}