{"id":12358,"date":"2018-10-15T18:31:01","date_gmt":"2018-10-15T22:31:01","guid":{"rendered":"https:\/\/www.duboischemicals.com\/\/auto-care\/products\/detailing-products\/"},"modified":"2021-02-22T09:39:19","modified_gmt":"2021-02-22T14:39:19","slug":"detailing-products","status":"publish","type":"page","link":"https:\/\/www.duboischemicals.com\/auto-care\/fr\/products\/detailing-products\/","title":{"rendered":"Produits d&rsquo;esth\u00e9tique"},"content":{"rendered":"<p>La philosophie de CAR Products est d\u2019offrir \u00e0 nos clients des produits de qualit\u00e9 sup\u00e9rieure \u00e0 des prix comp\u00e9titifs. Nous croyons que nos clients m\u00e9ritent ce qui se fait de mieux. Nous disposons d\u2019une gamme compl\u00e8te de produits et de fournitures d\u2019esth\u00e9tique.<\/p>\n<p><a href=\"https:\/\/www.duboischemicals.com\/auto-care\/fr\/search-products\/?market=auto-care&#038;applications=detailing-products&#038;ptype=detailing-chemicals&#038;pbrand=c-a-r-products\"><strong>Produits chimiques de nettoyage\u00a0:<\/strong><\/a> Un large \u00e9ventail de nettoyants pour les applications int\u00e9rieures et ext\u00e9rieures.<\/p>\n<p><a href=\"https:\/\/www.duboischemicals.com\/auto-care\/fr\/search-products\/?market=auto-care&#038;applications=detailing-products&#038;ptype=detailing-soap-mitts&#038;pbrand=c-a-r-products\"><strong>Savons et gants de lavage\u00a0:<\/strong><\/a> Nettoyants doux ultramoussants, ainsi que tout ce dont vous pourriez avoir besoin pour obtenir un v\u00e9hicule propre comme un sou neuf.<\/p>\n<p><a href=\"https:\/\/www.duboischemicals.com\/auto-care\/fr\/search-products\/?market=auto-care&#038;applications=detailing-products&#038;ptype=detailing-dressings-conditioners&#038;pbrand=c-a-r-products\"><strong>Enduits et conditionneurs\u00a0:<\/strong><\/a> Une collection savamment \u00e9labor\u00e9e avec tout le n\u00e9cessaire pour tout prot\u00e9ger et faire briller, des surfaces int\u00e9rieures jusqu\u2019aux pneus.<\/p>\n<p><a href=\"https:\/\/www.duboischemicals.com\/auto-care\/fr\/search-products\/?market=auto-care&#038;applications=detailing-products&#038;ptype=detailing-interior-odor-control&#038;pbrand=c-a-r-products\"><strong>Contr\u00f4le des odeurs d\u2019int\u00e9rieur\u00a0:<\/strong><\/a> Une large gamme de produits pour garantir une odeur agr\u00e9able \u00e0 l&rsquo;int\u00e9rieur de votre v\u00e9hicule tout en \u00e9liminant les odeurs d\u00e9sagr\u00e9ables.<\/p>\n<p><a href=\"https:\/\/www.duboischemicals.com\/auto-care\/fr\/search-products\/?market=auto-care&#038;applications=detailing-products&#038;ptype=detailing-compounds&#038;pbrand=c-a-r-products\"><strong>Compos\u00e9s\u00a0:<\/strong><\/a> Nos compos\u00e9s ne pr\u00e9sentent aucun danger pour les ateliers de carrosserie, qu&rsquo;ils soient doux ou agressifs, tout en laissant un \u00e9clat brillant.<\/p>\n<p><a href=\"https:\/\/www.duboischemicals.com\/auto-care\/fr\/search-products\/?market=auto-care&#038;applications=detailing-products&#038;ptype=detailing-polishes&#038;pbrand=c-a-r-products\"><strong>Encaustiques\u00a0:<\/strong><\/a> Nous proposons \u00e0 la fois des produits pr\u00e9f\u00e9r\u00e9s des d\u00e9taillants et des options s\u00fbres pour les carrossiers. Quelle que soit l\u2019option choisie, vous obtiendrez un poli brillant et un fini impeccable.<\/p>\n<p><a href=\"https:\/\/www.duboischemicals.com\/auto-care\/fr\/search-products\/?market=auto-care&#038;applications=detailing-products&#038;ptype=detailing-pad-backing-plates&#038;pbrand=c-a-r-products\"><strong>Tampons et plaques de support\u00a0:<\/strong><\/a> Tous les produits professionnels n\u00e9cessaires afin d\u2019\u00e9quiper votre atelier pour tous vos besoins en mati\u00e8re de lustrage.<\/p>\n<p><a href=\"https:\/\/www.duboischemicals.com\/auto-care\/fr\/search-products\/?market=auto-care&#038;applications=detailing-products&#038;ptype=detailing-exterior-decontamination&#038;pbrand=c-a-r-products\"><strong>D\u00e9contamination ext\u00e9rieure\u00a0:<\/strong><\/a> Tout ce dont vous pourriez avoir besoin pour pr\u00e9parer la peinture de votre v\u00e9hicule \u00e0 l\u2019application d\u2019un enduit, d\u2019un produit de polissage ou d\u2019une cire.<\/p>\n<p><a href=\"https:\/\/www.duboischemicals.com\/auto-care\/fr\/search-products\/?market=auto-care&#038;applications=detailing-products&#038;ptype=detailing-exterior-protection-maintenance&#038;pbrand=c-a-r-products\"><strong>Protection et entretien pour l\u2019ext\u00e9rieur\u00a0:<\/strong><\/a> Une s\u00e9lection de produits haut de gamme qui non seulement prot\u00e8ge mais donne un \u00e9clat et un brillant dignes d\u2019une salle d\u2019exposition.<\/p>\n<p><a href=\"https:\/\/www.duboischemicals.com\/auto-care\/fr\/search-products\/?market=auto-care&#038;applications=detailing-products&#038;ptype=detailing-applicators-brushes-towels-bottles&#038;pbrand=c-a-r-products\"><strong>Applicateurs, brosses, serviettes et bouteilles pour l\u2019int\u00e9rieur et l\u2019ext\u00e9rieur\u00a0:<\/strong><\/a> Tous les accessoires n\u00e9cessaires pour cirer, faire briller, essuyer, nettoyer et s\u00e9cher votre v\u00e9hicule et vous aider \u00e0 obtenir des r\u00e9sultats optimaux.<\/p>\n<p><a href=\"https:\/\/www.duboischemicals.com\/auto-care\/fr\/search-products\/?market=auto-care&#038;applications=detailing-products&#038;ptype=detailing-miscellaneous-items&#038;pbrand=c-a-r-products\"><strong>Divers produits d\u2019esth\u00e9tique\u00a0:<\/strong><\/a> Outils et accessoires pour \u00e9quiper votre atelier de mani\u00e8re professionnel.<\/p>\n<p><strong>Programmes de garantie :<\/strong> Inspirez confiance envers la marque de CAR Products en offrant des garanties \u00e0 vos clients.<\/p>\n","protected":false},"excerpt":{"rendered":"<p>La philosophie de CAR Products est d\u2019offrir \u00e0 nos clients des produits de qualit\u00e9 sup\u00e9rieure \u00e0 des prix comp\u00e9titifs. Nous croyons que nos clients m\u00e9ritent ce qui se fait de mieux. Nous disposons d\u2019une gamme&#8230;<\/p>\n","protected":false},"author":220,"featured_media":10849,"parent":11930,"menu_order":2,"comment_status":"closed","ping_status":"closed","template":"template-prodinfo.php","meta":{"_acf_changed":false,"footnotes":""},"class_list":["post-12358","page","type-page","status-publish","has-post-thumbnail","hentry"],"acf":[],"yoast_head":"<!-- This site is optimized with the Yoast SEO plugin v26.8 - https:\/\/yoast.com\/product\/yoast-seo-wordpress\/ -->\n<title>Produits d&#039;esth\u00e9tique - Entretien automobile<\/title>\n<meta name=\"robots\" content=\"index, follow, max-snippet:-1, max-image-preview:large, max-video-preview:-1\" \/>\n<link rel=\"canonical\" href=\"https:\/\/www.duboischemicals.com\/auto-care\/fr\/products\/detailing-products\/\" \/>\n<meta property=\"og:locale\" content=\"fr_FR\" \/>\n<meta property=\"og:type\" content=\"article\" \/>\n<meta property=\"og:title\" content=\"Produits d&#039;esth\u00e9tique - Entretien automobile\" \/>\n<meta property=\"og:description\" content=\"La philosophie de CAR Products est d\u2019offrir \u00e0 nos clients des produits de qualit\u00e9 sup\u00e9rieure \u00e0 des prix comp\u00e9titifs. Nous croyons que nos clients m\u00e9ritent ce qui se fait de mieux. Nous disposons d\u2019une gamme...\" \/>\n<meta property=\"og:url\" content=\"https:\/\/www.duboischemicals.com\/auto-care\/fr\/products\/detailing-products\/\" \/>\n<meta property=\"og:site_name\" content=\"Entretien automobile\" \/>\n<meta property=\"article:modified_time\" content=\"2021-02-22T14:39:19+00:00\" \/>\n<meta property=\"og:image\" content=\"https:\/\/www.duboischemicals.com\/auto-care\/wp-content\/uploads\/sites\/6\/2018\/11\/CAR-Interior-sq.jpg\" \/>\n\t<meta property=\"og:image:width\" content=\"451\" \/>\n\t<meta property=\"og:image:height\" content=\"450\" \/>\n\t<meta property=\"og:image:type\" content=\"image\/jpeg\" \/>\n<meta name=\"twitter:card\" content=\"summary_large_image\" \/>\n<meta name=\"twitter:label1\" content=\"Dur\u00e9e de lecture estim\u00e9e\" \/>\n\t<meta name=\"twitter:data1\" content=\"2 minutes\" \/>\n<script type=\"application\/ld+json\" class=\"yoast-schema-graph\">{\"@context\":\"https:\/\/schema.org\",\"@graph\":[{\"@type\":\"WebPage\",\"@id\":\"https:\/\/www.duboischemicals.com\/auto-care\/fr\/products\/detailing-products\/\",\"url\":\"https:\/\/www.duboischemicals.com\/auto-care\/fr\/products\/detailing-products\/\",\"name\":\"Produits d'esth\u00e9tique - Entretien automobile\",\"isPartOf\":{\"@id\":\"https:\/\/www.duboischemicals.com\/auto-care\/fr\/#website\"},\"primaryImageOfPage\":{\"@id\":\"https:\/\/www.duboischemicals.com\/auto-care\/fr\/products\/detailing-products\/#primaryimage\"},\"image\":{\"@id\":\"https:\/\/www.duboischemicals.com\/auto-care\/fr\/products\/detailing-products\/#primaryimage\"},\"thumbnailUrl\":\"https:\/\/www.duboischemicals.com\/auto-care\/wp-content\/uploads\/sites\/6\/2018\/11\/CAR-Interior-sq.jpg\",\"datePublished\":\"2018-10-15T22:31:01+00:00\",\"dateModified\":\"2021-02-22T14:39:19+00:00\",\"breadcrumb\":{\"@id\":\"https:\/\/www.duboischemicals.com\/auto-care\/fr\/products\/detailing-products\/#breadcrumb\"},\"inLanguage\":\"fr-FR\",\"potentialAction\":[{\"@type\":\"ReadAction\",\"target\":[\"https:\/\/www.duboischemicals.com\/auto-care\/fr\/products\/detailing-products\/\"]}]},{\"@type\":\"ImageObject\",\"inLanguage\":\"fr-FR\",\"@id\":\"https:\/\/www.duboischemicals.com\/auto-care\/fr\/products\/detailing-products\/#primaryimage\",\"url\":\"https:\/\/www.duboischemicals.com\/auto-care\/wp-content\/uploads\/sites\/6\/2018\/11\/CAR-Interior-sq.jpg\",\"contentUrl\":\"https:\/\/www.duboischemicals.com\/auto-care\/wp-content\/uploads\/sites\/6\/2018\/11\/CAR-Interior-sq.jpg\",\"width\":451,\"height\":450},{\"@type\":\"BreadcrumbList\",\"@id\":\"https:\/\/www.duboischemicals.com\/auto-care\/fr\/products\/detailing-products\/#breadcrumb\",\"itemListElement\":[{\"@type\":\"ListItem\",\"position\":1,\"name\":\"Accueil\",\"item\":\"https:\/\/www.duboischemicals.com\/auto-care\/fr\/\"},{\"@type\":\"ListItem\",\"position\":2,\"name\":\"Produits\",\"item\":\"https:\/\/www.duboischemicals.com\/auto-care\/fr\/products\/\"},{\"@type\":\"ListItem\",\"position\":3,\"name\":\"Produits d&rsquo;esth\u00e9tique\"}]},{\"@type\":\"WebSite\",\"@id\":\"https:\/\/www.duboischemicals.com\/auto-care\/fr\/#website\",\"url\":\"https:\/\/www.duboischemicals.com\/auto-care\/fr\/\",\"name\":\"Entretien automobile\",\"description\":\"\",\"potentialAction\":[{\"@type\":\"SearchAction\",\"target\":{\"@type\":\"EntryPoint\",\"urlTemplate\":\"https:\/\/www.duboischemicals.com\/auto-care\/fr\/?s={search_term_string}\"},\"query-input\":{\"@type\":\"PropertyValueSpecification\",\"valueRequired\":true,\"valueName\":\"search_term_string\"}}],\"inLanguage\":\"fr-FR\"}]}<\/script>\n<!-- \/ Yoast SEO plugin. -->","yoast_head_json":{"title":"Produits d'esth\u00e9tique - Entretien automobile","robots":{"index":"index","follow":"follow","max-snippet":"max-snippet:-1","max-image-preview":"max-image-preview:large","max-video-preview":"max-video-preview:-1"},"canonical":"https:\/\/www.duboischemicals.com\/auto-care\/fr\/products\/detailing-products\/","og_locale":"fr_FR","og_type":"article","og_title":"Produits d'esth\u00e9tique - Entretien automobile","og_description":"La philosophie de CAR Products est d\u2019offrir \u00e0 nos clients des produits de qualit\u00e9 sup\u00e9rieure \u00e0 des prix comp\u00e9titifs. Nous croyons que nos clients m\u00e9ritent ce qui se fait de mieux. Nous disposons d\u2019une gamme...","og_url":"https:\/\/www.duboischemicals.com\/auto-care\/fr\/products\/detailing-products\/","og_site_name":"Entretien automobile","article_modified_time":"2021-02-22T14:39:19+00:00","og_image":[{"width":451,"height":450,"url":"https:\/\/www.duboischemicals.com\/auto-care\/wp-content\/uploads\/sites\/6\/2018\/11\/CAR-Interior-sq.jpg","type":"image\/jpeg"}],"twitter_card":"summary_large_image","twitter_misc":{"Dur\u00e9e de lecture estim\u00e9e":"2 minutes"},"schema":{"@context":"https:\/\/schema.org","@graph":[{"@type":"WebPage","@id":"https:\/\/www.duboischemicals.com\/auto-care\/fr\/products\/detailing-products\/","url":"https:\/\/www.duboischemicals.com\/auto-care\/fr\/products\/detailing-products\/","name":"Produits d'esth\u00e9tique - Entretien automobile","isPartOf":{"@id":"https:\/\/www.duboischemicals.com\/auto-care\/fr\/#website"},"primaryImageOfPage":{"@id":"https:\/\/www.duboischemicals.com\/auto-care\/fr\/products\/detailing-products\/#primaryimage"},"image":{"@id":"https:\/\/www.duboischemicals.com\/auto-care\/fr\/products\/detailing-products\/#primaryimage"},"thumbnailUrl":"https:\/\/www.duboischemicals.com\/auto-care\/wp-content\/uploads\/sites\/6\/2018\/11\/CAR-Interior-sq.jpg","datePublished":"2018-10-15T22:31:01+00:00","dateModified":"2021-02-22T14:39:19+00:00","breadcrumb":{"@id":"https:\/\/www.duboischemicals.com\/auto-care\/fr\/products\/detailing-products\/#breadcrumb"},"inLanguage":"fr-FR","potentialAction":[{"@type":"ReadAction","target":["https:\/\/www.duboischemicals.com\/auto-care\/fr\/products\/detailing-products\/"]}]},{"@type":"ImageObject","inLanguage":"fr-FR","@id":"https:\/\/www.duboischemicals.com\/auto-care\/fr\/products\/detailing-products\/#primaryimage","url":"https:\/\/www.duboischemicals.com\/auto-care\/wp-content\/uploads\/sites\/6\/2018\/11\/CAR-Interior-sq.jpg","contentUrl":"https:\/\/www.duboischemicals.com\/auto-care\/wp-content\/uploads\/sites\/6\/2018\/11\/CAR-Interior-sq.jpg","width":451,"height":450},{"@type":"BreadcrumbList","@id":"https:\/\/www.duboischemicals.com\/auto-care\/fr\/products\/detailing-products\/#breadcrumb","itemListElement":[{"@type":"ListItem","position":1,"name":"Accueil","item":"https:\/\/www.duboischemicals.com\/auto-care\/fr\/"},{"@type":"ListItem","position":2,"name":"Produits","item":"https:\/\/www.duboischemicals.com\/auto-care\/fr\/products\/"},{"@type":"ListItem","position":3,"name":"Produits d&rsquo;esth\u00e9tique"}]},{"@type":"WebSite","@id":"https:\/\/www.duboischemicals.com\/auto-care\/fr\/#website","url":"https:\/\/www.duboischemicals.com\/auto-care\/fr\/","name":"Entretien automobile","description":"","potentialAction":[{"@type":"SearchAction","target":{"@type":"EntryPoint","urlTemplate":"https:\/\/www.duboischemicals.com\/auto-care\/fr\/?s={search_term_string}"},"query-input":{"@type":"PropertyValueSpecification","valueRequired":true,"valueName":"search_term_string"}}],"inLanguage":"fr-FR"}]}},"_links":{"self":[{"href":"https:\/\/www.duboischemicals.com\/auto-care\/fr\/wp-json\/wp\/v2\/pages\/12358","targetHints":{"allow":["GET"]}}],"collection":[{"href":"https:\/\/www.duboischemicals.com\/auto-care\/fr\/wp-json\/wp\/v2\/pages"}],"about":[{"href":"https:\/\/www.duboischemicals.com\/auto-care\/fr\/wp-json\/wp\/v2\/types\/page"}],"author":[{"embeddable":true,"href":"https:\/\/www.duboischemicals.com\/auto-care\/fr\/wp-json\/wp\/v2\/users\/220"}],"replies":[{"embeddable":true,"href":"https:\/\/www.duboischemicals.com\/auto-care\/fr\/wp-json\/wp\/v2\/comments?post=12358"}],"version-history":[{"count":1,"href":"https:\/\/www.duboischemicals.com\/auto-care\/fr\/wp-json\/wp\/v2\/pages\/12358\/revisions"}],"predecessor-version":[{"id":12559,"href":"https:\/\/www.duboischemicals.com\/auto-care\/fr\/wp-json\/wp\/v2\/pages\/12358\/revisions\/12559"}],"up":[{"embeddable":true,"href":"https:\/\/www.duboischemicals.com\/auto-care\/fr\/wp-json\/wp\/v2\/pages\/11930"}],"wp:featuredmedia":[{"embeddable":true,"href":"https:\/\/www.duboischemicals.com\/auto-care\/fr\/wp-json\/wp\/v2\/media\/10849"}],"wp:attachment":[{"href":"https:\/\/www.duboischemicals.com\/auto-care\/fr\/wp-json\/wp\/v2\/media?parent=12358"}],"curies":[{"name":"wp","href":"https:\/\/api.w.org\/{rel}","templated":true}]}}