{"id":12362,"date":"2018-10-01T17:38:05","date_gmt":"2018-10-01T21:38:05","guid":{"rendered":"https:\/\/www.duboischemicals.com\/\/auto-care\/industries\/auto-wash\/"},"modified":"2021-02-22T09:41:07","modified_gmt":"2021-02-22T14:41:07","slug":"auto-wash","status":"publish","type":"page","link":"https:\/\/www.duboischemicals.com\/auto-care\/fr\/industries\/auto-wash\/","title":{"rendered":"Lavage automobile"},"content":{"rendered":"<h2>Lavage automobile<\/h2>\n<p>Blendco Systems est un fabricant de d\u00e9tergents et de protecteurs pour tous les types de lave-autos professionnels, y compris en libre-service, dans les postes et les tunnels de lavage.<\/p>\n<p>Apprenez-en plus sur notre gamme compl\u00e8te de produits!<\/p>\n<p><a href=\"http:\/\/www.duboischemicals.com\/\/auto-care\/products\/auto-wash-products\/\">Produits de lavage automobile<\/a><\/p>\n<p>Blendco Systems fabrique et fournit une gamme compl\u00e8te de produits de nettoyage pour le transport, y compris des poudres formul\u00e9es, des liquides, des syst\u00e8mes de d\u00e9tergents personnalis\u00e9s SuperSat<sup>\u00ae<\/sup> et des d\u00e9tergents et produits de protection Red Rhino<sup>\u00ae<\/sup>. Depuis plus de 30\u00a0ans, Blendco Systems fournit \u00e0 l&rsquo;industrie du lavage de voitures professionnel des solutions d\u00e9tergentes innovantes.<\/p>\n<p>D\u00e8s le d\u00e9but, l&rsquo;objectif de Blendco a \u00e9t\u00e9 de fournir des d\u00e9tergents de la plus haute qualit\u00e9 \u00e0 un prix comp\u00e9titif. Blendco continue \u00e0 se diff\u00e9rencier de la concurrence en ne produisant que des d\u00e9tergents et des produits d&rsquo;entretien automobile de haute qualit\u00e9, ainsi que des approches innovantes pour la distribution de ces produits.<\/p>\n","protected":false},"excerpt":{"rendered":"<p>Lavage automobile Blendco Systems est un fabricant de d\u00e9tergents et de protecteurs pour tous les types de lave-autos professionnels, y compris en libre-service, dans les postes et les tunnels de lavage. Apprenez-en plus sur notre&#8230;<\/p>\n","protected":false},"author":220,"featured_media":0,"parent":12347,"menu_order":1,"comment_status":"closed","ping_status":"closed","template":"","meta":{"_acf_changed":false,"footnotes":""},"class_list":["post-12362","page","type-page","status-publish","hentry"],"acf":[],"yoast_head":"<!-- This site is optimized with the Yoast SEO plugin v26.8 - https:\/\/yoast.com\/product\/yoast-seo-wordpress\/ -->\n<title>Lavage automobile - Entretien automobile<\/title>\n<meta name=\"robots\" content=\"index, follow, max-snippet:-1, max-image-preview:large, max-video-preview:-1\" \/>\n<link rel=\"canonical\" href=\"https:\/\/www.duboischemicals.com\/auto-care\/fr\/industries\/auto-wash\/\" \/>\n<meta property=\"og:locale\" content=\"fr_FR\" \/>\n<meta property=\"og:type\" content=\"article\" \/>\n<meta property=\"og:title\" content=\"Lavage automobile - Entretien automobile\" \/>\n<meta property=\"og:description\" content=\"Lavage automobile Blendco Systems est un fabricant de d\u00e9tergents et de protecteurs pour tous les types de lave-autos professionnels, y compris en libre-service, dans les postes et les tunnels de lavage. Apprenez-en plus sur notre...\" \/>\n<meta property=\"og:url\" content=\"https:\/\/www.duboischemicals.com\/auto-care\/fr\/industries\/auto-wash\/\" \/>\n<meta property=\"og:site_name\" content=\"Entretien automobile\" \/>\n<meta property=\"article:modified_time\" content=\"2021-02-22T14:41:07+00:00\" \/>\n<meta name=\"twitter:card\" content=\"summary_large_image\" \/>\n<meta name=\"twitter:label1\" content=\"Dur\u00e9e de lecture estim\u00e9e\" \/>\n\t<meta name=\"twitter:data1\" content=\"1 minute\" \/>\n<script type=\"application\/ld+json\" class=\"yoast-schema-graph\">{\"@context\":\"https:\/\/schema.org\",\"@graph\":[{\"@type\":\"WebPage\",\"@id\":\"https:\/\/www.duboischemicals.com\/auto-care\/fr\/industries\/auto-wash\/\",\"url\":\"https:\/\/www.duboischemicals.com\/auto-care\/fr\/industries\/auto-wash\/\",\"name\":\"Lavage automobile - Entretien automobile\",\"isPartOf\":{\"@id\":\"https:\/\/www.duboischemicals.com\/auto-care\/fr\/#website\"},\"datePublished\":\"2018-10-01T21:38:05+00:00\",\"dateModified\":\"2021-02-22T14:41:07+00:00\",\"breadcrumb\":{\"@id\":\"https:\/\/www.duboischemicals.com\/auto-care\/fr\/industries\/auto-wash\/#breadcrumb\"},\"inLanguage\":\"fr-FR\",\"potentialAction\":[{\"@type\":\"ReadAction\",\"target\":[\"https:\/\/www.duboischemicals.com\/auto-care\/fr\/industries\/auto-wash\/\"]}]},{\"@type\":\"BreadcrumbList\",\"@id\":\"https:\/\/www.duboischemicals.com\/auto-care\/fr\/industries\/auto-wash\/#breadcrumb\",\"itemListElement\":[{\"@type\":\"ListItem\",\"position\":1,\"name\":\"Accueil\",\"item\":\"https:\/\/www.duboischemicals.com\/auto-care\/fr\/\"},{\"@type\":\"ListItem\",\"position\":2,\"name\":\"Industries\",\"item\":\"https:\/\/www.duboischemicals.com\/auto-care\/fr\/industries\/\"},{\"@type\":\"ListItem\",\"position\":3,\"name\":\"Lavage automobile\"}]},{\"@type\":\"WebSite\",\"@id\":\"https:\/\/www.duboischemicals.com\/auto-care\/fr\/#website\",\"url\":\"https:\/\/www.duboischemicals.com\/auto-care\/fr\/\",\"name\":\"Entretien automobile\",\"description\":\"\",\"potentialAction\":[{\"@type\":\"SearchAction\",\"target\":{\"@type\":\"EntryPoint\",\"urlTemplate\":\"https:\/\/www.duboischemicals.com\/auto-care\/fr\/?s={search_term_string}\"},\"query-input\":{\"@type\":\"PropertyValueSpecification\",\"valueRequired\":true,\"valueName\":\"search_term_string\"}}],\"inLanguage\":\"fr-FR\"}]}<\/script>\n<!-- \/ Yoast SEO plugin. -->","yoast_head_json":{"title":"Lavage automobile - Entretien automobile","robots":{"index":"index","follow":"follow","max-snippet":"max-snippet:-1","max-image-preview":"max-image-preview:large","max-video-preview":"max-video-preview:-1"},"canonical":"https:\/\/www.duboischemicals.com\/auto-care\/fr\/industries\/auto-wash\/","og_locale":"fr_FR","og_type":"article","og_title":"Lavage automobile - Entretien automobile","og_description":"Lavage automobile Blendco Systems est un fabricant de d\u00e9tergents et de protecteurs pour tous les types de lave-autos professionnels, y compris en libre-service, dans les postes et les tunnels de lavage. Apprenez-en plus sur notre...","og_url":"https:\/\/www.duboischemicals.com\/auto-care\/fr\/industries\/auto-wash\/","og_site_name":"Entretien automobile","article_modified_time":"2021-02-22T14:41:07+00:00","twitter_card":"summary_large_image","twitter_misc":{"Dur\u00e9e de lecture estim\u00e9e":"1 minute"},"schema":{"@context":"https:\/\/schema.org","@graph":[{"@type":"WebPage","@id":"https:\/\/www.duboischemicals.com\/auto-care\/fr\/industries\/auto-wash\/","url":"https:\/\/www.duboischemicals.com\/auto-care\/fr\/industries\/auto-wash\/","name":"Lavage automobile - Entretien automobile","isPartOf":{"@id":"https:\/\/www.duboischemicals.com\/auto-care\/fr\/#website"},"datePublished":"2018-10-01T21:38:05+00:00","dateModified":"2021-02-22T14:41:07+00:00","breadcrumb":{"@id":"https:\/\/www.duboischemicals.com\/auto-care\/fr\/industries\/auto-wash\/#breadcrumb"},"inLanguage":"fr-FR","potentialAction":[{"@type":"ReadAction","target":["https:\/\/www.duboischemicals.com\/auto-care\/fr\/industries\/auto-wash\/"]}]},{"@type":"BreadcrumbList","@id":"https:\/\/www.duboischemicals.com\/auto-care\/fr\/industries\/auto-wash\/#breadcrumb","itemListElement":[{"@type":"ListItem","position":1,"name":"Accueil","item":"https:\/\/www.duboischemicals.com\/auto-care\/fr\/"},{"@type":"ListItem","position":2,"name":"Industries","item":"https:\/\/www.duboischemicals.com\/auto-care\/fr\/industries\/"},{"@type":"ListItem","position":3,"name":"Lavage automobile"}]},{"@type":"WebSite","@id":"https:\/\/www.duboischemicals.com\/auto-care\/fr\/#website","url":"https:\/\/www.duboischemicals.com\/auto-care\/fr\/","name":"Entretien automobile","description":"","potentialAction":[{"@type":"SearchAction","target":{"@type":"EntryPoint","urlTemplate":"https:\/\/www.duboischemicals.com\/auto-care\/fr\/?s={search_term_string}"},"query-input":{"@type":"PropertyValueSpecification","valueRequired":true,"valueName":"search_term_string"}}],"inLanguage":"fr-FR"}]}},"_links":{"self":[{"href":"https:\/\/www.duboischemicals.com\/auto-care\/fr\/wp-json\/wp\/v2\/pages\/12362","targetHints":{"allow":["GET"]}}],"collection":[{"href":"https:\/\/www.duboischemicals.com\/auto-care\/fr\/wp-json\/wp\/v2\/pages"}],"about":[{"href":"https:\/\/www.duboischemicals.com\/auto-care\/fr\/wp-json\/wp\/v2\/types\/page"}],"author":[{"embeddable":true,"href":"https:\/\/www.duboischemicals.com\/auto-care\/fr\/wp-json\/wp\/v2\/users\/220"}],"replies":[{"embeddable":true,"href":"https:\/\/www.duboischemicals.com\/auto-care\/fr\/wp-json\/wp\/v2\/comments?post=12362"}],"version-history":[{"count":1,"href":"https:\/\/www.duboischemicals.com\/auto-care\/fr\/wp-json\/wp\/v2\/pages\/12362\/revisions"}],"predecessor-version":[{"id":12501,"href":"https:\/\/www.duboischemicals.com\/auto-care\/fr\/wp-json\/wp\/v2\/pages\/12362\/revisions\/12501"}],"up":[{"embeddable":true,"href":"https:\/\/www.duboischemicals.com\/auto-care\/fr\/wp-json\/wp\/v2\/pages\/12347"}],"wp:attachment":[{"href":"https:\/\/www.duboischemicals.com\/auto-care\/fr\/wp-json\/wp\/v2\/media?parent=12362"}],"curies":[{"name":"wp","href":"https:\/\/api.w.org\/{rel}","templated":true}]}}