{"id":12367,"date":"2018-11-02T13:07:16","date_gmt":"2018-11-02T17:07:16","guid":{"rendered":"https:\/\/www.duboischemicals.com\/\/auto-care\/resources\/detailing-marketing\/"},"modified":"2021-04-09T09:31:06","modified_gmt":"2021-04-09T13:31:06","slug":"detailing-marketing","status":"publish","type":"page","link":"https:\/\/www.duboischemicals.com\/auto-care\/fr\/resources\/detailing-marketing\/","title":{"rendered":"Marketing d\u2019esth\u00e9tique"},"content":{"rendered":"<p>Avisez les clients des services suppl\u00e9mentaires disponibles dans votre \u00e9tablissement gr\u00e2ce \u00e0 la signalisation accrocheuse de CAR Products. Nous pouvons personnaliser n&rsquo;importe quelle de nos enseignes pour rendre votre lave-auto plus attrayant.<\/p>\n<p>Nous offrons\u00a0:<\/p>\n<p><img loading=\"lazy\" decoding=\"async\" class=\"alignnone wp-image-10930 size-large\" src=\"\/auto-care\/wp-content\/uploads\/sites\/6\/2021\/04\/carmarketing.jpeg\" alt=\"\" width=\"1024\" height=\"346\" \/><\/p>\n<p><strong>Et bien plus encore!<\/strong><\/p>\n<p>&nbsp;<\/p>\n","protected":false},"excerpt":{"rendered":"<p>Avisez les clients des services suppl\u00e9mentaires disponibles dans votre \u00e9tablissement gr\u00e2ce \u00e0 la signalisation accrocheuse de CAR Products. Nous pouvons personnaliser n&rsquo;importe quelle de nos enseignes pour rendre votre lave-auto plus attrayant. Nous offrons\u00a0: Et&#8230;<\/p>\n","protected":false},"author":220,"featured_media":0,"parent":11797,"menu_order":2,"comment_status":"closed","ping_status":"closed","template":"","meta":{"_acf_changed":false,"footnotes":""},"class_list":["post-12367","page","type-page","status-publish","hentry"],"acf":[],"yoast_head":"<!-- This site is optimized with the Yoast SEO plugin v26.8 - https:\/\/yoast.com\/product\/yoast-seo-wordpress\/ -->\n<title>Marketing d\u2019esth\u00e9tique - Entretien automobile<\/title>\n<meta name=\"robots\" content=\"index, follow, max-snippet:-1, max-image-preview:large, max-video-preview:-1\" \/>\n<link rel=\"canonical\" href=\"https:\/\/www.duboischemicals.com\/auto-care\/fr\/resources\/detailing-marketing\/\" \/>\n<meta property=\"og:locale\" content=\"fr_FR\" \/>\n<meta property=\"og:type\" content=\"article\" \/>\n<meta property=\"og:title\" content=\"Marketing d\u2019esth\u00e9tique - Entretien automobile\" \/>\n<meta property=\"og:description\" content=\"Avisez les clients des services suppl\u00e9mentaires disponibles dans votre \u00e9tablissement gr\u00e2ce \u00e0 la signalisation accrocheuse de CAR Products. Nous pouvons personnaliser n&rsquo;importe quelle de nos enseignes pour rendre votre lave-auto plus attrayant. Nous offrons\u00a0: Et...\" \/>\n<meta property=\"og:url\" content=\"https:\/\/www.duboischemicals.com\/auto-care\/fr\/resources\/detailing-marketing\/\" \/>\n<meta property=\"og:site_name\" content=\"Entretien automobile\" \/>\n<meta property=\"article:modified_time\" content=\"2021-04-09T13:31:06+00:00\" \/>\n<meta property=\"og:image\" content=\"https:\/\/www.duboischemicals.com\/auto-care\/wp-content\/uploads\/sites\/6\/2021\/04\/carmarketing.jpeg\" \/>\n<meta name=\"twitter:card\" content=\"summary_large_image\" \/>\n<script type=\"application\/ld+json\" class=\"yoast-schema-graph\">{\"@context\":\"https:\/\/schema.org\",\"@graph\":[{\"@type\":\"WebPage\",\"@id\":\"https:\/\/www.duboischemicals.com\/auto-care\/fr\/resources\/detailing-marketing\/\",\"url\":\"https:\/\/www.duboischemicals.com\/auto-care\/fr\/resources\/detailing-marketing\/\",\"name\":\"Marketing d\u2019esth\u00e9tique - Entretien automobile\",\"isPartOf\":{\"@id\":\"https:\/\/www.duboischemicals.com\/auto-care\/fr\/#website\"},\"datePublished\":\"2018-11-02T17:07:16+00:00\",\"dateModified\":\"2021-04-09T13:31:06+00:00\",\"breadcrumb\":{\"@id\":\"https:\/\/www.duboischemicals.com\/auto-care\/fr\/resources\/detailing-marketing\/#breadcrumb\"},\"inLanguage\":\"fr-FR\",\"potentialAction\":[{\"@type\":\"ReadAction\",\"target\":[\"https:\/\/www.duboischemicals.com\/auto-care\/fr\/resources\/detailing-marketing\/\"]}]},{\"@type\":\"BreadcrumbList\",\"@id\":\"https:\/\/www.duboischemicals.com\/auto-care\/fr\/resources\/detailing-marketing\/#breadcrumb\",\"itemListElement\":[{\"@type\":\"ListItem\",\"position\":1,\"name\":\"Accueil\",\"item\":\"https:\/\/www.duboischemicals.com\/auto-care\/fr\/\"},{\"@type\":\"ListItem\",\"position\":2,\"name\":\"Ressources\",\"item\":\"https:\/\/www.duboischemicals.com\/auto-care\/fr\/resources\/\"},{\"@type\":\"ListItem\",\"position\":3,\"name\":\"Marketing d\u2019esth\u00e9tique\"}]},{\"@type\":\"WebSite\",\"@id\":\"https:\/\/www.duboischemicals.com\/auto-care\/fr\/#website\",\"url\":\"https:\/\/www.duboischemicals.com\/auto-care\/fr\/\",\"name\":\"Entretien automobile\",\"description\":\"\",\"potentialAction\":[{\"@type\":\"SearchAction\",\"target\":{\"@type\":\"EntryPoint\",\"urlTemplate\":\"https:\/\/www.duboischemicals.com\/auto-care\/fr\/?s={search_term_string}\"},\"query-input\":{\"@type\":\"PropertyValueSpecification\",\"valueRequired\":true,\"valueName\":\"search_term_string\"}}],\"inLanguage\":\"fr-FR\"}]}<\/script>\n<!-- \/ Yoast SEO plugin. -->","yoast_head_json":{"title":"Marketing d\u2019esth\u00e9tique - Entretien automobile","robots":{"index":"index","follow":"follow","max-snippet":"max-snippet:-1","max-image-preview":"max-image-preview:large","max-video-preview":"max-video-preview:-1"},"canonical":"https:\/\/www.duboischemicals.com\/auto-care\/fr\/resources\/detailing-marketing\/","og_locale":"fr_FR","og_type":"article","og_title":"Marketing d\u2019esth\u00e9tique - Entretien automobile","og_description":"Avisez les clients des services suppl\u00e9mentaires disponibles dans votre \u00e9tablissement gr\u00e2ce \u00e0 la signalisation accrocheuse de CAR Products. Nous pouvons personnaliser n&rsquo;importe quelle de nos enseignes pour rendre votre lave-auto plus attrayant. Nous offrons\u00a0: Et...","og_url":"https:\/\/www.duboischemicals.com\/auto-care\/fr\/resources\/detailing-marketing\/","og_site_name":"Entretien automobile","article_modified_time":"2021-04-09T13:31:06+00:00","og_image":[{"url":"https:\/\/www.duboischemicals.com\/auto-care\/wp-content\/uploads\/sites\/6\/2021\/04\/carmarketing.jpeg","type":"","width":"","height":""}],"twitter_card":"summary_large_image","schema":{"@context":"https:\/\/schema.org","@graph":[{"@type":"WebPage","@id":"https:\/\/www.duboischemicals.com\/auto-care\/fr\/resources\/detailing-marketing\/","url":"https:\/\/www.duboischemicals.com\/auto-care\/fr\/resources\/detailing-marketing\/","name":"Marketing d\u2019esth\u00e9tique - Entretien automobile","isPartOf":{"@id":"https:\/\/www.duboischemicals.com\/auto-care\/fr\/#website"},"datePublished":"2018-11-02T17:07:16+00:00","dateModified":"2021-04-09T13:31:06+00:00","breadcrumb":{"@id":"https:\/\/www.duboischemicals.com\/auto-care\/fr\/resources\/detailing-marketing\/#breadcrumb"},"inLanguage":"fr-FR","potentialAction":[{"@type":"ReadAction","target":["https:\/\/www.duboischemicals.com\/auto-care\/fr\/resources\/detailing-marketing\/"]}]},{"@type":"BreadcrumbList","@id":"https:\/\/www.duboischemicals.com\/auto-care\/fr\/resources\/detailing-marketing\/#breadcrumb","itemListElement":[{"@type":"ListItem","position":1,"name":"Accueil","item":"https:\/\/www.duboischemicals.com\/auto-care\/fr\/"},{"@type":"ListItem","position":2,"name":"Ressources","item":"https:\/\/www.duboischemicals.com\/auto-care\/fr\/resources\/"},{"@type":"ListItem","position":3,"name":"Marketing d\u2019esth\u00e9tique"}]},{"@type":"WebSite","@id":"https:\/\/www.duboischemicals.com\/auto-care\/fr\/#website","url":"https:\/\/www.duboischemicals.com\/auto-care\/fr\/","name":"Entretien automobile","description":"","potentialAction":[{"@type":"SearchAction","target":{"@type":"EntryPoint","urlTemplate":"https:\/\/www.duboischemicals.com\/auto-care\/fr\/?s={search_term_string}"},"query-input":{"@type":"PropertyValueSpecification","valueRequired":true,"valueName":"search_term_string"}}],"inLanguage":"fr-FR"}]}},"_links":{"self":[{"href":"https:\/\/www.duboischemicals.com\/auto-care\/fr\/wp-json\/wp\/v2\/pages\/12367","targetHints":{"allow":["GET"]}}],"collection":[{"href":"https:\/\/www.duboischemicals.com\/auto-care\/fr\/wp-json\/wp\/v2\/pages"}],"about":[{"href":"https:\/\/www.duboischemicals.com\/auto-care\/fr\/wp-json\/wp\/v2\/types\/page"}],"author":[{"embeddable":true,"href":"https:\/\/www.duboischemicals.com\/auto-care\/fr\/wp-json\/wp\/v2\/users\/220"}],"replies":[{"embeddable":true,"href":"https:\/\/www.duboischemicals.com\/auto-care\/fr\/wp-json\/wp\/v2\/comments?post=12367"}],"version-history":[{"count":3,"href":"https:\/\/www.duboischemicals.com\/auto-care\/fr\/wp-json\/wp\/v2\/pages\/12367\/revisions"}],"predecessor-version":[{"id":13328,"href":"https:\/\/www.duboischemicals.com\/auto-care\/fr\/wp-json\/wp\/v2\/pages\/12367\/revisions\/13328"}],"up":[{"embeddable":true,"href":"https:\/\/www.duboischemicals.com\/auto-care\/fr\/wp-json\/wp\/v2\/pages\/11797"}],"wp:attachment":[{"href":"https:\/\/www.duboischemicals.com\/auto-care\/fr\/wp-json\/wp\/v2\/media?parent=12367"}],"curies":[{"name":"wp","href":"https:\/\/api.w.org\/{rel}","templated":true}]}}