{"id":13232,"date":"2018-10-01T17:38:37","date_gmt":"2018-10-01T21:38:37","guid":{"rendered":"https:\/\/www.duboischemicals.com\/\/fleet-wash\/municipal-transit\/"},"modified":"2021-02-19T13:31:51","modified_gmt":"2021-02-19T18:31:51","slug":"municipal-transit","status":"publish","type":"page","link":"https:\/\/www.duboischemicals.com\/fleet-wash\/fr\/industries\/municipal-transit\/","title":{"rendered":"Transport municipal"},"content":{"rendered":"<h2>Transport municipal<\/h2>\n<p>Selon l&rsquo;American Public Works Association, plus de 10\u00a0milliards de voyages par an sont effectu\u00e9s dans ce secteur, qui comprend non seulement les transports publics de la ville ou du comt\u00e9, mais aussi les a\u00e9roports et les districts scolaires.<\/p>\n<p><strong>Produits et technologies\u00a0:<\/strong><\/p>\n<ul>\n<li>Produits chimiques de nettoyage et de protection<\/li>\n<li>\u00c9quipement de lavage de parc<\/li>\n<\/ul>\n","protected":false},"excerpt":{"rendered":"<p>Transport municipal Selon l&rsquo;American Public Works Association, plus de 10\u00a0milliards de voyages par an sont effectu\u00e9s dans ce secteur, qui comprend non seulement les transports publics de la ville ou du comt\u00e9, mais aussi les&#8230;<\/p>\n","protected":false},"author":220,"featured_media":0,"parent":13674,"menu_order":4,"comment_status":"closed","ping_status":"closed","template":"","meta":{"_acf_changed":false,"footnotes":""},"class_list":["post-13232","page","type-page","status-publish","hentry"],"acf":[],"yoast_head":"<!-- This site is optimized with the Yoast SEO plugin v26.8 - https:\/\/yoast.com\/product\/yoast-seo-wordpress\/ -->\n<title>Transport municipal - Lavage de parc<\/title>\n<meta name=\"robots\" content=\"index, follow, max-snippet:-1, max-image-preview:large, max-video-preview:-1\" \/>\n<link rel=\"canonical\" href=\"https:\/\/www.duboischemicals.com\/fleet-wash\/fr\/industries\/municipal-transit\/\" \/>\n<meta property=\"og:locale\" content=\"fr_FR\" \/>\n<meta property=\"og:type\" content=\"article\" \/>\n<meta property=\"og:title\" content=\"Transport municipal - Lavage de parc\" \/>\n<meta property=\"og:description\" content=\"Transport municipal Selon l&rsquo;American Public Works Association, plus de 10\u00a0milliards de voyages par an sont effectu\u00e9s dans ce secteur, qui comprend non seulement les transports publics de la ville ou du comt\u00e9, mais aussi les...\" \/>\n<meta property=\"og:url\" content=\"https:\/\/www.duboischemicals.com\/fleet-wash\/fr\/industries\/municipal-transit\/\" \/>\n<meta property=\"og:site_name\" content=\"Lavage de parc\" \/>\n<meta property=\"article:modified_time\" content=\"2021-02-19T18:31:51+00:00\" \/>\n<meta name=\"twitter:card\" content=\"summary_large_image\" \/>\n<script type=\"application\/ld+json\" class=\"yoast-schema-graph\">{\"@context\":\"https:\/\/schema.org\",\"@graph\":[{\"@type\":\"WebPage\",\"@id\":\"https:\/\/www.duboischemicals.com\/fleet-wash\/fr\/industries\/municipal-transit\/\",\"url\":\"https:\/\/www.duboischemicals.com\/fleet-wash\/fr\/industries\/municipal-transit\/\",\"name\":\"Transport municipal - Lavage de parc\",\"isPartOf\":{\"@id\":\"https:\/\/www.duboischemicals.com\/fleet-wash\/fr\/#website\"},\"datePublished\":\"2018-10-01T21:38:37+00:00\",\"dateModified\":\"2021-02-19T18:31:51+00:00\",\"breadcrumb\":{\"@id\":\"https:\/\/www.duboischemicals.com\/fleet-wash\/fr\/industries\/municipal-transit\/#breadcrumb\"},\"inLanguage\":\"fr-FR\",\"potentialAction\":[{\"@type\":\"ReadAction\",\"target\":[\"https:\/\/www.duboischemicals.com\/fleet-wash\/fr\/industries\/municipal-transit\/\"]}]},{\"@type\":\"BreadcrumbList\",\"@id\":\"https:\/\/www.duboischemicals.com\/fleet-wash\/fr\/industries\/municipal-transit\/#breadcrumb\",\"itemListElement\":[{\"@type\":\"ListItem\",\"position\":1,\"name\":\"Accueil\",\"item\":\"https:\/\/www.duboischemicals.com\/fleet-wash\/fr\/\"},{\"@type\":\"ListItem\",\"position\":2,\"name\":\"Industries\",\"item\":\"https:\/\/www.duboischemicals.com\/fleet-wash\/fr\/industries\/\"},{\"@type\":\"ListItem\",\"position\":3,\"name\":\"Transport municipal\"}]},{\"@type\":\"WebSite\",\"@id\":\"https:\/\/www.duboischemicals.com\/fleet-wash\/fr\/#website\",\"url\":\"https:\/\/www.duboischemicals.com\/fleet-wash\/fr\/\",\"name\":\"Lavage de parc\",\"description\":\"\",\"potentialAction\":[{\"@type\":\"SearchAction\",\"target\":{\"@type\":\"EntryPoint\",\"urlTemplate\":\"https:\/\/www.duboischemicals.com\/fleet-wash\/fr\/?s={search_term_string}\"},\"query-input\":{\"@type\":\"PropertyValueSpecification\",\"valueRequired\":true,\"valueName\":\"search_term_string\"}}],\"inLanguage\":\"fr-FR\"}]}<\/script>\n<!-- \/ Yoast SEO plugin. -->","yoast_head_json":{"title":"Transport municipal - Lavage de parc","robots":{"index":"index","follow":"follow","max-snippet":"max-snippet:-1","max-image-preview":"max-image-preview:large","max-video-preview":"max-video-preview:-1"},"canonical":"https:\/\/www.duboischemicals.com\/fleet-wash\/fr\/industries\/municipal-transit\/","og_locale":"fr_FR","og_type":"article","og_title":"Transport municipal - Lavage de parc","og_description":"Transport municipal Selon l&rsquo;American Public Works Association, plus de 10\u00a0milliards de voyages par an sont effectu\u00e9s dans ce secteur, qui comprend non seulement les transports publics de la ville ou du comt\u00e9, mais aussi les...","og_url":"https:\/\/www.duboischemicals.com\/fleet-wash\/fr\/industries\/municipal-transit\/","og_site_name":"Lavage de parc","article_modified_time":"2021-02-19T18:31:51+00:00","twitter_card":"summary_large_image","schema":{"@context":"https:\/\/schema.org","@graph":[{"@type":"WebPage","@id":"https:\/\/www.duboischemicals.com\/fleet-wash\/fr\/industries\/municipal-transit\/","url":"https:\/\/www.duboischemicals.com\/fleet-wash\/fr\/industries\/municipal-transit\/","name":"Transport municipal - Lavage de parc","isPartOf":{"@id":"https:\/\/www.duboischemicals.com\/fleet-wash\/fr\/#website"},"datePublished":"2018-10-01T21:38:37+00:00","dateModified":"2021-02-19T18:31:51+00:00","breadcrumb":{"@id":"https:\/\/www.duboischemicals.com\/fleet-wash\/fr\/industries\/municipal-transit\/#breadcrumb"},"inLanguage":"fr-FR","potentialAction":[{"@type":"ReadAction","target":["https:\/\/www.duboischemicals.com\/fleet-wash\/fr\/industries\/municipal-transit\/"]}]},{"@type":"BreadcrumbList","@id":"https:\/\/www.duboischemicals.com\/fleet-wash\/fr\/industries\/municipal-transit\/#breadcrumb","itemListElement":[{"@type":"ListItem","position":1,"name":"Accueil","item":"https:\/\/www.duboischemicals.com\/fleet-wash\/fr\/"},{"@type":"ListItem","position":2,"name":"Industries","item":"https:\/\/www.duboischemicals.com\/fleet-wash\/fr\/industries\/"},{"@type":"ListItem","position":3,"name":"Transport municipal"}]},{"@type":"WebSite","@id":"https:\/\/www.duboischemicals.com\/fleet-wash\/fr\/#website","url":"https:\/\/www.duboischemicals.com\/fleet-wash\/fr\/","name":"Lavage de parc","description":"","potentialAction":[{"@type":"SearchAction","target":{"@type":"EntryPoint","urlTemplate":"https:\/\/www.duboischemicals.com\/fleet-wash\/fr\/?s={search_term_string}"},"query-input":{"@type":"PropertyValueSpecification","valueRequired":true,"valueName":"search_term_string"}}],"inLanguage":"fr-FR"}]}},"_links":{"self":[{"href":"https:\/\/www.duboischemicals.com\/fleet-wash\/fr\/wp-json\/wp\/v2\/pages\/13232","targetHints":{"allow":["GET"]}}],"collection":[{"href":"https:\/\/www.duboischemicals.com\/fleet-wash\/fr\/wp-json\/wp\/v2\/pages"}],"about":[{"href":"https:\/\/www.duboischemicals.com\/fleet-wash\/fr\/wp-json\/wp\/v2\/types\/page"}],"author":[{"embeddable":true,"href":"https:\/\/www.duboischemicals.com\/fleet-wash\/fr\/wp-json\/wp\/v2\/users\/220"}],"replies":[{"embeddable":true,"href":"https:\/\/www.duboischemicals.com\/fleet-wash\/fr\/wp-json\/wp\/v2\/comments?post=13232"}],"version-history":[{"count":2,"href":"https:\/\/www.duboischemicals.com\/fleet-wash\/fr\/wp-json\/wp\/v2\/pages\/13232\/revisions"}],"predecessor-version":[{"id":13878,"href":"https:\/\/www.duboischemicals.com\/fleet-wash\/fr\/wp-json\/wp\/v2\/pages\/13232\/revisions\/13878"}],"up":[{"embeddable":true,"href":"https:\/\/www.duboischemicals.com\/fleet-wash\/fr\/wp-json\/wp\/v2\/pages\/13674"}],"wp:attachment":[{"href":"https:\/\/www.duboischemicals.com\/fleet-wash\/fr\/wp-json\/wp\/v2\/media?parent=13232"}],"curies":[{"name":"wp","href":"https:\/\/api.w.org\/{rel}","templated":true}]}}