{"id":13245,"date":"2018-10-01T17:41:20","date_gmt":"2018-10-01T21:41:20","guid":{"rendered":"https:\/\/www.duboischemicals.com\/\/fleet-wash\/equipment\/"},"modified":"2021-02-26T04:41:39","modified_gmt":"2021-02-26T09:41:39","slug":"equipment","status":"publish","type":"page","link":"https:\/\/www.duboischemicals.com\/fleet-wash\/fr\/equipment\/","title":{"rendered":"\u00c9quipement"},"content":{"rendered":"<h2>\u00c9quipement<\/h2>\n<p>L&rsquo;\u00e9quipement est le deuxi\u00e8me \u00e9l\u00e9ment de la solution de lavage de parc, car c&rsquo;est l&rsquo;\u00e9quipement qui assure l&rsquo;application et permet \u00e0 nos produits chimiques de fonctionner correctement. DuBois con\u00e7oit, fabrique et installe de grands syst\u00e8mes de lavage de v\u00e9hicules con\u00e7us pour maximiser les principes de nettoyage, tout en r\u00e9duisant l&rsquo;utilisation de produits chimiques et d&rsquo;eau afin de limiter vos co\u00fbts.<\/p>\n<p>DuBois a install\u00e9 des milliers de solutions d&rsquo;\u00e9quipement sur mesure. Nous sommes experts dans l&rsquo;application de l&rsquo;exp\u00e9rience pratique aux situations les plus exigeantes.<\/p>\n","protected":false},"excerpt":{"rendered":"<p>\u00c9quipement L&rsquo;\u00e9quipement est le deuxi\u00e8me \u00e9l\u00e9ment de la solution de lavage de parc, car c&rsquo;est l&rsquo;\u00e9quipement qui assure l&rsquo;application et permet \u00e0 nos produits chimiques de fonctionner correctement. DuBois con\u00e7oit, fabrique et installe de grands&#8230;<\/p>\n","protected":false},"author":220,"featured_media":0,"parent":0,"menu_order":0,"comment_status":"closed","ping_status":"closed","template":"template-circle-nav.php","meta":{"_acf_changed":false,"footnotes":""},"class_list":["post-13245","page","type-page","status-publish","hentry"],"acf":[],"yoast_head":"<!-- This site is optimized with the Yoast SEO plugin v26.8 - https:\/\/yoast.com\/product\/yoast-seo-wordpress\/ -->\n<title>\u00c9quipement - Lavage de parc<\/title>\n<meta name=\"robots\" content=\"index, follow, max-snippet:-1, max-image-preview:large, max-video-preview:-1\" \/>\n<link rel=\"canonical\" href=\"https:\/\/www.duboischemicals.com\/fleet-wash\/fr\/equipment\/\" \/>\n<meta property=\"og:locale\" content=\"fr_FR\" \/>\n<meta property=\"og:type\" content=\"article\" \/>\n<meta property=\"og:title\" content=\"\u00c9quipement - Lavage de parc\" \/>\n<meta property=\"og:description\" content=\"\u00c9quipement L&rsquo;\u00e9quipement est le deuxi\u00e8me \u00e9l\u00e9ment de la solution de lavage de parc, car c&rsquo;est l&rsquo;\u00e9quipement qui assure l&rsquo;application et permet \u00e0 nos produits chimiques de fonctionner correctement. DuBois con\u00e7oit, fabrique et installe de grands...\" \/>\n<meta property=\"og:url\" content=\"https:\/\/www.duboischemicals.com\/fleet-wash\/fr\/equipment\/\" \/>\n<meta property=\"og:site_name\" content=\"Lavage de parc\" \/>\n<meta property=\"article:modified_time\" content=\"2021-02-26T09:41:39+00:00\" \/>\n<meta name=\"twitter:card\" content=\"summary_large_image\" \/>\n<script type=\"application\/ld+json\" class=\"yoast-schema-graph\">{\"@context\":\"https:\/\/schema.org\",\"@graph\":[{\"@type\":\"WebPage\",\"@id\":\"https:\/\/www.duboischemicals.com\/fleet-wash\/fr\/equipment\/\",\"url\":\"https:\/\/www.duboischemicals.com\/fleet-wash\/fr\/equipment\/\",\"name\":\"\u00c9quipement - Lavage de parc\",\"isPartOf\":{\"@id\":\"https:\/\/www.duboischemicals.com\/fleet-wash\/fr\/#website\"},\"datePublished\":\"2018-10-01T21:41:20+00:00\",\"dateModified\":\"2021-02-26T09:41:39+00:00\",\"breadcrumb\":{\"@id\":\"https:\/\/www.duboischemicals.com\/fleet-wash\/fr\/equipment\/#breadcrumb\"},\"inLanguage\":\"fr-FR\",\"potentialAction\":[{\"@type\":\"ReadAction\",\"target\":[\"https:\/\/www.duboischemicals.com\/fleet-wash\/fr\/equipment\/\"]}]},{\"@type\":\"BreadcrumbList\",\"@id\":\"https:\/\/www.duboischemicals.com\/fleet-wash\/fr\/equipment\/#breadcrumb\",\"itemListElement\":[{\"@type\":\"ListItem\",\"position\":1,\"name\":\"Accueil\",\"item\":\"https:\/\/www.duboischemicals.com\/fleet-wash\/fr\/\"},{\"@type\":\"ListItem\",\"position\":2,\"name\":\"\u00c9quipement\"}]},{\"@type\":\"WebSite\",\"@id\":\"https:\/\/www.duboischemicals.com\/fleet-wash\/fr\/#website\",\"url\":\"https:\/\/www.duboischemicals.com\/fleet-wash\/fr\/\",\"name\":\"Lavage de parc\",\"description\":\"\",\"potentialAction\":[{\"@type\":\"SearchAction\",\"target\":{\"@type\":\"EntryPoint\",\"urlTemplate\":\"https:\/\/www.duboischemicals.com\/fleet-wash\/fr\/?s={search_term_string}\"},\"query-input\":{\"@type\":\"PropertyValueSpecification\",\"valueRequired\":true,\"valueName\":\"search_term_string\"}}],\"inLanguage\":\"fr-FR\"}]}<\/script>\n<!-- \/ Yoast SEO plugin. -->","yoast_head_json":{"title":"\u00c9quipement - Lavage de parc","robots":{"index":"index","follow":"follow","max-snippet":"max-snippet:-1","max-image-preview":"max-image-preview:large","max-video-preview":"max-video-preview:-1"},"canonical":"https:\/\/www.duboischemicals.com\/fleet-wash\/fr\/equipment\/","og_locale":"fr_FR","og_type":"article","og_title":"\u00c9quipement - Lavage de parc","og_description":"\u00c9quipement L&rsquo;\u00e9quipement est le deuxi\u00e8me \u00e9l\u00e9ment de la solution de lavage de parc, car c&rsquo;est l&rsquo;\u00e9quipement qui assure l&rsquo;application et permet \u00e0 nos produits chimiques de fonctionner correctement. DuBois con\u00e7oit, fabrique et installe de grands...","og_url":"https:\/\/www.duboischemicals.com\/fleet-wash\/fr\/equipment\/","og_site_name":"Lavage de parc","article_modified_time":"2021-02-26T09:41:39+00:00","twitter_card":"summary_large_image","schema":{"@context":"https:\/\/schema.org","@graph":[{"@type":"WebPage","@id":"https:\/\/www.duboischemicals.com\/fleet-wash\/fr\/equipment\/","url":"https:\/\/www.duboischemicals.com\/fleet-wash\/fr\/equipment\/","name":"\u00c9quipement - Lavage de parc","isPartOf":{"@id":"https:\/\/www.duboischemicals.com\/fleet-wash\/fr\/#website"},"datePublished":"2018-10-01T21:41:20+00:00","dateModified":"2021-02-26T09:41:39+00:00","breadcrumb":{"@id":"https:\/\/www.duboischemicals.com\/fleet-wash\/fr\/equipment\/#breadcrumb"},"inLanguage":"fr-FR","potentialAction":[{"@type":"ReadAction","target":["https:\/\/www.duboischemicals.com\/fleet-wash\/fr\/equipment\/"]}]},{"@type":"BreadcrumbList","@id":"https:\/\/www.duboischemicals.com\/fleet-wash\/fr\/equipment\/#breadcrumb","itemListElement":[{"@type":"ListItem","position":1,"name":"Accueil","item":"https:\/\/www.duboischemicals.com\/fleet-wash\/fr\/"},{"@type":"ListItem","position":2,"name":"\u00c9quipement"}]},{"@type":"WebSite","@id":"https:\/\/www.duboischemicals.com\/fleet-wash\/fr\/#website","url":"https:\/\/www.duboischemicals.com\/fleet-wash\/fr\/","name":"Lavage de parc","description":"","potentialAction":[{"@type":"SearchAction","target":{"@type":"EntryPoint","urlTemplate":"https:\/\/www.duboischemicals.com\/fleet-wash\/fr\/?s={search_term_string}"},"query-input":{"@type":"PropertyValueSpecification","valueRequired":true,"valueName":"search_term_string"}}],"inLanguage":"fr-FR"}]}},"_links":{"self":[{"href":"https:\/\/www.duboischemicals.com\/fleet-wash\/fr\/wp-json\/wp\/v2\/pages\/13245","targetHints":{"allow":["GET"]}}],"collection":[{"href":"https:\/\/www.duboischemicals.com\/fleet-wash\/fr\/wp-json\/wp\/v2\/pages"}],"about":[{"href":"https:\/\/www.duboischemicals.com\/fleet-wash\/fr\/wp-json\/wp\/v2\/types\/page"}],"author":[{"embeddable":true,"href":"https:\/\/www.duboischemicals.com\/fleet-wash\/fr\/wp-json\/wp\/v2\/users\/220"}],"replies":[{"embeddable":true,"href":"https:\/\/www.duboischemicals.com\/fleet-wash\/fr\/wp-json\/wp\/v2\/comments?post=13245"}],"version-history":[{"count":3,"href":"https:\/\/www.duboischemicals.com\/fleet-wash\/fr\/wp-json\/wp\/v2\/pages\/13245\/revisions"}],"predecessor-version":[{"id":14023,"href":"https:\/\/www.duboischemicals.com\/fleet-wash\/fr\/wp-json\/wp\/v2\/pages\/13245\/revisions\/14023"}],"wp:attachment":[{"href":"https:\/\/www.duboischemicals.com\/fleet-wash\/fr\/wp-json\/wp\/v2\/media?parent=13245"}],"curies":[{"name":"wp","href":"https:\/\/api.w.org\/{rel}","templated":true}]}}