{"id":13254,"date":"2018-10-01T17:41:42","date_gmt":"2018-10-01T21:41:42","guid":{"rendered":"https:\/\/www.duboischemicals.com\/\/fleet-wash\/equipment\/drive-thru\/"},"modified":"2021-02-19T13:30:22","modified_gmt":"2021-02-19T18:30:22","slug":"drive-thru","status":"publish","type":"page","link":"https:\/\/www.duboischemicals.com\/fleet-wash\/fr\/equipment\/drive-thru\/","title":{"rendered":"Tunnel de lavage \u00e0 rails de guidage"},"content":{"rendered":"<h2>Tunnel de lavage \u00e0 rails de guidage<\/h2>\n<p>Nos syst\u00e8mes de lavage automatis\u00e9 sont con\u00e7us pour assurer la propret\u00e9 de votre entreprise et de son parc\/de ses grands v\u00e9hicules. Ces syst\u00e8mes ont un processus de lavage tr\u00e8s unique, qui permet un nettoyage complet de l&rsquo;ext\u00e9rieur de tout type d&rsquo;\u00e9quipement\u00a0: autobus\/v\u00e9hicules municipaux, camions, remorques, \u00e9quipements miniers, fourgons, trains\/v\u00e9hicules sur rails et tout autre grand v\u00e9hicule. Le syst\u00e8me permet de gagner du temps et de l&rsquo;argent, car il termine son cycle en moins d&rsquo;une minute, ce qui signifie que les v\u00e9hicules de votre parc automobile peuvent reprendre la route. Le syst\u00e8me peut \u00e9galement \u00eatre automatis\u00e9, ne n\u00e9cessitant aucun op\u00e9rateur pendant le processus de lavage.<\/p>\n","protected":false},"excerpt":{"rendered":"<p>Tunnel de lavage \u00e0 rails de guidage Nos syst\u00e8mes de lavage automatis\u00e9 sont con\u00e7us pour assurer la propret\u00e9 de votre entreprise et de son parc\/de ses grands v\u00e9hicules. Ces syst\u00e8mes ont un processus de lavage&#8230;<\/p>\n","protected":false},"author":220,"featured_media":0,"parent":13245,"menu_order":1,"comment_status":"closed","ping_status":"closed","template":"","meta":{"_acf_changed":false,"footnotes":""},"class_list":["post-13254","page","type-page","status-publish","hentry"],"acf":[],"yoast_head":"<!-- This site is optimized with the Yoast SEO plugin v26.8 - https:\/\/yoast.com\/product\/yoast-seo-wordpress\/ -->\n<title>Tunnel de lavage \u00e0 rails de guidage - Lavage de parc<\/title>\n<meta name=\"robots\" content=\"index, follow, max-snippet:-1, max-image-preview:large, max-video-preview:-1\" \/>\n<link rel=\"canonical\" href=\"https:\/\/www.duboischemicals.com\/fleet-wash\/fr\/equipment\/drive-thru\/\" \/>\n<meta property=\"og:locale\" content=\"fr_FR\" \/>\n<meta property=\"og:type\" content=\"article\" \/>\n<meta property=\"og:title\" content=\"Tunnel de lavage \u00e0 rails de guidage - Lavage de parc\" \/>\n<meta property=\"og:description\" content=\"Tunnel de lavage \u00e0 rails de guidage Nos syst\u00e8mes de lavage automatis\u00e9 sont con\u00e7us pour assurer la propret\u00e9 de votre entreprise et de son parc\/de ses grands v\u00e9hicules. Ces syst\u00e8mes ont un processus de lavage...\" \/>\n<meta property=\"og:url\" content=\"https:\/\/www.duboischemicals.com\/fleet-wash\/fr\/equipment\/drive-thru\/\" \/>\n<meta property=\"og:site_name\" content=\"Lavage de parc\" \/>\n<meta property=\"article:modified_time\" content=\"2021-02-19T18:30:22+00:00\" \/>\n<meta name=\"twitter:card\" content=\"summary_large_image\" \/>\n<meta name=\"twitter:label1\" content=\"Dur\u00e9e de lecture estim\u00e9e\" \/>\n\t<meta name=\"twitter:data1\" content=\"1 minute\" \/>\n<script type=\"application\/ld+json\" class=\"yoast-schema-graph\">{\"@context\":\"https:\/\/schema.org\",\"@graph\":[{\"@type\":\"WebPage\",\"@id\":\"https:\/\/www.duboischemicals.com\/fleet-wash\/fr\/equipment\/drive-thru\/\",\"url\":\"https:\/\/www.duboischemicals.com\/fleet-wash\/fr\/equipment\/drive-thru\/\",\"name\":\"Tunnel de lavage \u00e0 rails de guidage - Lavage de parc\",\"isPartOf\":{\"@id\":\"https:\/\/www.duboischemicals.com\/fleet-wash\/fr\/#website\"},\"datePublished\":\"2018-10-01T21:41:42+00:00\",\"dateModified\":\"2021-02-19T18:30:22+00:00\",\"breadcrumb\":{\"@id\":\"https:\/\/www.duboischemicals.com\/fleet-wash\/fr\/equipment\/drive-thru\/#breadcrumb\"},\"inLanguage\":\"fr-FR\",\"potentialAction\":[{\"@type\":\"ReadAction\",\"target\":[\"https:\/\/www.duboischemicals.com\/fleet-wash\/fr\/equipment\/drive-thru\/\"]}]},{\"@type\":\"BreadcrumbList\",\"@id\":\"https:\/\/www.duboischemicals.com\/fleet-wash\/fr\/equipment\/drive-thru\/#breadcrumb\",\"itemListElement\":[{\"@type\":\"ListItem\",\"position\":1,\"name\":\"Accueil\",\"item\":\"https:\/\/www.duboischemicals.com\/fleet-wash\/fr\/\"},{\"@type\":\"ListItem\",\"position\":2,\"name\":\"\u00c9quipement\",\"item\":\"https:\/\/www.duboischemicals.com\/fleet-wash\/fr\/equipment\/\"},{\"@type\":\"ListItem\",\"position\":3,\"name\":\"Tunnel de lavage \u00e0 rails de guidage\"}]},{\"@type\":\"WebSite\",\"@id\":\"https:\/\/www.duboischemicals.com\/fleet-wash\/fr\/#website\",\"url\":\"https:\/\/www.duboischemicals.com\/fleet-wash\/fr\/\",\"name\":\"Lavage de parc\",\"description\":\"\",\"potentialAction\":[{\"@type\":\"SearchAction\",\"target\":{\"@type\":\"EntryPoint\",\"urlTemplate\":\"https:\/\/www.duboischemicals.com\/fleet-wash\/fr\/?s={search_term_string}\"},\"query-input\":{\"@type\":\"PropertyValueSpecification\",\"valueRequired\":true,\"valueName\":\"search_term_string\"}}],\"inLanguage\":\"fr-FR\"}]}<\/script>\n<!-- \/ Yoast SEO plugin. -->","yoast_head_json":{"title":"Tunnel de lavage \u00e0 rails de guidage - Lavage de parc","robots":{"index":"index","follow":"follow","max-snippet":"max-snippet:-1","max-image-preview":"max-image-preview:large","max-video-preview":"max-video-preview:-1"},"canonical":"https:\/\/www.duboischemicals.com\/fleet-wash\/fr\/equipment\/drive-thru\/","og_locale":"fr_FR","og_type":"article","og_title":"Tunnel de lavage \u00e0 rails de guidage - Lavage de parc","og_description":"Tunnel de lavage \u00e0 rails de guidage Nos syst\u00e8mes de lavage automatis\u00e9 sont con\u00e7us pour assurer la propret\u00e9 de votre entreprise et de son parc\/de ses grands v\u00e9hicules. Ces syst\u00e8mes ont un processus de lavage...","og_url":"https:\/\/www.duboischemicals.com\/fleet-wash\/fr\/equipment\/drive-thru\/","og_site_name":"Lavage de parc","article_modified_time":"2021-02-19T18:30:22+00:00","twitter_card":"summary_large_image","twitter_misc":{"Dur\u00e9e de lecture estim\u00e9e":"1 minute"},"schema":{"@context":"https:\/\/schema.org","@graph":[{"@type":"WebPage","@id":"https:\/\/www.duboischemicals.com\/fleet-wash\/fr\/equipment\/drive-thru\/","url":"https:\/\/www.duboischemicals.com\/fleet-wash\/fr\/equipment\/drive-thru\/","name":"Tunnel de lavage \u00e0 rails de guidage - Lavage de parc","isPartOf":{"@id":"https:\/\/www.duboischemicals.com\/fleet-wash\/fr\/#website"},"datePublished":"2018-10-01T21:41:42+00:00","dateModified":"2021-02-19T18:30:22+00:00","breadcrumb":{"@id":"https:\/\/www.duboischemicals.com\/fleet-wash\/fr\/equipment\/drive-thru\/#breadcrumb"},"inLanguage":"fr-FR","potentialAction":[{"@type":"ReadAction","target":["https:\/\/www.duboischemicals.com\/fleet-wash\/fr\/equipment\/drive-thru\/"]}]},{"@type":"BreadcrumbList","@id":"https:\/\/www.duboischemicals.com\/fleet-wash\/fr\/equipment\/drive-thru\/#breadcrumb","itemListElement":[{"@type":"ListItem","position":1,"name":"Accueil","item":"https:\/\/www.duboischemicals.com\/fleet-wash\/fr\/"},{"@type":"ListItem","position":2,"name":"\u00c9quipement","item":"https:\/\/www.duboischemicals.com\/fleet-wash\/fr\/equipment\/"},{"@type":"ListItem","position":3,"name":"Tunnel de lavage \u00e0 rails de guidage"}]},{"@type":"WebSite","@id":"https:\/\/www.duboischemicals.com\/fleet-wash\/fr\/#website","url":"https:\/\/www.duboischemicals.com\/fleet-wash\/fr\/","name":"Lavage de parc","description":"","potentialAction":[{"@type":"SearchAction","target":{"@type":"EntryPoint","urlTemplate":"https:\/\/www.duboischemicals.com\/fleet-wash\/fr\/?s={search_term_string}"},"query-input":{"@type":"PropertyValueSpecification","valueRequired":true,"valueName":"search_term_string"}}],"inLanguage":"fr-FR"}]}},"_links":{"self":[{"href":"https:\/\/www.duboischemicals.com\/fleet-wash\/fr\/wp-json\/wp\/v2\/pages\/13254","targetHints":{"allow":["GET"]}}],"collection":[{"href":"https:\/\/www.duboischemicals.com\/fleet-wash\/fr\/wp-json\/wp\/v2\/pages"}],"about":[{"href":"https:\/\/www.duboischemicals.com\/fleet-wash\/fr\/wp-json\/wp\/v2\/types\/page"}],"author":[{"embeddable":true,"href":"https:\/\/www.duboischemicals.com\/fleet-wash\/fr\/wp-json\/wp\/v2\/users\/220"}],"replies":[{"embeddable":true,"href":"https:\/\/www.duboischemicals.com\/fleet-wash\/fr\/wp-json\/wp\/v2\/comments?post=13254"}],"version-history":[{"count":2,"href":"https:\/\/www.duboischemicals.com\/fleet-wash\/fr\/wp-json\/wp\/v2\/pages\/13254\/revisions"}],"predecessor-version":[{"id":13880,"href":"https:\/\/www.duboischemicals.com\/fleet-wash\/fr\/wp-json\/wp\/v2\/pages\/13254\/revisions\/13880"}],"up":[{"embeddable":true,"href":"https:\/\/www.duboischemicals.com\/fleet-wash\/fr\/wp-json\/wp\/v2\/pages\/13245"}],"wp:attachment":[{"href":"https:\/\/www.duboischemicals.com\/fleet-wash\/fr\/wp-json\/wp\/v2\/media?parent=13254"}],"curies":[{"name":"wp","href":"https:\/\/api.w.org\/{rel}","templated":true}]}}