{"id":13261,"date":"2018-10-01T17:41:56","date_gmt":"2018-10-01T21:41:56","guid":{"rendered":"https:\/\/www.duboischemicals.com\/\/fleet-wash\/equipment\/gantry\/"},"modified":"2021-02-19T13:30:33","modified_gmt":"2021-02-19T18:30:33","slug":"gantry","status":"publish","type":"page","link":"https:\/\/www.duboischemicals.com\/fleet-wash\/fr\/equipment\/gantry\/","title":{"rendered":"Portique"},"content":{"rendered":"<h2>Portique<\/h2>\n<p>Nos portiques de lavage \u00e0 brosses rotatives sont \u00e9galement con\u00e7us pour r\u00e9duire la consommation d&rsquo;eau et de produits chimiques tout en fournissant un tr\u00e8s bon nettoyage gr\u00e2ce \u00e0 un long cycle de lavage. Le portique utilise une haute pression et des brosses qui suivent le contour du v\u00e9hicule pour nettoyer en profondeur l&rsquo;ext\u00e9rieur de votre v\u00e9hicule. Le syst\u00e8me est personnalisable en fonction de vos besoins, afin que vous puissiez nettoyer vos v\u00e9hicules d&rsquo;une mani\u00e8re qui convienne \u00e0 la conception de votre installation.<\/p>\n","protected":false},"excerpt":{"rendered":"<p>Portique Nos portiques de lavage \u00e0 brosses rotatives sont \u00e9galement con\u00e7us pour r\u00e9duire la consommation d&rsquo;eau et de produits chimiques tout en fournissant un tr\u00e8s bon nettoyage gr\u00e2ce \u00e0 un long cycle de lavage. Le&#8230;<\/p>\n","protected":false},"author":220,"featured_media":0,"parent":13245,"menu_order":2,"comment_status":"closed","ping_status":"closed","template":"","meta":{"_acf_changed":false,"footnotes":""},"class_list":["post-13261","page","type-page","status-publish","hentry"],"acf":[],"yoast_head":"<!-- This site is optimized with the Yoast SEO plugin v26.8 - https:\/\/yoast.com\/product\/yoast-seo-wordpress\/ -->\n<title>Portique - Lavage de parc<\/title>\n<meta name=\"robots\" content=\"index, follow, max-snippet:-1, max-image-preview:large, max-video-preview:-1\" \/>\n<link rel=\"canonical\" href=\"https:\/\/www.duboischemicals.com\/fleet-wash\/fr\/equipment\/gantry\/\" \/>\n<meta property=\"og:locale\" content=\"fr_FR\" \/>\n<meta property=\"og:type\" content=\"article\" \/>\n<meta property=\"og:title\" content=\"Portique - Lavage de parc\" \/>\n<meta property=\"og:description\" content=\"Portique Nos portiques de lavage \u00e0 brosses rotatives sont \u00e9galement con\u00e7us pour r\u00e9duire la consommation d&rsquo;eau et de produits chimiques tout en fournissant un tr\u00e8s bon nettoyage gr\u00e2ce \u00e0 un long cycle de lavage. Le...\" \/>\n<meta property=\"og:url\" content=\"https:\/\/www.duboischemicals.com\/fleet-wash\/fr\/equipment\/gantry\/\" \/>\n<meta property=\"og:site_name\" content=\"Lavage de parc\" \/>\n<meta property=\"article:modified_time\" content=\"2021-02-19T18:30:33+00:00\" \/>\n<meta name=\"twitter:card\" content=\"summary_large_image\" \/>\n<script type=\"application\/ld+json\" class=\"yoast-schema-graph\">{\"@context\":\"https:\/\/schema.org\",\"@graph\":[{\"@type\":\"WebPage\",\"@id\":\"https:\/\/www.duboischemicals.com\/fleet-wash\/fr\/equipment\/gantry\/\",\"url\":\"https:\/\/www.duboischemicals.com\/fleet-wash\/fr\/equipment\/gantry\/\",\"name\":\"Portique - Lavage de parc\",\"isPartOf\":{\"@id\":\"https:\/\/www.duboischemicals.com\/fleet-wash\/fr\/#website\"},\"datePublished\":\"2018-10-01T21:41:56+00:00\",\"dateModified\":\"2021-02-19T18:30:33+00:00\",\"breadcrumb\":{\"@id\":\"https:\/\/www.duboischemicals.com\/fleet-wash\/fr\/equipment\/gantry\/#breadcrumb\"},\"inLanguage\":\"fr-FR\",\"potentialAction\":[{\"@type\":\"ReadAction\",\"target\":[\"https:\/\/www.duboischemicals.com\/fleet-wash\/fr\/equipment\/gantry\/\"]}]},{\"@type\":\"BreadcrumbList\",\"@id\":\"https:\/\/www.duboischemicals.com\/fleet-wash\/fr\/equipment\/gantry\/#breadcrumb\",\"itemListElement\":[{\"@type\":\"ListItem\",\"position\":1,\"name\":\"Accueil\",\"item\":\"https:\/\/www.duboischemicals.com\/fleet-wash\/fr\/\"},{\"@type\":\"ListItem\",\"position\":2,\"name\":\"\u00c9quipement\",\"item\":\"https:\/\/www.duboischemicals.com\/fleet-wash\/fr\/equipment\/\"},{\"@type\":\"ListItem\",\"position\":3,\"name\":\"Portique\"}]},{\"@type\":\"WebSite\",\"@id\":\"https:\/\/www.duboischemicals.com\/fleet-wash\/fr\/#website\",\"url\":\"https:\/\/www.duboischemicals.com\/fleet-wash\/fr\/\",\"name\":\"Lavage de parc\",\"description\":\"\",\"potentialAction\":[{\"@type\":\"SearchAction\",\"target\":{\"@type\":\"EntryPoint\",\"urlTemplate\":\"https:\/\/www.duboischemicals.com\/fleet-wash\/fr\/?s={search_term_string}\"},\"query-input\":{\"@type\":\"PropertyValueSpecification\",\"valueRequired\":true,\"valueName\":\"search_term_string\"}}],\"inLanguage\":\"fr-FR\"}]}<\/script>\n<!-- \/ Yoast SEO plugin. -->","yoast_head_json":{"title":"Portique - Lavage de parc","robots":{"index":"index","follow":"follow","max-snippet":"max-snippet:-1","max-image-preview":"max-image-preview:large","max-video-preview":"max-video-preview:-1"},"canonical":"https:\/\/www.duboischemicals.com\/fleet-wash\/fr\/equipment\/gantry\/","og_locale":"fr_FR","og_type":"article","og_title":"Portique - Lavage de parc","og_description":"Portique Nos portiques de lavage \u00e0 brosses rotatives sont \u00e9galement con\u00e7us pour r\u00e9duire la consommation d&rsquo;eau et de produits chimiques tout en fournissant un tr\u00e8s bon nettoyage gr\u00e2ce \u00e0 un long cycle de lavage. Le...","og_url":"https:\/\/www.duboischemicals.com\/fleet-wash\/fr\/equipment\/gantry\/","og_site_name":"Lavage de parc","article_modified_time":"2021-02-19T18:30:33+00:00","twitter_card":"summary_large_image","schema":{"@context":"https:\/\/schema.org","@graph":[{"@type":"WebPage","@id":"https:\/\/www.duboischemicals.com\/fleet-wash\/fr\/equipment\/gantry\/","url":"https:\/\/www.duboischemicals.com\/fleet-wash\/fr\/equipment\/gantry\/","name":"Portique - Lavage de parc","isPartOf":{"@id":"https:\/\/www.duboischemicals.com\/fleet-wash\/fr\/#website"},"datePublished":"2018-10-01T21:41:56+00:00","dateModified":"2021-02-19T18:30:33+00:00","breadcrumb":{"@id":"https:\/\/www.duboischemicals.com\/fleet-wash\/fr\/equipment\/gantry\/#breadcrumb"},"inLanguage":"fr-FR","potentialAction":[{"@type":"ReadAction","target":["https:\/\/www.duboischemicals.com\/fleet-wash\/fr\/equipment\/gantry\/"]}]},{"@type":"BreadcrumbList","@id":"https:\/\/www.duboischemicals.com\/fleet-wash\/fr\/equipment\/gantry\/#breadcrumb","itemListElement":[{"@type":"ListItem","position":1,"name":"Accueil","item":"https:\/\/www.duboischemicals.com\/fleet-wash\/fr\/"},{"@type":"ListItem","position":2,"name":"\u00c9quipement","item":"https:\/\/www.duboischemicals.com\/fleet-wash\/fr\/equipment\/"},{"@type":"ListItem","position":3,"name":"Portique"}]},{"@type":"WebSite","@id":"https:\/\/www.duboischemicals.com\/fleet-wash\/fr\/#website","url":"https:\/\/www.duboischemicals.com\/fleet-wash\/fr\/","name":"Lavage de parc","description":"","potentialAction":[{"@type":"SearchAction","target":{"@type":"EntryPoint","urlTemplate":"https:\/\/www.duboischemicals.com\/fleet-wash\/fr\/?s={search_term_string}"},"query-input":{"@type":"PropertyValueSpecification","valueRequired":true,"valueName":"search_term_string"}}],"inLanguage":"fr-FR"}]}},"_links":{"self":[{"href":"https:\/\/www.duboischemicals.com\/fleet-wash\/fr\/wp-json\/wp\/v2\/pages\/13261","targetHints":{"allow":["GET"]}}],"collection":[{"href":"https:\/\/www.duboischemicals.com\/fleet-wash\/fr\/wp-json\/wp\/v2\/pages"}],"about":[{"href":"https:\/\/www.duboischemicals.com\/fleet-wash\/fr\/wp-json\/wp\/v2\/types\/page"}],"author":[{"embeddable":true,"href":"https:\/\/www.duboischemicals.com\/fleet-wash\/fr\/wp-json\/wp\/v2\/users\/220"}],"replies":[{"embeddable":true,"href":"https:\/\/www.duboischemicals.com\/fleet-wash\/fr\/wp-json\/wp\/v2\/comments?post=13261"}],"version-history":[{"count":2,"href":"https:\/\/www.duboischemicals.com\/fleet-wash\/fr\/wp-json\/wp\/v2\/pages\/13261\/revisions"}],"predecessor-version":[{"id":13881,"href":"https:\/\/www.duboischemicals.com\/fleet-wash\/fr\/wp-json\/wp\/v2\/pages\/13261\/revisions\/13881"}],"up":[{"embeddable":true,"href":"https:\/\/www.duboischemicals.com\/fleet-wash\/fr\/wp-json\/wp\/v2\/pages\/13245"}],"wp:attachment":[{"href":"https:\/\/www.duboischemicals.com\/fleet-wash\/fr\/wp-json\/wp\/v2\/media?parent=13261"}],"curies":[{"name":"wp","href":"https:\/\/api.w.org\/{rel}","templated":true}]}}