{"id":13270,"date":"2018-10-01T17:43:05","date_gmt":"2018-10-01T21:43:05","guid":{"rendered":"https:\/\/www.duboischemicals.com\/\/fleet-wash\/service-support\/"},"modified":"2021-04-09T09:50:14","modified_gmt":"2021-04-09T13:50:14","slug":"service-support","status":"publish","type":"page","link":"https:\/\/www.duboischemicals.com\/fleet-wash\/fr\/service-support\/","title":{"rendered":"Service et soutien"},"content":{"rendered":"<h2>Service et soutien<\/h2>\n<p>Le service et le soutien de DuBois commencent par l&rsquo;\u00e9coute. Nous nous engageons \u00e0 fournir la technologie la plus rentable et le plus haut niveau de soutien technique pour soutenir vos op\u00e9rations et r\u00e9pondre \u00e0 vos objectifs particuliers.<\/p>\n<p>Nous nous appuyons sur des ann\u00e9es d&rsquo;exp\u00e9rience pour vous fournir un service de qualit\u00e9 sup\u00e9rieure et vous entourer de soutien. DuBois s&rsquo;engage \u00e0 vous fournir ce qui suit\u00a0:<\/p>\n<ul>\n<li>Un <a href=\"http:\/\/www.duboischemicals.com\/fleet-wash\/service-support\/customer-service\/\">centre d&rsquo;appel de service \u00e0 la client\u00e8le<\/a> r\u00e9actif et courtois<\/li>\n<li>Un soutien local sur le terrain bien inform\u00e9 et exp\u00e9riment\u00e9<\/li>\n<li>Une recherche et d\u00e9veloppement ax\u00e9e sur la personnalisation des solutions pour vous<\/li>\n<li>Des capacit\u00e9s d&rsquo;analyse pour r\u00e9pondre \u00e0 vos probl\u00e8mes les plus difficiles<\/li>\n<li>Des essais de rendement pour garantir la qualit\u00e9 et maximiser les r\u00e9sultats<\/li>\n<li>Des <a href=\"http:\/\/www.duboischemicals.com\/fleet-wash\/service-support\/feed-control-monitoring-solutions\/\">solutions d&rsquo;alimentation, de contr\u00f4le et de surveillance<\/a> qui r\u00e9duisent au minimum la manipulation et l&rsquo;utilisation de produits chimiques et assurent la tranquillit\u00e9 d&rsquo;esprit<\/li>\n<li>La <a href=\"http:\/\/www.duboischemicals.com\/fleet-wash\/about-us\/environmental-health-safety\/\">s\u00e9curit\u00e9<\/a> et la formation technique pour vos employ\u00e9s<\/li>\n<\/ul>\n","protected":false},"excerpt":{"rendered":"<p>Service et soutien Le service et le soutien de DuBois commencent par l&rsquo;\u00e9coute. Nous nous engageons \u00e0 fournir la technologie la plus rentable et le plus haut niveau de soutien technique pour soutenir vos op\u00e9rations&#8230;<\/p>\n","protected":false},"author":220,"featured_media":0,"parent":0,"menu_order":0,"comment_status":"closed","ping_status":"closed","template":"","meta":{"_acf_changed":false,"footnotes":""},"class_list":["post-13270","page","type-page","status-publish","hentry"],"acf":[],"yoast_head":"<!-- This site is optimized with the Yoast SEO plugin v26.8 - https:\/\/yoast.com\/product\/yoast-seo-wordpress\/ -->\n<title>Service et soutien - Lavage de parc<\/title>\n<meta name=\"robots\" content=\"index, follow, max-snippet:-1, max-image-preview:large, max-video-preview:-1\" \/>\n<link rel=\"canonical\" href=\"https:\/\/www.duboischemicals.com\/fleet-wash\/fr\/service-support\/\" \/>\n<meta property=\"og:locale\" content=\"fr_FR\" \/>\n<meta property=\"og:type\" content=\"article\" \/>\n<meta property=\"og:title\" content=\"Service et soutien - Lavage de parc\" \/>\n<meta property=\"og:description\" content=\"Service et soutien Le service et le soutien de DuBois commencent par l&rsquo;\u00e9coute. Nous nous engageons \u00e0 fournir la technologie la plus rentable et le plus haut niveau de soutien technique pour soutenir vos op\u00e9rations...\" \/>\n<meta property=\"og:url\" content=\"https:\/\/www.duboischemicals.com\/fleet-wash\/fr\/service-support\/\" \/>\n<meta property=\"og:site_name\" content=\"Lavage de parc\" \/>\n<meta property=\"article:modified_time\" content=\"2021-04-09T13:50:14+00:00\" \/>\n<meta name=\"twitter:card\" content=\"summary_large_image\" \/>\n<meta name=\"twitter:label1\" content=\"Dur\u00e9e de lecture estim\u00e9e\" \/>\n\t<meta name=\"twitter:data1\" content=\"1 minute\" \/>\n<script type=\"application\/ld+json\" class=\"yoast-schema-graph\">{\"@context\":\"https:\/\/schema.org\",\"@graph\":[{\"@type\":\"WebPage\",\"@id\":\"https:\/\/www.duboischemicals.com\/fleet-wash\/fr\/service-support\/\",\"url\":\"https:\/\/www.duboischemicals.com\/fleet-wash\/fr\/service-support\/\",\"name\":\"Service et soutien - Lavage de parc\",\"isPartOf\":{\"@id\":\"https:\/\/www.duboischemicals.com\/fleet-wash\/fr\/#website\"},\"datePublished\":\"2018-10-01T21:43:05+00:00\",\"dateModified\":\"2021-04-09T13:50:14+00:00\",\"breadcrumb\":{\"@id\":\"https:\/\/www.duboischemicals.com\/fleet-wash\/fr\/service-support\/#breadcrumb\"},\"inLanguage\":\"fr-FR\",\"potentialAction\":[{\"@type\":\"ReadAction\",\"target\":[\"https:\/\/www.duboischemicals.com\/fleet-wash\/fr\/service-support\/\"]}]},{\"@type\":\"BreadcrumbList\",\"@id\":\"https:\/\/www.duboischemicals.com\/fleet-wash\/fr\/service-support\/#breadcrumb\",\"itemListElement\":[{\"@type\":\"ListItem\",\"position\":1,\"name\":\"Accueil\",\"item\":\"https:\/\/www.duboischemicals.com\/fleet-wash\/fr\/\"},{\"@type\":\"ListItem\",\"position\":2,\"name\":\"Service et soutien\"}]},{\"@type\":\"WebSite\",\"@id\":\"https:\/\/www.duboischemicals.com\/fleet-wash\/fr\/#website\",\"url\":\"https:\/\/www.duboischemicals.com\/fleet-wash\/fr\/\",\"name\":\"Lavage de parc\",\"description\":\"\",\"potentialAction\":[{\"@type\":\"SearchAction\",\"target\":{\"@type\":\"EntryPoint\",\"urlTemplate\":\"https:\/\/www.duboischemicals.com\/fleet-wash\/fr\/?s={search_term_string}\"},\"query-input\":{\"@type\":\"PropertyValueSpecification\",\"valueRequired\":true,\"valueName\":\"search_term_string\"}}],\"inLanguage\":\"fr-FR\"}]}<\/script>\n<!-- \/ Yoast SEO plugin. -->","yoast_head_json":{"title":"Service et soutien - Lavage de parc","robots":{"index":"index","follow":"follow","max-snippet":"max-snippet:-1","max-image-preview":"max-image-preview:large","max-video-preview":"max-video-preview:-1"},"canonical":"https:\/\/www.duboischemicals.com\/fleet-wash\/fr\/service-support\/","og_locale":"fr_FR","og_type":"article","og_title":"Service et soutien - Lavage de parc","og_description":"Service et soutien Le service et le soutien de DuBois commencent par l&rsquo;\u00e9coute. Nous nous engageons \u00e0 fournir la technologie la plus rentable et le plus haut niveau de soutien technique pour soutenir vos op\u00e9rations...","og_url":"https:\/\/www.duboischemicals.com\/fleet-wash\/fr\/service-support\/","og_site_name":"Lavage de parc","article_modified_time":"2021-04-09T13:50:14+00:00","twitter_card":"summary_large_image","twitter_misc":{"Dur\u00e9e de lecture estim\u00e9e":"1 minute"},"schema":{"@context":"https:\/\/schema.org","@graph":[{"@type":"WebPage","@id":"https:\/\/www.duboischemicals.com\/fleet-wash\/fr\/service-support\/","url":"https:\/\/www.duboischemicals.com\/fleet-wash\/fr\/service-support\/","name":"Service et soutien - Lavage de parc","isPartOf":{"@id":"https:\/\/www.duboischemicals.com\/fleet-wash\/fr\/#website"},"datePublished":"2018-10-01T21:43:05+00:00","dateModified":"2021-04-09T13:50:14+00:00","breadcrumb":{"@id":"https:\/\/www.duboischemicals.com\/fleet-wash\/fr\/service-support\/#breadcrumb"},"inLanguage":"fr-FR","potentialAction":[{"@type":"ReadAction","target":["https:\/\/www.duboischemicals.com\/fleet-wash\/fr\/service-support\/"]}]},{"@type":"BreadcrumbList","@id":"https:\/\/www.duboischemicals.com\/fleet-wash\/fr\/service-support\/#breadcrumb","itemListElement":[{"@type":"ListItem","position":1,"name":"Accueil","item":"https:\/\/www.duboischemicals.com\/fleet-wash\/fr\/"},{"@type":"ListItem","position":2,"name":"Service et soutien"}]},{"@type":"WebSite","@id":"https:\/\/www.duboischemicals.com\/fleet-wash\/fr\/#website","url":"https:\/\/www.duboischemicals.com\/fleet-wash\/fr\/","name":"Lavage de parc","description":"","potentialAction":[{"@type":"SearchAction","target":{"@type":"EntryPoint","urlTemplate":"https:\/\/www.duboischemicals.com\/fleet-wash\/fr\/?s={search_term_string}"},"query-input":{"@type":"PropertyValueSpecification","valueRequired":true,"valueName":"search_term_string"}}],"inLanguage":"fr-FR"}]}},"_links":{"self":[{"href":"https:\/\/www.duboischemicals.com\/fleet-wash\/fr\/wp-json\/wp\/v2\/pages\/13270","targetHints":{"allow":["GET"]}}],"collection":[{"href":"https:\/\/www.duboischemicals.com\/fleet-wash\/fr\/wp-json\/wp\/v2\/pages"}],"about":[{"href":"https:\/\/www.duboischemicals.com\/fleet-wash\/fr\/wp-json\/wp\/v2\/types\/page"}],"author":[{"embeddable":true,"href":"https:\/\/www.duboischemicals.com\/fleet-wash\/fr\/wp-json\/wp\/v2\/users\/220"}],"replies":[{"embeddable":true,"href":"https:\/\/www.duboischemicals.com\/fleet-wash\/fr\/wp-json\/wp\/v2\/comments?post=13270"}],"version-history":[{"count":4,"href":"https:\/\/www.duboischemicals.com\/fleet-wash\/fr\/wp-json\/wp\/v2\/pages\/13270\/revisions"}],"predecessor-version":[{"id":14063,"href":"https:\/\/www.duboischemicals.com\/fleet-wash\/fr\/wp-json\/wp\/v2\/pages\/13270\/revisions\/14063"}],"wp:attachment":[{"href":"https:\/\/www.duboischemicals.com\/fleet-wash\/fr\/wp-json\/wp\/v2\/media?parent=13270"}],"curies":[{"name":"wp","href":"https:\/\/api.w.org\/{rel}","templated":true}]}}