{"id":13292,"date":"2018-10-01T17:43:31","date_gmt":"2018-10-01T21:43:31","guid":{"rendered":"https:\/\/www.duboischemicals.com\/\/fleet-wash\/service-support\/engineering-service-support\/"},"modified":"2021-02-19T13:33:38","modified_gmt":"2021-02-19T18:33:38","slug":"engineering-service-support","status":"publish","type":"page","link":"https:\/\/www.duboischemicals.com\/fleet-wash\/fr\/service-support\/engineering-service-support\/","title":{"rendered":"Service d\u2019ing\u00e9nierie et soutien"},"content":{"rendered":"<h2>Service d\u2019ing\u00e9nierie et soutien<\/h2>\n<p>DuBois comprend l&rsquo;importance de prot\u00e9ger votre investissement en capital. DuBois dispose d&rsquo;une \u00e9quipe de service \u00e0 l\u2019\u00e9chelle nationale, qui est qualifi\u00e9e pour l&rsquo;entretien et l\u2019exploitation des syst\u00e8mes de lavage que nous vendons. Nous offrons une vari\u00e9t\u00e9 de services adapt\u00e9s \u00e0 vos besoins et vous garantissons que vos syst\u00e8mes de lavage resteront op\u00e9rationnels dans les ann\u00e9es \u00e0 venir.<\/p>\n","protected":false},"excerpt":{"rendered":"<p>Service d\u2019ing\u00e9nierie et soutien DuBois comprend l&rsquo;importance de prot\u00e9ger votre investissement en capital. DuBois dispose d&rsquo;une \u00e9quipe de service \u00e0 l\u2019\u00e9chelle nationale, qui est qualifi\u00e9e pour l&rsquo;entretien et l\u2019exploitation des syst\u00e8mes de lavage que nous&#8230;<\/p>\n","protected":false},"author":220,"featured_media":0,"parent":13270,"menu_order":2,"comment_status":"closed","ping_status":"closed","template":"","meta":{"_acf_changed":false,"footnotes":""},"class_list":["post-13292","page","type-page","status-publish","hentry"],"acf":[],"yoast_head":"<!-- This site is optimized with the Yoast SEO plugin v26.8 - https:\/\/yoast.com\/product\/yoast-seo-wordpress\/ -->\n<title>Service d\u2019ing\u00e9nierie et soutien - Lavage de parc<\/title>\n<meta name=\"robots\" content=\"index, follow, max-snippet:-1, max-image-preview:large, max-video-preview:-1\" \/>\n<link rel=\"canonical\" href=\"https:\/\/www.duboischemicals.com\/fleet-wash\/fr\/service-support\/engineering-service-support\/\" \/>\n<meta property=\"og:locale\" content=\"fr_FR\" \/>\n<meta property=\"og:type\" content=\"article\" \/>\n<meta property=\"og:title\" content=\"Service d\u2019ing\u00e9nierie et soutien - Lavage de parc\" \/>\n<meta property=\"og:description\" content=\"Service d\u2019ing\u00e9nierie et soutien DuBois comprend l&rsquo;importance de prot\u00e9ger votre investissement en capital. DuBois dispose d&rsquo;une \u00e9quipe de service \u00e0 l\u2019\u00e9chelle nationale, qui est qualifi\u00e9e pour l&rsquo;entretien et l\u2019exploitation des syst\u00e8mes de lavage que nous...\" \/>\n<meta property=\"og:url\" content=\"https:\/\/www.duboischemicals.com\/fleet-wash\/fr\/service-support\/engineering-service-support\/\" \/>\n<meta property=\"og:site_name\" content=\"Lavage de parc\" \/>\n<meta property=\"article:modified_time\" content=\"2021-02-19T18:33:38+00:00\" \/>\n<meta name=\"twitter:card\" content=\"summary_large_image\" \/>\n<script type=\"application\/ld+json\" class=\"yoast-schema-graph\">{\"@context\":\"https:\/\/schema.org\",\"@graph\":[{\"@type\":\"WebPage\",\"@id\":\"https:\/\/www.duboischemicals.com\/fleet-wash\/fr\/service-support\/engineering-service-support\/\",\"url\":\"https:\/\/www.duboischemicals.com\/fleet-wash\/fr\/service-support\/engineering-service-support\/\",\"name\":\"Service d\u2019ing\u00e9nierie et soutien - Lavage de parc\",\"isPartOf\":{\"@id\":\"https:\/\/www.duboischemicals.com\/fleet-wash\/fr\/#website\"},\"datePublished\":\"2018-10-01T21:43:31+00:00\",\"dateModified\":\"2021-02-19T18:33:38+00:00\",\"breadcrumb\":{\"@id\":\"https:\/\/www.duboischemicals.com\/fleet-wash\/fr\/service-support\/engineering-service-support\/#breadcrumb\"},\"inLanguage\":\"fr-FR\",\"potentialAction\":[{\"@type\":\"ReadAction\",\"target\":[\"https:\/\/www.duboischemicals.com\/fleet-wash\/fr\/service-support\/engineering-service-support\/\"]}]},{\"@type\":\"BreadcrumbList\",\"@id\":\"https:\/\/www.duboischemicals.com\/fleet-wash\/fr\/service-support\/engineering-service-support\/#breadcrumb\",\"itemListElement\":[{\"@type\":\"ListItem\",\"position\":1,\"name\":\"Accueil\",\"item\":\"https:\/\/www.duboischemicals.com\/fleet-wash\/fr\/\"},{\"@type\":\"ListItem\",\"position\":2,\"name\":\"Service et soutien\",\"item\":\"https:\/\/www.duboischemicals.com\/fleet-wash\/fr\/service-support\/\"},{\"@type\":\"ListItem\",\"position\":3,\"name\":\"Service d\u2019ing\u00e9nierie et soutien\"}]},{\"@type\":\"WebSite\",\"@id\":\"https:\/\/www.duboischemicals.com\/fleet-wash\/fr\/#website\",\"url\":\"https:\/\/www.duboischemicals.com\/fleet-wash\/fr\/\",\"name\":\"Lavage de parc\",\"description\":\"\",\"potentialAction\":[{\"@type\":\"SearchAction\",\"target\":{\"@type\":\"EntryPoint\",\"urlTemplate\":\"https:\/\/www.duboischemicals.com\/fleet-wash\/fr\/?s={search_term_string}\"},\"query-input\":{\"@type\":\"PropertyValueSpecification\",\"valueRequired\":true,\"valueName\":\"search_term_string\"}}],\"inLanguage\":\"fr-FR\"}]}<\/script>\n<!-- \/ Yoast SEO plugin. -->","yoast_head_json":{"title":"Service d\u2019ing\u00e9nierie et soutien - Lavage de parc","robots":{"index":"index","follow":"follow","max-snippet":"max-snippet:-1","max-image-preview":"max-image-preview:large","max-video-preview":"max-video-preview:-1"},"canonical":"https:\/\/www.duboischemicals.com\/fleet-wash\/fr\/service-support\/engineering-service-support\/","og_locale":"fr_FR","og_type":"article","og_title":"Service d\u2019ing\u00e9nierie et soutien - Lavage de parc","og_description":"Service d\u2019ing\u00e9nierie et soutien DuBois comprend l&rsquo;importance de prot\u00e9ger votre investissement en capital. DuBois dispose d&rsquo;une \u00e9quipe de service \u00e0 l\u2019\u00e9chelle nationale, qui est qualifi\u00e9e pour l&rsquo;entretien et l\u2019exploitation des syst\u00e8mes de lavage que nous...","og_url":"https:\/\/www.duboischemicals.com\/fleet-wash\/fr\/service-support\/engineering-service-support\/","og_site_name":"Lavage de parc","article_modified_time":"2021-02-19T18:33:38+00:00","twitter_card":"summary_large_image","schema":{"@context":"https:\/\/schema.org","@graph":[{"@type":"WebPage","@id":"https:\/\/www.duboischemicals.com\/fleet-wash\/fr\/service-support\/engineering-service-support\/","url":"https:\/\/www.duboischemicals.com\/fleet-wash\/fr\/service-support\/engineering-service-support\/","name":"Service d\u2019ing\u00e9nierie et soutien - Lavage de parc","isPartOf":{"@id":"https:\/\/www.duboischemicals.com\/fleet-wash\/fr\/#website"},"datePublished":"2018-10-01T21:43:31+00:00","dateModified":"2021-02-19T18:33:38+00:00","breadcrumb":{"@id":"https:\/\/www.duboischemicals.com\/fleet-wash\/fr\/service-support\/engineering-service-support\/#breadcrumb"},"inLanguage":"fr-FR","potentialAction":[{"@type":"ReadAction","target":["https:\/\/www.duboischemicals.com\/fleet-wash\/fr\/service-support\/engineering-service-support\/"]}]},{"@type":"BreadcrumbList","@id":"https:\/\/www.duboischemicals.com\/fleet-wash\/fr\/service-support\/engineering-service-support\/#breadcrumb","itemListElement":[{"@type":"ListItem","position":1,"name":"Accueil","item":"https:\/\/www.duboischemicals.com\/fleet-wash\/fr\/"},{"@type":"ListItem","position":2,"name":"Service et soutien","item":"https:\/\/www.duboischemicals.com\/fleet-wash\/fr\/service-support\/"},{"@type":"ListItem","position":3,"name":"Service d\u2019ing\u00e9nierie et soutien"}]},{"@type":"WebSite","@id":"https:\/\/www.duboischemicals.com\/fleet-wash\/fr\/#website","url":"https:\/\/www.duboischemicals.com\/fleet-wash\/fr\/","name":"Lavage de parc","description":"","potentialAction":[{"@type":"SearchAction","target":{"@type":"EntryPoint","urlTemplate":"https:\/\/www.duboischemicals.com\/fleet-wash\/fr\/?s={search_term_string}"},"query-input":{"@type":"PropertyValueSpecification","valueRequired":true,"valueName":"search_term_string"}}],"inLanguage":"fr-FR"}]}},"_links":{"self":[{"href":"https:\/\/www.duboischemicals.com\/fleet-wash\/fr\/wp-json\/wp\/v2\/pages\/13292","targetHints":{"allow":["GET"]}}],"collection":[{"href":"https:\/\/www.duboischemicals.com\/fleet-wash\/fr\/wp-json\/wp\/v2\/pages"}],"about":[{"href":"https:\/\/www.duboischemicals.com\/fleet-wash\/fr\/wp-json\/wp\/v2\/types\/page"}],"author":[{"embeddable":true,"href":"https:\/\/www.duboischemicals.com\/fleet-wash\/fr\/wp-json\/wp\/v2\/users\/220"}],"replies":[{"embeddable":true,"href":"https:\/\/www.duboischemicals.com\/fleet-wash\/fr\/wp-json\/wp\/v2\/comments?post=13292"}],"version-history":[{"count":2,"href":"https:\/\/www.duboischemicals.com\/fleet-wash\/fr\/wp-json\/wp\/v2\/pages\/13292\/revisions"}],"predecessor-version":[{"id":13884,"href":"https:\/\/www.duboischemicals.com\/fleet-wash\/fr\/wp-json\/wp\/v2\/pages\/13292\/revisions\/13884"}],"up":[{"embeddable":true,"href":"https:\/\/www.duboischemicals.com\/fleet-wash\/fr\/wp-json\/wp\/v2\/pages\/13270"}],"wp:attachment":[{"href":"https:\/\/www.duboischemicals.com\/fleet-wash\/fr\/wp-json\/wp\/v2\/media?parent=13292"}],"curies":[{"name":"wp","href":"https:\/\/api.w.org\/{rel}","templated":true}]}}