{"id":13319,"date":"2018-10-01T17:59:03","date_gmt":"2018-10-01T21:59:03","guid":{"rendered":"https:\/\/www.duboischemicals.com\/\/fleet-wash\/about-us\/our-story-history\/"},"modified":"2021-02-19T13:28:13","modified_gmt":"2021-02-19T18:28:13","slug":"our-story-history","status":"publish","type":"page","link":"https:\/\/www.duboischemicals.com\/fleet-wash\/fr\/about-us\/our-story-history\/","title":{"rendered":"Notre histoire\/historique"},"content":{"rendered":"<h2>L&rsquo;histoire de DuBois<\/h2>\n<p>Depuis pr\u00e8s de 100 ans, nous nous engageons \u00e0 respecter les principes de notre fondateur, T.V. DuBois en fournissant \u00e0 nos clients des solutions \u00e9conomiques et un service de proximit\u00e9.<\/p>\n<p><img loading=\"lazy\" decoding=\"async\" class=\"aligncenter wp-image-13324 size-full\" src=\"https:\/\/www.duboischemicals.com\/fleet-wash\/wp-content\/uploads\/sites\/5\/2021\/02\/TImeline_Image_1_29_20-FR-CA.jpg\" alt=\"\" width=\"1058\" height=\"3688\" \/><\/p>\n","protected":false},"excerpt":{"rendered":"<p>L&rsquo;histoire de DuBois Depuis pr\u00e8s de 100 ans, nous nous engageons \u00e0 respecter les principes de notre fondateur, T.V. DuBois en fournissant \u00e0 nos clients des solutions \u00e9conomiques et un service de proximit\u00e9.<\/p>\n","protected":false},"author":220,"featured_media":0,"parent":13318,"menu_order":1,"comment_status":"closed","ping_status":"closed","template":"","meta":{"_acf_changed":false,"footnotes":""},"class_list":["post-13319","page","type-page","status-publish","hentry"],"acf":[],"yoast_head":"<!-- This site is optimized with the Yoast SEO plugin v26.8 - https:\/\/yoast.com\/product\/yoast-seo-wordpress\/ -->\n<title>Notre histoire\/historique - Lavage de parc<\/title>\n<meta name=\"robots\" content=\"index, follow, max-snippet:-1, max-image-preview:large, max-video-preview:-1\" \/>\n<link rel=\"canonical\" href=\"https:\/\/www.duboischemicals.com\/fleet-wash\/fr\/about-us\/our-story-history\/\" \/>\n<meta property=\"og:locale\" content=\"fr_FR\" \/>\n<meta property=\"og:type\" content=\"article\" \/>\n<meta property=\"og:title\" content=\"Notre histoire\/historique - Lavage de parc\" \/>\n<meta property=\"og:description\" content=\"L&rsquo;histoire de DuBois Depuis pr\u00e8s de 100 ans, nous nous engageons \u00e0 respecter les principes de notre fondateur, T.V. DuBois en fournissant \u00e0 nos clients des solutions \u00e9conomiques et un service de proximit\u00e9.\" \/>\n<meta property=\"og:url\" content=\"https:\/\/www.duboischemicals.com\/fleet-wash\/fr\/about-us\/our-story-history\/\" \/>\n<meta property=\"og:site_name\" content=\"Lavage de parc\" \/>\n<meta property=\"article:modified_time\" content=\"2021-02-19T18:28:13+00:00\" \/>\n<meta property=\"og:image\" content=\"https:\/\/www.duboischemicals.com\/fleet-wash\/wp-content\/uploads\/sites\/5\/2021\/02\/TImeline_Image_1_29_20-FR-CA.jpg\" \/>\n<meta name=\"twitter:card\" content=\"summary_large_image\" \/>\n<script type=\"application\/ld+json\" class=\"yoast-schema-graph\">{\"@context\":\"https:\/\/schema.org\",\"@graph\":[{\"@type\":\"WebPage\",\"@id\":\"https:\/\/www.duboischemicals.com\/fleet-wash\/fr\/about-us\/our-story-history\/\",\"url\":\"https:\/\/www.duboischemicals.com\/fleet-wash\/fr\/about-us\/our-story-history\/\",\"name\":\"Notre histoire\/historique - Lavage de parc\",\"isPartOf\":{\"@id\":\"https:\/\/www.duboischemicals.com\/fleet-wash\/fr\/#website\"},\"primaryImageOfPage\":{\"@id\":\"https:\/\/www.duboischemicals.com\/fleet-wash\/fr\/about-us\/our-story-history\/#primaryimage\"},\"image\":{\"@id\":\"https:\/\/www.duboischemicals.com\/fleet-wash\/fr\/about-us\/our-story-history\/#primaryimage\"},\"thumbnailUrl\":\"https:\/\/www.duboischemicals.com\/fleet-wash\/wp-content\/uploads\/sites\/5\/2021\/02\/TImeline_Image_1_29_20-FR-CA.jpg\",\"datePublished\":\"2018-10-01T21:59:03+00:00\",\"dateModified\":\"2021-02-19T18:28:13+00:00\",\"breadcrumb\":{\"@id\":\"https:\/\/www.duboischemicals.com\/fleet-wash\/fr\/about-us\/our-story-history\/#breadcrumb\"},\"inLanguage\":\"fr-FR\",\"potentialAction\":[{\"@type\":\"ReadAction\",\"target\":[\"https:\/\/www.duboischemicals.com\/fleet-wash\/fr\/about-us\/our-story-history\/\"]}]},{\"@type\":\"ImageObject\",\"inLanguage\":\"fr-FR\",\"@id\":\"https:\/\/www.duboischemicals.com\/fleet-wash\/fr\/about-us\/our-story-history\/#primaryimage\",\"url\":\"https:\/\/www.duboischemicals.com\/fleet-wash\/wp-content\/uploads\/sites\/5\/2021\/02\/TImeline_Image_1_29_20-FR-CA.jpg\",\"contentUrl\":\"https:\/\/www.duboischemicals.com\/fleet-wash\/wp-content\/uploads\/sites\/5\/2021\/02\/TImeline_Image_1_29_20-FR-CA.jpg\"},{\"@type\":\"BreadcrumbList\",\"@id\":\"https:\/\/www.duboischemicals.com\/fleet-wash\/fr\/about-us\/our-story-history\/#breadcrumb\",\"itemListElement\":[{\"@type\":\"ListItem\",\"position\":1,\"name\":\"Accueil\",\"item\":\"https:\/\/www.duboischemicals.com\/fleet-wash\/fr\/\"},{\"@type\":\"ListItem\",\"position\":2,\"name\":\"\u00c0 propos de nous\",\"item\":\"https:\/\/www.duboischemicals.com\/fleet-wash\/fr\/about-us\/\"},{\"@type\":\"ListItem\",\"position\":3,\"name\":\"Notre histoire\/historique\"}]},{\"@type\":\"WebSite\",\"@id\":\"https:\/\/www.duboischemicals.com\/fleet-wash\/fr\/#website\",\"url\":\"https:\/\/www.duboischemicals.com\/fleet-wash\/fr\/\",\"name\":\"Lavage de parc\",\"description\":\"\",\"potentialAction\":[{\"@type\":\"SearchAction\",\"target\":{\"@type\":\"EntryPoint\",\"urlTemplate\":\"https:\/\/www.duboischemicals.com\/fleet-wash\/fr\/?s={search_term_string}\"},\"query-input\":{\"@type\":\"PropertyValueSpecification\",\"valueRequired\":true,\"valueName\":\"search_term_string\"}}],\"inLanguage\":\"fr-FR\"}]}<\/script>\n<!-- \/ Yoast SEO plugin. -->","yoast_head_json":{"title":"Notre histoire\/historique - Lavage de parc","robots":{"index":"index","follow":"follow","max-snippet":"max-snippet:-1","max-image-preview":"max-image-preview:large","max-video-preview":"max-video-preview:-1"},"canonical":"https:\/\/www.duboischemicals.com\/fleet-wash\/fr\/about-us\/our-story-history\/","og_locale":"fr_FR","og_type":"article","og_title":"Notre histoire\/historique - Lavage de parc","og_description":"L&rsquo;histoire de DuBois Depuis pr\u00e8s de 100 ans, nous nous engageons \u00e0 respecter les principes de notre fondateur, T.V. DuBois en fournissant \u00e0 nos clients des solutions \u00e9conomiques et un service de proximit\u00e9.","og_url":"https:\/\/www.duboischemicals.com\/fleet-wash\/fr\/about-us\/our-story-history\/","og_site_name":"Lavage de parc","article_modified_time":"2021-02-19T18:28:13+00:00","og_image":[{"url":"https:\/\/www.duboischemicals.com\/fleet-wash\/wp-content\/uploads\/sites\/5\/2021\/02\/TImeline_Image_1_29_20-FR-CA.jpg","type":"","width":"","height":""}],"twitter_card":"summary_large_image","schema":{"@context":"https:\/\/schema.org","@graph":[{"@type":"WebPage","@id":"https:\/\/www.duboischemicals.com\/fleet-wash\/fr\/about-us\/our-story-history\/","url":"https:\/\/www.duboischemicals.com\/fleet-wash\/fr\/about-us\/our-story-history\/","name":"Notre histoire\/historique - Lavage de parc","isPartOf":{"@id":"https:\/\/www.duboischemicals.com\/fleet-wash\/fr\/#website"},"primaryImageOfPage":{"@id":"https:\/\/www.duboischemicals.com\/fleet-wash\/fr\/about-us\/our-story-history\/#primaryimage"},"image":{"@id":"https:\/\/www.duboischemicals.com\/fleet-wash\/fr\/about-us\/our-story-history\/#primaryimage"},"thumbnailUrl":"https:\/\/www.duboischemicals.com\/fleet-wash\/wp-content\/uploads\/sites\/5\/2021\/02\/TImeline_Image_1_29_20-FR-CA.jpg","datePublished":"2018-10-01T21:59:03+00:00","dateModified":"2021-02-19T18:28:13+00:00","breadcrumb":{"@id":"https:\/\/www.duboischemicals.com\/fleet-wash\/fr\/about-us\/our-story-history\/#breadcrumb"},"inLanguage":"fr-FR","potentialAction":[{"@type":"ReadAction","target":["https:\/\/www.duboischemicals.com\/fleet-wash\/fr\/about-us\/our-story-history\/"]}]},{"@type":"ImageObject","inLanguage":"fr-FR","@id":"https:\/\/www.duboischemicals.com\/fleet-wash\/fr\/about-us\/our-story-history\/#primaryimage","url":"https:\/\/www.duboischemicals.com\/fleet-wash\/wp-content\/uploads\/sites\/5\/2021\/02\/TImeline_Image_1_29_20-FR-CA.jpg","contentUrl":"https:\/\/www.duboischemicals.com\/fleet-wash\/wp-content\/uploads\/sites\/5\/2021\/02\/TImeline_Image_1_29_20-FR-CA.jpg"},{"@type":"BreadcrumbList","@id":"https:\/\/www.duboischemicals.com\/fleet-wash\/fr\/about-us\/our-story-history\/#breadcrumb","itemListElement":[{"@type":"ListItem","position":1,"name":"Accueil","item":"https:\/\/www.duboischemicals.com\/fleet-wash\/fr\/"},{"@type":"ListItem","position":2,"name":"\u00c0 propos de nous","item":"https:\/\/www.duboischemicals.com\/fleet-wash\/fr\/about-us\/"},{"@type":"ListItem","position":3,"name":"Notre histoire\/historique"}]},{"@type":"WebSite","@id":"https:\/\/www.duboischemicals.com\/fleet-wash\/fr\/#website","url":"https:\/\/www.duboischemicals.com\/fleet-wash\/fr\/","name":"Lavage de parc","description":"","potentialAction":[{"@type":"SearchAction","target":{"@type":"EntryPoint","urlTemplate":"https:\/\/www.duboischemicals.com\/fleet-wash\/fr\/?s={search_term_string}"},"query-input":{"@type":"PropertyValueSpecification","valueRequired":true,"valueName":"search_term_string"}}],"inLanguage":"fr-FR"}]}},"_links":{"self":[{"href":"https:\/\/www.duboischemicals.com\/fleet-wash\/fr\/wp-json\/wp\/v2\/pages\/13319","targetHints":{"allow":["GET"]}}],"collection":[{"href":"https:\/\/www.duboischemicals.com\/fleet-wash\/fr\/wp-json\/wp\/v2\/pages"}],"about":[{"href":"https:\/\/www.duboischemicals.com\/fleet-wash\/fr\/wp-json\/wp\/v2\/types\/page"}],"author":[{"embeddable":true,"href":"https:\/\/www.duboischemicals.com\/fleet-wash\/fr\/wp-json\/wp\/v2\/users\/220"}],"replies":[{"embeddable":true,"href":"https:\/\/www.duboischemicals.com\/fleet-wash\/fr\/wp-json\/wp\/v2\/comments?post=13319"}],"version-history":[{"count":3,"href":"https:\/\/www.duboischemicals.com\/fleet-wash\/fr\/wp-json\/wp\/v2\/pages\/13319\/revisions"}],"predecessor-version":[{"id":13986,"href":"https:\/\/www.duboischemicals.com\/fleet-wash\/fr\/wp-json\/wp\/v2\/pages\/13319\/revisions\/13986"}],"up":[{"embeddable":true,"href":"https:\/\/www.duboischemicals.com\/fleet-wash\/fr\/wp-json\/wp\/v2\/pages\/13318"}],"wp:attachment":[{"href":"https:\/\/www.duboischemicals.com\/fleet-wash\/fr\/wp-json\/wp\/v2\/media?parent=13319"}],"curies":[{"name":"wp","href":"https:\/\/api.w.org\/{rel}","templated":true}]}}