{"id":13330,"date":"2018-10-01T17:59:13","date_gmt":"2018-10-01T21:59:13","guid":{"rendered":"https:\/\/www.duboischemicals.com\/\/fleet-wash\/about-us\/quality\/"},"modified":"2021-03-15T10:59:44","modified_gmt":"2021-03-15T14:59:44","slug":"quality","status":"publish","type":"page","link":"https:\/\/www.duboischemicals.com\/fleet-wash\/fr\/about-us\/quality\/","title":{"rendered":"<b><\/b>Qualit\u00e9"},"content":{"rendered":"<h2>Un engagement distinctif en faveur de la qualit\u00e9<\/h2>\n<p>L&rsquo;engagement de DuBois envers la qualit\u00e9 peut vous permettre de prot\u00e9ger votre marque. Notre \u00e9quipe s&rsquo;efforce de fournir des produits et des services de qualit\u00e9 sup\u00e9rieure qui r\u00e9pondent \u00e0 vos besoins et \u00e0 ceux de vos clients. Les initiatives de DuBois en mati\u00e8re de qualit\u00e9 ont \u00e9t\u00e9 d\u00e9velopp\u00e9es et continuellement am\u00e9lior\u00e9es depuis pr\u00e8s de 100\u00a0ans; le r\u00e9sultat est un syst\u00e8me de qualit\u00e9 de premier ordre qui fournit des produits fiables et uniformes.<\/p>\n<ul>\n<li>Les employ\u00e9s, les proc\u00e9dures et les instructions de travail de chaque usine de fabrication sont r\u00e9guli\u00e8rement audit\u00e9s par les \u00e9quipes de qualit\u00e9 et de recherche-d\u00e9veloppement afin de garantir le respect des politiques, comme le prescrit l&rsquo;enregistrement ISO 9001.<\/li>\n<li>L&rsquo;\u00e9quipe de direction de DuBois passe en revue toutes les conclusions des audits et oriente les plans d&rsquo;action corrective pour garantir l&rsquo;enti\u00e8re satisfaction des clients.<\/li>\n<\/ul>\n<p>DuBois est fi\u00e8re de fournir des produits et des services fiables qui se distinguent par une qualit\u00e9 sup\u00e9rieure \u00e0 la concurrence. La qualit\u00e9 est une fonction essentielle chez DuBois.<\/p>\n<ul>\n<li><a href=\"https:\/\/www.duboischemicals.com\/fleet-wash\/wp-content\/uploads\/sites\/7\/2021\/03\/ISO-9001-Certificate-exp-March-2024.pdf\" target=\"_blank\" rel=\"noopener noreferrer\">Certificat de qualit\u00e9 ISO 9001 2015<\/a><\/li>\n<li><a href=\"http:\/\/www.duboischemicals.com\/\/fleet-wash\/wp-content\/uploads\/sites\/7\/2018\/11\/AFR-ISO-9001-2015-Cert-through-Aug.-2021.pdf\" target=\"_blank\" rel=\"noopener noreferrer\">Certificat de qualit\u00e9 ISO 9001 2015 (services de d\u00e9capage et de fabrication de rev\u00eatements)<\/a><\/li>\n<li><a href=\"http:\/\/www.duboischemicals.com\/\/fleet-wash\/wp-content\/uploads\/sites\/7\/2020\/03\/DuBois-A2LA-Cert-Valid-to-2.28.22.pdf\" target=\"_blank\" rel=\"noopener noreferrer\">Certificat ISO 17025 (essais de rendement)<\/a><\/li>\n<\/ul>\n","protected":false},"excerpt":{"rendered":"<p>Un engagement distinctif en faveur de la qualit\u00e9 L&rsquo;engagement de DuBois envers la qualit\u00e9 peut vous permettre de prot\u00e9ger votre marque. Notre \u00e9quipe s&rsquo;efforce de fournir des produits et des services de qualit\u00e9 sup\u00e9rieure qui&#8230;<\/p>\n","protected":false},"author":220,"featured_media":0,"parent":13318,"menu_order":2,"comment_status":"closed","ping_status":"closed","template":"","meta":{"_acf_changed":false,"footnotes":""},"class_list":["post-13330","page","type-page","status-publish","hentry"],"acf":[],"yoast_head":"<!-- This site is optimized with the Yoast SEO plugin v26.8 - https:\/\/yoast.com\/product\/yoast-seo-wordpress\/ -->\n<title>Qualit\u00e9 - Lavage de parc<\/title>\n<meta name=\"robots\" content=\"index, follow, max-snippet:-1, max-image-preview:large, max-video-preview:-1\" \/>\n<link rel=\"canonical\" href=\"https:\/\/www.duboischemicals.com\/fleet-wash\/fr\/about-us\/quality\/\" \/>\n<meta property=\"og:locale\" content=\"fr_FR\" \/>\n<meta property=\"og:type\" content=\"article\" \/>\n<meta property=\"og:title\" content=\"Qualit\u00e9 - Lavage de parc\" \/>\n<meta property=\"og:description\" content=\"Un engagement distinctif en faveur de la qualit\u00e9 L&rsquo;engagement de DuBois envers la qualit\u00e9 peut vous permettre de prot\u00e9ger votre marque. Notre \u00e9quipe s&rsquo;efforce de fournir des produits et des services de qualit\u00e9 sup\u00e9rieure qui...\" \/>\n<meta property=\"og:url\" content=\"https:\/\/www.duboischemicals.com\/fleet-wash\/fr\/about-us\/quality\/\" \/>\n<meta property=\"og:site_name\" content=\"Lavage de parc\" \/>\n<meta property=\"article:modified_time\" content=\"2021-03-15T14:59:44+00:00\" \/>\n<meta name=\"twitter:card\" content=\"summary_large_image\" \/>\n<meta name=\"twitter:label1\" content=\"Dur\u00e9e de lecture estim\u00e9e\" \/>\n\t<meta name=\"twitter:data1\" content=\"1 minute\" \/>\n<script type=\"application\/ld+json\" class=\"yoast-schema-graph\">{\"@context\":\"https:\/\/schema.org\",\"@graph\":[{\"@type\":\"WebPage\",\"@id\":\"https:\/\/www.duboischemicals.com\/fleet-wash\/fr\/about-us\/quality\/\",\"url\":\"https:\/\/www.duboischemicals.com\/fleet-wash\/fr\/about-us\/quality\/\",\"name\":\"Qualit\u00e9 - Lavage de parc\",\"isPartOf\":{\"@id\":\"https:\/\/www.duboischemicals.com\/fleet-wash\/fr\/#website\"},\"datePublished\":\"2018-10-01T21:59:13+00:00\",\"dateModified\":\"2021-03-15T14:59:44+00:00\",\"breadcrumb\":{\"@id\":\"https:\/\/www.duboischemicals.com\/fleet-wash\/fr\/about-us\/quality\/#breadcrumb\"},\"inLanguage\":\"fr-FR\",\"potentialAction\":[{\"@type\":\"ReadAction\",\"target\":[\"https:\/\/www.duboischemicals.com\/fleet-wash\/fr\/about-us\/quality\/\"]}]},{\"@type\":\"BreadcrumbList\",\"@id\":\"https:\/\/www.duboischemicals.com\/fleet-wash\/fr\/about-us\/quality\/#breadcrumb\",\"itemListElement\":[{\"@type\":\"ListItem\",\"position\":1,\"name\":\"Accueil\",\"item\":\"https:\/\/www.duboischemicals.com\/fleet-wash\/fr\/\"},{\"@type\":\"ListItem\",\"position\":2,\"name\":\"\u00c0 propos de nous\",\"item\":\"https:\/\/www.duboischemicals.com\/fleet-wash\/fr\/about-us\/\"},{\"@type\":\"ListItem\",\"position\":3,\"name\":\"Qualit\u00e9\"}]},{\"@type\":\"WebSite\",\"@id\":\"https:\/\/www.duboischemicals.com\/fleet-wash\/fr\/#website\",\"url\":\"https:\/\/www.duboischemicals.com\/fleet-wash\/fr\/\",\"name\":\"Lavage de parc\",\"description\":\"\",\"potentialAction\":[{\"@type\":\"SearchAction\",\"target\":{\"@type\":\"EntryPoint\",\"urlTemplate\":\"https:\/\/www.duboischemicals.com\/fleet-wash\/fr\/?s={search_term_string}\"},\"query-input\":{\"@type\":\"PropertyValueSpecification\",\"valueRequired\":true,\"valueName\":\"search_term_string\"}}],\"inLanguage\":\"fr-FR\"}]}<\/script>\n<!-- \/ Yoast SEO plugin. -->","yoast_head_json":{"title":"Qualit\u00e9 - Lavage de parc","robots":{"index":"index","follow":"follow","max-snippet":"max-snippet:-1","max-image-preview":"max-image-preview:large","max-video-preview":"max-video-preview:-1"},"canonical":"https:\/\/www.duboischemicals.com\/fleet-wash\/fr\/about-us\/quality\/","og_locale":"fr_FR","og_type":"article","og_title":"Qualit\u00e9 - Lavage de parc","og_description":"Un engagement distinctif en faveur de la qualit\u00e9 L&rsquo;engagement de DuBois envers la qualit\u00e9 peut vous permettre de prot\u00e9ger votre marque. Notre \u00e9quipe s&rsquo;efforce de fournir des produits et des services de qualit\u00e9 sup\u00e9rieure qui...","og_url":"https:\/\/www.duboischemicals.com\/fleet-wash\/fr\/about-us\/quality\/","og_site_name":"Lavage de parc","article_modified_time":"2021-03-15T14:59:44+00:00","twitter_card":"summary_large_image","twitter_misc":{"Dur\u00e9e de lecture estim\u00e9e":"1 minute"},"schema":{"@context":"https:\/\/schema.org","@graph":[{"@type":"WebPage","@id":"https:\/\/www.duboischemicals.com\/fleet-wash\/fr\/about-us\/quality\/","url":"https:\/\/www.duboischemicals.com\/fleet-wash\/fr\/about-us\/quality\/","name":"Qualit\u00e9 - Lavage de parc","isPartOf":{"@id":"https:\/\/www.duboischemicals.com\/fleet-wash\/fr\/#website"},"datePublished":"2018-10-01T21:59:13+00:00","dateModified":"2021-03-15T14:59:44+00:00","breadcrumb":{"@id":"https:\/\/www.duboischemicals.com\/fleet-wash\/fr\/about-us\/quality\/#breadcrumb"},"inLanguage":"fr-FR","potentialAction":[{"@type":"ReadAction","target":["https:\/\/www.duboischemicals.com\/fleet-wash\/fr\/about-us\/quality\/"]}]},{"@type":"BreadcrumbList","@id":"https:\/\/www.duboischemicals.com\/fleet-wash\/fr\/about-us\/quality\/#breadcrumb","itemListElement":[{"@type":"ListItem","position":1,"name":"Accueil","item":"https:\/\/www.duboischemicals.com\/fleet-wash\/fr\/"},{"@type":"ListItem","position":2,"name":"\u00c0 propos de nous","item":"https:\/\/www.duboischemicals.com\/fleet-wash\/fr\/about-us\/"},{"@type":"ListItem","position":3,"name":"Qualit\u00e9"}]},{"@type":"WebSite","@id":"https:\/\/www.duboischemicals.com\/fleet-wash\/fr\/#website","url":"https:\/\/www.duboischemicals.com\/fleet-wash\/fr\/","name":"Lavage de parc","description":"","potentialAction":[{"@type":"SearchAction","target":{"@type":"EntryPoint","urlTemplate":"https:\/\/www.duboischemicals.com\/fleet-wash\/fr\/?s={search_term_string}"},"query-input":{"@type":"PropertyValueSpecification","valueRequired":true,"valueName":"search_term_string"}}],"inLanguage":"fr-FR"}]}},"_links":{"self":[{"href":"https:\/\/www.duboischemicals.com\/fleet-wash\/fr\/wp-json\/wp\/v2\/pages\/13330","targetHints":{"allow":["GET"]}}],"collection":[{"href":"https:\/\/www.duboischemicals.com\/fleet-wash\/fr\/wp-json\/wp\/v2\/pages"}],"about":[{"href":"https:\/\/www.duboischemicals.com\/fleet-wash\/fr\/wp-json\/wp\/v2\/types\/page"}],"author":[{"embeddable":true,"href":"https:\/\/www.duboischemicals.com\/fleet-wash\/fr\/wp-json\/wp\/v2\/users\/220"}],"replies":[{"embeddable":true,"href":"https:\/\/www.duboischemicals.com\/fleet-wash\/fr\/wp-json\/wp\/v2\/comments?post=13330"}],"version-history":[{"count":3,"href":"https:\/\/www.duboischemicals.com\/fleet-wash\/fr\/wp-json\/wp\/v2\/pages\/13330\/revisions"}],"predecessor-version":[{"id":14060,"href":"https:\/\/www.duboischemicals.com\/fleet-wash\/fr\/wp-json\/wp\/v2\/pages\/13330\/revisions\/14060"}],"up":[{"embeddable":true,"href":"https:\/\/www.duboischemicals.com\/fleet-wash\/fr\/wp-json\/wp\/v2\/pages\/13318"}],"wp:attachment":[{"href":"https:\/\/www.duboischemicals.com\/fleet-wash\/fr\/wp-json\/wp\/v2\/media?parent=13330"}],"curies":[{"name":"wp","href":"https:\/\/api.w.org\/{rel}","templated":true}]}}