{"id":13342,"date":"2018-10-01T18:00:07","date_gmt":"2018-10-01T22:00:07","guid":{"rendered":"https:\/\/www.duboischemicals.com\/\/fleet-wash\/about-us\/environmental-health-safety\/"},"modified":"2021-02-19T13:28:41","modified_gmt":"2021-02-19T18:28:41","slug":"environmental-health-safety","status":"publish","type":"page","link":"https:\/\/www.duboischemicals.com\/fleet-wash\/fr\/about-us\/environmental-health-safety\/","title":{"rendered":"La sant\u00e9, la s\u00e9curit\u00e9 et l\u2019environnement chez DuBois"},"content":{"rendered":"<h2><strong>Gestion de l&rsquo;environnement et durabilit\u00e9<\/strong><\/h2>\n<p>DuBois est convaincu que l&rsquo;excellence dans la gestion des ressources environnementales est vitale pour le succ\u00e8s de ses clients. Nous sommes heureux de pouvoir collaborer avec vous pour soutenir l&rsquo;am\u00e9lioration continue de vos proc\u00e9d\u00e9s sur le plan environnemental. La r\u00e9duction des transports, du stockage et de la main d&rsquo;\u0153uvre intervenant dans la manipulation des produits chimiques, la conservation de l&rsquo;eau et la r\u00e9duction des d\u00e9chets et de la consommation d&rsquo;\u00e9nergie sont autant d&rsquo;occasions d\u2019am\u00e9liorer les r\u00e9sultats commerciaux et environnementaux. Tout au long de la cha\u00eene d&rsquo;approvisionnement de DuBois, une \u00e9quipe exp\u00e9riment\u00e9e en mati\u00e8re de sant\u00e9, de s\u00e9curit\u00e9 et d\u2019environnement et un personnel technique travaillent pour vous offrir un partenariat de premier ordre dans les domaines de la s\u00e9curit\u00e9, de la conformit\u00e9 et des op\u00e9rations durables.<\/p>\n<h2>La s\u00e9curit\u00e9 est une valeur fondamentale dans tout ce que nous faisons<\/h2>\n<p>Notre priorit\u00e9 absolue est d&rsquo;assurer la s\u00e9curit\u00e9 de vos employ\u00e9s lorsqu&rsquo;ils travaillent avec nos produits et de maintenir un environnement de travail s\u00fbr pour l&rsquo;ensemble de notre personnel. L&rsquo;objectif z\u00e9ro de DuBois est notre programme de s\u00e9curit\u00e9. C&rsquo;est ce qu&rsquo;on attend de nous dans tout ce que nous faisons\u00a0:<\/p>\n<ul>\n<li>Aucune action dangereuse<\/li>\n<li>Aucune condition dangereuse<\/li>\n<li>Aucune blessure<\/li>\n<\/ul>\n<p>La s\u00e9curit\u00e9 est la premi\u00e8re consid\u00e9ration dans la s\u00e9lection des mati\u00e8res premi\u00e8res, le d\u00e9veloppement et la fabrication de nos produits, la livraison et l&rsquo;utilisation de nos produits. DuBois compte une \u00e9quipe de professionnels de la s\u00e9curit\u00e9, de sp\u00e9cialistes de la r\u00e9glementation, d&rsquo;experts en produits et de chimistes responsables des programmes de gestion des produits, notamment de la fourniture de fiches signal\u00e9tiques et de l&rsquo;\u00e9tiquetage des produits qui donne des informations pr\u00e9cises et claires sur la manipulation et les EPI appropri\u00e9s.<\/p>\n<p>Nos employ\u00e9s suivent chaque mois une formation obligatoire sur la s\u00e9curit\u00e9 qui couvre tous les aspects de nos activit\u00e9s. Nous proposons \u00e9galement d&rsquo;aider les programmes de s\u00e9curit\u00e9 de nos clients par des pr\u00e9sentations et d&rsquo;autres mat\u00e9riels. Tout cela fait partie de notre engagement \u00e0 cr\u00e9er un environnement de travail s\u00fbr pour nos employ\u00e9s et nos clients.<\/p>\n","protected":false},"excerpt":{"rendered":"<p>Gestion de l&rsquo;environnement et durabilit\u00e9 DuBois est convaincu que l&rsquo;excellence dans la gestion des ressources environnementales est vitale pour le succ\u00e8s de ses clients. Nous sommes heureux de pouvoir collaborer avec vous pour soutenir l&rsquo;am\u00e9lioration&#8230;<\/p>\n","protected":false},"author":220,"featured_media":0,"parent":13318,"menu_order":4,"comment_status":"closed","ping_status":"closed","template":"","meta":{"_acf_changed":false,"footnotes":""},"class_list":["post-13342","page","type-page","status-publish","hentry"],"acf":[],"yoast_head":"<!-- This site is optimized with the Yoast SEO plugin v26.8 - https:\/\/yoast.com\/product\/yoast-seo-wordpress\/ -->\n<title>La sant\u00e9, la s\u00e9curit\u00e9 et l\u2019environnement chez DuBois - Lavage de parc<\/title>\n<meta name=\"robots\" content=\"index, follow, max-snippet:-1, max-image-preview:large, max-video-preview:-1\" \/>\n<link rel=\"canonical\" href=\"https:\/\/www.duboischemicals.com\/fleet-wash\/fr\/about-us\/environmental-health-safety\/\" \/>\n<meta property=\"og:locale\" content=\"fr_FR\" \/>\n<meta property=\"og:type\" content=\"article\" \/>\n<meta property=\"og:title\" content=\"La sant\u00e9, la s\u00e9curit\u00e9 et l\u2019environnement chez DuBois - Lavage de parc\" \/>\n<meta property=\"og:description\" content=\"Gestion de l&rsquo;environnement et durabilit\u00e9 DuBois est convaincu que l&rsquo;excellence dans la gestion des ressources environnementales est vitale pour le succ\u00e8s de ses clients. Nous sommes heureux de pouvoir collaborer avec vous pour soutenir l&rsquo;am\u00e9lioration...\" \/>\n<meta property=\"og:url\" content=\"https:\/\/www.duboischemicals.com\/fleet-wash\/fr\/about-us\/environmental-health-safety\/\" \/>\n<meta property=\"og:site_name\" content=\"Lavage de parc\" \/>\n<meta property=\"article:modified_time\" content=\"2021-02-19T18:28:41+00:00\" \/>\n<meta name=\"twitter:card\" content=\"summary_large_image\" \/>\n<meta name=\"twitter:label1\" content=\"Dur\u00e9e de lecture estim\u00e9e\" \/>\n\t<meta name=\"twitter:data1\" content=\"2 minutes\" \/>\n<script type=\"application\/ld+json\" class=\"yoast-schema-graph\">{\"@context\":\"https:\/\/schema.org\",\"@graph\":[{\"@type\":\"WebPage\",\"@id\":\"https:\/\/www.duboischemicals.com\/fleet-wash\/fr\/about-us\/environmental-health-safety\/\",\"url\":\"https:\/\/www.duboischemicals.com\/fleet-wash\/fr\/about-us\/environmental-health-safety\/\",\"name\":\"La sant\u00e9, la s\u00e9curit\u00e9 et l\u2019environnement chez DuBois - Lavage de parc\",\"isPartOf\":{\"@id\":\"https:\/\/www.duboischemicals.com\/fleet-wash\/fr\/#website\"},\"datePublished\":\"2018-10-01T22:00:07+00:00\",\"dateModified\":\"2021-02-19T18:28:41+00:00\",\"breadcrumb\":{\"@id\":\"https:\/\/www.duboischemicals.com\/fleet-wash\/fr\/about-us\/environmental-health-safety\/#breadcrumb\"},\"inLanguage\":\"fr-FR\",\"potentialAction\":[{\"@type\":\"ReadAction\",\"target\":[\"https:\/\/www.duboischemicals.com\/fleet-wash\/fr\/about-us\/environmental-health-safety\/\"]}]},{\"@type\":\"BreadcrumbList\",\"@id\":\"https:\/\/www.duboischemicals.com\/fleet-wash\/fr\/about-us\/environmental-health-safety\/#breadcrumb\",\"itemListElement\":[{\"@type\":\"ListItem\",\"position\":1,\"name\":\"Accueil\",\"item\":\"https:\/\/www.duboischemicals.com\/fleet-wash\/fr\/\"},{\"@type\":\"ListItem\",\"position\":2,\"name\":\"\u00c0 propos de nous\",\"item\":\"https:\/\/www.duboischemicals.com\/fleet-wash\/fr\/about-us\/\"},{\"@type\":\"ListItem\",\"position\":3,\"name\":\"La sant\u00e9, la s\u00e9curit\u00e9 et l\u2019environnement chez DuBois\"}]},{\"@type\":\"WebSite\",\"@id\":\"https:\/\/www.duboischemicals.com\/fleet-wash\/fr\/#website\",\"url\":\"https:\/\/www.duboischemicals.com\/fleet-wash\/fr\/\",\"name\":\"Lavage de parc\",\"description\":\"\",\"potentialAction\":[{\"@type\":\"SearchAction\",\"target\":{\"@type\":\"EntryPoint\",\"urlTemplate\":\"https:\/\/www.duboischemicals.com\/fleet-wash\/fr\/?s={search_term_string}\"},\"query-input\":{\"@type\":\"PropertyValueSpecification\",\"valueRequired\":true,\"valueName\":\"search_term_string\"}}],\"inLanguage\":\"fr-FR\"}]}<\/script>\n<!-- \/ Yoast SEO plugin. -->","yoast_head_json":{"title":"La sant\u00e9, la s\u00e9curit\u00e9 et l\u2019environnement chez DuBois - Lavage de parc","robots":{"index":"index","follow":"follow","max-snippet":"max-snippet:-1","max-image-preview":"max-image-preview:large","max-video-preview":"max-video-preview:-1"},"canonical":"https:\/\/www.duboischemicals.com\/fleet-wash\/fr\/about-us\/environmental-health-safety\/","og_locale":"fr_FR","og_type":"article","og_title":"La sant\u00e9, la s\u00e9curit\u00e9 et l\u2019environnement chez DuBois - Lavage de parc","og_description":"Gestion de l&rsquo;environnement et durabilit\u00e9 DuBois est convaincu que l&rsquo;excellence dans la gestion des ressources environnementales est vitale pour le succ\u00e8s de ses clients. Nous sommes heureux de pouvoir collaborer avec vous pour soutenir l&rsquo;am\u00e9lioration...","og_url":"https:\/\/www.duboischemicals.com\/fleet-wash\/fr\/about-us\/environmental-health-safety\/","og_site_name":"Lavage de parc","article_modified_time":"2021-02-19T18:28:41+00:00","twitter_card":"summary_large_image","twitter_misc":{"Dur\u00e9e de lecture estim\u00e9e":"2 minutes"},"schema":{"@context":"https:\/\/schema.org","@graph":[{"@type":"WebPage","@id":"https:\/\/www.duboischemicals.com\/fleet-wash\/fr\/about-us\/environmental-health-safety\/","url":"https:\/\/www.duboischemicals.com\/fleet-wash\/fr\/about-us\/environmental-health-safety\/","name":"La sant\u00e9, la s\u00e9curit\u00e9 et l\u2019environnement chez DuBois - Lavage de parc","isPartOf":{"@id":"https:\/\/www.duboischemicals.com\/fleet-wash\/fr\/#website"},"datePublished":"2018-10-01T22:00:07+00:00","dateModified":"2021-02-19T18:28:41+00:00","breadcrumb":{"@id":"https:\/\/www.duboischemicals.com\/fleet-wash\/fr\/about-us\/environmental-health-safety\/#breadcrumb"},"inLanguage":"fr-FR","potentialAction":[{"@type":"ReadAction","target":["https:\/\/www.duboischemicals.com\/fleet-wash\/fr\/about-us\/environmental-health-safety\/"]}]},{"@type":"BreadcrumbList","@id":"https:\/\/www.duboischemicals.com\/fleet-wash\/fr\/about-us\/environmental-health-safety\/#breadcrumb","itemListElement":[{"@type":"ListItem","position":1,"name":"Accueil","item":"https:\/\/www.duboischemicals.com\/fleet-wash\/fr\/"},{"@type":"ListItem","position":2,"name":"\u00c0 propos de nous","item":"https:\/\/www.duboischemicals.com\/fleet-wash\/fr\/about-us\/"},{"@type":"ListItem","position":3,"name":"La sant\u00e9, la s\u00e9curit\u00e9 et l\u2019environnement chez DuBois"}]},{"@type":"WebSite","@id":"https:\/\/www.duboischemicals.com\/fleet-wash\/fr\/#website","url":"https:\/\/www.duboischemicals.com\/fleet-wash\/fr\/","name":"Lavage de parc","description":"","potentialAction":[{"@type":"SearchAction","target":{"@type":"EntryPoint","urlTemplate":"https:\/\/www.duboischemicals.com\/fleet-wash\/fr\/?s={search_term_string}"},"query-input":{"@type":"PropertyValueSpecification","valueRequired":true,"valueName":"search_term_string"}}],"inLanguage":"fr-FR"}]}},"_links":{"self":[{"href":"https:\/\/www.duboischemicals.com\/fleet-wash\/fr\/wp-json\/wp\/v2\/pages\/13342","targetHints":{"allow":["GET"]}}],"collection":[{"href":"https:\/\/www.duboischemicals.com\/fleet-wash\/fr\/wp-json\/wp\/v2\/pages"}],"about":[{"href":"https:\/\/www.duboischemicals.com\/fleet-wash\/fr\/wp-json\/wp\/v2\/types\/page"}],"author":[{"embeddable":true,"href":"https:\/\/www.duboischemicals.com\/fleet-wash\/fr\/wp-json\/wp\/v2\/users\/220"}],"replies":[{"embeddable":true,"href":"https:\/\/www.duboischemicals.com\/fleet-wash\/fr\/wp-json\/wp\/v2\/comments?post=13342"}],"version-history":[{"count":2,"href":"https:\/\/www.duboischemicals.com\/fleet-wash\/fr\/wp-json\/wp\/v2\/pages\/13342\/revisions"}],"predecessor-version":[{"id":13892,"href":"https:\/\/www.duboischemicals.com\/fleet-wash\/fr\/wp-json\/wp\/v2\/pages\/13342\/revisions\/13892"}],"up":[{"embeddable":true,"href":"https:\/\/www.duboischemicals.com\/fleet-wash\/fr\/wp-json\/wp\/v2\/pages\/13318"}],"wp:attachment":[{"href":"https:\/\/www.duboischemicals.com\/fleet-wash\/fr\/wp-json\/wp\/v2\/media?parent=13342"}],"curies":[{"name":"wp","href":"https:\/\/api.w.org\/{rel}","templated":true}]}}