{"id":13465,"date":"2018-10-01T18:08:27","date_gmt":"2018-10-01T22:08:27","guid":{"rendered":"https:\/\/www.duboischemicals.com\/\/fleet-wash\/waste\/"},"modified":"2021-02-26T04:41:40","modified_gmt":"2021-02-26T09:41:40","slug":"waste","status":"publish","type":"page","link":"https:\/\/www.duboischemicals.com\/fleet-wash\/fr\/industries\/waste\/","title":{"rendered":"D\u00e9chets"},"content":{"rendered":"<h2>Gestion et recyclage des d\u00e9chets<\/h2>\n<p>Ce secteur de 60\u00a0milliards de dollars continue \u00e0 accorder une grande importance \u00e0 la propret\u00e9 du parc.<\/p>\n<p><strong>Produits et technologies\u00a0:<\/strong><\/p>\n<ul>\n<li>Produits chimiques de nettoyage et de protection<\/li>\n<li>\u00c9quipement de lavage de parc<\/li>\n<\/ul>\n","protected":false},"excerpt":{"rendered":"<p>Gestion et recyclage des d\u00e9chets Ce secteur de 60\u00a0milliards de dollars continue \u00e0 accorder une grande importance \u00e0 la propret\u00e9 du parc. Produits et technologies\u00a0: Produits chimiques de nettoyage et de protection \u00c9quipement de lavage&#8230;<\/p>\n","protected":false},"author":220,"featured_media":0,"parent":13674,"menu_order":5,"comment_status":"closed","ping_status":"closed","template":"","meta":{"_acf_changed":false,"footnotes":""},"class_list":["post-13465","page","type-page","status-publish","hentry"],"acf":[],"yoast_head":"<!-- This site is optimized with the Yoast SEO plugin v26.8 - https:\/\/yoast.com\/product\/yoast-seo-wordpress\/ -->\n<title>D\u00e9chets - Lavage de parc<\/title>\n<meta name=\"robots\" content=\"index, follow, max-snippet:-1, max-image-preview:large, max-video-preview:-1\" \/>\n<link rel=\"canonical\" href=\"https:\/\/www.duboischemicals.com\/fleet-wash\/fr\/industries\/waste\/\" \/>\n<meta property=\"og:locale\" content=\"fr_FR\" \/>\n<meta property=\"og:type\" content=\"article\" \/>\n<meta property=\"og:title\" content=\"D\u00e9chets - Lavage de parc\" \/>\n<meta property=\"og:description\" content=\"Gestion et recyclage des d\u00e9chets Ce secteur de 60\u00a0milliards de dollars continue \u00e0 accorder une grande importance \u00e0 la propret\u00e9 du parc. Produits et technologies\u00a0: Produits chimiques de nettoyage et de protection \u00c9quipement de lavage...\" \/>\n<meta property=\"og:url\" content=\"https:\/\/www.duboischemicals.com\/fleet-wash\/fr\/industries\/waste\/\" \/>\n<meta property=\"og:site_name\" content=\"Lavage de parc\" \/>\n<meta property=\"article:modified_time\" content=\"2021-02-26T09:41:40+00:00\" \/>\n<meta name=\"twitter:card\" content=\"summary_large_image\" \/>\n<script type=\"application\/ld+json\" class=\"yoast-schema-graph\">{\"@context\":\"https:\/\/schema.org\",\"@graph\":[{\"@type\":\"WebPage\",\"@id\":\"https:\/\/www.duboischemicals.com\/fleet-wash\/fr\/industries\/waste\/\",\"url\":\"https:\/\/www.duboischemicals.com\/fleet-wash\/fr\/industries\/waste\/\",\"name\":\"D\u00e9chets - Lavage de parc\",\"isPartOf\":{\"@id\":\"https:\/\/www.duboischemicals.com\/fleet-wash\/fr\/#website\"},\"datePublished\":\"2018-10-01T22:08:27+00:00\",\"dateModified\":\"2021-02-26T09:41:40+00:00\",\"breadcrumb\":{\"@id\":\"https:\/\/www.duboischemicals.com\/fleet-wash\/fr\/industries\/waste\/#breadcrumb\"},\"inLanguage\":\"fr-FR\",\"potentialAction\":[{\"@type\":\"ReadAction\",\"target\":[\"https:\/\/www.duboischemicals.com\/fleet-wash\/fr\/industries\/waste\/\"]}]},{\"@type\":\"BreadcrumbList\",\"@id\":\"https:\/\/www.duboischemicals.com\/fleet-wash\/fr\/industries\/waste\/#breadcrumb\",\"itemListElement\":[{\"@type\":\"ListItem\",\"position\":1,\"name\":\"Accueil\",\"item\":\"https:\/\/www.duboischemicals.com\/fleet-wash\/fr\/\"},{\"@type\":\"ListItem\",\"position\":2,\"name\":\"Industries\",\"item\":\"https:\/\/www.duboischemicals.com\/fleet-wash\/fr\/industries\/\"},{\"@type\":\"ListItem\",\"position\":3,\"name\":\"D\u00e9chets\"}]},{\"@type\":\"WebSite\",\"@id\":\"https:\/\/www.duboischemicals.com\/fleet-wash\/fr\/#website\",\"url\":\"https:\/\/www.duboischemicals.com\/fleet-wash\/fr\/\",\"name\":\"Lavage de parc\",\"description\":\"\",\"potentialAction\":[{\"@type\":\"SearchAction\",\"target\":{\"@type\":\"EntryPoint\",\"urlTemplate\":\"https:\/\/www.duboischemicals.com\/fleet-wash\/fr\/?s={search_term_string}\"},\"query-input\":{\"@type\":\"PropertyValueSpecification\",\"valueRequired\":true,\"valueName\":\"search_term_string\"}}],\"inLanguage\":\"fr-FR\"}]}<\/script>\n<!-- \/ Yoast SEO plugin. -->","yoast_head_json":{"title":"D\u00e9chets - Lavage de parc","robots":{"index":"index","follow":"follow","max-snippet":"max-snippet:-1","max-image-preview":"max-image-preview:large","max-video-preview":"max-video-preview:-1"},"canonical":"https:\/\/www.duboischemicals.com\/fleet-wash\/fr\/industries\/waste\/","og_locale":"fr_FR","og_type":"article","og_title":"D\u00e9chets - Lavage de parc","og_description":"Gestion et recyclage des d\u00e9chets Ce secteur de 60\u00a0milliards de dollars continue \u00e0 accorder une grande importance \u00e0 la propret\u00e9 du parc. Produits et technologies\u00a0: Produits chimiques de nettoyage et de protection \u00c9quipement de lavage...","og_url":"https:\/\/www.duboischemicals.com\/fleet-wash\/fr\/industries\/waste\/","og_site_name":"Lavage de parc","article_modified_time":"2021-02-26T09:41:40+00:00","twitter_card":"summary_large_image","schema":{"@context":"https:\/\/schema.org","@graph":[{"@type":"WebPage","@id":"https:\/\/www.duboischemicals.com\/fleet-wash\/fr\/industries\/waste\/","url":"https:\/\/www.duboischemicals.com\/fleet-wash\/fr\/industries\/waste\/","name":"D\u00e9chets - Lavage de parc","isPartOf":{"@id":"https:\/\/www.duboischemicals.com\/fleet-wash\/fr\/#website"},"datePublished":"2018-10-01T22:08:27+00:00","dateModified":"2021-02-26T09:41:40+00:00","breadcrumb":{"@id":"https:\/\/www.duboischemicals.com\/fleet-wash\/fr\/industries\/waste\/#breadcrumb"},"inLanguage":"fr-FR","potentialAction":[{"@type":"ReadAction","target":["https:\/\/www.duboischemicals.com\/fleet-wash\/fr\/industries\/waste\/"]}]},{"@type":"BreadcrumbList","@id":"https:\/\/www.duboischemicals.com\/fleet-wash\/fr\/industries\/waste\/#breadcrumb","itemListElement":[{"@type":"ListItem","position":1,"name":"Accueil","item":"https:\/\/www.duboischemicals.com\/fleet-wash\/fr\/"},{"@type":"ListItem","position":2,"name":"Industries","item":"https:\/\/www.duboischemicals.com\/fleet-wash\/fr\/industries\/"},{"@type":"ListItem","position":3,"name":"D\u00e9chets"}]},{"@type":"WebSite","@id":"https:\/\/www.duboischemicals.com\/fleet-wash\/fr\/#website","url":"https:\/\/www.duboischemicals.com\/fleet-wash\/fr\/","name":"Lavage de parc","description":"","potentialAction":[{"@type":"SearchAction","target":{"@type":"EntryPoint","urlTemplate":"https:\/\/www.duboischemicals.com\/fleet-wash\/fr\/?s={search_term_string}"},"query-input":{"@type":"PropertyValueSpecification","valueRequired":true,"valueName":"search_term_string"}}],"inLanguage":"fr-FR"}]}},"_links":{"self":[{"href":"https:\/\/www.duboischemicals.com\/fleet-wash\/fr\/wp-json\/wp\/v2\/pages\/13465","targetHints":{"allow":["GET"]}}],"collection":[{"href":"https:\/\/www.duboischemicals.com\/fleet-wash\/fr\/wp-json\/wp\/v2\/pages"}],"about":[{"href":"https:\/\/www.duboischemicals.com\/fleet-wash\/fr\/wp-json\/wp\/v2\/types\/page"}],"author":[{"embeddable":true,"href":"https:\/\/www.duboischemicals.com\/fleet-wash\/fr\/wp-json\/wp\/v2\/users\/220"}],"replies":[{"embeddable":true,"href":"https:\/\/www.duboischemicals.com\/fleet-wash\/fr\/wp-json\/wp\/v2\/comments?post=13465"}],"version-history":[{"count":3,"href":"https:\/\/www.duboischemicals.com\/fleet-wash\/fr\/wp-json\/wp\/v2\/pages\/13465\/revisions"}],"predecessor-version":[{"id":14019,"href":"https:\/\/www.duboischemicals.com\/fleet-wash\/fr\/wp-json\/wp\/v2\/pages\/13465\/revisions\/14019"}],"up":[{"embeddable":true,"href":"https:\/\/www.duboischemicals.com\/fleet-wash\/fr\/wp-json\/wp\/v2\/pages\/13674"}],"wp:attachment":[{"href":"https:\/\/www.duboischemicals.com\/fleet-wash\/fr\/wp-json\/wp\/v2\/media?parent=13465"}],"curies":[{"name":"wp","href":"https:\/\/api.w.org\/{rel}","templated":true}]}}