{"id":13484,"date":"2018-10-14T00:02:46","date_gmt":"2018-10-14T04:02:46","guid":{"rendered":"https:\/\/www.duboischemicals.com\/\/fleet-wash\/freight-haulers\/"},"modified":"2021-02-19T13:31:18","modified_gmt":"2021-02-19T18:31:18","slug":"freight-haulers","status":"publish","type":"page","link":"https:\/\/www.duboischemicals.com\/fleet-wash\/fr\/industries\/freight-haulers\/","title":{"rendered":"Transporteurs de marchandises"},"content":{"rendered":"<h2>Transporteurs de marchandises<\/h2>\n<p>Le camionnage de marchandises transporte plus de 70\u00a0% du tonnage transport\u00e9 par tous les modes de transport int\u00e9rieur, ce qui repr\u00e9sente plus de 600\u00a0milliards de dollars de recettes chaque ann\u00e9e. L&rsquo;image de l&rsquo;entreprise et les co\u00fbts d&rsquo;entretien sont des facteurs cl\u00e9s pour ce secteur. Les entreprises de camionnage qui maintiennent un parc automobile propre ont historiquement moins de probl\u00e8mes de conformit\u00e9 avec les exigences DOT.<\/p>\n<p><strong>Produits et technologies\u00a0:<\/strong><\/p>\n<ul>\n<li>Produits chimiques de nettoyage et de protection<\/li>\n<li>\u00c9quipement de lavage de parc<\/li>\n<\/ul>\n","protected":false},"excerpt":{"rendered":"<p>Transporteurs de marchandises Le camionnage de marchandises transporte plus de 70\u00a0% du tonnage transport\u00e9 par tous les modes de transport int\u00e9rieur, ce qui repr\u00e9sente plus de 600\u00a0milliards de dollars de recettes chaque ann\u00e9e. L&rsquo;image de&#8230;<\/p>\n","protected":false},"author":220,"featured_media":0,"parent":13674,"menu_order":1,"comment_status":"closed","ping_status":"closed","template":"","meta":{"_acf_changed":false,"footnotes":""},"class_list":["post-13484","page","type-page","status-publish","hentry"],"acf":[],"yoast_head":"<!-- This site is optimized with the Yoast SEO plugin v26.8 - https:\/\/yoast.com\/product\/yoast-seo-wordpress\/ -->\n<title>Transporteurs de marchandises - Lavage de parc<\/title>\n<meta name=\"robots\" content=\"index, follow, max-snippet:-1, max-image-preview:large, max-video-preview:-1\" \/>\n<link rel=\"canonical\" href=\"https:\/\/www.duboischemicals.com\/fleet-wash\/fr\/industries\/freight-haulers\/\" \/>\n<meta property=\"og:locale\" content=\"fr_FR\" \/>\n<meta property=\"og:type\" content=\"article\" \/>\n<meta property=\"og:title\" content=\"Transporteurs de marchandises - Lavage de parc\" \/>\n<meta property=\"og:description\" content=\"Transporteurs de marchandises Le camionnage de marchandises transporte plus de 70\u00a0% du tonnage transport\u00e9 par tous les modes de transport int\u00e9rieur, ce qui repr\u00e9sente plus de 600\u00a0milliards de dollars de recettes chaque ann\u00e9e. L&rsquo;image de...\" \/>\n<meta property=\"og:url\" content=\"https:\/\/www.duboischemicals.com\/fleet-wash\/fr\/industries\/freight-haulers\/\" \/>\n<meta property=\"og:site_name\" content=\"Lavage de parc\" \/>\n<meta property=\"article:modified_time\" content=\"2021-02-19T18:31:18+00:00\" \/>\n<meta name=\"twitter:card\" content=\"summary_large_image\" \/>\n<script type=\"application\/ld+json\" class=\"yoast-schema-graph\">{\"@context\":\"https:\/\/schema.org\",\"@graph\":[{\"@type\":\"WebPage\",\"@id\":\"https:\/\/www.duboischemicals.com\/fleet-wash\/fr\/industries\/freight-haulers\/\",\"url\":\"https:\/\/www.duboischemicals.com\/fleet-wash\/fr\/industries\/freight-haulers\/\",\"name\":\"Transporteurs de marchandises - Lavage de parc\",\"isPartOf\":{\"@id\":\"https:\/\/www.duboischemicals.com\/fleet-wash\/fr\/#website\"},\"datePublished\":\"2018-10-14T04:02:46+00:00\",\"dateModified\":\"2021-02-19T18:31:18+00:00\",\"breadcrumb\":{\"@id\":\"https:\/\/www.duboischemicals.com\/fleet-wash\/fr\/industries\/freight-haulers\/#breadcrumb\"},\"inLanguage\":\"fr-FR\",\"potentialAction\":[{\"@type\":\"ReadAction\",\"target\":[\"https:\/\/www.duboischemicals.com\/fleet-wash\/fr\/industries\/freight-haulers\/\"]}]},{\"@type\":\"BreadcrumbList\",\"@id\":\"https:\/\/www.duboischemicals.com\/fleet-wash\/fr\/industries\/freight-haulers\/#breadcrumb\",\"itemListElement\":[{\"@type\":\"ListItem\",\"position\":1,\"name\":\"Accueil\",\"item\":\"https:\/\/www.duboischemicals.com\/fleet-wash\/fr\/\"},{\"@type\":\"ListItem\",\"position\":2,\"name\":\"Industries\",\"item\":\"https:\/\/www.duboischemicals.com\/fleet-wash\/fr\/industries\/\"},{\"@type\":\"ListItem\",\"position\":3,\"name\":\"Transporteurs de marchandises\"}]},{\"@type\":\"WebSite\",\"@id\":\"https:\/\/www.duboischemicals.com\/fleet-wash\/fr\/#website\",\"url\":\"https:\/\/www.duboischemicals.com\/fleet-wash\/fr\/\",\"name\":\"Lavage de parc\",\"description\":\"\",\"potentialAction\":[{\"@type\":\"SearchAction\",\"target\":{\"@type\":\"EntryPoint\",\"urlTemplate\":\"https:\/\/www.duboischemicals.com\/fleet-wash\/fr\/?s={search_term_string}\"},\"query-input\":{\"@type\":\"PropertyValueSpecification\",\"valueRequired\":true,\"valueName\":\"search_term_string\"}}],\"inLanguage\":\"fr-FR\"}]}<\/script>\n<!-- \/ Yoast SEO plugin. -->","yoast_head_json":{"title":"Transporteurs de marchandises - Lavage de parc","robots":{"index":"index","follow":"follow","max-snippet":"max-snippet:-1","max-image-preview":"max-image-preview:large","max-video-preview":"max-video-preview:-1"},"canonical":"https:\/\/www.duboischemicals.com\/fleet-wash\/fr\/industries\/freight-haulers\/","og_locale":"fr_FR","og_type":"article","og_title":"Transporteurs de marchandises - Lavage de parc","og_description":"Transporteurs de marchandises Le camionnage de marchandises transporte plus de 70\u00a0% du tonnage transport\u00e9 par tous les modes de transport int\u00e9rieur, ce qui repr\u00e9sente plus de 600\u00a0milliards de dollars de recettes chaque ann\u00e9e. L&rsquo;image de...","og_url":"https:\/\/www.duboischemicals.com\/fleet-wash\/fr\/industries\/freight-haulers\/","og_site_name":"Lavage de parc","article_modified_time":"2021-02-19T18:31:18+00:00","twitter_card":"summary_large_image","schema":{"@context":"https:\/\/schema.org","@graph":[{"@type":"WebPage","@id":"https:\/\/www.duboischemicals.com\/fleet-wash\/fr\/industries\/freight-haulers\/","url":"https:\/\/www.duboischemicals.com\/fleet-wash\/fr\/industries\/freight-haulers\/","name":"Transporteurs de marchandises - Lavage de parc","isPartOf":{"@id":"https:\/\/www.duboischemicals.com\/fleet-wash\/fr\/#website"},"datePublished":"2018-10-14T04:02:46+00:00","dateModified":"2021-02-19T18:31:18+00:00","breadcrumb":{"@id":"https:\/\/www.duboischemicals.com\/fleet-wash\/fr\/industries\/freight-haulers\/#breadcrumb"},"inLanguage":"fr-FR","potentialAction":[{"@type":"ReadAction","target":["https:\/\/www.duboischemicals.com\/fleet-wash\/fr\/industries\/freight-haulers\/"]}]},{"@type":"BreadcrumbList","@id":"https:\/\/www.duboischemicals.com\/fleet-wash\/fr\/industries\/freight-haulers\/#breadcrumb","itemListElement":[{"@type":"ListItem","position":1,"name":"Accueil","item":"https:\/\/www.duboischemicals.com\/fleet-wash\/fr\/"},{"@type":"ListItem","position":2,"name":"Industries","item":"https:\/\/www.duboischemicals.com\/fleet-wash\/fr\/industries\/"},{"@type":"ListItem","position":3,"name":"Transporteurs de marchandises"}]},{"@type":"WebSite","@id":"https:\/\/www.duboischemicals.com\/fleet-wash\/fr\/#website","url":"https:\/\/www.duboischemicals.com\/fleet-wash\/fr\/","name":"Lavage de parc","description":"","potentialAction":[{"@type":"SearchAction","target":{"@type":"EntryPoint","urlTemplate":"https:\/\/www.duboischemicals.com\/fleet-wash\/fr\/?s={search_term_string}"},"query-input":{"@type":"PropertyValueSpecification","valueRequired":true,"valueName":"search_term_string"}}],"inLanguage":"fr-FR"}]}},"_links":{"self":[{"href":"https:\/\/www.duboischemicals.com\/fleet-wash\/fr\/wp-json\/wp\/v2\/pages\/13484","targetHints":{"allow":["GET"]}}],"collection":[{"href":"https:\/\/www.duboischemicals.com\/fleet-wash\/fr\/wp-json\/wp\/v2\/pages"}],"about":[{"href":"https:\/\/www.duboischemicals.com\/fleet-wash\/fr\/wp-json\/wp\/v2\/types\/page"}],"author":[{"embeddable":true,"href":"https:\/\/www.duboischemicals.com\/fleet-wash\/fr\/wp-json\/wp\/v2\/users\/220"}],"replies":[{"embeddable":true,"href":"https:\/\/www.duboischemicals.com\/fleet-wash\/fr\/wp-json\/wp\/v2\/comments?post=13484"}],"version-history":[{"count":2,"href":"https:\/\/www.duboischemicals.com\/fleet-wash\/fr\/wp-json\/wp\/v2\/pages\/13484\/revisions"}],"predecessor-version":[{"id":13900,"href":"https:\/\/www.duboischemicals.com\/fleet-wash\/fr\/wp-json\/wp\/v2\/pages\/13484\/revisions\/13900"}],"up":[{"embeddable":true,"href":"https:\/\/www.duboischemicals.com\/fleet-wash\/fr\/wp-json\/wp\/v2\/pages\/13674"}],"wp:attachment":[{"href":"https:\/\/www.duboischemicals.com\/fleet-wash\/fr\/wp-json\/wp\/v2\/media?parent=13484"}],"curies":[{"name":"wp","href":"https:\/\/api.w.org\/{rel}","templated":true}]}}