{"id":13489,"date":"2018-10-15T09:25:36","date_gmt":"2018-10-15T13:25:36","guid":{"rendered":"https:\/\/www.duboischemicals.com\/\/fleet-wash\/products\/"},"modified":"2021-02-19T13:33:58","modified_gmt":"2021-02-19T18:33:58","slug":"products","status":"publish","type":"page","link":"https:\/\/www.duboischemicals.com\/fleet-wash\/fr\/products\/","title":{"rendered":"Produits"},"content":{"rendered":"<p>Lorsqu&rsquo;il s&rsquo;agit de nettoyer de gros v\u00e9hicules, les produits chimiques utilis\u00e9s jouent un r\u00f4le cl\u00e9. Contrairement \u00e0 la croyance populaire, tous les savons ne sont pas les m\u00eames! Votre repr\u00e9sentant DuBois est form\u00e9 pour \u00e9valuer les types de souillures et recommander les bons produits chimiques de nettoyage pour r\u00e9pondre \u00e0 vos besoins.<\/p>\n<p>Lorsqu&rsquo;il s&rsquo;agit du nettoyage de gros v\u00e9hicules, un processus en deux \u00e9tapes est toujours recommand\u00e9. Un azurant \u00e0 faible pH permet d&rsquo;\u00e9liminer les salissures inorganiques, tandis que nos d\u00e9tergents \u00e0 pH plus \u00e9lev\u00e9 d\u00e9composent et \u00e9liminent les salissures organiques et \u00e0 base de p\u00e9trole. Les d\u00e9tergents alcalins permettent \u00e9galement de neutraliser l&rsquo;azurant \u00e0 faible pH, de sorte que ce qui va \u00e0 l&rsquo;\u00e9gout est presque neutre.<\/p>\n<p><strong>Pour voir tous nos excellents produits de lavage de parc, cliquez sur le bouton Catalogue de produits ci-dessus.<\/strong><\/p>\n","protected":false},"excerpt":{"rendered":"<p>Lorsqu&rsquo;il s&rsquo;agit de nettoyer de gros v\u00e9hicules, les produits chimiques utilis\u00e9s jouent un r\u00f4le cl\u00e9. Contrairement \u00e0 la croyance populaire, tous les savons ne sont pas les m\u00eames! Votre repr\u00e9sentant DuBois est form\u00e9 pour \u00e9valuer&#8230;<\/p>\n","protected":false},"author":220,"featured_media":13173,"parent":0,"menu_order":6,"comment_status":"closed","ping_status":"closed","template":"template-prodinfo.php","meta":{"_acf_changed":false,"footnotes":""},"class_list":["post-13489","page","type-page","status-publish","has-post-thumbnail","hentry"],"acf":[],"yoast_head":"<!-- This site is optimized with the Yoast SEO plugin v26.8 - https:\/\/yoast.com\/product\/yoast-seo-wordpress\/ -->\n<title>Produits - Lavage de parc<\/title>\n<meta name=\"robots\" content=\"index, follow, max-snippet:-1, max-image-preview:large, max-video-preview:-1\" \/>\n<link rel=\"canonical\" href=\"https:\/\/www.duboischemicals.com\/fleet-wash\/fr\/products\/\" \/>\n<meta property=\"og:locale\" content=\"fr_FR\" \/>\n<meta property=\"og:type\" content=\"article\" \/>\n<meta property=\"og:title\" content=\"Produits - Lavage de parc\" \/>\n<meta property=\"og:description\" content=\"Lorsqu&rsquo;il s&rsquo;agit de nettoyer de gros v\u00e9hicules, les produits chimiques utilis\u00e9s jouent un r\u00f4le cl\u00e9. Contrairement \u00e0 la croyance populaire, tous les savons ne sont pas les m\u00eames! Votre repr\u00e9sentant DuBois est form\u00e9 pour \u00e9valuer...\" \/>\n<meta property=\"og:url\" content=\"https:\/\/www.duboischemicals.com\/fleet-wash\/fr\/products\/\" \/>\n<meta property=\"og:site_name\" content=\"Lavage de parc\" \/>\n<meta property=\"article:modified_time\" content=\"2021-02-19T18:33:58+00:00\" \/>\n<meta property=\"og:image\" content=\"https:\/\/www.duboischemicals.com\/fleet-wash\/wp-content\/uploads\/sites\/7\/2018\/10\/Speeding-Truck.png\" \/>\n\t<meta property=\"og:image:width\" content=\"460\" \/>\n\t<meta property=\"og:image:height\" content=\"460\" \/>\n\t<meta property=\"og:image:type\" content=\"image\/png\" \/>\n<meta name=\"twitter:card\" content=\"summary_large_image\" \/>\n<meta name=\"twitter:label1\" content=\"Dur\u00e9e de lecture estim\u00e9e\" \/>\n\t<meta name=\"twitter:data1\" content=\"1 minute\" \/>\n<script type=\"application\/ld+json\" class=\"yoast-schema-graph\">{\"@context\":\"https:\/\/schema.org\",\"@graph\":[{\"@type\":\"WebPage\",\"@id\":\"https:\/\/www.duboischemicals.com\/fleet-wash\/fr\/products\/\",\"url\":\"https:\/\/www.duboischemicals.com\/fleet-wash\/fr\/products\/\",\"name\":\"Produits - Lavage de parc\",\"isPartOf\":{\"@id\":\"https:\/\/www.duboischemicals.com\/fleet-wash\/fr\/#website\"},\"primaryImageOfPage\":{\"@id\":\"https:\/\/www.duboischemicals.com\/fleet-wash\/fr\/products\/#primaryimage\"},\"image\":{\"@id\":\"https:\/\/www.duboischemicals.com\/fleet-wash\/fr\/products\/#primaryimage\"},\"thumbnailUrl\":\"https:\/\/www.duboischemicals.com\/fleet-wash\/wp-content\/uploads\/sites\/7\/2018\/10\/Speeding-Truck.png\",\"datePublished\":\"2018-10-15T13:25:36+00:00\",\"dateModified\":\"2021-02-19T18:33:58+00:00\",\"breadcrumb\":{\"@id\":\"https:\/\/www.duboischemicals.com\/fleet-wash\/fr\/products\/#breadcrumb\"},\"inLanguage\":\"fr-FR\",\"potentialAction\":[{\"@type\":\"ReadAction\",\"target\":[\"https:\/\/www.duboischemicals.com\/fleet-wash\/fr\/products\/\"]}]},{\"@type\":\"ImageObject\",\"inLanguage\":\"fr-FR\",\"@id\":\"https:\/\/www.duboischemicals.com\/fleet-wash\/fr\/products\/#primaryimage\",\"url\":\"https:\/\/www.duboischemicals.com\/fleet-wash\/wp-content\/uploads\/sites\/7\/2018\/10\/Speeding-Truck.png\",\"contentUrl\":\"https:\/\/www.duboischemicals.com\/fleet-wash\/wp-content\/uploads\/sites\/7\/2018\/10\/Speeding-Truck.png\",\"width\":460,\"height\":460},{\"@type\":\"BreadcrumbList\",\"@id\":\"https:\/\/www.duboischemicals.com\/fleet-wash\/fr\/products\/#breadcrumb\",\"itemListElement\":[{\"@type\":\"ListItem\",\"position\":1,\"name\":\"Accueil\",\"item\":\"https:\/\/www.duboischemicals.com\/fleet-wash\/fr\/\"},{\"@type\":\"ListItem\",\"position\":2,\"name\":\"Produits\"}]},{\"@type\":\"WebSite\",\"@id\":\"https:\/\/www.duboischemicals.com\/fleet-wash\/fr\/#website\",\"url\":\"https:\/\/www.duboischemicals.com\/fleet-wash\/fr\/\",\"name\":\"Lavage de parc\",\"description\":\"\",\"potentialAction\":[{\"@type\":\"SearchAction\",\"target\":{\"@type\":\"EntryPoint\",\"urlTemplate\":\"https:\/\/www.duboischemicals.com\/fleet-wash\/fr\/?s={search_term_string}\"},\"query-input\":{\"@type\":\"PropertyValueSpecification\",\"valueRequired\":true,\"valueName\":\"search_term_string\"}}],\"inLanguage\":\"fr-FR\"}]}<\/script>\n<!-- \/ Yoast SEO plugin. -->","yoast_head_json":{"title":"Produits - Lavage de parc","robots":{"index":"index","follow":"follow","max-snippet":"max-snippet:-1","max-image-preview":"max-image-preview:large","max-video-preview":"max-video-preview:-1"},"canonical":"https:\/\/www.duboischemicals.com\/fleet-wash\/fr\/products\/","og_locale":"fr_FR","og_type":"article","og_title":"Produits - Lavage de parc","og_description":"Lorsqu&rsquo;il s&rsquo;agit de nettoyer de gros v\u00e9hicules, les produits chimiques utilis\u00e9s jouent un r\u00f4le cl\u00e9. Contrairement \u00e0 la croyance populaire, tous les savons ne sont pas les m\u00eames! Votre repr\u00e9sentant DuBois est form\u00e9 pour \u00e9valuer...","og_url":"https:\/\/www.duboischemicals.com\/fleet-wash\/fr\/products\/","og_site_name":"Lavage de parc","article_modified_time":"2021-02-19T18:33:58+00:00","og_image":[{"width":460,"height":460,"url":"https:\/\/www.duboischemicals.com\/fleet-wash\/wp-content\/uploads\/sites\/7\/2018\/10\/Speeding-Truck.png","type":"image\/png"}],"twitter_card":"summary_large_image","twitter_misc":{"Dur\u00e9e de lecture estim\u00e9e":"1 minute"},"schema":{"@context":"https:\/\/schema.org","@graph":[{"@type":"WebPage","@id":"https:\/\/www.duboischemicals.com\/fleet-wash\/fr\/products\/","url":"https:\/\/www.duboischemicals.com\/fleet-wash\/fr\/products\/","name":"Produits - Lavage de parc","isPartOf":{"@id":"https:\/\/www.duboischemicals.com\/fleet-wash\/fr\/#website"},"primaryImageOfPage":{"@id":"https:\/\/www.duboischemicals.com\/fleet-wash\/fr\/products\/#primaryimage"},"image":{"@id":"https:\/\/www.duboischemicals.com\/fleet-wash\/fr\/products\/#primaryimage"},"thumbnailUrl":"https:\/\/www.duboischemicals.com\/fleet-wash\/wp-content\/uploads\/sites\/7\/2018\/10\/Speeding-Truck.png","datePublished":"2018-10-15T13:25:36+00:00","dateModified":"2021-02-19T18:33:58+00:00","breadcrumb":{"@id":"https:\/\/www.duboischemicals.com\/fleet-wash\/fr\/products\/#breadcrumb"},"inLanguage":"fr-FR","potentialAction":[{"@type":"ReadAction","target":["https:\/\/www.duboischemicals.com\/fleet-wash\/fr\/products\/"]}]},{"@type":"ImageObject","inLanguage":"fr-FR","@id":"https:\/\/www.duboischemicals.com\/fleet-wash\/fr\/products\/#primaryimage","url":"https:\/\/www.duboischemicals.com\/fleet-wash\/wp-content\/uploads\/sites\/7\/2018\/10\/Speeding-Truck.png","contentUrl":"https:\/\/www.duboischemicals.com\/fleet-wash\/wp-content\/uploads\/sites\/7\/2018\/10\/Speeding-Truck.png","width":460,"height":460},{"@type":"BreadcrumbList","@id":"https:\/\/www.duboischemicals.com\/fleet-wash\/fr\/products\/#breadcrumb","itemListElement":[{"@type":"ListItem","position":1,"name":"Accueil","item":"https:\/\/www.duboischemicals.com\/fleet-wash\/fr\/"},{"@type":"ListItem","position":2,"name":"Produits"}]},{"@type":"WebSite","@id":"https:\/\/www.duboischemicals.com\/fleet-wash\/fr\/#website","url":"https:\/\/www.duboischemicals.com\/fleet-wash\/fr\/","name":"Lavage de parc","description":"","potentialAction":[{"@type":"SearchAction","target":{"@type":"EntryPoint","urlTemplate":"https:\/\/www.duboischemicals.com\/fleet-wash\/fr\/?s={search_term_string}"},"query-input":{"@type":"PropertyValueSpecification","valueRequired":true,"valueName":"search_term_string"}}],"inLanguage":"fr-FR"}]}},"_links":{"self":[{"href":"https:\/\/www.duboischemicals.com\/fleet-wash\/fr\/wp-json\/wp\/v2\/pages\/13489","targetHints":{"allow":["GET"]}}],"collection":[{"href":"https:\/\/www.duboischemicals.com\/fleet-wash\/fr\/wp-json\/wp\/v2\/pages"}],"about":[{"href":"https:\/\/www.duboischemicals.com\/fleet-wash\/fr\/wp-json\/wp\/v2\/types\/page"}],"author":[{"embeddable":true,"href":"https:\/\/www.duboischemicals.com\/fleet-wash\/fr\/wp-json\/wp\/v2\/users\/220"}],"replies":[{"embeddable":true,"href":"https:\/\/www.duboischemicals.com\/fleet-wash\/fr\/wp-json\/wp\/v2\/comments?post=13489"}],"version-history":[{"count":2,"href":"https:\/\/www.duboischemicals.com\/fleet-wash\/fr\/wp-json\/wp\/v2\/pages\/13489\/revisions"}],"predecessor-version":[{"id":13901,"href":"https:\/\/www.duboischemicals.com\/fleet-wash\/fr\/wp-json\/wp\/v2\/pages\/13489\/revisions\/13901"}],"wp:featuredmedia":[{"embeddable":true,"href":"https:\/\/www.duboischemicals.com\/fleet-wash\/fr\/wp-json\/wp\/v2\/media\/13173"}],"wp:attachment":[{"href":"https:\/\/www.duboischemicals.com\/fleet-wash\/fr\/wp-json\/wp\/v2\/media?parent=13489"}],"curies":[{"name":"wp","href":"https:\/\/api.w.org\/{rel}","templated":true}]}}