{"id":13588,"date":"2018-10-15T17:43:24","date_gmt":"2018-10-15T21:43:24","guid":{"rendered":"https:\/\/www.duboischemicals.com\/\/fleet-wash\/equipment\/pressure-washers\/"},"modified":"2021-02-26T09:06:02","modified_gmt":"2021-02-26T14:06:02","slug":"pressure-washers","status":"publish","type":"page","link":"https:\/\/www.duboischemicals.com\/fleet-wash\/fr\/equipment\/pressure-washers\/","title":{"rendered":"Nettoyeur haute pression"},"content":{"rendered":"<h2>Nettoyeurs haute pression<\/h2>\n<p>Nos nettoyeurs haute pression du secteur sont con\u00e7us pour fournir la puissance, la fiabilit\u00e9 et la polyvalence n\u00e9cessaires \u00e0 une vari\u00e9t\u00e9 de besoins en mati\u00e8re de lavage de parcs. Nos appareils \u00e0 eau froide sont le choix id\u00e9al pour \u00e9liminer la salet\u00e9 et les d\u00e9bris, tandis que nos nettoyeurs haute pression \u00e0 eau chaude sont l&rsquo;outil le plus efficace pour d\u00e9loger la graisse, la salet\u00e9 et toute une s\u00e9rie d&rsquo;autres contaminants de pratiquement toutes les surfaces.<\/p>\n","protected":false},"excerpt":{"rendered":"<p>Nettoyeurs haute pression Nos nettoyeurs haute pression du secteur sont con\u00e7us pour fournir la puissance, la fiabilit\u00e9 et la polyvalence n\u00e9cessaires \u00e0 une vari\u00e9t\u00e9 de besoins en mati\u00e8re de lavage de parcs. Nos appareils \u00e0&#8230;<\/p>\n","protected":false},"author":220,"featured_media":0,"parent":13245,"menu_order":3,"comment_status":"closed","ping_status":"closed","template":"","meta":{"_acf_changed":false,"footnotes":""},"class_list":["post-13588","page","type-page","status-publish","hentry"],"acf":[],"yoast_head":"<!-- This site is optimized with the Yoast SEO plugin v26.8 - https:\/\/yoast.com\/product\/yoast-seo-wordpress\/ -->\n<title>Nettoyeur haute pression - Lavage de parc<\/title>\n<meta name=\"robots\" content=\"index, follow, max-snippet:-1, max-image-preview:large, max-video-preview:-1\" \/>\n<link rel=\"canonical\" href=\"https:\/\/www.duboischemicals.com\/fleet-wash\/fr\/equipment\/pressure-washers\/\" \/>\n<meta property=\"og:locale\" content=\"fr_FR\" \/>\n<meta property=\"og:type\" content=\"article\" \/>\n<meta property=\"og:title\" content=\"Nettoyeur haute pression - Lavage de parc\" \/>\n<meta property=\"og:description\" content=\"Nettoyeurs haute pression Nos nettoyeurs haute pression du secteur sont con\u00e7us pour fournir la puissance, la fiabilit\u00e9 et la polyvalence n\u00e9cessaires \u00e0 une vari\u00e9t\u00e9 de besoins en mati\u00e8re de lavage de parcs. Nos appareils \u00e0...\" \/>\n<meta property=\"og:url\" content=\"https:\/\/www.duboischemicals.com\/fleet-wash\/fr\/equipment\/pressure-washers\/\" \/>\n<meta property=\"og:site_name\" content=\"Lavage de parc\" \/>\n<meta property=\"article:modified_time\" content=\"2021-02-26T14:06:02+00:00\" \/>\n<meta name=\"twitter:card\" content=\"summary_large_image\" \/>\n<script type=\"application\/ld+json\" class=\"yoast-schema-graph\">{\"@context\":\"https:\/\/schema.org\",\"@graph\":[{\"@type\":\"WebPage\",\"@id\":\"https:\/\/www.duboischemicals.com\/fleet-wash\/fr\/equipment\/pressure-washers\/\",\"url\":\"https:\/\/www.duboischemicals.com\/fleet-wash\/fr\/equipment\/pressure-washers\/\",\"name\":\"Nettoyeur haute pression - Lavage de parc\",\"isPartOf\":{\"@id\":\"https:\/\/www.duboischemicals.com\/fleet-wash\/fr\/#website\"},\"datePublished\":\"2018-10-15T21:43:24+00:00\",\"dateModified\":\"2021-02-26T14:06:02+00:00\",\"breadcrumb\":{\"@id\":\"https:\/\/www.duboischemicals.com\/fleet-wash\/fr\/equipment\/pressure-washers\/#breadcrumb\"},\"inLanguage\":\"fr-FR\",\"potentialAction\":[{\"@type\":\"ReadAction\",\"target\":[\"https:\/\/www.duboischemicals.com\/fleet-wash\/fr\/equipment\/pressure-washers\/\"]}]},{\"@type\":\"BreadcrumbList\",\"@id\":\"https:\/\/www.duboischemicals.com\/fleet-wash\/fr\/equipment\/pressure-washers\/#breadcrumb\",\"itemListElement\":[{\"@type\":\"ListItem\",\"position\":1,\"name\":\"Accueil\",\"item\":\"https:\/\/www.duboischemicals.com\/fleet-wash\/fr\/\"},{\"@type\":\"ListItem\",\"position\":2,\"name\":\"\u00c9quipement\",\"item\":\"https:\/\/www.duboischemicals.com\/fleet-wash\/fr\/equipment\/\"},{\"@type\":\"ListItem\",\"position\":3,\"name\":\"Nettoyeur haute pression\"}]},{\"@type\":\"WebSite\",\"@id\":\"https:\/\/www.duboischemicals.com\/fleet-wash\/fr\/#website\",\"url\":\"https:\/\/www.duboischemicals.com\/fleet-wash\/fr\/\",\"name\":\"Lavage de parc\",\"description\":\"\",\"potentialAction\":[{\"@type\":\"SearchAction\",\"target\":{\"@type\":\"EntryPoint\",\"urlTemplate\":\"https:\/\/www.duboischemicals.com\/fleet-wash\/fr\/?s={search_term_string}\"},\"query-input\":{\"@type\":\"PropertyValueSpecification\",\"valueRequired\":true,\"valueName\":\"search_term_string\"}}],\"inLanguage\":\"fr-FR\"}]}<\/script>\n<!-- \/ Yoast SEO plugin. -->","yoast_head_json":{"title":"Nettoyeur haute pression - Lavage de parc","robots":{"index":"index","follow":"follow","max-snippet":"max-snippet:-1","max-image-preview":"max-image-preview:large","max-video-preview":"max-video-preview:-1"},"canonical":"https:\/\/www.duboischemicals.com\/fleet-wash\/fr\/equipment\/pressure-washers\/","og_locale":"fr_FR","og_type":"article","og_title":"Nettoyeur haute pression - Lavage de parc","og_description":"Nettoyeurs haute pression Nos nettoyeurs haute pression du secteur sont con\u00e7us pour fournir la puissance, la fiabilit\u00e9 et la polyvalence n\u00e9cessaires \u00e0 une vari\u00e9t\u00e9 de besoins en mati\u00e8re de lavage de parcs. Nos appareils \u00e0...","og_url":"https:\/\/www.duboischemicals.com\/fleet-wash\/fr\/equipment\/pressure-washers\/","og_site_name":"Lavage de parc","article_modified_time":"2021-02-26T14:06:02+00:00","twitter_card":"summary_large_image","schema":{"@context":"https:\/\/schema.org","@graph":[{"@type":"WebPage","@id":"https:\/\/www.duboischemicals.com\/fleet-wash\/fr\/equipment\/pressure-washers\/","url":"https:\/\/www.duboischemicals.com\/fleet-wash\/fr\/equipment\/pressure-washers\/","name":"Nettoyeur haute pression - Lavage de parc","isPartOf":{"@id":"https:\/\/www.duboischemicals.com\/fleet-wash\/fr\/#website"},"datePublished":"2018-10-15T21:43:24+00:00","dateModified":"2021-02-26T14:06:02+00:00","breadcrumb":{"@id":"https:\/\/www.duboischemicals.com\/fleet-wash\/fr\/equipment\/pressure-washers\/#breadcrumb"},"inLanguage":"fr-FR","potentialAction":[{"@type":"ReadAction","target":["https:\/\/www.duboischemicals.com\/fleet-wash\/fr\/equipment\/pressure-washers\/"]}]},{"@type":"BreadcrumbList","@id":"https:\/\/www.duboischemicals.com\/fleet-wash\/fr\/equipment\/pressure-washers\/#breadcrumb","itemListElement":[{"@type":"ListItem","position":1,"name":"Accueil","item":"https:\/\/www.duboischemicals.com\/fleet-wash\/fr\/"},{"@type":"ListItem","position":2,"name":"\u00c9quipement","item":"https:\/\/www.duboischemicals.com\/fleet-wash\/fr\/equipment\/"},{"@type":"ListItem","position":3,"name":"Nettoyeur haute pression"}]},{"@type":"WebSite","@id":"https:\/\/www.duboischemicals.com\/fleet-wash\/fr\/#website","url":"https:\/\/www.duboischemicals.com\/fleet-wash\/fr\/","name":"Lavage de parc","description":"","potentialAction":[{"@type":"SearchAction","target":{"@type":"EntryPoint","urlTemplate":"https:\/\/www.duboischemicals.com\/fleet-wash\/fr\/?s={search_term_string}"},"query-input":{"@type":"PropertyValueSpecification","valueRequired":true,"valueName":"search_term_string"}}],"inLanguage":"fr-FR"}]}},"_links":{"self":[{"href":"https:\/\/www.duboischemicals.com\/fleet-wash\/fr\/wp-json\/wp\/v2\/pages\/13588","targetHints":{"allow":["GET"]}}],"collection":[{"href":"https:\/\/www.duboischemicals.com\/fleet-wash\/fr\/wp-json\/wp\/v2\/pages"}],"about":[{"href":"https:\/\/www.duboischemicals.com\/fleet-wash\/fr\/wp-json\/wp\/v2\/types\/page"}],"author":[{"embeddable":true,"href":"https:\/\/www.duboischemicals.com\/fleet-wash\/fr\/wp-json\/wp\/v2\/users\/220"}],"replies":[{"embeddable":true,"href":"https:\/\/www.duboischemicals.com\/fleet-wash\/fr\/wp-json\/wp\/v2\/comments?post=13588"}],"version-history":[{"count":3,"href":"https:\/\/www.duboischemicals.com\/fleet-wash\/fr\/wp-json\/wp\/v2\/pages\/13588\/revisions"}],"predecessor-version":[{"id":14009,"href":"https:\/\/www.duboischemicals.com\/fleet-wash\/fr\/wp-json\/wp\/v2\/pages\/13588\/revisions\/14009"}],"up":[{"embeddable":true,"href":"https:\/\/www.duboischemicals.com\/fleet-wash\/fr\/wp-json\/wp\/v2\/pages\/13245"}],"wp:attachment":[{"href":"https:\/\/www.duboischemicals.com\/fleet-wash\/fr\/wp-json\/wp\/v2\/media?parent=13588"}],"curies":[{"name":"wp","href":"https:\/\/api.w.org\/{rel}","templated":true}]}}