{"id":13592,"date":"2018-10-15T18:31:40","date_gmt":"2018-10-15T22:31:40","guid":{"rendered":"https:\/\/www.duboischemicals.com\/\/fleet-wash\/products\/alkaline-products\/"},"modified":"2021-02-26T04:41:36","modified_gmt":"2021-02-26T09:41:36","slug":"alkaline-products","status":"publish","type":"page","link":"https:\/\/www.duboischemicals.com\/fleet-wash\/fr\/products\/alkaline-products\/","title":{"rendered":"Produits alcalins"},"content":{"rendered":"<p><strong>Transit Kleen<\/strong> \u2013 Notre meilleur nettoyant liquide de service intensif, tr\u00e8s alcalin, pour le lavage de l&rsquo;ext\u00e9rieur des v\u00e9hicules de transport. Transit Kleen p\u00e9n\u00e8tre et d\u00e9loge les salet\u00e9s les plus tenaces sur les surfaces des v\u00e9hicules et laisse une surface propre sans r\u00e9sidus. Il \u00e9limine les salet\u00e9s importantes de la route \u00e0 des dilutions faiblement concentr\u00e9es pour le lavage \u00e9conomique des v\u00e9hicules. Utilis\u00e9 r\u00e9guli\u00e8rement, Transit Kleen fera briller l\u2019aluminium. Transit Kleen ne contient ni phosphates, ni aucune substance \u00e0 d\u00e9claration obligatoire en vertu de l\u2019article\u00a0313 du Superfund Amendments and Reauthorization Act (SARA \u00a7\u00a0313).<\/p>\n<p><strong>Total Power<\/strong> \u2013 Un nettoyant alcalin concentr\u00e9 en poudre \u00e0 usage intensif pour le nettoyage de l\u2019ext\u00e9rieur des v\u00e9hicules. Total Power p\u00e9n\u00e8tre les salet\u00e9s tenaces sur les surfaces des v\u00e9hicules. Lorsqu\u2019il est utilis\u00e9 en combinaison avec le syst\u00e8me SuperSat<sup>\u00ae<\/sup>, Total Power offre une puissance de nettoyage impressionnante tout en diminuant les co\u00fbts.<\/p>\n<p><strong>Restore<\/strong> \u2013 Un nettoyant alcalin liquide \u00e0 usage intensif pour le lavage de l\u2019ext\u00e9rieur des v\u00e9hicules. Il dissout efficacement les salet\u00e9s de la route et les d\u00e9p\u00f4ts d\u2019\u00e9chappement en plus d\u2019\u00e9liminer les souillures normales des surfaces peintes. Restore est efficace dans l\u2019eau douce et dure et peut \u00eatre utilis\u00e9 dans le cadre de programmes de nettoyage \u00e0 une ou deux \u00e9tapes (acide \/ alcalin). Il est sans danger pour l\u2019aluminium poli ou anodis\u00e9.<\/p>\n<p><strong>Customer Clean 4000<\/strong> \u2013 Un nettoyant puissant \u00e0 base de produits alcalins et de solvants pour laver l\u2019ext\u00e9rieur des v\u00e9hicules de transport. Custom Clean 4000 p\u00e9n\u00e8tre et d\u00e9loge les salet\u00e9s les plus tenaces des surfaces des v\u00e9hicules, tout en \u00e9tant sans danger pour l\u2019aluminium poli ou anodis\u00e9.<\/p>\n<p><strong>Transit-Jel<\/strong> \u2013 Un nettoyant alcalin doux, polyvalent et efficace pour \u00e9liminer les salet\u00e9s dans des contextes vari\u00e9s. Lorsqu\u2019il est utilis\u00e9 tel quel, Transit-Jel peut \u00eatre utilis\u00e9 pour le nettoyage dans le cadre d\u2019applications industrielles plus lourdes. Transit-Jel adh\u00e8re aux surfaces verticales, assurant ainsi un contact \u00e9troit et prolong\u00e9 sur les taches tenaces.<\/p>\n","protected":false},"excerpt":{"rendered":"<p>Transit Kleen \u2013 Notre meilleur nettoyant liquide de service intensif, tr\u00e8s alcalin, pour le lavage de l&rsquo;ext\u00e9rieur des v\u00e9hicules de transport. Transit Kleen p\u00e9n\u00e8tre et d\u00e9loge les salet\u00e9s les plus tenaces sur les surfaces des&#8230;<\/p>\n","protected":false},"author":220,"featured_media":0,"parent":13489,"menu_order":1,"comment_status":"closed","ping_status":"closed","template":"template-prodinfo.php","meta":{"_acf_changed":false,"footnotes":""},"class_list":["post-13592","page","type-page","status-publish","hentry"],"acf":[],"yoast_head":"<!-- This site is optimized with the Yoast SEO plugin v26.8 - https:\/\/yoast.com\/product\/yoast-seo-wordpress\/ -->\n<title>Produits alcalins - Lavage de parc<\/title>\n<meta name=\"robots\" content=\"index, follow, max-snippet:-1, max-image-preview:large, max-video-preview:-1\" \/>\n<link rel=\"canonical\" href=\"https:\/\/www.duboischemicals.com\/fleet-wash\/fr\/products\/alkaline-products\/\" \/>\n<meta property=\"og:locale\" content=\"fr_FR\" \/>\n<meta property=\"og:type\" content=\"article\" \/>\n<meta property=\"og:title\" content=\"Produits alcalins - Lavage de parc\" \/>\n<meta property=\"og:description\" content=\"Transit Kleen \u2013 Notre meilleur nettoyant liquide de service intensif, tr\u00e8s alcalin, pour le lavage de l&rsquo;ext\u00e9rieur des v\u00e9hicules de transport. Transit Kleen p\u00e9n\u00e8tre et d\u00e9loge les salet\u00e9s les plus tenaces sur les surfaces des...\" \/>\n<meta property=\"og:url\" content=\"https:\/\/www.duboischemicals.com\/fleet-wash\/fr\/products\/alkaline-products\/\" \/>\n<meta property=\"og:site_name\" content=\"Lavage de parc\" \/>\n<meta property=\"article:modified_time\" content=\"2021-02-26T09:41:36+00:00\" \/>\n<meta name=\"twitter:card\" content=\"summary_large_image\" \/>\n<meta name=\"twitter:label1\" content=\"Dur\u00e9e de lecture estim\u00e9e\" \/>\n\t<meta name=\"twitter:data1\" content=\"2 minutes\" \/>\n<script type=\"application\/ld+json\" class=\"yoast-schema-graph\">{\"@context\":\"https:\/\/schema.org\",\"@graph\":[{\"@type\":\"WebPage\",\"@id\":\"https:\/\/www.duboischemicals.com\/fleet-wash\/fr\/products\/alkaline-products\/\",\"url\":\"https:\/\/www.duboischemicals.com\/fleet-wash\/fr\/products\/alkaline-products\/\",\"name\":\"Produits alcalins - Lavage de parc\",\"isPartOf\":{\"@id\":\"https:\/\/www.duboischemicals.com\/fleet-wash\/fr\/#website\"},\"datePublished\":\"2018-10-15T22:31:40+00:00\",\"dateModified\":\"2021-02-26T09:41:36+00:00\",\"breadcrumb\":{\"@id\":\"https:\/\/www.duboischemicals.com\/fleet-wash\/fr\/products\/alkaline-products\/#breadcrumb\"},\"inLanguage\":\"fr-FR\",\"potentialAction\":[{\"@type\":\"ReadAction\",\"target\":[\"https:\/\/www.duboischemicals.com\/fleet-wash\/fr\/products\/alkaline-products\/\"]}]},{\"@type\":\"BreadcrumbList\",\"@id\":\"https:\/\/www.duboischemicals.com\/fleet-wash\/fr\/products\/alkaline-products\/#breadcrumb\",\"itemListElement\":[{\"@type\":\"ListItem\",\"position\":1,\"name\":\"Accueil\",\"item\":\"https:\/\/www.duboischemicals.com\/fleet-wash\/fr\/\"},{\"@type\":\"ListItem\",\"position\":2,\"name\":\"Produits\",\"item\":\"https:\/\/www.duboischemicals.com\/fleet-wash\/fr\/products\/\"},{\"@type\":\"ListItem\",\"position\":3,\"name\":\"Produits alcalins\"}]},{\"@type\":\"WebSite\",\"@id\":\"https:\/\/www.duboischemicals.com\/fleet-wash\/fr\/#website\",\"url\":\"https:\/\/www.duboischemicals.com\/fleet-wash\/fr\/\",\"name\":\"Lavage de parc\",\"description\":\"\",\"potentialAction\":[{\"@type\":\"SearchAction\",\"target\":{\"@type\":\"EntryPoint\",\"urlTemplate\":\"https:\/\/www.duboischemicals.com\/fleet-wash\/fr\/?s={search_term_string}\"},\"query-input\":{\"@type\":\"PropertyValueSpecification\",\"valueRequired\":true,\"valueName\":\"search_term_string\"}}],\"inLanguage\":\"fr-FR\"}]}<\/script>\n<!-- \/ Yoast SEO plugin. -->","yoast_head_json":{"title":"Produits alcalins - Lavage de parc","robots":{"index":"index","follow":"follow","max-snippet":"max-snippet:-1","max-image-preview":"max-image-preview:large","max-video-preview":"max-video-preview:-1"},"canonical":"https:\/\/www.duboischemicals.com\/fleet-wash\/fr\/products\/alkaline-products\/","og_locale":"fr_FR","og_type":"article","og_title":"Produits alcalins - Lavage de parc","og_description":"Transit Kleen \u2013 Notre meilleur nettoyant liquide de service intensif, tr\u00e8s alcalin, pour le lavage de l&rsquo;ext\u00e9rieur des v\u00e9hicules de transport. Transit Kleen p\u00e9n\u00e8tre et d\u00e9loge les salet\u00e9s les plus tenaces sur les surfaces des...","og_url":"https:\/\/www.duboischemicals.com\/fleet-wash\/fr\/products\/alkaline-products\/","og_site_name":"Lavage de parc","article_modified_time":"2021-02-26T09:41:36+00:00","twitter_card":"summary_large_image","twitter_misc":{"Dur\u00e9e de lecture estim\u00e9e":"2 minutes"},"schema":{"@context":"https:\/\/schema.org","@graph":[{"@type":"WebPage","@id":"https:\/\/www.duboischemicals.com\/fleet-wash\/fr\/products\/alkaline-products\/","url":"https:\/\/www.duboischemicals.com\/fleet-wash\/fr\/products\/alkaline-products\/","name":"Produits alcalins - Lavage de parc","isPartOf":{"@id":"https:\/\/www.duboischemicals.com\/fleet-wash\/fr\/#website"},"datePublished":"2018-10-15T22:31:40+00:00","dateModified":"2021-02-26T09:41:36+00:00","breadcrumb":{"@id":"https:\/\/www.duboischemicals.com\/fleet-wash\/fr\/products\/alkaline-products\/#breadcrumb"},"inLanguage":"fr-FR","potentialAction":[{"@type":"ReadAction","target":["https:\/\/www.duboischemicals.com\/fleet-wash\/fr\/products\/alkaline-products\/"]}]},{"@type":"BreadcrumbList","@id":"https:\/\/www.duboischemicals.com\/fleet-wash\/fr\/products\/alkaline-products\/#breadcrumb","itemListElement":[{"@type":"ListItem","position":1,"name":"Accueil","item":"https:\/\/www.duboischemicals.com\/fleet-wash\/fr\/"},{"@type":"ListItem","position":2,"name":"Produits","item":"https:\/\/www.duboischemicals.com\/fleet-wash\/fr\/products\/"},{"@type":"ListItem","position":3,"name":"Produits alcalins"}]},{"@type":"WebSite","@id":"https:\/\/www.duboischemicals.com\/fleet-wash\/fr\/#website","url":"https:\/\/www.duboischemicals.com\/fleet-wash\/fr\/","name":"Lavage de parc","description":"","potentialAction":[{"@type":"SearchAction","target":{"@type":"EntryPoint","urlTemplate":"https:\/\/www.duboischemicals.com\/fleet-wash\/fr\/?s={search_term_string}"},"query-input":{"@type":"PropertyValueSpecification","valueRequired":true,"valueName":"search_term_string"}}],"inLanguage":"fr-FR"}]}},"_links":{"self":[{"href":"https:\/\/www.duboischemicals.com\/fleet-wash\/fr\/wp-json\/wp\/v2\/pages\/13592","targetHints":{"allow":["GET"]}}],"collection":[{"href":"https:\/\/www.duboischemicals.com\/fleet-wash\/fr\/wp-json\/wp\/v2\/pages"}],"about":[{"href":"https:\/\/www.duboischemicals.com\/fleet-wash\/fr\/wp-json\/wp\/v2\/types\/page"}],"author":[{"embeddable":true,"href":"https:\/\/www.duboischemicals.com\/fleet-wash\/fr\/wp-json\/wp\/v2\/users\/220"}],"replies":[{"embeddable":true,"href":"https:\/\/www.duboischemicals.com\/fleet-wash\/fr\/wp-json\/wp\/v2\/comments?post=13592"}],"version-history":[{"count":3,"href":"https:\/\/www.duboischemicals.com\/fleet-wash\/fr\/wp-json\/wp\/v2\/pages\/13592\/revisions"}],"predecessor-version":[{"id":14008,"href":"https:\/\/www.duboischemicals.com\/fleet-wash\/fr\/wp-json\/wp\/v2\/pages\/13592\/revisions\/14008"}],"up":[{"embeddable":true,"href":"https:\/\/www.duboischemicals.com\/fleet-wash\/fr\/wp-json\/wp\/v2\/pages\/13489"}],"wp:attachment":[{"href":"https:\/\/www.duboischemicals.com\/fleet-wash\/fr\/wp-json\/wp\/v2\/media?parent=13592"}],"curies":[{"name":"wp","href":"https:\/\/api.w.org\/{rel}","templated":true}]}}