{"id":13593,"date":"2018-10-15T18:31:50","date_gmt":"2018-10-15T22:31:50","guid":{"rendered":"https:\/\/www.duboischemicals.com\/\/fleet-wash\/products\/acid-products\/"},"modified":"2021-02-26T04:41:34","modified_gmt":"2021-02-26T09:41:34","slug":"acid-products","status":"publish","type":"page","link":"https:\/\/www.duboischemicals.com\/fleet-wash\/fr\/products\/acid-products\/","title":{"rendered":"Produits acides"},"content":{"rendered":"<p><strong>Rhino Brite Triple X<\/strong> \u2013 Un fort pr\u00e9trempage acide \u00e0 faible pH. Ce nettoyant acide ultramoussant \u00e0 action rapide \u00e9limine les salet\u00e9s de la route et les taches de pare-brise les plus tenaces. Il s\u2019agit \u00e9galement d\u2019un nettoyant efficace pour les roues. Ce m\u00e9lange acide contient de l\u2019acide fluorhydrique pour d\u00e9loger les grosses salet\u00e9s de la route et les poussi\u00e8res de freinage qui r\u00e9sistent souvent aux nettoyants acides ordinaires.<\/p>\n<p><strong>Transit Brite<\/strong> \u2013 Compos\u00e9 d&rsquo;un m\u00e9lange unique d\u2019acides et de surfactants sp\u00e9cialement con\u00e7u pour le nettoyage ext\u00e9rieur des v\u00e9hicules et le brillantage de l\u2019aluminium dans les applications de transport et industrielles. Il \u00e9limine les salet\u00e9s de la route, les traces d\u2019\u00e9chappement diesel, les taches d\u2019hydrocarbures et les oxydes m\u00e9talliques des surfaces peintes, de l\u2019acier, du chrome et de divers alliages. Transit Brite ne contient pas de phosphates ni d\u2019acide fluorhydrique.<\/p>\n<p><strong>Transit Brite<\/strong> \u2013 Un m\u00e9lange unique d\u2019acides et d\u2019agents tensioactifs con\u00e7us pour le nettoyage ext\u00e9rieur des v\u00e9hicules. So-Brite Plus pr\u00e9sente les avantages du brillantage de l\u2019aluminium sans les effets corrosifs et nocifs de l\u2019acide fluorhydrique. Ce produit fait briller efficacement l\u2019aluminium et \u00e9limine les graisses, les huiles, les oxydes de rouille et les autres souillures que l\u2019on retrouve sur les v\u00e9hicules lourds dans les secteurs du transport et de la construction ainsi que de l\u2019industrie mini\u00e8re.<\/p>\n<p><strong>Bright Test LV<\/strong> \u2013 Un compos\u00e9 de nettoyage acide pour les surfaces ext\u00e9rieures de tous les v\u00e9hicules ferroviaires. Bright Test LV \u00e9limine efficacement la crasse et la poussi\u00e8re de fer incrust\u00e9es sur les moteurs diesel, les fourgons de queue, les wagons surbaiss\u00e9s et d\u2019autres endroits pr\u00e9sentant une \u00e9paisse accumulation de salissures d\u2019oxyde de fer. Ce produit ne contient pas d\u2019acide sulfurique, chlorhydrique, fluorhydrique ou phosphorique, ni d\u2019autres acides inorganiques dangereux, ni de fluorures. Bright Test LV ne contient aucune substance \u00e0 d\u00e9claration obligatoire en vertu de l\u2019article\u00a0313 du Superfund Amendments and Reauthorization Act (SARA \u00a7\u00a0313).<\/p>\n","protected":false},"excerpt":{"rendered":"<p>Rhino Brite Triple X \u2013 Un fort pr\u00e9trempage acide \u00e0 faible pH. Ce nettoyant acide ultramoussant \u00e0 action rapide \u00e9limine les salet\u00e9s de la route et les taches de pare-brise les plus tenaces. Il s\u2019agit&#8230;<\/p>\n","protected":false},"author":220,"featured_media":14123,"parent":13489,"menu_order":2,"comment_status":"closed","ping_status":"closed","template":"template-prodinfo.php","meta":{"_acf_changed":false,"footnotes":""},"class_list":["post-13593","page","type-page","status-publish","has-post-thumbnail","hentry"],"acf":[],"yoast_head":"<!-- This site is optimized with the Yoast SEO plugin v26.8 - https:\/\/yoast.com\/product\/yoast-seo-wordpress\/ -->\n<title>Produits acides - Lavage de parc<\/title>\n<meta name=\"robots\" content=\"index, follow, max-snippet:-1, max-image-preview:large, max-video-preview:-1\" \/>\n<link rel=\"canonical\" href=\"https:\/\/www.duboischemicals.com\/fleet-wash\/fr\/products\/acid-products\/\" \/>\n<meta property=\"og:locale\" content=\"fr_FR\" \/>\n<meta property=\"og:type\" content=\"article\" \/>\n<meta property=\"og:title\" content=\"Produits acides - Lavage de parc\" \/>\n<meta property=\"og:description\" content=\"Rhino Brite Triple X \u2013 Un fort pr\u00e9trempage acide \u00e0 faible pH. Ce nettoyant acide ultramoussant \u00e0 action rapide \u00e9limine les salet\u00e9s de la route et les taches de pare-brise les plus tenaces. Il s\u2019agit...\" \/>\n<meta property=\"og:url\" content=\"https:\/\/www.duboischemicals.com\/fleet-wash\/fr\/products\/acid-products\/\" \/>\n<meta property=\"og:site_name\" content=\"Lavage de parc\" \/>\n<meta property=\"article:modified_time\" content=\"2021-02-26T09:41:34+00:00\" \/>\n<meta name=\"twitter:card\" content=\"summary_large_image\" \/>\n<meta name=\"twitter:label1\" content=\"Dur\u00e9e de lecture estim\u00e9e\" \/>\n\t<meta name=\"twitter:data1\" content=\"2 minutes\" \/>\n<script type=\"application\/ld+json\" class=\"yoast-schema-graph\">{\"@context\":\"https:\/\/schema.org\",\"@graph\":[{\"@type\":\"WebPage\",\"@id\":\"https:\/\/www.duboischemicals.com\/fleet-wash\/fr\/products\/acid-products\/\",\"url\":\"https:\/\/www.duboischemicals.com\/fleet-wash\/fr\/products\/acid-products\/\",\"name\":\"Produits acides - Lavage de parc\",\"isPartOf\":{\"@id\":\"https:\/\/www.duboischemicals.com\/fleet-wash\/fr\/#website\"},\"primaryImageOfPage\":{\"@id\":\"https:\/\/www.duboischemicals.com\/fleet-wash\/fr\/products\/acid-products\/#primaryimage\"},\"image\":{\"@id\":\"https:\/\/www.duboischemicals.com\/fleet-wash\/fr\/products\/acid-products\/#primaryimage\"},\"thumbnailUrl\":\"https:\/\/www.duboischemicals.com\/fleet-wash\/wp-content\/uploads\/sites\/7\/2023\/06\/107.png\",\"datePublished\":\"2018-10-15T22:31:50+00:00\",\"dateModified\":\"2021-02-26T09:41:34+00:00\",\"breadcrumb\":{\"@id\":\"https:\/\/www.duboischemicals.com\/fleet-wash\/fr\/products\/acid-products\/#breadcrumb\"},\"inLanguage\":\"fr-FR\",\"potentialAction\":[{\"@type\":\"ReadAction\",\"target\":[\"https:\/\/www.duboischemicals.com\/fleet-wash\/fr\/products\/acid-products\/\"]}]},{\"@type\":\"ImageObject\",\"inLanguage\":\"fr-FR\",\"@id\":\"https:\/\/www.duboischemicals.com\/fleet-wash\/fr\/products\/acid-products\/#primaryimage\",\"url\":\"https:\/\/www.duboischemicals.com\/fleet-wash\/wp-content\/uploads\/sites\/7\/2023\/06\/107.png\",\"contentUrl\":\"https:\/\/www.duboischemicals.com\/fleet-wash\/wp-content\/uploads\/sites\/7\/2023\/06\/107.png\",\"width\":450,\"height\":450,\"caption\":\"Acid Products Icon\"},{\"@type\":\"BreadcrumbList\",\"@id\":\"https:\/\/www.duboischemicals.com\/fleet-wash\/fr\/products\/acid-products\/#breadcrumb\",\"itemListElement\":[{\"@type\":\"ListItem\",\"position\":1,\"name\":\"Accueil\",\"item\":\"https:\/\/www.duboischemicals.com\/fleet-wash\/fr\/\"},{\"@type\":\"ListItem\",\"position\":2,\"name\":\"Produits\",\"item\":\"https:\/\/www.duboischemicals.com\/fleet-wash\/fr\/products\/\"},{\"@type\":\"ListItem\",\"position\":3,\"name\":\"Produits acides\"}]},{\"@type\":\"WebSite\",\"@id\":\"https:\/\/www.duboischemicals.com\/fleet-wash\/fr\/#website\",\"url\":\"https:\/\/www.duboischemicals.com\/fleet-wash\/fr\/\",\"name\":\"Lavage de parc\",\"description\":\"\",\"potentialAction\":[{\"@type\":\"SearchAction\",\"target\":{\"@type\":\"EntryPoint\",\"urlTemplate\":\"https:\/\/www.duboischemicals.com\/fleet-wash\/fr\/?s={search_term_string}\"},\"query-input\":{\"@type\":\"PropertyValueSpecification\",\"valueRequired\":true,\"valueName\":\"search_term_string\"}}],\"inLanguage\":\"fr-FR\"}]}<\/script>\n<!-- \/ Yoast SEO plugin. -->","yoast_head_json":{"title":"Produits acides - Lavage de parc","robots":{"index":"index","follow":"follow","max-snippet":"max-snippet:-1","max-image-preview":"max-image-preview:large","max-video-preview":"max-video-preview:-1"},"canonical":"https:\/\/www.duboischemicals.com\/fleet-wash\/fr\/products\/acid-products\/","og_locale":"fr_FR","og_type":"article","og_title":"Produits acides - Lavage de parc","og_description":"Rhino Brite Triple X \u2013 Un fort pr\u00e9trempage acide \u00e0 faible pH. Ce nettoyant acide ultramoussant \u00e0 action rapide \u00e9limine les salet\u00e9s de la route et les taches de pare-brise les plus tenaces. Il s\u2019agit...","og_url":"https:\/\/www.duboischemicals.com\/fleet-wash\/fr\/products\/acid-products\/","og_site_name":"Lavage de parc","article_modified_time":"2021-02-26T09:41:34+00:00","twitter_card":"summary_large_image","twitter_misc":{"Dur\u00e9e de lecture estim\u00e9e":"2 minutes"},"schema":{"@context":"https:\/\/schema.org","@graph":[{"@type":"WebPage","@id":"https:\/\/www.duboischemicals.com\/fleet-wash\/fr\/products\/acid-products\/","url":"https:\/\/www.duboischemicals.com\/fleet-wash\/fr\/products\/acid-products\/","name":"Produits acides - Lavage de parc","isPartOf":{"@id":"https:\/\/www.duboischemicals.com\/fleet-wash\/fr\/#website"},"primaryImageOfPage":{"@id":"https:\/\/www.duboischemicals.com\/fleet-wash\/fr\/products\/acid-products\/#primaryimage"},"image":{"@id":"https:\/\/www.duboischemicals.com\/fleet-wash\/fr\/products\/acid-products\/#primaryimage"},"thumbnailUrl":"https:\/\/www.duboischemicals.com\/fleet-wash\/wp-content\/uploads\/sites\/7\/2023\/06\/107.png","datePublished":"2018-10-15T22:31:50+00:00","dateModified":"2021-02-26T09:41:34+00:00","breadcrumb":{"@id":"https:\/\/www.duboischemicals.com\/fleet-wash\/fr\/products\/acid-products\/#breadcrumb"},"inLanguage":"fr-FR","potentialAction":[{"@type":"ReadAction","target":["https:\/\/www.duboischemicals.com\/fleet-wash\/fr\/products\/acid-products\/"]}]},{"@type":"ImageObject","inLanguage":"fr-FR","@id":"https:\/\/www.duboischemicals.com\/fleet-wash\/fr\/products\/acid-products\/#primaryimage","url":"https:\/\/www.duboischemicals.com\/fleet-wash\/wp-content\/uploads\/sites\/7\/2023\/06\/107.png","contentUrl":"https:\/\/www.duboischemicals.com\/fleet-wash\/wp-content\/uploads\/sites\/7\/2023\/06\/107.png","width":450,"height":450,"caption":"Acid Products Icon"},{"@type":"BreadcrumbList","@id":"https:\/\/www.duboischemicals.com\/fleet-wash\/fr\/products\/acid-products\/#breadcrumb","itemListElement":[{"@type":"ListItem","position":1,"name":"Accueil","item":"https:\/\/www.duboischemicals.com\/fleet-wash\/fr\/"},{"@type":"ListItem","position":2,"name":"Produits","item":"https:\/\/www.duboischemicals.com\/fleet-wash\/fr\/products\/"},{"@type":"ListItem","position":3,"name":"Produits acides"}]},{"@type":"WebSite","@id":"https:\/\/www.duboischemicals.com\/fleet-wash\/fr\/#website","url":"https:\/\/www.duboischemicals.com\/fleet-wash\/fr\/","name":"Lavage de parc","description":"","potentialAction":[{"@type":"SearchAction","target":{"@type":"EntryPoint","urlTemplate":"https:\/\/www.duboischemicals.com\/fleet-wash\/fr\/?s={search_term_string}"},"query-input":{"@type":"PropertyValueSpecification","valueRequired":true,"valueName":"search_term_string"}}],"inLanguage":"fr-FR"}]}},"_links":{"self":[{"href":"https:\/\/www.duboischemicals.com\/fleet-wash\/fr\/wp-json\/wp\/v2\/pages\/13593","targetHints":{"allow":["GET"]}}],"collection":[{"href":"https:\/\/www.duboischemicals.com\/fleet-wash\/fr\/wp-json\/wp\/v2\/pages"}],"about":[{"href":"https:\/\/www.duboischemicals.com\/fleet-wash\/fr\/wp-json\/wp\/v2\/types\/page"}],"author":[{"embeddable":true,"href":"https:\/\/www.duboischemicals.com\/fleet-wash\/fr\/wp-json\/wp\/v2\/users\/220"}],"replies":[{"embeddable":true,"href":"https:\/\/www.duboischemicals.com\/fleet-wash\/fr\/wp-json\/wp\/v2\/comments?post=13593"}],"version-history":[{"count":3,"href":"https:\/\/www.duboischemicals.com\/fleet-wash\/fr\/wp-json\/wp\/v2\/pages\/13593\/revisions"}],"predecessor-version":[{"id":14007,"href":"https:\/\/www.duboischemicals.com\/fleet-wash\/fr\/wp-json\/wp\/v2\/pages\/13593\/revisions\/14007"}],"up":[{"embeddable":true,"href":"https:\/\/www.duboischemicals.com\/fleet-wash\/fr\/wp-json\/wp\/v2\/pages\/13489"}],"wp:featuredmedia":[{"embeddable":true,"href":"https:\/\/www.duboischemicals.com\/fleet-wash\/fr\/wp-json\/wp\/v2\/media\/14123"}],"wp:attachment":[{"href":"https:\/\/www.duboischemicals.com\/fleet-wash\/fr\/wp-json\/wp\/v2\/media?parent=13593"}],"curies":[{"name":"wp","href":"https:\/\/api.w.org\/{rel}","templated":true}]}}