{"id":13594,"date":"2018-10-15T18:32:02","date_gmt":"2018-10-15T22:32:02","guid":{"rendered":"https:\/\/www.duboischemicals.com\/\/fleet-wash\/products\/wax-products\/"},"modified":"2021-02-26T04:41:36","modified_gmt":"2021-02-26T09:41:36","slug":"wax-products","status":"publish","type":"page","link":"https:\/\/www.duboischemicals.com\/fleet-wash\/fr\/products\/wax-products\/","title":{"rendered":"Produits cireux"},"content":{"rendered":"<p>Pour prot\u00e9ger votre v\u00e9hicule, il ne suffit pas de le garder propre! Nos cires et nos protecteurs sont con\u00e7us pour prot\u00e9ger le dessus comme le dessous de vos v\u00e9hicules, pr\u00e9servant ainsi votre investissement en capital.<\/p>\n<p><strong>Durashield<\/strong> \u2013 Un protecteur complet r\u00e9volutionnaire pour v\u00e9hicule comportant un film polym\u00e9rique ainsi qu\u2019un additif Body Armor<sup>\u00ae<\/sup> pour prolonger et renforcer l\u2019adh\u00e9sion \u00e0 la surface du v\u00e9hicule.<\/p>\n<p><strong>Supershield<\/strong> \u2013 Un m\u00e9lange de polym\u00e8res unique qui constitue une excellente protection sur la peinture et le verre, prot\u00e9geant ainsi le v\u00e9hicule contre la pluie et les intemp\u00e9ries.<\/p>\n<p><strong>Transit Shield<\/strong> \u2013 Un liquide antirouille diluable \u00e0 l\u2019eau qui diminue la corrosion caus\u00e9e par le sel de voirie. Moins de corrosion augmente la vie utile de vos v\u00e9hicules et diminue le nombre de r\u00e9parations et de remplacements co\u00fbteux.<\/p>\n","protected":false},"excerpt":{"rendered":"<p>Pour prot\u00e9ger votre v\u00e9hicule, il ne suffit pas de le garder propre! Nos cires et nos protecteurs sont con\u00e7us pour prot\u00e9ger le dessus comme le dessous de vos v\u00e9hicules, pr\u00e9servant ainsi votre investissement en capital&#8230;.<\/p>\n","protected":false},"author":220,"featured_media":14117,"parent":13489,"menu_order":3,"comment_status":"closed","ping_status":"closed","template":"template-prodinfo.php","meta":{"_acf_changed":false,"footnotes":""},"class_list":["post-13594","page","type-page","status-publish","has-post-thumbnail","hentry"],"acf":[],"yoast_head":"<!-- This site is optimized with the Yoast SEO plugin v26.8 - https:\/\/yoast.com\/product\/yoast-seo-wordpress\/ -->\n<title>Produits cireux - Lavage de parc<\/title>\n<meta name=\"robots\" content=\"index, follow, max-snippet:-1, max-image-preview:large, max-video-preview:-1\" \/>\n<link rel=\"canonical\" href=\"https:\/\/www.duboischemicals.com\/fleet-wash\/fr\/products\/wax-products\/\" \/>\n<meta property=\"og:locale\" content=\"fr_FR\" \/>\n<meta property=\"og:type\" content=\"article\" \/>\n<meta property=\"og:title\" content=\"Produits cireux - Lavage de parc\" \/>\n<meta property=\"og:description\" content=\"Pour prot\u00e9ger votre v\u00e9hicule, il ne suffit pas de le garder propre! Nos cires et nos protecteurs sont con\u00e7us pour prot\u00e9ger le dessus comme le dessous de vos v\u00e9hicules, pr\u00e9servant ainsi votre investissement en capital....\" \/>\n<meta property=\"og:url\" content=\"https:\/\/www.duboischemicals.com\/fleet-wash\/fr\/products\/wax-products\/\" \/>\n<meta property=\"og:site_name\" content=\"Lavage de parc\" \/>\n<meta property=\"article:modified_time\" content=\"2021-02-26T09:41:36+00:00\" \/>\n<meta name=\"twitter:card\" content=\"summary_large_image\" \/>\n<meta name=\"twitter:label1\" content=\"Dur\u00e9e de lecture estim\u00e9e\" \/>\n\t<meta name=\"twitter:data1\" content=\"1 minute\" \/>\n<script type=\"application\/ld+json\" class=\"yoast-schema-graph\">{\"@context\":\"https:\/\/schema.org\",\"@graph\":[{\"@type\":\"WebPage\",\"@id\":\"https:\/\/www.duboischemicals.com\/fleet-wash\/fr\/products\/wax-products\/\",\"url\":\"https:\/\/www.duboischemicals.com\/fleet-wash\/fr\/products\/wax-products\/\",\"name\":\"Produits cireux - Lavage de parc\",\"isPartOf\":{\"@id\":\"https:\/\/www.duboischemicals.com\/fleet-wash\/fr\/#website\"},\"primaryImageOfPage\":{\"@id\":\"https:\/\/www.duboischemicals.com\/fleet-wash\/fr\/products\/wax-products\/#primaryimage\"},\"image\":{\"@id\":\"https:\/\/www.duboischemicals.com\/fleet-wash\/fr\/products\/wax-products\/#primaryimage\"},\"thumbnailUrl\":\"https:\/\/www.duboischemicals.com\/fleet-wash\/wp-content\/uploads\/sites\/7\/2023\/06\/185.png\",\"datePublished\":\"2018-10-15T22:32:02+00:00\",\"dateModified\":\"2021-02-26T09:41:36+00:00\",\"breadcrumb\":{\"@id\":\"https:\/\/www.duboischemicals.com\/fleet-wash\/fr\/products\/wax-products\/#breadcrumb\"},\"inLanguage\":\"fr-FR\",\"potentialAction\":[{\"@type\":\"ReadAction\",\"target\":[\"https:\/\/www.duboischemicals.com\/fleet-wash\/fr\/products\/wax-products\/\"]}]},{\"@type\":\"ImageObject\",\"inLanguage\":\"fr-FR\",\"@id\":\"https:\/\/www.duboischemicals.com\/fleet-wash\/fr\/products\/wax-products\/#primaryimage\",\"url\":\"https:\/\/www.duboischemicals.com\/fleet-wash\/wp-content\/uploads\/sites\/7\/2023\/06\/185.png\",\"contentUrl\":\"https:\/\/www.duboischemicals.com\/fleet-wash\/wp-content\/uploads\/sites\/7\/2023\/06\/185.png\",\"width\":450,\"height\":450,\"caption\":\"Wax Products Icon\"},{\"@type\":\"BreadcrumbList\",\"@id\":\"https:\/\/www.duboischemicals.com\/fleet-wash\/fr\/products\/wax-products\/#breadcrumb\",\"itemListElement\":[{\"@type\":\"ListItem\",\"position\":1,\"name\":\"Accueil\",\"item\":\"https:\/\/www.duboischemicals.com\/fleet-wash\/fr\/\"},{\"@type\":\"ListItem\",\"position\":2,\"name\":\"Produits\",\"item\":\"https:\/\/www.duboischemicals.com\/fleet-wash\/fr\/products\/\"},{\"@type\":\"ListItem\",\"position\":3,\"name\":\"Produits cireux\"}]},{\"@type\":\"WebSite\",\"@id\":\"https:\/\/www.duboischemicals.com\/fleet-wash\/fr\/#website\",\"url\":\"https:\/\/www.duboischemicals.com\/fleet-wash\/fr\/\",\"name\":\"Lavage de parc\",\"description\":\"\",\"potentialAction\":[{\"@type\":\"SearchAction\",\"target\":{\"@type\":\"EntryPoint\",\"urlTemplate\":\"https:\/\/www.duboischemicals.com\/fleet-wash\/fr\/?s={search_term_string}\"},\"query-input\":{\"@type\":\"PropertyValueSpecification\",\"valueRequired\":true,\"valueName\":\"search_term_string\"}}],\"inLanguage\":\"fr-FR\"}]}<\/script>\n<!-- \/ Yoast SEO plugin. -->","yoast_head_json":{"title":"Produits cireux - Lavage de parc","robots":{"index":"index","follow":"follow","max-snippet":"max-snippet:-1","max-image-preview":"max-image-preview:large","max-video-preview":"max-video-preview:-1"},"canonical":"https:\/\/www.duboischemicals.com\/fleet-wash\/fr\/products\/wax-products\/","og_locale":"fr_FR","og_type":"article","og_title":"Produits cireux - Lavage de parc","og_description":"Pour prot\u00e9ger votre v\u00e9hicule, il ne suffit pas de le garder propre! Nos cires et nos protecteurs sont con\u00e7us pour prot\u00e9ger le dessus comme le dessous de vos v\u00e9hicules, pr\u00e9servant ainsi votre investissement en capital....","og_url":"https:\/\/www.duboischemicals.com\/fleet-wash\/fr\/products\/wax-products\/","og_site_name":"Lavage de parc","article_modified_time":"2021-02-26T09:41:36+00:00","twitter_card":"summary_large_image","twitter_misc":{"Dur\u00e9e de lecture estim\u00e9e":"1 minute"},"schema":{"@context":"https:\/\/schema.org","@graph":[{"@type":"WebPage","@id":"https:\/\/www.duboischemicals.com\/fleet-wash\/fr\/products\/wax-products\/","url":"https:\/\/www.duboischemicals.com\/fleet-wash\/fr\/products\/wax-products\/","name":"Produits cireux - Lavage de parc","isPartOf":{"@id":"https:\/\/www.duboischemicals.com\/fleet-wash\/fr\/#website"},"primaryImageOfPage":{"@id":"https:\/\/www.duboischemicals.com\/fleet-wash\/fr\/products\/wax-products\/#primaryimage"},"image":{"@id":"https:\/\/www.duboischemicals.com\/fleet-wash\/fr\/products\/wax-products\/#primaryimage"},"thumbnailUrl":"https:\/\/www.duboischemicals.com\/fleet-wash\/wp-content\/uploads\/sites\/7\/2023\/06\/185.png","datePublished":"2018-10-15T22:32:02+00:00","dateModified":"2021-02-26T09:41:36+00:00","breadcrumb":{"@id":"https:\/\/www.duboischemicals.com\/fleet-wash\/fr\/products\/wax-products\/#breadcrumb"},"inLanguage":"fr-FR","potentialAction":[{"@type":"ReadAction","target":["https:\/\/www.duboischemicals.com\/fleet-wash\/fr\/products\/wax-products\/"]}]},{"@type":"ImageObject","inLanguage":"fr-FR","@id":"https:\/\/www.duboischemicals.com\/fleet-wash\/fr\/products\/wax-products\/#primaryimage","url":"https:\/\/www.duboischemicals.com\/fleet-wash\/wp-content\/uploads\/sites\/7\/2023\/06\/185.png","contentUrl":"https:\/\/www.duboischemicals.com\/fleet-wash\/wp-content\/uploads\/sites\/7\/2023\/06\/185.png","width":450,"height":450,"caption":"Wax Products Icon"},{"@type":"BreadcrumbList","@id":"https:\/\/www.duboischemicals.com\/fleet-wash\/fr\/products\/wax-products\/#breadcrumb","itemListElement":[{"@type":"ListItem","position":1,"name":"Accueil","item":"https:\/\/www.duboischemicals.com\/fleet-wash\/fr\/"},{"@type":"ListItem","position":2,"name":"Produits","item":"https:\/\/www.duboischemicals.com\/fleet-wash\/fr\/products\/"},{"@type":"ListItem","position":3,"name":"Produits cireux"}]},{"@type":"WebSite","@id":"https:\/\/www.duboischemicals.com\/fleet-wash\/fr\/#website","url":"https:\/\/www.duboischemicals.com\/fleet-wash\/fr\/","name":"Lavage de parc","description":"","potentialAction":[{"@type":"SearchAction","target":{"@type":"EntryPoint","urlTemplate":"https:\/\/www.duboischemicals.com\/fleet-wash\/fr\/?s={search_term_string}"},"query-input":{"@type":"PropertyValueSpecification","valueRequired":true,"valueName":"search_term_string"}}],"inLanguage":"fr-FR"}]}},"_links":{"self":[{"href":"https:\/\/www.duboischemicals.com\/fleet-wash\/fr\/wp-json\/wp\/v2\/pages\/13594","targetHints":{"allow":["GET"]}}],"collection":[{"href":"https:\/\/www.duboischemicals.com\/fleet-wash\/fr\/wp-json\/wp\/v2\/pages"}],"about":[{"href":"https:\/\/www.duboischemicals.com\/fleet-wash\/fr\/wp-json\/wp\/v2\/types\/page"}],"author":[{"embeddable":true,"href":"https:\/\/www.duboischemicals.com\/fleet-wash\/fr\/wp-json\/wp\/v2\/users\/220"}],"replies":[{"embeddable":true,"href":"https:\/\/www.duboischemicals.com\/fleet-wash\/fr\/wp-json\/wp\/v2\/comments?post=13594"}],"version-history":[{"count":3,"href":"https:\/\/www.duboischemicals.com\/fleet-wash\/fr\/wp-json\/wp\/v2\/pages\/13594\/revisions"}],"predecessor-version":[{"id":14006,"href":"https:\/\/www.duboischemicals.com\/fleet-wash\/fr\/wp-json\/wp\/v2\/pages\/13594\/revisions\/14006"}],"up":[{"embeddable":true,"href":"https:\/\/www.duboischemicals.com\/fleet-wash\/fr\/wp-json\/wp\/v2\/pages\/13489"}],"wp:featuredmedia":[{"embeddable":true,"href":"https:\/\/www.duboischemicals.com\/fleet-wash\/fr\/wp-json\/wp\/v2\/media\/14117"}],"wp:attachment":[{"href":"https:\/\/www.duboischemicals.com\/fleet-wash\/fr\/wp-json\/wp\/v2\/media?parent=13594"}],"curies":[{"name":"wp","href":"https:\/\/api.w.org\/{rel}","templated":true}]}}