{"id":13595,"date":"2018-10-15T18:32:21","date_gmt":"2018-10-15T22:32:21","guid":{"rendered":"https:\/\/www.duboischemicals.com\/\/fleet-wash\/products\/pressure-washer\/"},"modified":"2021-02-26T09:53:06","modified_gmt":"2021-02-26T14:53:06","slug":"pressure-washer","status":"publish","type":"page","link":"https:\/\/www.duboischemicals.com\/fleet-wash\/fr\/products\/pressure-washer\/","title":{"rendered":"Nettoyeur haute pression"},"content":{"rendered":"<p>Con\u00e7u pour une application \u00e0 basse pression suivie d\u2019un rin\u00e7age \u00e0 haute pression.<\/p>\n<p><strong>Custom Clean 4000<\/strong> &#8211; Un nettoyant puissant \u00e0 base de produits alcalins et de solvants pour laver l\u2019ext\u00e9rieur des v\u00e9hicules de transport. Custom Clean 4000 p\u00e9n\u00e8tre et d\u00e9loge les salet\u00e9s les plus tenaces des surfaces des v\u00e9hicules, tout en \u00e9tant sans danger pour l\u2019aluminium poli ou anodis\u00e9.<\/p>\n<p><strong>D-Film It Plus<\/strong> \u2013 Un nettoyant alcalin de puissance moyenne pour le lavage de l&rsquo;ext\u00e9rieur des v\u00e9hicules de transport. Ce produit est id\u00e9al pour \u00e9liminer les salet\u00e9s de la route, les r\u00e9sidus d\u2019insectes et les autres salissures des surfaces des v\u00e9hicules. Il offre des performances de nettoyage exceptionnelles dans les lavages de camions automatis\u00e9s et les nettoyeurs haute pression \u00e0 eau chaude. D-Film It Plus ne contient aucune substance \u00e0 d\u00e9claration obligatoire en vertu de l\u2019article 313 du Superfund Amendments and Reauthorization Act (SARA).<\/p>\n","protected":false},"excerpt":{"rendered":"<p>Con\u00e7u pour une application \u00e0 basse pression suivie d\u2019un rin\u00e7age \u00e0 haute pression. Custom Clean 4000 &#8211; Un nettoyant puissant \u00e0 base de produits alcalins et de solvants pour laver l\u2019ext\u00e9rieur des v\u00e9hicules de transport&#8230;.<\/p>\n","protected":false},"author":220,"featured_media":14119,"parent":13489,"menu_order":4,"comment_status":"closed","ping_status":"closed","template":"template-prodinfo.php","meta":{"_acf_changed":false,"footnotes":""},"class_list":["post-13595","page","type-page","status-publish","has-post-thumbnail","hentry"],"acf":[],"yoast_head":"<!-- This site is optimized with the Yoast SEO plugin v26.8 - https:\/\/yoast.com\/product\/yoast-seo-wordpress\/ -->\n<title>Nettoyeur haute pression - Lavage de parc<\/title>\n<meta name=\"robots\" content=\"index, follow, max-snippet:-1, max-image-preview:large, max-video-preview:-1\" \/>\n<link rel=\"canonical\" href=\"https:\/\/www.duboischemicals.com\/fleet-wash\/fr\/products\/pressure-washer\/\" \/>\n<meta property=\"og:locale\" content=\"fr_FR\" \/>\n<meta property=\"og:type\" content=\"article\" \/>\n<meta property=\"og:title\" content=\"Nettoyeur haute pression - Lavage de parc\" \/>\n<meta property=\"og:description\" content=\"Con\u00e7u pour une application \u00e0 basse pression suivie d\u2019un rin\u00e7age \u00e0 haute pression. Custom Clean 4000 &#8211; Un nettoyant puissant \u00e0 base de produits alcalins et de solvants pour laver l\u2019ext\u00e9rieur des v\u00e9hicules de transport....\" \/>\n<meta property=\"og:url\" content=\"https:\/\/www.duboischemicals.com\/fleet-wash\/fr\/products\/pressure-washer\/\" \/>\n<meta property=\"og:site_name\" content=\"Lavage de parc\" \/>\n<meta property=\"article:modified_time\" content=\"2021-02-26T14:53:06+00:00\" \/>\n<meta name=\"twitter:card\" content=\"summary_large_image\" \/>\n<meta name=\"twitter:label1\" content=\"Dur\u00e9e de lecture estim\u00e9e\" \/>\n\t<meta name=\"twitter:data1\" content=\"1 minute\" \/>\n<script type=\"application\/ld+json\" class=\"yoast-schema-graph\">{\"@context\":\"https:\/\/schema.org\",\"@graph\":[{\"@type\":\"WebPage\",\"@id\":\"https:\/\/www.duboischemicals.com\/fleet-wash\/fr\/products\/pressure-washer\/\",\"url\":\"https:\/\/www.duboischemicals.com\/fleet-wash\/fr\/products\/pressure-washer\/\",\"name\":\"Nettoyeur haute pression - Lavage de parc\",\"isPartOf\":{\"@id\":\"https:\/\/www.duboischemicals.com\/fleet-wash\/fr\/#website\"},\"primaryImageOfPage\":{\"@id\":\"https:\/\/www.duboischemicals.com\/fleet-wash\/fr\/products\/pressure-washer\/#primaryimage\"},\"image\":{\"@id\":\"https:\/\/www.duboischemicals.com\/fleet-wash\/fr\/products\/pressure-washer\/#primaryimage\"},\"thumbnailUrl\":\"https:\/\/www.duboischemicals.com\/fleet-wash\/wp-content\/uploads\/sites\/7\/2023\/06\/186.png\",\"datePublished\":\"2018-10-15T22:32:21+00:00\",\"dateModified\":\"2021-02-26T14:53:06+00:00\",\"breadcrumb\":{\"@id\":\"https:\/\/www.duboischemicals.com\/fleet-wash\/fr\/products\/pressure-washer\/#breadcrumb\"},\"inLanguage\":\"fr-FR\",\"potentialAction\":[{\"@type\":\"ReadAction\",\"target\":[\"https:\/\/www.duboischemicals.com\/fleet-wash\/fr\/products\/pressure-washer\/\"]}]},{\"@type\":\"ImageObject\",\"inLanguage\":\"fr-FR\",\"@id\":\"https:\/\/www.duboischemicals.com\/fleet-wash\/fr\/products\/pressure-washer\/#primaryimage\",\"url\":\"https:\/\/www.duboischemicals.com\/fleet-wash\/wp-content\/uploads\/sites\/7\/2023\/06\/186.png\",\"contentUrl\":\"https:\/\/www.duboischemicals.com\/fleet-wash\/wp-content\/uploads\/sites\/7\/2023\/06\/186.png\",\"width\":450,\"height\":450,\"caption\":\"Pressure Washer Icon\"},{\"@type\":\"BreadcrumbList\",\"@id\":\"https:\/\/www.duboischemicals.com\/fleet-wash\/fr\/products\/pressure-washer\/#breadcrumb\",\"itemListElement\":[{\"@type\":\"ListItem\",\"position\":1,\"name\":\"Accueil\",\"item\":\"https:\/\/www.duboischemicals.com\/fleet-wash\/fr\/\"},{\"@type\":\"ListItem\",\"position\":2,\"name\":\"Produits\",\"item\":\"https:\/\/www.duboischemicals.com\/fleet-wash\/fr\/products\/\"},{\"@type\":\"ListItem\",\"position\":3,\"name\":\"Nettoyeur haute pression\"}]},{\"@type\":\"WebSite\",\"@id\":\"https:\/\/www.duboischemicals.com\/fleet-wash\/fr\/#website\",\"url\":\"https:\/\/www.duboischemicals.com\/fleet-wash\/fr\/\",\"name\":\"Lavage de parc\",\"description\":\"\",\"potentialAction\":[{\"@type\":\"SearchAction\",\"target\":{\"@type\":\"EntryPoint\",\"urlTemplate\":\"https:\/\/www.duboischemicals.com\/fleet-wash\/fr\/?s={search_term_string}\"},\"query-input\":{\"@type\":\"PropertyValueSpecification\",\"valueRequired\":true,\"valueName\":\"search_term_string\"}}],\"inLanguage\":\"fr-FR\"}]}<\/script>\n<!-- \/ Yoast SEO plugin. -->","yoast_head_json":{"title":"Nettoyeur haute pression - Lavage de parc","robots":{"index":"index","follow":"follow","max-snippet":"max-snippet:-1","max-image-preview":"max-image-preview:large","max-video-preview":"max-video-preview:-1"},"canonical":"https:\/\/www.duboischemicals.com\/fleet-wash\/fr\/products\/pressure-washer\/","og_locale":"fr_FR","og_type":"article","og_title":"Nettoyeur haute pression - Lavage de parc","og_description":"Con\u00e7u pour une application \u00e0 basse pression suivie d\u2019un rin\u00e7age \u00e0 haute pression. Custom Clean 4000 &#8211; Un nettoyant puissant \u00e0 base de produits alcalins et de solvants pour laver l\u2019ext\u00e9rieur des v\u00e9hicules de transport....","og_url":"https:\/\/www.duboischemicals.com\/fleet-wash\/fr\/products\/pressure-washer\/","og_site_name":"Lavage de parc","article_modified_time":"2021-02-26T14:53:06+00:00","twitter_card":"summary_large_image","twitter_misc":{"Dur\u00e9e de lecture estim\u00e9e":"1 minute"},"schema":{"@context":"https:\/\/schema.org","@graph":[{"@type":"WebPage","@id":"https:\/\/www.duboischemicals.com\/fleet-wash\/fr\/products\/pressure-washer\/","url":"https:\/\/www.duboischemicals.com\/fleet-wash\/fr\/products\/pressure-washer\/","name":"Nettoyeur haute pression - Lavage de parc","isPartOf":{"@id":"https:\/\/www.duboischemicals.com\/fleet-wash\/fr\/#website"},"primaryImageOfPage":{"@id":"https:\/\/www.duboischemicals.com\/fleet-wash\/fr\/products\/pressure-washer\/#primaryimage"},"image":{"@id":"https:\/\/www.duboischemicals.com\/fleet-wash\/fr\/products\/pressure-washer\/#primaryimage"},"thumbnailUrl":"https:\/\/www.duboischemicals.com\/fleet-wash\/wp-content\/uploads\/sites\/7\/2023\/06\/186.png","datePublished":"2018-10-15T22:32:21+00:00","dateModified":"2021-02-26T14:53:06+00:00","breadcrumb":{"@id":"https:\/\/www.duboischemicals.com\/fleet-wash\/fr\/products\/pressure-washer\/#breadcrumb"},"inLanguage":"fr-FR","potentialAction":[{"@type":"ReadAction","target":["https:\/\/www.duboischemicals.com\/fleet-wash\/fr\/products\/pressure-washer\/"]}]},{"@type":"ImageObject","inLanguage":"fr-FR","@id":"https:\/\/www.duboischemicals.com\/fleet-wash\/fr\/products\/pressure-washer\/#primaryimage","url":"https:\/\/www.duboischemicals.com\/fleet-wash\/wp-content\/uploads\/sites\/7\/2023\/06\/186.png","contentUrl":"https:\/\/www.duboischemicals.com\/fleet-wash\/wp-content\/uploads\/sites\/7\/2023\/06\/186.png","width":450,"height":450,"caption":"Pressure Washer Icon"},{"@type":"BreadcrumbList","@id":"https:\/\/www.duboischemicals.com\/fleet-wash\/fr\/products\/pressure-washer\/#breadcrumb","itemListElement":[{"@type":"ListItem","position":1,"name":"Accueil","item":"https:\/\/www.duboischemicals.com\/fleet-wash\/fr\/"},{"@type":"ListItem","position":2,"name":"Produits","item":"https:\/\/www.duboischemicals.com\/fleet-wash\/fr\/products\/"},{"@type":"ListItem","position":3,"name":"Nettoyeur haute pression"}]},{"@type":"WebSite","@id":"https:\/\/www.duboischemicals.com\/fleet-wash\/fr\/#website","url":"https:\/\/www.duboischemicals.com\/fleet-wash\/fr\/","name":"Lavage de parc","description":"","potentialAction":[{"@type":"SearchAction","target":{"@type":"EntryPoint","urlTemplate":"https:\/\/www.duboischemicals.com\/fleet-wash\/fr\/?s={search_term_string}"},"query-input":{"@type":"PropertyValueSpecification","valueRequired":true,"valueName":"search_term_string"}}],"inLanguage":"fr-FR"}]}},"_links":{"self":[{"href":"https:\/\/www.duboischemicals.com\/fleet-wash\/fr\/wp-json\/wp\/v2\/pages\/13595","targetHints":{"allow":["GET"]}}],"collection":[{"href":"https:\/\/www.duboischemicals.com\/fleet-wash\/fr\/wp-json\/wp\/v2\/pages"}],"about":[{"href":"https:\/\/www.duboischemicals.com\/fleet-wash\/fr\/wp-json\/wp\/v2\/types\/page"}],"author":[{"embeddable":true,"href":"https:\/\/www.duboischemicals.com\/fleet-wash\/fr\/wp-json\/wp\/v2\/users\/220"}],"replies":[{"embeddable":true,"href":"https:\/\/www.duboischemicals.com\/fleet-wash\/fr\/wp-json\/wp\/v2\/comments?post=13595"}],"version-history":[{"count":3,"href":"https:\/\/www.duboischemicals.com\/fleet-wash\/fr\/wp-json\/wp\/v2\/pages\/13595\/revisions"}],"predecessor-version":[{"id":14025,"href":"https:\/\/www.duboischemicals.com\/fleet-wash\/fr\/wp-json\/wp\/v2\/pages\/13595\/revisions\/14025"}],"up":[{"embeddable":true,"href":"https:\/\/www.duboischemicals.com\/fleet-wash\/fr\/wp-json\/wp\/v2\/pages\/13489"}],"wp:featuredmedia":[{"embeddable":true,"href":"https:\/\/www.duboischemicals.com\/fleet-wash\/fr\/wp-json\/wp\/v2\/media\/14119"}],"wp:attachment":[{"href":"https:\/\/www.duboischemicals.com\/fleet-wash\/fr\/wp-json\/wp\/v2\/media?parent=13595"}],"curies":[{"name":"wp","href":"https:\/\/api.w.org\/{rel}","templated":true}]}}