{"id":13596,"date":"2018-10-15T18:32:50","date_gmt":"2018-10-15T22:32:50","guid":{"rendered":"https:\/\/www.duboischemicals.com\/\/fleet-wash\/products\/food-sanitation-usds-approved-products\/"},"modified":"2021-02-19T13:34:54","modified_gmt":"2021-02-19T18:34:54","slug":"food-sanitation-usds-approved-products","status":"publish","type":"page","link":"https:\/\/www.duboischemicals.com\/fleet-wash\/fr\/products\/food-sanitation-usds-approved-products\/","title":{"rendered":"Assainissement des aliments\/produits approuv\u00e9s par l\u2019USDA"},"content":{"rendered":"<p>Le Food Safety Modernization Act (FSMA) de la FDA exige que des produits de nettoyage et d\u2019assainissement approuv\u00e9s soient utilis\u00e9s pour l\u2019entretien des v\u00e9hicules et du mat\u00e9riel de transport afin d\u2019\u00e9viter que les aliments qu\u2019ils transportent ne soient contamin\u00e9s.<\/p>\n<p>DuBois offre les produits suivants, qui r\u00e9pondent \u00e0 ces normes ou les d\u00e9passent\u00a0:<\/p>\n<p><strong>D\u00e9tergents alcalins<\/strong><\/p>\n<ul>\n<li>Transit Kleen<\/li>\n<li>GT Clean A2000<\/li>\n<li>Customer Clean 4000<\/li>\n<li>Restore<\/li>\n<\/ul>\n<p><strong>Assainissants<\/strong><\/p>\n<ul>\n<li>Neuquat<\/li>\n<\/ul>\n","protected":false},"excerpt":{"rendered":"<p>Le Food Safety Modernization Act (FSMA) de la FDA exige que des produits de nettoyage et d\u2019assainissement approuv\u00e9s soient utilis\u00e9s pour l\u2019entretien des v\u00e9hicules et du mat\u00e9riel de transport afin d\u2019\u00e9viter que les aliments qu\u2019ils&#8230;<\/p>\n","protected":false},"author":220,"featured_media":14115,"parent":13489,"menu_order":5,"comment_status":"closed","ping_status":"closed","template":"template-prodinfo.php","meta":{"_acf_changed":false,"footnotes":""},"class_list":["post-13596","page","type-page","status-publish","has-post-thumbnail","hentry"],"acf":[],"yoast_head":"<!-- This site is optimized with the Yoast SEO plugin v26.8 - https:\/\/yoast.com\/product\/yoast-seo-wordpress\/ -->\n<title>Assainissement des aliments\/produits approuv\u00e9s par l\u2019USDA - Lavage de parc<\/title>\n<meta name=\"robots\" content=\"index, follow, max-snippet:-1, max-image-preview:large, max-video-preview:-1\" \/>\n<link rel=\"canonical\" href=\"https:\/\/www.duboischemicals.com\/fleet-wash\/fr\/products\/food-sanitation-usds-approved-products\/\" \/>\n<meta property=\"og:locale\" content=\"fr_FR\" \/>\n<meta property=\"og:type\" content=\"article\" \/>\n<meta property=\"og:title\" content=\"Assainissement des aliments\/produits approuv\u00e9s par l\u2019USDA - Lavage de parc\" \/>\n<meta property=\"og:description\" content=\"Le Food Safety Modernization Act (FSMA) de la FDA exige que des produits de nettoyage et d\u2019assainissement approuv\u00e9s soient utilis\u00e9s pour l\u2019entretien des v\u00e9hicules et du mat\u00e9riel de transport afin d\u2019\u00e9viter que les aliments qu\u2019ils...\" \/>\n<meta property=\"og:url\" content=\"https:\/\/www.duboischemicals.com\/fleet-wash\/fr\/products\/food-sanitation-usds-approved-products\/\" \/>\n<meta property=\"og:site_name\" content=\"Lavage de parc\" \/>\n<meta property=\"article:modified_time\" content=\"2021-02-19T18:34:54+00:00\" \/>\n<meta name=\"twitter:card\" content=\"summary_large_image\" \/>\n<script type=\"application\/ld+json\" class=\"yoast-schema-graph\">{\"@context\":\"https:\/\/schema.org\",\"@graph\":[{\"@type\":\"WebPage\",\"@id\":\"https:\/\/www.duboischemicals.com\/fleet-wash\/fr\/products\/food-sanitation-usds-approved-products\/\",\"url\":\"https:\/\/www.duboischemicals.com\/fleet-wash\/fr\/products\/food-sanitation-usds-approved-products\/\",\"name\":\"Assainissement des aliments\/produits approuv\u00e9s par l\u2019USDA - Lavage de parc\",\"isPartOf\":{\"@id\":\"https:\/\/www.duboischemicals.com\/fleet-wash\/fr\/#website\"},\"primaryImageOfPage\":{\"@id\":\"https:\/\/www.duboischemicals.com\/fleet-wash\/fr\/products\/food-sanitation-usds-approved-products\/#primaryimage\"},\"image\":{\"@id\":\"https:\/\/www.duboischemicals.com\/fleet-wash\/fr\/products\/food-sanitation-usds-approved-products\/#primaryimage\"},\"thumbnailUrl\":\"https:\/\/www.duboischemicals.com\/fleet-wash\/wp-content\/uploads\/sites\/7\/2023\/06\/143.png\",\"datePublished\":\"2018-10-15T22:32:50+00:00\",\"dateModified\":\"2021-02-19T18:34:54+00:00\",\"breadcrumb\":{\"@id\":\"https:\/\/www.duboischemicals.com\/fleet-wash\/fr\/products\/food-sanitation-usds-approved-products\/#breadcrumb\"},\"inLanguage\":\"fr-FR\",\"potentialAction\":[{\"@type\":\"ReadAction\",\"target\":[\"https:\/\/www.duboischemicals.com\/fleet-wash\/fr\/products\/food-sanitation-usds-approved-products\/\"]}]},{\"@type\":\"ImageObject\",\"inLanguage\":\"fr-FR\",\"@id\":\"https:\/\/www.duboischemicals.com\/fleet-wash\/fr\/products\/food-sanitation-usds-approved-products\/#primaryimage\",\"url\":\"https:\/\/www.duboischemicals.com\/fleet-wash\/wp-content\/uploads\/sites\/7\/2023\/06\/143.png\",\"contentUrl\":\"https:\/\/www.duboischemicals.com\/fleet-wash\/wp-content\/uploads\/sites\/7\/2023\/06\/143.png\",\"width\":450,\"height\":450,\"caption\":\"Food Sanitation\/USDS Approved Products Icon\"},{\"@type\":\"BreadcrumbList\",\"@id\":\"https:\/\/www.duboischemicals.com\/fleet-wash\/fr\/products\/food-sanitation-usds-approved-products\/#breadcrumb\",\"itemListElement\":[{\"@type\":\"ListItem\",\"position\":1,\"name\":\"Accueil\",\"item\":\"https:\/\/www.duboischemicals.com\/fleet-wash\/fr\/\"},{\"@type\":\"ListItem\",\"position\":2,\"name\":\"Produits\",\"item\":\"https:\/\/www.duboischemicals.com\/fleet-wash\/fr\/products\/\"},{\"@type\":\"ListItem\",\"position\":3,\"name\":\"Assainissement des aliments\/produits approuv\u00e9s par l\u2019USDA\"}]},{\"@type\":\"WebSite\",\"@id\":\"https:\/\/www.duboischemicals.com\/fleet-wash\/fr\/#website\",\"url\":\"https:\/\/www.duboischemicals.com\/fleet-wash\/fr\/\",\"name\":\"Lavage de parc\",\"description\":\"\",\"potentialAction\":[{\"@type\":\"SearchAction\",\"target\":{\"@type\":\"EntryPoint\",\"urlTemplate\":\"https:\/\/www.duboischemicals.com\/fleet-wash\/fr\/?s={search_term_string}\"},\"query-input\":{\"@type\":\"PropertyValueSpecification\",\"valueRequired\":true,\"valueName\":\"search_term_string\"}}],\"inLanguage\":\"fr-FR\"}]}<\/script>\n<!-- \/ Yoast SEO plugin. -->","yoast_head_json":{"title":"Assainissement des aliments\/produits approuv\u00e9s par l\u2019USDA - Lavage de parc","robots":{"index":"index","follow":"follow","max-snippet":"max-snippet:-1","max-image-preview":"max-image-preview:large","max-video-preview":"max-video-preview:-1"},"canonical":"https:\/\/www.duboischemicals.com\/fleet-wash\/fr\/products\/food-sanitation-usds-approved-products\/","og_locale":"fr_FR","og_type":"article","og_title":"Assainissement des aliments\/produits approuv\u00e9s par l\u2019USDA - Lavage de parc","og_description":"Le Food Safety Modernization Act (FSMA) de la FDA exige que des produits de nettoyage et d\u2019assainissement approuv\u00e9s soient utilis\u00e9s pour l\u2019entretien des v\u00e9hicules et du mat\u00e9riel de transport afin d\u2019\u00e9viter que les aliments qu\u2019ils...","og_url":"https:\/\/www.duboischemicals.com\/fleet-wash\/fr\/products\/food-sanitation-usds-approved-products\/","og_site_name":"Lavage de parc","article_modified_time":"2021-02-19T18:34:54+00:00","twitter_card":"summary_large_image","schema":{"@context":"https:\/\/schema.org","@graph":[{"@type":"WebPage","@id":"https:\/\/www.duboischemicals.com\/fleet-wash\/fr\/products\/food-sanitation-usds-approved-products\/","url":"https:\/\/www.duboischemicals.com\/fleet-wash\/fr\/products\/food-sanitation-usds-approved-products\/","name":"Assainissement des aliments\/produits approuv\u00e9s par l\u2019USDA - Lavage de parc","isPartOf":{"@id":"https:\/\/www.duboischemicals.com\/fleet-wash\/fr\/#website"},"primaryImageOfPage":{"@id":"https:\/\/www.duboischemicals.com\/fleet-wash\/fr\/products\/food-sanitation-usds-approved-products\/#primaryimage"},"image":{"@id":"https:\/\/www.duboischemicals.com\/fleet-wash\/fr\/products\/food-sanitation-usds-approved-products\/#primaryimage"},"thumbnailUrl":"https:\/\/www.duboischemicals.com\/fleet-wash\/wp-content\/uploads\/sites\/7\/2023\/06\/143.png","datePublished":"2018-10-15T22:32:50+00:00","dateModified":"2021-02-19T18:34:54+00:00","breadcrumb":{"@id":"https:\/\/www.duboischemicals.com\/fleet-wash\/fr\/products\/food-sanitation-usds-approved-products\/#breadcrumb"},"inLanguage":"fr-FR","potentialAction":[{"@type":"ReadAction","target":["https:\/\/www.duboischemicals.com\/fleet-wash\/fr\/products\/food-sanitation-usds-approved-products\/"]}]},{"@type":"ImageObject","inLanguage":"fr-FR","@id":"https:\/\/www.duboischemicals.com\/fleet-wash\/fr\/products\/food-sanitation-usds-approved-products\/#primaryimage","url":"https:\/\/www.duboischemicals.com\/fleet-wash\/wp-content\/uploads\/sites\/7\/2023\/06\/143.png","contentUrl":"https:\/\/www.duboischemicals.com\/fleet-wash\/wp-content\/uploads\/sites\/7\/2023\/06\/143.png","width":450,"height":450,"caption":"Food Sanitation\/USDS Approved Products Icon"},{"@type":"BreadcrumbList","@id":"https:\/\/www.duboischemicals.com\/fleet-wash\/fr\/products\/food-sanitation-usds-approved-products\/#breadcrumb","itemListElement":[{"@type":"ListItem","position":1,"name":"Accueil","item":"https:\/\/www.duboischemicals.com\/fleet-wash\/fr\/"},{"@type":"ListItem","position":2,"name":"Produits","item":"https:\/\/www.duboischemicals.com\/fleet-wash\/fr\/products\/"},{"@type":"ListItem","position":3,"name":"Assainissement des aliments\/produits approuv\u00e9s par l\u2019USDA"}]},{"@type":"WebSite","@id":"https:\/\/www.duboischemicals.com\/fleet-wash\/fr\/#website","url":"https:\/\/www.duboischemicals.com\/fleet-wash\/fr\/","name":"Lavage de parc","description":"","potentialAction":[{"@type":"SearchAction","target":{"@type":"EntryPoint","urlTemplate":"https:\/\/www.duboischemicals.com\/fleet-wash\/fr\/?s={search_term_string}"},"query-input":{"@type":"PropertyValueSpecification","valueRequired":true,"valueName":"search_term_string"}}],"inLanguage":"fr-FR"}]}},"_links":{"self":[{"href":"https:\/\/www.duboischemicals.com\/fleet-wash\/fr\/wp-json\/wp\/v2\/pages\/13596","targetHints":{"allow":["GET"]}}],"collection":[{"href":"https:\/\/www.duboischemicals.com\/fleet-wash\/fr\/wp-json\/wp\/v2\/pages"}],"about":[{"href":"https:\/\/www.duboischemicals.com\/fleet-wash\/fr\/wp-json\/wp\/v2\/types\/page"}],"author":[{"embeddable":true,"href":"https:\/\/www.duboischemicals.com\/fleet-wash\/fr\/wp-json\/wp\/v2\/users\/220"}],"replies":[{"embeddable":true,"href":"https:\/\/www.duboischemicals.com\/fleet-wash\/fr\/wp-json\/wp\/v2\/comments?post=13596"}],"version-history":[{"count":2,"href":"https:\/\/www.duboischemicals.com\/fleet-wash\/fr\/wp-json\/wp\/v2\/pages\/13596\/revisions"}],"predecessor-version":[{"id":13932,"href":"https:\/\/www.duboischemicals.com\/fleet-wash\/fr\/wp-json\/wp\/v2\/pages\/13596\/revisions\/13932"}],"up":[{"embeddable":true,"href":"https:\/\/www.duboischemicals.com\/fleet-wash\/fr\/wp-json\/wp\/v2\/pages\/13489"}],"wp:featuredmedia":[{"embeddable":true,"href":"https:\/\/www.duboischemicals.com\/fleet-wash\/fr\/wp-json\/wp\/v2\/media\/14115"}],"wp:attachment":[{"href":"https:\/\/www.duboischemicals.com\/fleet-wash\/fr\/wp-json\/wp\/v2\/media?parent=13596"}],"curies":[{"name":"wp","href":"https:\/\/api.w.org\/{rel}","templated":true}]}}