{"id":13607,"date":"2018-11-02T18:51:34","date_gmt":"2018-11-02T22:51:34","guid":{"rendered":"https:\/\/www.duboischemicals.com\/\/fleet-wash\/equipment\/interior-trailer-washout\/"},"modified":"2021-02-26T04:41:41","modified_gmt":"2021-02-26T09:41:41","slug":"interior-trailer-washout","status":"publish","type":"page","link":"https:\/\/www.duboischemicals.com\/fleet-wash\/fr\/equipment\/interior-trailer-washout\/","title":{"rendered":"Lavage int\u00e9rieur des remorques"},"content":{"rendered":"<h2>Lavage int\u00e9rieur des remorques<\/h2>\n<p>Le Food Safety Modernization Act (FSMA) est con\u00e7u pour prot\u00e9ger les aliments de la ferme \u00e0 la table en les pr\u00e9servant de toute contamination pendant le transport. Les nouvelles directives exigent que l&rsquo;int\u00e9rieur des remorques soit nettoy\u00e9 et aseptis\u00e9. Notre syst\u00e8me automatis\u00e9 de lavage int\u00e9rieur des remorques est con\u00e7u pour r\u00e9pondre \u00e0 ce besoin. Le syst\u00e8me est dot\u00e9 d&rsquo;un cycle de lavage\/d&rsquo;assainissement automatis\u00e9 de 3\u00a0minutes et peut \u00eatre mont\u00e9 sur un quai de chargement ou utilis\u00e9 sans quai de chargement.<\/p>\n","protected":false},"excerpt":{"rendered":"<p>Lavage int\u00e9rieur des remorques Le Food Safety Modernization Act (FSMA) est con\u00e7u pour prot\u00e9ger les aliments de la ferme \u00e0 la table en les pr\u00e9servant de toute contamination pendant le transport. Les nouvelles directives exigent&#8230;<\/p>\n","protected":false},"author":220,"featured_media":0,"parent":13245,"menu_order":4,"comment_status":"closed","ping_status":"closed","template":"","meta":{"_acf_changed":false,"footnotes":""},"class_list":["post-13607","page","type-page","status-publish","hentry"],"acf":[],"yoast_head":"<!-- This site is optimized with the Yoast SEO plugin v26.8 - https:\/\/yoast.com\/product\/yoast-seo-wordpress\/ -->\n<title>Lavage int\u00e9rieur des remorques - Lavage de parc<\/title>\n<meta name=\"robots\" content=\"index, follow, max-snippet:-1, max-image-preview:large, max-video-preview:-1\" \/>\n<link rel=\"canonical\" href=\"https:\/\/www.duboischemicals.com\/fleet-wash\/fr\/equipment\/interior-trailer-washout\/\" \/>\n<meta property=\"og:locale\" content=\"fr_FR\" \/>\n<meta property=\"og:type\" content=\"article\" \/>\n<meta property=\"og:title\" content=\"Lavage int\u00e9rieur des remorques - Lavage de parc\" \/>\n<meta property=\"og:description\" content=\"Lavage int\u00e9rieur des remorques Le Food Safety Modernization Act (FSMA) est con\u00e7u pour prot\u00e9ger les aliments de la ferme \u00e0 la table en les pr\u00e9servant de toute contamination pendant le transport. Les nouvelles directives exigent...\" \/>\n<meta property=\"og:url\" content=\"https:\/\/www.duboischemicals.com\/fleet-wash\/fr\/equipment\/interior-trailer-washout\/\" \/>\n<meta property=\"og:site_name\" content=\"Lavage de parc\" \/>\n<meta property=\"article:modified_time\" content=\"2021-02-26T09:41:41+00:00\" \/>\n<meta name=\"twitter:card\" content=\"summary_large_image\" \/>\n<script type=\"application\/ld+json\" class=\"yoast-schema-graph\">{\"@context\":\"https:\/\/schema.org\",\"@graph\":[{\"@type\":\"WebPage\",\"@id\":\"https:\/\/www.duboischemicals.com\/fleet-wash\/fr\/equipment\/interior-trailer-washout\/\",\"url\":\"https:\/\/www.duboischemicals.com\/fleet-wash\/fr\/equipment\/interior-trailer-washout\/\",\"name\":\"Lavage int\u00e9rieur des remorques - Lavage de parc\",\"isPartOf\":{\"@id\":\"https:\/\/www.duboischemicals.com\/fleet-wash\/fr\/#website\"},\"datePublished\":\"2018-11-02T22:51:34+00:00\",\"dateModified\":\"2021-02-26T09:41:41+00:00\",\"breadcrumb\":{\"@id\":\"https:\/\/www.duboischemicals.com\/fleet-wash\/fr\/equipment\/interior-trailer-washout\/#breadcrumb\"},\"inLanguage\":\"fr-FR\",\"potentialAction\":[{\"@type\":\"ReadAction\",\"target\":[\"https:\/\/www.duboischemicals.com\/fleet-wash\/fr\/equipment\/interior-trailer-washout\/\"]}]},{\"@type\":\"BreadcrumbList\",\"@id\":\"https:\/\/www.duboischemicals.com\/fleet-wash\/fr\/equipment\/interior-trailer-washout\/#breadcrumb\",\"itemListElement\":[{\"@type\":\"ListItem\",\"position\":1,\"name\":\"Accueil\",\"item\":\"https:\/\/www.duboischemicals.com\/fleet-wash\/fr\/\"},{\"@type\":\"ListItem\",\"position\":2,\"name\":\"\u00c9quipement\",\"item\":\"https:\/\/www.duboischemicals.com\/fleet-wash\/fr\/equipment\/\"},{\"@type\":\"ListItem\",\"position\":3,\"name\":\"Lavage int\u00e9rieur des remorques\"}]},{\"@type\":\"WebSite\",\"@id\":\"https:\/\/www.duboischemicals.com\/fleet-wash\/fr\/#website\",\"url\":\"https:\/\/www.duboischemicals.com\/fleet-wash\/fr\/\",\"name\":\"Lavage de parc\",\"description\":\"\",\"potentialAction\":[{\"@type\":\"SearchAction\",\"target\":{\"@type\":\"EntryPoint\",\"urlTemplate\":\"https:\/\/www.duboischemicals.com\/fleet-wash\/fr\/?s={search_term_string}\"},\"query-input\":{\"@type\":\"PropertyValueSpecification\",\"valueRequired\":true,\"valueName\":\"search_term_string\"}}],\"inLanguage\":\"fr-FR\"}]}<\/script>\n<!-- \/ Yoast SEO plugin. -->","yoast_head_json":{"title":"Lavage int\u00e9rieur des remorques - Lavage de parc","robots":{"index":"index","follow":"follow","max-snippet":"max-snippet:-1","max-image-preview":"max-image-preview:large","max-video-preview":"max-video-preview:-1"},"canonical":"https:\/\/www.duboischemicals.com\/fleet-wash\/fr\/equipment\/interior-trailer-washout\/","og_locale":"fr_FR","og_type":"article","og_title":"Lavage int\u00e9rieur des remorques - Lavage de parc","og_description":"Lavage int\u00e9rieur des remorques Le Food Safety Modernization Act (FSMA) est con\u00e7u pour prot\u00e9ger les aliments de la ferme \u00e0 la table en les pr\u00e9servant de toute contamination pendant le transport. Les nouvelles directives exigent...","og_url":"https:\/\/www.duboischemicals.com\/fleet-wash\/fr\/equipment\/interior-trailer-washout\/","og_site_name":"Lavage de parc","article_modified_time":"2021-02-26T09:41:41+00:00","twitter_card":"summary_large_image","schema":{"@context":"https:\/\/schema.org","@graph":[{"@type":"WebPage","@id":"https:\/\/www.duboischemicals.com\/fleet-wash\/fr\/equipment\/interior-trailer-washout\/","url":"https:\/\/www.duboischemicals.com\/fleet-wash\/fr\/equipment\/interior-trailer-washout\/","name":"Lavage int\u00e9rieur des remorques - Lavage de parc","isPartOf":{"@id":"https:\/\/www.duboischemicals.com\/fleet-wash\/fr\/#website"},"datePublished":"2018-11-02T22:51:34+00:00","dateModified":"2021-02-26T09:41:41+00:00","breadcrumb":{"@id":"https:\/\/www.duboischemicals.com\/fleet-wash\/fr\/equipment\/interior-trailer-washout\/#breadcrumb"},"inLanguage":"fr-FR","potentialAction":[{"@type":"ReadAction","target":["https:\/\/www.duboischemicals.com\/fleet-wash\/fr\/equipment\/interior-trailer-washout\/"]}]},{"@type":"BreadcrumbList","@id":"https:\/\/www.duboischemicals.com\/fleet-wash\/fr\/equipment\/interior-trailer-washout\/#breadcrumb","itemListElement":[{"@type":"ListItem","position":1,"name":"Accueil","item":"https:\/\/www.duboischemicals.com\/fleet-wash\/fr\/"},{"@type":"ListItem","position":2,"name":"\u00c9quipement","item":"https:\/\/www.duboischemicals.com\/fleet-wash\/fr\/equipment\/"},{"@type":"ListItem","position":3,"name":"Lavage int\u00e9rieur des remorques"}]},{"@type":"WebSite","@id":"https:\/\/www.duboischemicals.com\/fleet-wash\/fr\/#website","url":"https:\/\/www.duboischemicals.com\/fleet-wash\/fr\/","name":"Lavage de parc","description":"","potentialAction":[{"@type":"SearchAction","target":{"@type":"EntryPoint","urlTemplate":"https:\/\/www.duboischemicals.com\/fleet-wash\/fr\/?s={search_term_string}"},"query-input":{"@type":"PropertyValueSpecification","valueRequired":true,"valueName":"search_term_string"}}],"inLanguage":"fr-FR"}]}},"_links":{"self":[{"href":"https:\/\/www.duboischemicals.com\/fleet-wash\/fr\/wp-json\/wp\/v2\/pages\/13607","targetHints":{"allow":["GET"]}}],"collection":[{"href":"https:\/\/www.duboischemicals.com\/fleet-wash\/fr\/wp-json\/wp\/v2\/pages"}],"about":[{"href":"https:\/\/www.duboischemicals.com\/fleet-wash\/fr\/wp-json\/wp\/v2\/types\/page"}],"author":[{"embeddable":true,"href":"https:\/\/www.duboischemicals.com\/fleet-wash\/fr\/wp-json\/wp\/v2\/users\/220"}],"replies":[{"embeddable":true,"href":"https:\/\/www.duboischemicals.com\/fleet-wash\/fr\/wp-json\/wp\/v2\/comments?post=13607"}],"version-history":[{"count":3,"href":"https:\/\/www.duboischemicals.com\/fleet-wash\/fr\/wp-json\/wp\/v2\/pages\/13607\/revisions"}],"predecessor-version":[{"id":14004,"href":"https:\/\/www.duboischemicals.com\/fleet-wash\/fr\/wp-json\/wp\/v2\/pages\/13607\/revisions\/14004"}],"up":[{"embeddable":true,"href":"https:\/\/www.duboischemicals.com\/fleet-wash\/fr\/wp-json\/wp\/v2\/pages\/13245"}],"wp:attachment":[{"href":"https:\/\/www.duboischemicals.com\/fleet-wash\/fr\/wp-json\/wp\/v2\/media?parent=13607"}],"curies":[{"name":"wp","href":"https:\/\/api.w.org\/{rel}","templated":true}]}}