{"id":10192,"date":"2020-11-24T07:30:20","date_gmt":"2020-11-24T12:30:20","guid":{"rendered":"https:\/\/www.duboischemicals.com\/\/food-beverage\/service-support\/customer-service\/"},"modified":"2021-02-16T12:42:09","modified_gmt":"2021-02-16T17:42:09","slug":"customer-service","status":"publish","type":"page","link":"https:\/\/www.duboischemicals.com\/food-beverage\/fr\/service-support\/customer-service\/","title":{"rendered":"Service \u00e0 la client\u00e8le"},"content":{"rendered":"<h2>Service \u00e0 la client\u00e8le<\/h2>\n<p>Le centre de service \u00e0 la client\u00e8le de DuBois s&rsquo;engage \u00e0 fournir les plus hauts niveaux de service \u00e0 votre entreprise. Que vous passiez une commande, demandiez des renseignements sur un produit ou tentiez de contacter l&rsquo;un de nos experts en applications, nous sommes \u00e0 votre \u00e9coute, nous r\u00e9pondons \u00e0 vos besoins, et nous nous effor\u00e7ons de pr\u00e9voir les besoins futurs. Quelle que soit la taille de la demande ou la complexit\u00e9 du probl\u00e8me, nous ferons tout notre possible pour vous fournir une r\u00e9ponse d&rsquo;excellence.<\/p>\n<p>DuBois s&rsquo;occupera rapidement de ce qui compte le plus pour vous et vous fournira des solutions intelligentes et efficaces. Notre recherche commune de l&rsquo;excellence motive tout ce que nous faisons d\u00e8s le d\u00e9but de notre partenariat.<\/p>\n<p><strong>L&rsquo;engagement de DuBois en mati\u00e8re de livraison\u00a0:<\/strong><\/p>\n<ul>\n<li>Une communication proactive et fr\u00e9quente pour r\u00e9pondre \u00e0 vos besoins et \u00e0 vos attentes<\/li>\n<li>La responsabilit\u00e9 individuelle et collective et l\u2019obligation de rendre compte<\/li>\n<li>Une culture d&rsquo;am\u00e9lioration continue<\/li>\n<\/ul>\n<p><a href=\"http:\/\/www.duboischemicals.com\/\/food-beverage\/contact-us\/\">Contactez-nous<\/a><\/p>\n","protected":false},"excerpt":{"rendered":"<p>Service \u00e0 la client\u00e8le Le centre de service \u00e0 la client\u00e8le de DuBois s&rsquo;engage \u00e0 fournir les plus hauts niveaux de service \u00e0 votre entreprise. Que vous passiez une commande, demandiez des renseignements sur un&#8230;<\/p>\n","protected":false},"author":220,"featured_media":0,"parent":10181,"menu_order":1,"comment_status":"closed","ping_status":"closed","template":"","meta":{"_acf_changed":false,"footnotes":""},"class_list":["post-10192","page","type-page","status-publish","hentry"],"acf":[],"yoast_head":"<!-- This site is optimized with the Yoast SEO plugin v26.8 - https:\/\/yoast.com\/product\/yoast-seo-wordpress\/ -->\n<title>novembre 24, 2020 - Aliments et boissons<\/title>\n<meta name=\"robots\" content=\"index, follow, max-snippet:-1, max-image-preview:large, max-video-preview:-1\" \/>\n<link rel=\"canonical\" href=\"https:\/\/www.duboischemicals.com\/food-beverage\/fr\/service-support\/customer-service\/\" \/>\n<meta property=\"og:locale\" content=\"fr_FR\" \/>\n<meta property=\"og:type\" content=\"article\" \/>\n<meta property=\"og:title\" content=\"novembre 24, 2020 - Aliments et boissons\" \/>\n<meta property=\"og:description\" content=\"Service \u00e0 la client\u00e8le Le centre de service \u00e0 la client\u00e8le de DuBois s&rsquo;engage \u00e0 fournir les plus hauts niveaux de service \u00e0 votre entreprise. Que vous passiez une commande, demandiez des renseignements sur un...\" \/>\n<meta property=\"og:url\" content=\"https:\/\/www.duboischemicals.com\/food-beverage\/fr\/service-support\/customer-service\/\" \/>\n<meta property=\"og:site_name\" content=\"Aliments et boissons\" \/>\n<meta property=\"article:modified_time\" content=\"2021-02-16T17:42:09+00:00\" \/>\n<meta name=\"twitter:card\" content=\"summary_large_image\" \/>\n<meta name=\"twitter:label1\" content=\"Dur\u00e9e de lecture estim\u00e9e\" \/>\n\t<meta name=\"twitter:data1\" content=\"1 minute\" \/>\n<script type=\"application\/ld+json\" class=\"yoast-schema-graph\">{\"@context\":\"https:\/\/schema.org\",\"@graph\":[{\"@type\":\"WebPage\",\"@id\":\"https:\/\/www.duboischemicals.com\/food-beverage\/fr\/service-support\/customer-service\/\",\"url\":\"https:\/\/www.duboischemicals.com\/food-beverage\/fr\/service-support\/customer-service\/\",\"name\":\"novembre 24, 2020 - Aliments et boissons\",\"isPartOf\":{\"@id\":\"https:\/\/www.duboischemicals.com\/food-beverage\/fr\/#website\"},\"datePublished\":\"2020-11-24T12:30:20+00:00\",\"dateModified\":\"2021-02-16T17:42:09+00:00\",\"breadcrumb\":{\"@id\":\"https:\/\/www.duboischemicals.com\/food-beverage\/fr\/service-support\/customer-service\/#breadcrumb\"},\"inLanguage\":\"fr-FR\",\"potentialAction\":[{\"@type\":\"ReadAction\",\"target\":[\"https:\/\/www.duboischemicals.com\/food-beverage\/fr\/service-support\/customer-service\/\"]}]},{\"@type\":\"BreadcrumbList\",\"@id\":\"https:\/\/www.duboischemicals.com\/food-beverage\/fr\/service-support\/customer-service\/#breadcrumb\",\"itemListElement\":[{\"@type\":\"ListItem\",\"position\":1,\"name\":\"Accueil\",\"item\":\"https:\/\/www.duboischemicals.com\/food-beverage\/fr\/\"},{\"@type\":\"ListItem\",\"position\":2,\"name\":\"Service et soutien\",\"item\":\"https:\/\/www.duboischemicals.com\/food-beverage\/fr\/service-support\/\"},{\"@type\":\"ListItem\",\"position\":3,\"name\":\"Service \u00e0 la client\u00e8le\"}]},{\"@type\":\"WebSite\",\"@id\":\"https:\/\/www.duboischemicals.com\/food-beverage\/fr\/#website\",\"url\":\"https:\/\/www.duboischemicals.com\/food-beverage\/fr\/\",\"name\":\"Aliments et boissons\",\"description\":\"\",\"potentialAction\":[{\"@type\":\"SearchAction\",\"target\":{\"@type\":\"EntryPoint\",\"urlTemplate\":\"https:\/\/www.duboischemicals.com\/food-beverage\/fr\/?s={search_term_string}\"},\"query-input\":{\"@type\":\"PropertyValueSpecification\",\"valueRequired\":true,\"valueName\":\"search_term_string\"}}],\"inLanguage\":\"fr-FR\"}]}<\/script>\n<!-- \/ Yoast SEO plugin. -->","yoast_head_json":{"title":"novembre 24, 2020 - Aliments et boissons","robots":{"index":"index","follow":"follow","max-snippet":"max-snippet:-1","max-image-preview":"max-image-preview:large","max-video-preview":"max-video-preview:-1"},"canonical":"https:\/\/www.duboischemicals.com\/food-beverage\/fr\/service-support\/customer-service\/","og_locale":"fr_FR","og_type":"article","og_title":"novembre 24, 2020 - Aliments et boissons","og_description":"Service \u00e0 la client\u00e8le Le centre de service \u00e0 la client\u00e8le de DuBois s&rsquo;engage \u00e0 fournir les plus hauts niveaux de service \u00e0 votre entreprise. Que vous passiez une commande, demandiez des renseignements sur un...","og_url":"https:\/\/www.duboischemicals.com\/food-beverage\/fr\/service-support\/customer-service\/","og_site_name":"Aliments et boissons","article_modified_time":"2021-02-16T17:42:09+00:00","twitter_card":"summary_large_image","twitter_misc":{"Dur\u00e9e de lecture estim\u00e9e":"1 minute"},"schema":{"@context":"https:\/\/schema.org","@graph":[{"@type":"WebPage","@id":"https:\/\/www.duboischemicals.com\/food-beverage\/fr\/service-support\/customer-service\/","url":"https:\/\/www.duboischemicals.com\/food-beverage\/fr\/service-support\/customer-service\/","name":"novembre 24, 2020 - Aliments et boissons","isPartOf":{"@id":"https:\/\/www.duboischemicals.com\/food-beverage\/fr\/#website"},"datePublished":"2020-11-24T12:30:20+00:00","dateModified":"2021-02-16T17:42:09+00:00","breadcrumb":{"@id":"https:\/\/www.duboischemicals.com\/food-beverage\/fr\/service-support\/customer-service\/#breadcrumb"},"inLanguage":"fr-FR","potentialAction":[{"@type":"ReadAction","target":["https:\/\/www.duboischemicals.com\/food-beverage\/fr\/service-support\/customer-service\/"]}]},{"@type":"BreadcrumbList","@id":"https:\/\/www.duboischemicals.com\/food-beverage\/fr\/service-support\/customer-service\/#breadcrumb","itemListElement":[{"@type":"ListItem","position":1,"name":"Accueil","item":"https:\/\/www.duboischemicals.com\/food-beverage\/fr\/"},{"@type":"ListItem","position":2,"name":"Service et soutien","item":"https:\/\/www.duboischemicals.com\/food-beverage\/fr\/service-support\/"},{"@type":"ListItem","position":3,"name":"Service \u00e0 la client\u00e8le"}]},{"@type":"WebSite","@id":"https:\/\/www.duboischemicals.com\/food-beverage\/fr\/#website","url":"https:\/\/www.duboischemicals.com\/food-beverage\/fr\/","name":"Aliments et boissons","description":"","potentialAction":[{"@type":"SearchAction","target":{"@type":"EntryPoint","urlTemplate":"https:\/\/www.duboischemicals.com\/food-beverage\/fr\/?s={search_term_string}"},"query-input":{"@type":"PropertyValueSpecification","valueRequired":true,"valueName":"search_term_string"}}],"inLanguage":"fr-FR"}]}},"_links":{"self":[{"href":"https:\/\/www.duboischemicals.com\/food-beverage\/fr\/wp-json\/wp\/v2\/pages\/10192","targetHints":{"allow":["GET"]}}],"collection":[{"href":"https:\/\/www.duboischemicals.com\/food-beverage\/fr\/wp-json\/wp\/v2\/pages"}],"about":[{"href":"https:\/\/www.duboischemicals.com\/food-beverage\/fr\/wp-json\/wp\/v2\/types\/page"}],"author":[{"embeddable":true,"href":"https:\/\/www.duboischemicals.com\/food-beverage\/fr\/wp-json\/wp\/v2\/users\/220"}],"replies":[{"embeddable":true,"href":"https:\/\/www.duboischemicals.com\/food-beverage\/fr\/wp-json\/wp\/v2\/comments?post=10192"}],"version-history":[{"count":3,"href":"https:\/\/www.duboischemicals.com\/food-beverage\/fr\/wp-json\/wp\/v2\/pages\/10192\/revisions"}],"predecessor-version":[{"id":10629,"href":"https:\/\/www.duboischemicals.com\/food-beverage\/fr\/wp-json\/wp\/v2\/pages\/10192\/revisions\/10629"}],"up":[{"embeddable":true,"href":"https:\/\/www.duboischemicals.com\/food-beverage\/fr\/wp-json\/wp\/v2\/pages\/10181"}],"wp:attachment":[{"href":"https:\/\/www.duboischemicals.com\/food-beverage\/fr\/wp-json\/wp\/v2\/media?parent=10192"}],"curies":[{"name":"wp","href":"https:\/\/api.w.org\/{rel}","templated":true}]}}