{"id":10206,"date":"2020-11-24T07:30:23","date_gmt":"2020-11-24T12:30:23","guid":{"rendered":"https:\/\/www.duboischemicals.com\/\/food-beverage\/equipment\/foaming-equipment\/"},"modified":"2021-02-26T04:40:13","modified_gmt":"2021-02-26T09:40:13","slug":"foaming-equipment","status":"publish","type":"page","link":"https:\/\/www.duboischemicals.com\/food-beverage\/fr\/equipment\/foaming-equipment\/","title":{"rendered":"\u00c9quipement de moussage"},"content":{"rendered":"<p class=\"textbox\" dir=\"ltr\">L&rsquo;assainissement des usines alimentaires est essentiel pour maintenir un produit alimentaire s\u00fbr et sain.<\/p>\n<p class=\"textbox\" dir=\"ltr\">DuBois \u00e9tablit des partenariats avec les principaux fabricants d&rsquo;\u00e9quipements de nettoyage \u00e0 la mousse pour vous proposer les meilleures options d&rsquo;\u00e9quipement disponibles. Gr\u00e2ce \u00e0 ces partenariats, nous disposons des ressources et du savoir-faire n\u00e9cessaires pour r\u00e9pondre \u00e0 vos besoins les plus exigeants.<\/p>\n<p class=\"textbox\" dir=\"ltr\">Nos options d&rsquo;\u00e9quipement de moussage comprennent les suivantes\u00a0:<\/p>\n<ul>\n<li class=\"textbox\" dir=\"ltr\">Mousseuses pour montage mural<\/li>\n<li class=\"textbox\" dir=\"ltr\">Mousseuses portables<\/li>\n<li class=\"textbox\" dir=\"ltr\">Mousseuses d&rsquo;entr\u00e9e<\/li>\n<li class=\"textbox\" dir=\"ltr\">Mousseuses pour embouts de tuyaux<\/li>\n<li class=\"textbox\" dir=\"ltr\">Syst\u00e8mes \u00e0 moussage central<\/li>\n<\/ul>\n<p class=\"textbox\" dir=\"ltr\">DuBois a install\u00e9 des milliers de solutions d&rsquo;\u00e9quipement sur mesure; nous mettons \u00e0 profit notre exp\u00e9rience pratique pour vos applications les plus difficiles.<\/p>\n<p class=\"textbox\" dir=\"ltr\">.<\/p>\n","protected":false},"excerpt":{"rendered":"<p>L&rsquo;assainissement des usines alimentaires est essentiel pour maintenir un produit alimentaire s\u00fbr et sain. DuBois \u00e9tablit des partenariats avec les principaux fabricants d&rsquo;\u00e9quipements de nettoyage \u00e0 la mousse pour vous proposer les meilleures options d&rsquo;\u00e9quipement&#8230;<\/p>\n","protected":false},"author":220,"featured_media":0,"parent":10148,"menu_order":3,"comment_status":"closed","ping_status":"closed","template":"","meta":{"_acf_changed":false,"footnotes":""},"class_list":["post-10206","page","type-page","status-publish","hentry"],"acf":[],"yoast_head":"<!-- This site is optimized with the Yoast SEO plugin v26.8 - https:\/\/yoast.com\/product\/yoast-seo-wordpress\/ -->\n<title>novembre 24, 2020 - Aliments et boissons<\/title>\n<meta name=\"robots\" content=\"index, follow, max-snippet:-1, max-image-preview:large, max-video-preview:-1\" \/>\n<link rel=\"canonical\" href=\"https:\/\/www.duboischemicals.com\/food-beverage\/fr\/equipment\/foaming-equipment\/\" \/>\n<meta property=\"og:locale\" content=\"fr_FR\" \/>\n<meta property=\"og:type\" content=\"article\" \/>\n<meta property=\"og:title\" content=\"novembre 24, 2020 - Aliments et boissons\" \/>\n<meta property=\"og:description\" content=\"L&rsquo;assainissement des usines alimentaires est essentiel pour maintenir un produit alimentaire s\u00fbr et sain. DuBois \u00e9tablit des partenariats avec les principaux fabricants d&rsquo;\u00e9quipements de nettoyage \u00e0 la mousse pour vous proposer les meilleures options d&rsquo;\u00e9quipement...\" \/>\n<meta property=\"og:url\" content=\"https:\/\/www.duboischemicals.com\/food-beverage\/fr\/equipment\/foaming-equipment\/\" \/>\n<meta property=\"og:site_name\" content=\"Aliments et boissons\" \/>\n<meta property=\"article:modified_time\" content=\"2021-02-26T09:40:13+00:00\" \/>\n<meta name=\"twitter:card\" content=\"summary_large_image\" \/>\n<meta name=\"twitter:label1\" content=\"Dur\u00e9e de lecture estim\u00e9e\" \/>\n\t<meta name=\"twitter:data1\" content=\"1 minute\" \/>\n<script type=\"application\/ld+json\" class=\"yoast-schema-graph\">{\"@context\":\"https:\/\/schema.org\",\"@graph\":[{\"@type\":\"WebPage\",\"@id\":\"https:\/\/www.duboischemicals.com\/food-beverage\/fr\/equipment\/foaming-equipment\/\",\"url\":\"https:\/\/www.duboischemicals.com\/food-beverage\/fr\/equipment\/foaming-equipment\/\",\"name\":\"novembre 24, 2020 - Aliments et boissons\",\"isPartOf\":{\"@id\":\"https:\/\/www.duboischemicals.com\/food-beverage\/fr\/#website\"},\"datePublished\":\"2020-11-24T12:30:23+00:00\",\"dateModified\":\"2021-02-26T09:40:13+00:00\",\"breadcrumb\":{\"@id\":\"https:\/\/www.duboischemicals.com\/food-beverage\/fr\/equipment\/foaming-equipment\/#breadcrumb\"},\"inLanguage\":\"fr-FR\",\"potentialAction\":[{\"@type\":\"ReadAction\",\"target\":[\"https:\/\/www.duboischemicals.com\/food-beverage\/fr\/equipment\/foaming-equipment\/\"]}]},{\"@type\":\"BreadcrumbList\",\"@id\":\"https:\/\/www.duboischemicals.com\/food-beverage\/fr\/equipment\/foaming-equipment\/#breadcrumb\",\"itemListElement\":[{\"@type\":\"ListItem\",\"position\":1,\"name\":\"Accueil\",\"item\":\"https:\/\/www.duboischemicals.com\/food-beverage\/fr\/\"},{\"@type\":\"ListItem\",\"position\":2,\"name\":\"\u00c9quipement\",\"item\":\"https:\/\/www.duboischemicals.com\/food-beverage\/fr\/equipment\/\"},{\"@type\":\"ListItem\",\"position\":3,\"name\":\"\u00c9quipement de moussage\"}]},{\"@type\":\"WebSite\",\"@id\":\"https:\/\/www.duboischemicals.com\/food-beverage\/fr\/#website\",\"url\":\"https:\/\/www.duboischemicals.com\/food-beverage\/fr\/\",\"name\":\"Aliments et boissons\",\"description\":\"\",\"potentialAction\":[{\"@type\":\"SearchAction\",\"target\":{\"@type\":\"EntryPoint\",\"urlTemplate\":\"https:\/\/www.duboischemicals.com\/food-beverage\/fr\/?s={search_term_string}\"},\"query-input\":{\"@type\":\"PropertyValueSpecification\",\"valueRequired\":true,\"valueName\":\"search_term_string\"}}],\"inLanguage\":\"fr-FR\"}]}<\/script>\n<!-- \/ Yoast SEO plugin. -->","yoast_head_json":{"title":"novembre 24, 2020 - Aliments et boissons","robots":{"index":"index","follow":"follow","max-snippet":"max-snippet:-1","max-image-preview":"max-image-preview:large","max-video-preview":"max-video-preview:-1"},"canonical":"https:\/\/www.duboischemicals.com\/food-beverage\/fr\/equipment\/foaming-equipment\/","og_locale":"fr_FR","og_type":"article","og_title":"novembre 24, 2020 - Aliments et boissons","og_description":"L&rsquo;assainissement des usines alimentaires est essentiel pour maintenir un produit alimentaire s\u00fbr et sain. DuBois \u00e9tablit des partenariats avec les principaux fabricants d&rsquo;\u00e9quipements de nettoyage \u00e0 la mousse pour vous proposer les meilleures options d&rsquo;\u00e9quipement...","og_url":"https:\/\/www.duboischemicals.com\/food-beverage\/fr\/equipment\/foaming-equipment\/","og_site_name":"Aliments et boissons","article_modified_time":"2021-02-26T09:40:13+00:00","twitter_card":"summary_large_image","twitter_misc":{"Dur\u00e9e de lecture estim\u00e9e":"1 minute"},"schema":{"@context":"https:\/\/schema.org","@graph":[{"@type":"WebPage","@id":"https:\/\/www.duboischemicals.com\/food-beverage\/fr\/equipment\/foaming-equipment\/","url":"https:\/\/www.duboischemicals.com\/food-beverage\/fr\/equipment\/foaming-equipment\/","name":"novembre 24, 2020 - Aliments et boissons","isPartOf":{"@id":"https:\/\/www.duboischemicals.com\/food-beverage\/fr\/#website"},"datePublished":"2020-11-24T12:30:23+00:00","dateModified":"2021-02-26T09:40:13+00:00","breadcrumb":{"@id":"https:\/\/www.duboischemicals.com\/food-beverage\/fr\/equipment\/foaming-equipment\/#breadcrumb"},"inLanguage":"fr-FR","potentialAction":[{"@type":"ReadAction","target":["https:\/\/www.duboischemicals.com\/food-beverage\/fr\/equipment\/foaming-equipment\/"]}]},{"@type":"BreadcrumbList","@id":"https:\/\/www.duboischemicals.com\/food-beverage\/fr\/equipment\/foaming-equipment\/#breadcrumb","itemListElement":[{"@type":"ListItem","position":1,"name":"Accueil","item":"https:\/\/www.duboischemicals.com\/food-beverage\/fr\/"},{"@type":"ListItem","position":2,"name":"\u00c9quipement","item":"https:\/\/www.duboischemicals.com\/food-beverage\/fr\/equipment\/"},{"@type":"ListItem","position":3,"name":"\u00c9quipement de moussage"}]},{"@type":"WebSite","@id":"https:\/\/www.duboischemicals.com\/food-beverage\/fr\/#website","url":"https:\/\/www.duboischemicals.com\/food-beverage\/fr\/","name":"Aliments et boissons","description":"","potentialAction":[{"@type":"SearchAction","target":{"@type":"EntryPoint","urlTemplate":"https:\/\/www.duboischemicals.com\/food-beverage\/fr\/?s={search_term_string}"},"query-input":{"@type":"PropertyValueSpecification","valueRequired":true,"valueName":"search_term_string"}}],"inLanguage":"fr-FR"}]}},"_links":{"self":[{"href":"https:\/\/www.duboischemicals.com\/food-beverage\/fr\/wp-json\/wp\/v2\/pages\/10206","targetHints":{"allow":["GET"]}}],"collection":[{"href":"https:\/\/www.duboischemicals.com\/food-beverage\/fr\/wp-json\/wp\/v2\/pages"}],"about":[{"href":"https:\/\/www.duboischemicals.com\/food-beverage\/fr\/wp-json\/wp\/v2\/types\/page"}],"author":[{"embeddable":true,"href":"https:\/\/www.duboischemicals.com\/food-beverage\/fr\/wp-json\/wp\/v2\/users\/220"}],"replies":[{"embeddable":true,"href":"https:\/\/www.duboischemicals.com\/food-beverage\/fr\/wp-json\/wp\/v2\/comments?post=10206"}],"version-history":[{"count":3,"href":"https:\/\/www.duboischemicals.com\/food-beverage\/fr\/wp-json\/wp\/v2\/pages\/10206\/revisions"}],"predecessor-version":[{"id":10724,"href":"https:\/\/www.duboischemicals.com\/food-beverage\/fr\/wp-json\/wp\/v2\/pages\/10206\/revisions\/10724"}],"up":[{"embeddable":true,"href":"https:\/\/www.duboischemicals.com\/food-beverage\/fr\/wp-json\/wp\/v2\/pages\/10148"}],"wp:attachment":[{"href":"https:\/\/www.duboischemicals.com\/food-beverage\/fr\/wp-json\/wp\/v2\/media?parent=10206"}],"curies":[{"name":"wp","href":"https:\/\/api.w.org\/{rel}","templated":true}]}}