{"id":10219,"date":"2019-08-19T16:49:47","date_gmt":"2019-08-19T20:49:47","guid":{"rendered":"https:\/\/www.duboischemicals.com\/\/food-beverage\/food-grade-lubricants\/"},"modified":"2021-02-16T12:42:52","modified_gmt":"2021-02-16T17:42:52","slug":"food-grade-lubricants","status":"publish","type":"page","link":"https:\/\/www.duboischemicals.com\/food-beverage\/fr\/products\/food-grade-lubricants\/","title":{"rendered":"Lubrifiants alimentaires"},"content":{"rendered":"\n<p>La gamme compl\u00e8te de lubrifiants de qualit\u00e9 alimentaire DuBois est formul\u00e9e sp\u00e9cifiquement pour le secteur de l&#8217;emballage et de la transformation des aliments.  Nous proposons des huiles et des graisses qui peuvent \u00eatre utilis\u00e9es dans une large gamme de temp\u00e9ratures de fonctionnement pour les pi\u00e8ces de machines et les \u00e9quipements qui peuvent entrer en contact avec des aliments ou des boissons.<\/p>\n\n<p>Nous produisons des huiles min\u00e9rales de qualit\u00e9 alimentaire et des produits synth\u00e9tiques utilis\u00e9s pour la lubrification des machines dans les usines de boissons, les usines de conditionnement de la viande et de la volaille, les conserveries, les boulangeries et d&rsquo;autres usines de conditionnement et de transformation des aliments dans le secteur industriel.<\/p>\n\n<p>Nos produits de qualit\u00e9 alimentaire sont conformes \u00e0 la r\u00e9glementation de la FDA et sont inscrits dans le White Book de la NSF.<\/p>\n\n<p><strong>Produits et technologies\u00a0:<\/strong><\/p>\n\n<ul class=\"wp-block-list\"><li>Lubrifiants synth\u00e9tiques pour les syst\u00e8mes hydrauliques\u00a0: glissi\u00e8res, guides, cha\u00eenes, scies, m\u00e9langeurs, soupapes, roulements, pompes \u00e0 vide et compresseurs<\/li><li>Lubrifiant pour cha\u00eenes et convoyeurs de four \u00e0 haute et \u00e0 tr\u00e8s haute temp\u00e9rature pour les boulangeries commerciales, les fabricants de bo\u00eetes de boisson et les producteurs de mat\u00e9riaux d&#8217;emballage alimentaire<\/li><li>Huile hydraulique ignifuge<\/li><li>Huile pour sertisseuses de bo\u00eetes<\/li><li>Huiles blanches raffin\u00e9es<\/li><li>Huile min\u00e9rale pure pour les cosm\u00e9tiques et les produits pharmaceutiques<\/li><li>Graisse alimentaire<\/li><li>Lubrification des voies et des convoyeurs<\/li><\/ul>\n<p><\/p>\n\n<p><\/p>\n","protected":false},"excerpt":{"rendered":"<p>La gamme compl\u00e8te de lubrifiants de qualit\u00e9 alimentaire DuBois est formul\u00e9e sp\u00e9cifiquement pour le secteur de l&#8217;emballage et de la transformation des aliments. Nous proposons des huiles et des graisses qui peuvent \u00eatre utilis\u00e9es dans&#8230;<\/p>\n","protected":false},"author":11,"featured_media":10851,"parent":10250,"menu_order":0,"comment_status":"closed","ping_status":"closed","template":"template-prodinfo.php","meta":{"_acf_changed":false,"footnotes":""},"class_list":["post-10219","page","type-page","status-publish","has-post-thumbnail","hentry"],"acf":[],"yoast_head":"<!-- This site is optimized with the Yoast SEO plugin v26.8 - https:\/\/yoast.com\/product\/yoast-seo-wordpress\/ -->\n<title>ao\u00fbt 19, 2019 - Aliments et boissons<\/title>\n<meta name=\"robots\" content=\"index, follow, max-snippet:-1, max-image-preview:large, max-video-preview:-1\" \/>\n<link rel=\"canonical\" href=\"https:\/\/www.duboischemicals.com\/food-beverage\/fr\/products\/food-grade-lubricants\/\" \/>\n<meta property=\"og:locale\" content=\"fr_FR\" \/>\n<meta property=\"og:type\" content=\"article\" \/>\n<meta property=\"og:title\" content=\"ao\u00fbt 19, 2019 - Aliments et boissons\" \/>\n<meta property=\"og:description\" content=\"La gamme compl\u00e8te de lubrifiants de qualit\u00e9 alimentaire DuBois est formul\u00e9e sp\u00e9cifiquement pour le secteur de l&#8217;emballage et de la transformation des aliments. Nous proposons des huiles et des graisses qui peuvent \u00eatre utilis\u00e9es dans...\" \/>\n<meta property=\"og:url\" content=\"https:\/\/www.duboischemicals.com\/food-beverage\/fr\/products\/food-grade-lubricants\/\" \/>\n<meta property=\"og:site_name\" content=\"Aliments et boissons\" \/>\n<meta property=\"article:modified_time\" content=\"2021-02-16T17:42:52+00:00\" \/>\n<meta property=\"og:image\" content=\"https:\/\/www.duboischemicals.com\/food-beverage\/wp-content\/uploads\/sites\/3\/2018\/10\/iStock-494225576-Lubricants-4.jpg\" \/>\n\t<meta property=\"og:image:width\" content=\"454\" \/>\n\t<meta property=\"og:image:height\" content=\"450\" \/>\n\t<meta property=\"og:image:type\" content=\"image\/jpeg\" \/>\n<meta name=\"twitter:card\" content=\"summary_large_image\" \/>\n<meta name=\"twitter:label1\" content=\"Dur\u00e9e de lecture estim\u00e9e\" \/>\n\t<meta name=\"twitter:data1\" content=\"1 minute\" \/>\n<script type=\"application\/ld+json\" class=\"yoast-schema-graph\">{\"@context\":\"https:\/\/schema.org\",\"@graph\":[{\"@type\":\"WebPage\",\"@id\":\"https:\/\/www.duboischemicals.com\/food-beverage\/fr\/products\/food-grade-lubricants\/\",\"url\":\"https:\/\/www.duboischemicals.com\/food-beverage\/fr\/products\/food-grade-lubricants\/\",\"name\":\"ao\u00fbt 19, 2019 - Aliments et boissons\",\"isPartOf\":{\"@id\":\"https:\/\/www.duboischemicals.com\/food-beverage\/fr\/#website\"},\"primaryImageOfPage\":{\"@id\":\"https:\/\/www.duboischemicals.com\/food-beverage\/fr\/products\/food-grade-lubricants\/#primaryimage\"},\"image\":{\"@id\":\"https:\/\/www.duboischemicals.com\/food-beverage\/fr\/products\/food-grade-lubricants\/#primaryimage\"},\"thumbnailUrl\":\"https:\/\/www.duboischemicals.com\/food-beverage\/wp-content\/uploads\/sites\/3\/2023\/06\/148.png\",\"datePublished\":\"2019-08-19T20:49:47+00:00\",\"dateModified\":\"2021-02-16T17:42:52+00:00\",\"breadcrumb\":{\"@id\":\"https:\/\/www.duboischemicals.com\/food-beverage\/fr\/products\/food-grade-lubricants\/#breadcrumb\"},\"inLanguage\":\"fr-FR\",\"potentialAction\":[{\"@type\":\"ReadAction\",\"target\":[\"https:\/\/www.duboischemicals.com\/food-beverage\/fr\/products\/food-grade-lubricants\/\"]}]},{\"@type\":\"ImageObject\",\"inLanguage\":\"fr-FR\",\"@id\":\"https:\/\/www.duboischemicals.com\/food-beverage\/fr\/products\/food-grade-lubricants\/#primaryimage\",\"url\":\"https:\/\/www.duboischemicals.com\/food-beverage\/wp-content\/uploads\/sites\/3\/2023\/06\/148.png\",\"contentUrl\":\"https:\/\/www.duboischemicals.com\/food-beverage\/wp-content\/uploads\/sites\/3\/2023\/06\/148.png\",\"width\":450,\"height\":450,\"caption\":\"Food Grade Lubricants\"},{\"@type\":\"BreadcrumbList\",\"@id\":\"https:\/\/www.duboischemicals.com\/food-beverage\/fr\/products\/food-grade-lubricants\/#breadcrumb\",\"itemListElement\":[{\"@type\":\"ListItem\",\"position\":1,\"name\":\"Accueil\",\"item\":\"https:\/\/www.duboischemicals.com\/food-beverage\/fr\/\"},{\"@type\":\"ListItem\",\"position\":2,\"name\":\"Produits\",\"item\":\"https:\/\/www.duboischemicals.com\/food-beverage\/fr\/products\/\"},{\"@type\":\"ListItem\",\"position\":3,\"name\":\"Lubrifiants alimentaires\"}]},{\"@type\":\"WebSite\",\"@id\":\"https:\/\/www.duboischemicals.com\/food-beverage\/fr\/#website\",\"url\":\"https:\/\/www.duboischemicals.com\/food-beverage\/fr\/\",\"name\":\"Aliments et boissons\",\"description\":\"\",\"potentialAction\":[{\"@type\":\"SearchAction\",\"target\":{\"@type\":\"EntryPoint\",\"urlTemplate\":\"https:\/\/www.duboischemicals.com\/food-beverage\/fr\/?s={search_term_string}\"},\"query-input\":{\"@type\":\"PropertyValueSpecification\",\"valueRequired\":true,\"valueName\":\"search_term_string\"}}],\"inLanguage\":\"fr-FR\"}]}<\/script>\n<!-- \/ Yoast SEO plugin. -->","yoast_head_json":{"title":"ao\u00fbt 19, 2019 - Aliments et boissons","robots":{"index":"index","follow":"follow","max-snippet":"max-snippet:-1","max-image-preview":"max-image-preview:large","max-video-preview":"max-video-preview:-1"},"canonical":"https:\/\/www.duboischemicals.com\/food-beverage\/fr\/products\/food-grade-lubricants\/","og_locale":"fr_FR","og_type":"article","og_title":"ao\u00fbt 19, 2019 - Aliments et boissons","og_description":"La gamme compl\u00e8te de lubrifiants de qualit\u00e9 alimentaire DuBois est formul\u00e9e sp\u00e9cifiquement pour le secteur de l&#8217;emballage et de la transformation des aliments. Nous proposons des huiles et des graisses qui peuvent \u00eatre utilis\u00e9es dans...","og_url":"https:\/\/www.duboischemicals.com\/food-beverage\/fr\/products\/food-grade-lubricants\/","og_site_name":"Aliments et boissons","article_modified_time":"2021-02-16T17:42:52+00:00","og_image":[{"width":454,"height":450,"url":"https:\/\/www.duboischemicals.com\/food-beverage\/wp-content\/uploads\/sites\/3\/2018\/10\/iStock-494225576-Lubricants-4.jpg","type":"image\/jpeg"}],"twitter_card":"summary_large_image","twitter_misc":{"Dur\u00e9e de lecture estim\u00e9e":"1 minute"},"schema":{"@context":"https:\/\/schema.org","@graph":[{"@type":"WebPage","@id":"https:\/\/www.duboischemicals.com\/food-beverage\/fr\/products\/food-grade-lubricants\/","url":"https:\/\/www.duboischemicals.com\/food-beverage\/fr\/products\/food-grade-lubricants\/","name":"ao\u00fbt 19, 2019 - Aliments et boissons","isPartOf":{"@id":"https:\/\/www.duboischemicals.com\/food-beverage\/fr\/#website"},"primaryImageOfPage":{"@id":"https:\/\/www.duboischemicals.com\/food-beverage\/fr\/products\/food-grade-lubricants\/#primaryimage"},"image":{"@id":"https:\/\/www.duboischemicals.com\/food-beverage\/fr\/products\/food-grade-lubricants\/#primaryimage"},"thumbnailUrl":"https:\/\/www.duboischemicals.com\/food-beverage\/wp-content\/uploads\/sites\/3\/2023\/06\/148.png","datePublished":"2019-08-19T20:49:47+00:00","dateModified":"2021-02-16T17:42:52+00:00","breadcrumb":{"@id":"https:\/\/www.duboischemicals.com\/food-beverage\/fr\/products\/food-grade-lubricants\/#breadcrumb"},"inLanguage":"fr-FR","potentialAction":[{"@type":"ReadAction","target":["https:\/\/www.duboischemicals.com\/food-beverage\/fr\/products\/food-grade-lubricants\/"]}]},{"@type":"ImageObject","inLanguage":"fr-FR","@id":"https:\/\/www.duboischemicals.com\/food-beverage\/fr\/products\/food-grade-lubricants\/#primaryimage","url":"https:\/\/www.duboischemicals.com\/food-beverage\/wp-content\/uploads\/sites\/3\/2023\/06\/148.png","contentUrl":"https:\/\/www.duboischemicals.com\/food-beverage\/wp-content\/uploads\/sites\/3\/2023\/06\/148.png","width":450,"height":450,"caption":"Food Grade Lubricants"},{"@type":"BreadcrumbList","@id":"https:\/\/www.duboischemicals.com\/food-beverage\/fr\/products\/food-grade-lubricants\/#breadcrumb","itemListElement":[{"@type":"ListItem","position":1,"name":"Accueil","item":"https:\/\/www.duboischemicals.com\/food-beverage\/fr\/"},{"@type":"ListItem","position":2,"name":"Produits","item":"https:\/\/www.duboischemicals.com\/food-beverage\/fr\/products\/"},{"@type":"ListItem","position":3,"name":"Lubrifiants alimentaires"}]},{"@type":"WebSite","@id":"https:\/\/www.duboischemicals.com\/food-beverage\/fr\/#website","url":"https:\/\/www.duboischemicals.com\/food-beverage\/fr\/","name":"Aliments et boissons","description":"","potentialAction":[{"@type":"SearchAction","target":{"@type":"EntryPoint","urlTemplate":"https:\/\/www.duboischemicals.com\/food-beverage\/fr\/?s={search_term_string}"},"query-input":{"@type":"PropertyValueSpecification","valueRequired":true,"valueName":"search_term_string"}}],"inLanguage":"fr-FR"}]}},"_links":{"self":[{"href":"https:\/\/www.duboischemicals.com\/food-beverage\/fr\/wp-json\/wp\/v2\/pages\/10219","targetHints":{"allow":["GET"]}}],"collection":[{"href":"https:\/\/www.duboischemicals.com\/food-beverage\/fr\/wp-json\/wp\/v2\/pages"}],"about":[{"href":"https:\/\/www.duboischemicals.com\/food-beverage\/fr\/wp-json\/wp\/v2\/types\/page"}],"author":[{"embeddable":true,"href":"https:\/\/www.duboischemicals.com\/food-beverage\/fr\/wp-json\/wp\/v2\/users\/11"}],"replies":[{"embeddable":true,"href":"https:\/\/www.duboischemicals.com\/food-beverage\/fr\/wp-json\/wp\/v2\/comments?post=10219"}],"version-history":[{"count":7,"href":"https:\/\/www.duboischemicals.com\/food-beverage\/fr\/wp-json\/wp\/v2\/pages\/10219\/revisions"}],"predecessor-version":[{"id":10696,"href":"https:\/\/www.duboischemicals.com\/food-beverage\/fr\/wp-json\/wp\/v2\/pages\/10219\/revisions\/10696"}],"up":[{"embeddable":true,"href":"https:\/\/www.duboischemicals.com\/food-beverage\/fr\/wp-json\/wp\/v2\/pages\/10250"}],"wp:featuredmedia":[{"embeddable":true,"href":"https:\/\/www.duboischemicals.com\/food-beverage\/fr\/wp-json\/wp\/v2\/media\/10851"}],"wp:attachment":[{"href":"https:\/\/www.duboischemicals.com\/food-beverage\/fr\/wp-json\/wp\/v2\/media?parent=10219"}],"curies":[{"name":"wp","href":"https:\/\/api.w.org\/{rel}","templated":true}]}}