{"id":10235,"date":"2020-11-24T07:30:34","date_gmt":"2020-11-24T12:30:34","guid":{"rendered":"https:\/\/www.duboischemicals.com\/\/food-beverage\/about-us\/"},"modified":"2021-02-16T12:42:35","modified_gmt":"2021-02-16T17:42:35","slug":"about-us","status":"publish","type":"page","link":"https:\/\/www.duboischemicals.com\/food-beverage\/fr\/about-us\/","title":{"rendered":"\u00c0 propos de nous"},"content":{"rendered":"<h2 dir=\"ltr\"> \u00c0 propos de nous<\/h2>\n<p class=\"textbox\" dir=\"ltr\">DuBois est au service de ses clients depuis 1920. Nos solutions chimiques personnalis\u00e9es \u00e0 valeur ajout\u00e9e sont con\u00e7ues pour am\u00e9liorer vos proc\u00e9d\u00e9s et vous apporter la tranquillit\u00e9 d&rsquo;esprit.<\/p>\n<p class=\"textbox\" dir=\"ltr\">DuBois s&rsquo;engage \u00e0 \u00e9couter vos besoins, \u00e0 s&rsquo;associer avec vous et \u00e0 appliquer des solutions innovantes et durables qui d\u00e9passent vos attentes.<\/p>\n<p class=\"textbox\" dir=\"ltr\">Apprenez \u00e0 conna\u00eetre DuBois!<\/p>\n","protected":false},"excerpt":{"rendered":"<p>\u00c0 propos de nous DuBois est au service de ses clients depuis 1920. Nos solutions chimiques personnalis\u00e9es \u00e0 valeur ajout\u00e9e sont con\u00e7ues pour am\u00e9liorer vos proc\u00e9d\u00e9s et vous apporter la tranquillit\u00e9 d&rsquo;esprit. DuBois s&rsquo;engage \u00e0&#8230;<\/p>\n","protected":false},"author":220,"featured_media":0,"parent":0,"menu_order":0,"comment_status":"closed","ping_status":"closed","template":"","meta":{"_acf_changed":false,"footnotes":""},"class_list":["post-10235","page","type-page","status-publish","hentry"],"acf":[],"yoast_head":"<!-- This site is optimized with the Yoast SEO plugin v26.8 - https:\/\/yoast.com\/product\/yoast-seo-wordpress\/ -->\n<title>novembre 24, 2020 - Aliments et boissons<\/title>\n<meta name=\"robots\" content=\"index, follow, max-snippet:-1, max-image-preview:large, max-video-preview:-1\" \/>\n<link rel=\"canonical\" href=\"https:\/\/www.duboischemicals.com\/food-beverage\/fr\/about-us\/\" \/>\n<meta property=\"og:locale\" content=\"fr_FR\" \/>\n<meta property=\"og:type\" content=\"article\" \/>\n<meta property=\"og:title\" content=\"novembre 24, 2020 - Aliments et boissons\" \/>\n<meta property=\"og:description\" content=\"\u00c0 propos de nous DuBois est au service de ses clients depuis 1920. Nos solutions chimiques personnalis\u00e9es \u00e0 valeur ajout\u00e9e sont con\u00e7ues pour am\u00e9liorer vos proc\u00e9d\u00e9s et vous apporter la tranquillit\u00e9 d&rsquo;esprit. DuBois s&rsquo;engage \u00e0...\" \/>\n<meta property=\"og:url\" content=\"https:\/\/www.duboischemicals.com\/food-beverage\/fr\/about-us\/\" \/>\n<meta property=\"og:site_name\" content=\"Aliments et boissons\" \/>\n<meta property=\"article:modified_time\" content=\"2021-02-16T17:42:35+00:00\" \/>\n<meta name=\"twitter:card\" content=\"summary_large_image\" \/>\n<script type=\"application\/ld+json\" class=\"yoast-schema-graph\">{\"@context\":\"https:\/\/schema.org\",\"@graph\":[{\"@type\":\"WebPage\",\"@id\":\"https:\/\/www.duboischemicals.com\/food-beverage\/fr\/about-us\/\",\"url\":\"https:\/\/www.duboischemicals.com\/food-beverage\/fr\/about-us\/\",\"name\":\"novembre 24, 2020 - Aliments et boissons\",\"isPartOf\":{\"@id\":\"https:\/\/www.duboischemicals.com\/food-beverage\/fr\/#website\"},\"datePublished\":\"2020-11-24T12:30:34+00:00\",\"dateModified\":\"2021-02-16T17:42:35+00:00\",\"breadcrumb\":{\"@id\":\"https:\/\/www.duboischemicals.com\/food-beverage\/fr\/about-us\/#breadcrumb\"},\"inLanguage\":\"fr-FR\",\"potentialAction\":[{\"@type\":\"ReadAction\",\"target\":[\"https:\/\/www.duboischemicals.com\/food-beverage\/fr\/about-us\/\"]}]},{\"@type\":\"BreadcrumbList\",\"@id\":\"https:\/\/www.duboischemicals.com\/food-beverage\/fr\/about-us\/#breadcrumb\",\"itemListElement\":[{\"@type\":\"ListItem\",\"position\":1,\"name\":\"Accueil\",\"item\":\"https:\/\/www.duboischemicals.com\/food-beverage\/fr\/\"},{\"@type\":\"ListItem\",\"position\":2,\"name\":\"\u00c0 propos de nous\"}]},{\"@type\":\"WebSite\",\"@id\":\"https:\/\/www.duboischemicals.com\/food-beverage\/fr\/#website\",\"url\":\"https:\/\/www.duboischemicals.com\/food-beverage\/fr\/\",\"name\":\"Aliments et boissons\",\"description\":\"\",\"potentialAction\":[{\"@type\":\"SearchAction\",\"target\":{\"@type\":\"EntryPoint\",\"urlTemplate\":\"https:\/\/www.duboischemicals.com\/food-beverage\/fr\/?s={search_term_string}\"},\"query-input\":{\"@type\":\"PropertyValueSpecification\",\"valueRequired\":true,\"valueName\":\"search_term_string\"}}],\"inLanguage\":\"fr-FR\"}]}<\/script>\n<!-- \/ Yoast SEO plugin. -->","yoast_head_json":{"title":"novembre 24, 2020 - Aliments et boissons","robots":{"index":"index","follow":"follow","max-snippet":"max-snippet:-1","max-image-preview":"max-image-preview:large","max-video-preview":"max-video-preview:-1"},"canonical":"https:\/\/www.duboischemicals.com\/food-beverage\/fr\/about-us\/","og_locale":"fr_FR","og_type":"article","og_title":"novembre 24, 2020 - Aliments et boissons","og_description":"\u00c0 propos de nous DuBois est au service de ses clients depuis 1920. Nos solutions chimiques personnalis\u00e9es \u00e0 valeur ajout\u00e9e sont con\u00e7ues pour am\u00e9liorer vos proc\u00e9d\u00e9s et vous apporter la tranquillit\u00e9 d&rsquo;esprit. DuBois s&rsquo;engage \u00e0...","og_url":"https:\/\/www.duboischemicals.com\/food-beverage\/fr\/about-us\/","og_site_name":"Aliments et boissons","article_modified_time":"2021-02-16T17:42:35+00:00","twitter_card":"summary_large_image","schema":{"@context":"https:\/\/schema.org","@graph":[{"@type":"WebPage","@id":"https:\/\/www.duboischemicals.com\/food-beverage\/fr\/about-us\/","url":"https:\/\/www.duboischemicals.com\/food-beverage\/fr\/about-us\/","name":"novembre 24, 2020 - Aliments et boissons","isPartOf":{"@id":"https:\/\/www.duboischemicals.com\/food-beverage\/fr\/#website"},"datePublished":"2020-11-24T12:30:34+00:00","dateModified":"2021-02-16T17:42:35+00:00","breadcrumb":{"@id":"https:\/\/www.duboischemicals.com\/food-beverage\/fr\/about-us\/#breadcrumb"},"inLanguage":"fr-FR","potentialAction":[{"@type":"ReadAction","target":["https:\/\/www.duboischemicals.com\/food-beverage\/fr\/about-us\/"]}]},{"@type":"BreadcrumbList","@id":"https:\/\/www.duboischemicals.com\/food-beverage\/fr\/about-us\/#breadcrumb","itemListElement":[{"@type":"ListItem","position":1,"name":"Accueil","item":"https:\/\/www.duboischemicals.com\/food-beverage\/fr\/"},{"@type":"ListItem","position":2,"name":"\u00c0 propos de nous"}]},{"@type":"WebSite","@id":"https:\/\/www.duboischemicals.com\/food-beverage\/fr\/#website","url":"https:\/\/www.duboischemicals.com\/food-beverage\/fr\/","name":"Aliments et boissons","description":"","potentialAction":[{"@type":"SearchAction","target":{"@type":"EntryPoint","urlTemplate":"https:\/\/www.duboischemicals.com\/food-beverage\/fr\/?s={search_term_string}"},"query-input":{"@type":"PropertyValueSpecification","valueRequired":true,"valueName":"search_term_string"}}],"inLanguage":"fr-FR"}]}},"_links":{"self":[{"href":"https:\/\/www.duboischemicals.com\/food-beverage\/fr\/wp-json\/wp\/v2\/pages\/10235","targetHints":{"allow":["GET"]}}],"collection":[{"href":"https:\/\/www.duboischemicals.com\/food-beverage\/fr\/wp-json\/wp\/v2\/pages"}],"about":[{"href":"https:\/\/www.duboischemicals.com\/food-beverage\/fr\/wp-json\/wp\/v2\/types\/page"}],"author":[{"embeddable":true,"href":"https:\/\/www.duboischemicals.com\/food-beverage\/fr\/wp-json\/wp\/v2\/users\/220"}],"replies":[{"embeddable":true,"href":"https:\/\/www.duboischemicals.com\/food-beverage\/fr\/wp-json\/wp\/v2\/comments?post=10235"}],"version-history":[{"count":2,"href":"https:\/\/www.duboischemicals.com\/food-beverage\/fr\/wp-json\/wp\/v2\/pages\/10235\/revisions"}],"predecessor-version":[{"id":10539,"href":"https:\/\/www.duboischemicals.com\/food-beverage\/fr\/wp-json\/wp\/v2\/pages\/10235\/revisions\/10539"}],"wp:attachment":[{"href":"https:\/\/www.duboischemicals.com\/food-beverage\/fr\/wp-json\/wp\/v2\/media?parent=10235"}],"curies":[{"name":"wp","href":"https:\/\/api.w.org\/{rel}","templated":true}]}}