{"id":10238,"date":"2020-11-24T07:30:35","date_gmt":"2020-11-24T12:30:35","guid":{"rendered":"https:\/\/www.duboischemicals.com\/\/food-beverage\/about-us\/innovation\/"},"modified":"2021-04-09T09:47:20","modified_gmt":"2021-04-09T13:47:20","slug":"innovation","status":"publish","type":"page","link":"https:\/\/www.duboischemicals.com\/food-beverage\/fr\/about-us\/innovation\/","title":{"rendered":"Innovation"},"content":{"rendered":"<h2>Innovation<\/h2>\n<p>L&rsquo;innovation joue un r\u00f4le essentiel dans la r\u00e9duction des co\u00fbts d&rsquo;exploitation, la diminution de la consommation de ressources naturelles et l&rsquo;\u00e9limination des d\u00e9chets qui doivent \u00eatre \u00e9limin\u00e9s ou trait\u00e9s ult\u00e9rieurement. DuBois est fi\u00e8re de fournir des technologies de pointe qui r\u00e9duisent vos co\u00fbts en produits chimiques, en eau, en main-d&rsquo;\u0153uvre et en \u00e9nergie.<\/p>\n<p>DuBois s&rsquo;appuie sur plus de 100\u00a0chimistes et ing\u00e9nieurs r\u00e9partis dans huit centres d&rsquo;excellence technique pour r\u00e9pondre \u00e0 vos besoins en mati\u00e8re de produits chimiques sp\u00e9cialis\u00e9s. Parmi les solutions r\u00e9centes, citons\u00a0:<\/p>\n<ul>\n<li>L\u2019\u00e9limination des bact\u00e9ricides dans les <a href=\"http:\/\/www.duboischemicals.com\/manufacturing\/products\/metalworking-fluids\/\" target=\"_blank\" rel=\"noopener noreferrer\">liquides m\u00e9tallurgiques<\/a><\/li>\n<li>Les technologies de <a href=\"http:\/\/www.duboischemicals.com\/manufacturing\/products\/pretreatment-paint-line-solutions\/\" target=\"_blank\" rel=\"noopener noreferrer\">traitement pr\u00e9alable \u00e0 la peinture<\/a> qui \u00e9conomisent du temps<\/li>\n<li>Les <a href=\"http:\/\/www.duboischemicals.com\/paper-pulp\/products\/fabric-treatment-cleaning\/\" target=\"_blank\" rel=\"noopener noreferrer\">traitements des toiles de machine \u00e0 papier<\/a> qui am\u00e9liorent la qualit\u00e9 des produits<\/li>\n<li>Les <a href=\"http:\/\/www.duboischemicals.com\/water-treatment\/products\/legionella-control\/\" target=\"_blank\" rel=\"noopener noreferrer\">programmes de lutte contre la l\u00e9gionelle<\/a> qui rendent les h\u00f4pitaux et les maisons de retraite plus s\u00fbrs<\/li>\n<li>Les programmes de recyclage de l&rsquo;eau qui maximisent la r\u00e9utilisation de l&rsquo;eau dans les installations de lavage de voitures et de parcs automobiles<\/li>\n<\/ul>\n<p>Chacune de ces avanc\u00e9es a \u00e9t\u00e9 d\u00e9velopp\u00e9e et mise en \u0153uvre pour faire face \u00e0 l&rsquo;impact environnemental et am\u00e9liorer votre rentabilit\u00e9.<\/p>\n<p><strong>Une chimie orient\u00e9e vers le client<\/strong><\/p>\n<p>De nombreux projets de recherche et d\u00e9veloppement de DuBois sont r\u00e9alis\u00e9s en partenariat avec des clients individuels afin de relever les d\u00e9fis propres \u00e0 leur proc\u00e9d\u00e9. Nous sommes conscients que m\u00eame les entreprises fournissant des solutions au m\u00eame secteur avec des produits similaires ont des proc\u00e9d\u00e9s uniques. Les \u00e9quipes techniques de DuBois, en partenariat avec un r\u00e9seau de professionnels techniques locaux, effectuent des \u00e9valuations individuelles du proc\u00e9d\u00e9 de chaque client afin de conduire le d\u00e9veloppement et la mise en \u0153uvre de solutions chimiques uniques.<\/p>\n<p><strong>Plus que de la chimie<\/strong><\/p>\n<p>En plus de d\u00e9velopper et de mettre en \u0153uvre la bonne solution chimique, les \u00e9quipes techniques locales de DuBois sont sp\u00e9cialis\u00e9es dans l&rsquo;am\u00e9lioration de l&rsquo;efficacit\u00e9 des processus de fabrication de nos clients, la recommandation d&rsquo;\u00e9quipements appropri\u00e9s ou l&rsquo;utilisation des \u00e9quipements existants pour atteindre les objectifs du client plus rapidement et \u00e0 moindre co\u00fbt.<\/p>\n","protected":false},"excerpt":{"rendered":"<p>Innovation L&rsquo;innovation joue un r\u00f4le essentiel dans la r\u00e9duction des co\u00fbts d&rsquo;exploitation, la diminution de la consommation de ressources naturelles et l&rsquo;\u00e9limination des d\u00e9chets qui doivent \u00eatre \u00e9limin\u00e9s ou trait\u00e9s ult\u00e9rieurement. DuBois est fi\u00e8re de&#8230;<\/p>\n","protected":false},"author":220,"featured_media":0,"parent":10235,"menu_order":3,"comment_status":"closed","ping_status":"closed","template":"","meta":{"_acf_changed":false,"footnotes":""},"class_list":["post-10238","page","type-page","status-publish","hentry"],"acf":[],"yoast_head":"<!-- This site is optimized with the Yoast SEO plugin v26.8 - https:\/\/yoast.com\/product\/yoast-seo-wordpress\/ -->\n<title>novembre 24, 2020 - Aliments et boissons<\/title>\n<meta name=\"robots\" content=\"index, follow, max-snippet:-1, max-image-preview:large, max-video-preview:-1\" \/>\n<link rel=\"canonical\" href=\"https:\/\/www.duboischemicals.com\/food-beverage\/fr\/about-us\/innovation\/\" \/>\n<meta property=\"og:locale\" content=\"fr_FR\" \/>\n<meta property=\"og:type\" content=\"article\" \/>\n<meta property=\"og:title\" content=\"novembre 24, 2020 - Aliments et boissons\" \/>\n<meta property=\"og:description\" content=\"Innovation L&rsquo;innovation joue un r\u00f4le essentiel dans la r\u00e9duction des co\u00fbts d&rsquo;exploitation, la diminution de la consommation de ressources naturelles et l&rsquo;\u00e9limination des d\u00e9chets qui doivent \u00eatre \u00e9limin\u00e9s ou trait\u00e9s ult\u00e9rieurement. DuBois est fi\u00e8re de...\" \/>\n<meta property=\"og:url\" content=\"https:\/\/www.duboischemicals.com\/food-beverage\/fr\/about-us\/innovation\/\" \/>\n<meta property=\"og:site_name\" content=\"Aliments et boissons\" \/>\n<meta property=\"article:modified_time\" content=\"2021-04-09T13:47:20+00:00\" \/>\n<meta name=\"twitter:card\" content=\"summary_large_image\" \/>\n<meta name=\"twitter:label1\" content=\"Dur\u00e9e de lecture estim\u00e9e\" \/>\n\t<meta name=\"twitter:data1\" content=\"2 minutes\" \/>\n<script type=\"application\/ld+json\" class=\"yoast-schema-graph\">{\"@context\":\"https:\/\/schema.org\",\"@graph\":[{\"@type\":\"WebPage\",\"@id\":\"https:\/\/www.duboischemicals.com\/food-beverage\/fr\/about-us\/innovation\/\",\"url\":\"https:\/\/www.duboischemicals.com\/food-beverage\/fr\/about-us\/innovation\/\",\"name\":\"novembre 24, 2020 - Aliments et boissons\",\"isPartOf\":{\"@id\":\"https:\/\/www.duboischemicals.com\/food-beverage\/fr\/#website\"},\"datePublished\":\"2020-11-24T12:30:35+00:00\",\"dateModified\":\"2021-04-09T13:47:20+00:00\",\"breadcrumb\":{\"@id\":\"https:\/\/www.duboischemicals.com\/food-beverage\/fr\/about-us\/innovation\/#breadcrumb\"},\"inLanguage\":\"fr-FR\",\"potentialAction\":[{\"@type\":\"ReadAction\",\"target\":[\"https:\/\/www.duboischemicals.com\/food-beverage\/fr\/about-us\/innovation\/\"]}]},{\"@type\":\"BreadcrumbList\",\"@id\":\"https:\/\/www.duboischemicals.com\/food-beverage\/fr\/about-us\/innovation\/#breadcrumb\",\"itemListElement\":[{\"@type\":\"ListItem\",\"position\":1,\"name\":\"Accueil\",\"item\":\"https:\/\/www.duboischemicals.com\/food-beverage\/fr\/\"},{\"@type\":\"ListItem\",\"position\":2,\"name\":\"\u00c0 propos de nous\",\"item\":\"https:\/\/www.duboischemicals.com\/food-beverage\/fr\/about-us\/\"},{\"@type\":\"ListItem\",\"position\":3,\"name\":\"Innovation\"}]},{\"@type\":\"WebSite\",\"@id\":\"https:\/\/www.duboischemicals.com\/food-beverage\/fr\/#website\",\"url\":\"https:\/\/www.duboischemicals.com\/food-beverage\/fr\/\",\"name\":\"Aliments et boissons\",\"description\":\"\",\"potentialAction\":[{\"@type\":\"SearchAction\",\"target\":{\"@type\":\"EntryPoint\",\"urlTemplate\":\"https:\/\/www.duboischemicals.com\/food-beverage\/fr\/?s={search_term_string}\"},\"query-input\":{\"@type\":\"PropertyValueSpecification\",\"valueRequired\":true,\"valueName\":\"search_term_string\"}}],\"inLanguage\":\"fr-FR\"}]}<\/script>\n<!-- \/ Yoast SEO plugin. -->","yoast_head_json":{"title":"novembre 24, 2020 - Aliments et boissons","robots":{"index":"index","follow":"follow","max-snippet":"max-snippet:-1","max-image-preview":"max-image-preview:large","max-video-preview":"max-video-preview:-1"},"canonical":"https:\/\/www.duboischemicals.com\/food-beverage\/fr\/about-us\/innovation\/","og_locale":"fr_FR","og_type":"article","og_title":"novembre 24, 2020 - Aliments et boissons","og_description":"Innovation L&rsquo;innovation joue un r\u00f4le essentiel dans la r\u00e9duction des co\u00fbts d&rsquo;exploitation, la diminution de la consommation de ressources naturelles et l&rsquo;\u00e9limination des d\u00e9chets qui doivent \u00eatre \u00e9limin\u00e9s ou trait\u00e9s ult\u00e9rieurement. DuBois est fi\u00e8re de...","og_url":"https:\/\/www.duboischemicals.com\/food-beverage\/fr\/about-us\/innovation\/","og_site_name":"Aliments et boissons","article_modified_time":"2021-04-09T13:47:20+00:00","twitter_card":"summary_large_image","twitter_misc":{"Dur\u00e9e de lecture estim\u00e9e":"2 minutes"},"schema":{"@context":"https:\/\/schema.org","@graph":[{"@type":"WebPage","@id":"https:\/\/www.duboischemicals.com\/food-beverage\/fr\/about-us\/innovation\/","url":"https:\/\/www.duboischemicals.com\/food-beverage\/fr\/about-us\/innovation\/","name":"novembre 24, 2020 - Aliments et boissons","isPartOf":{"@id":"https:\/\/www.duboischemicals.com\/food-beverage\/fr\/#website"},"datePublished":"2020-11-24T12:30:35+00:00","dateModified":"2021-04-09T13:47:20+00:00","breadcrumb":{"@id":"https:\/\/www.duboischemicals.com\/food-beverage\/fr\/about-us\/innovation\/#breadcrumb"},"inLanguage":"fr-FR","potentialAction":[{"@type":"ReadAction","target":["https:\/\/www.duboischemicals.com\/food-beverage\/fr\/about-us\/innovation\/"]}]},{"@type":"BreadcrumbList","@id":"https:\/\/www.duboischemicals.com\/food-beverage\/fr\/about-us\/innovation\/#breadcrumb","itemListElement":[{"@type":"ListItem","position":1,"name":"Accueil","item":"https:\/\/www.duboischemicals.com\/food-beverage\/fr\/"},{"@type":"ListItem","position":2,"name":"\u00c0 propos de nous","item":"https:\/\/www.duboischemicals.com\/food-beverage\/fr\/about-us\/"},{"@type":"ListItem","position":3,"name":"Innovation"}]},{"@type":"WebSite","@id":"https:\/\/www.duboischemicals.com\/food-beverage\/fr\/#website","url":"https:\/\/www.duboischemicals.com\/food-beverage\/fr\/","name":"Aliments et boissons","description":"","potentialAction":[{"@type":"SearchAction","target":{"@type":"EntryPoint","urlTemplate":"https:\/\/www.duboischemicals.com\/food-beverage\/fr\/?s={search_term_string}"},"query-input":{"@type":"PropertyValueSpecification","valueRequired":true,"valueName":"search_term_string"}}],"inLanguage":"fr-FR"}]}},"_links":{"self":[{"href":"https:\/\/www.duboischemicals.com\/food-beverage\/fr\/wp-json\/wp\/v2\/pages\/10238","targetHints":{"allow":["GET"]}}],"collection":[{"href":"https:\/\/www.duboischemicals.com\/food-beverage\/fr\/wp-json\/wp\/v2\/pages"}],"about":[{"href":"https:\/\/www.duboischemicals.com\/food-beverage\/fr\/wp-json\/wp\/v2\/types\/page"}],"author":[{"embeddable":true,"href":"https:\/\/www.duboischemicals.com\/food-beverage\/fr\/wp-json\/wp\/v2\/users\/220"}],"replies":[{"embeddable":true,"href":"https:\/\/www.duboischemicals.com\/food-beverage\/fr\/wp-json\/wp\/v2\/comments?post=10238"}],"version-history":[{"count":5,"href":"https:\/\/www.duboischemicals.com\/food-beverage\/fr\/wp-json\/wp\/v2\/pages\/10238\/revisions"}],"predecessor-version":[{"id":10786,"href":"https:\/\/www.duboischemicals.com\/food-beverage\/fr\/wp-json\/wp\/v2\/pages\/10238\/revisions\/10786"}],"up":[{"embeddable":true,"href":"https:\/\/www.duboischemicals.com\/food-beverage\/fr\/wp-json\/wp\/v2\/pages\/10235"}],"wp:attachment":[{"href":"https:\/\/www.duboischemicals.com\/food-beverage\/fr\/wp-json\/wp\/v2\/media?parent=10238"}],"curies":[{"name":"wp","href":"https:\/\/api.w.org\/{rel}","templated":true}]}}