{"id":10241,"date":"2020-11-24T07:30:37","date_gmt":"2020-11-24T12:30:37","guid":{"rendered":"https:\/\/www.duboischemicals.com\/\/food-beverage\/about-us\/facility-locations\/"},"modified":"2021-02-16T12:42:19","modified_gmt":"2021-02-16T17:42:19","slug":"facility-locations","status":"publish","type":"page","link":"https:\/\/www.duboischemicals.com\/food-beverage\/fr\/about-us\/facility-locations\/","title":{"rendered":"L\u2019emplacement de nos installations"},"content":{"rendered":"<h2>Nos installations desservent toute l&rsquo;Am\u00e9rique du Nord<\/h2>\n<p>Le si\u00e8ge social de DuBois est situ\u00e9 \u00e0 Sharonville, Ohio. Les op\u00e9rations de notre marque, y compris les centres techniques, les installations de fabrication et les entrep\u00f4ts, s&rsquo;\u00e9tendent \u00e0 toute l&rsquo;Am\u00e9rique du Nord. Survolez les fl\u00e8ches sur la carte ou la ville\/l\u2019\u00e9tat de l&rsquo;installation pour conna\u00eetre l\u2019emplacement pr\u00e9cis de chacun.<\/p>\n<p><strong>Vous avez des questions et souhaitez joindre un repr\u00e9sentant de DuBois?<\/strong><br \/>\n<strong>Composez le 800-438-2647 ou <a href=\"http:\/\/www.duboischemicals.com\/\/food-beverage\/contact-us\/\">contactez-nous d\u00e8s aujourd&rsquo;hui!<\/a><\/strong><\/p>\n<p>&nbsp;<\/p>\n","protected":false},"excerpt":{"rendered":"<p>Nos installations desservent toute l&rsquo;Am\u00e9rique du Nord Le si\u00e8ge social de DuBois est situ\u00e9 \u00e0 Sharonville, Ohio. Les op\u00e9rations de notre marque, y compris les centres techniques, les installations de fabrication et les entrep\u00f4ts, s&rsquo;\u00e9tendent&#8230;<\/p>\n","protected":false},"author":220,"featured_media":0,"parent":10235,"menu_order":6,"comment_status":"closed","ping_status":"closed","template":"","meta":{"_acf_changed":false,"footnotes":""},"class_list":["post-10241","page","type-page","status-publish","hentry"],"acf":[],"yoast_head":"<!-- This site is optimized with the Yoast SEO plugin v26.8 - https:\/\/yoast.com\/product\/yoast-seo-wordpress\/ -->\n<title>novembre 24, 2020 - Aliments et boissons<\/title>\n<meta name=\"robots\" content=\"index, follow, max-snippet:-1, max-image-preview:large, max-video-preview:-1\" \/>\n<link rel=\"canonical\" href=\"https:\/\/www.duboischemicals.com\/food-beverage\/fr\/about-us\/facility-locations\/\" \/>\n<meta property=\"og:locale\" content=\"fr_FR\" \/>\n<meta property=\"og:type\" content=\"article\" \/>\n<meta property=\"og:title\" content=\"novembre 24, 2020 - Aliments et boissons\" \/>\n<meta property=\"og:description\" content=\"Nos installations desservent toute l&rsquo;Am\u00e9rique du Nord Le si\u00e8ge social de DuBois est situ\u00e9 \u00e0 Sharonville, Ohio. Les op\u00e9rations de notre marque, y compris les centres techniques, les installations de fabrication et les entrep\u00f4ts, s&rsquo;\u00e9tendent...\" \/>\n<meta property=\"og:url\" content=\"https:\/\/www.duboischemicals.com\/food-beverage\/fr\/about-us\/facility-locations\/\" \/>\n<meta property=\"og:site_name\" content=\"Aliments et boissons\" \/>\n<meta property=\"article:modified_time\" content=\"2021-02-16T17:42:19+00:00\" \/>\n<meta name=\"twitter:card\" content=\"summary_large_image\" \/>\n<script type=\"application\/ld+json\" class=\"yoast-schema-graph\">{\"@context\":\"https:\/\/schema.org\",\"@graph\":[{\"@type\":\"WebPage\",\"@id\":\"https:\/\/www.duboischemicals.com\/food-beverage\/fr\/about-us\/facility-locations\/\",\"url\":\"https:\/\/www.duboischemicals.com\/food-beverage\/fr\/about-us\/facility-locations\/\",\"name\":\"novembre 24, 2020 - Aliments et boissons\",\"isPartOf\":{\"@id\":\"https:\/\/www.duboischemicals.com\/food-beverage\/fr\/#website\"},\"datePublished\":\"2020-11-24T12:30:37+00:00\",\"dateModified\":\"2021-02-16T17:42:19+00:00\",\"breadcrumb\":{\"@id\":\"https:\/\/www.duboischemicals.com\/food-beverage\/fr\/about-us\/facility-locations\/#breadcrumb\"},\"inLanguage\":\"fr-FR\",\"potentialAction\":[{\"@type\":\"ReadAction\",\"target\":[\"https:\/\/www.duboischemicals.com\/food-beverage\/fr\/about-us\/facility-locations\/\"]}]},{\"@type\":\"BreadcrumbList\",\"@id\":\"https:\/\/www.duboischemicals.com\/food-beverage\/fr\/about-us\/facility-locations\/#breadcrumb\",\"itemListElement\":[{\"@type\":\"ListItem\",\"position\":1,\"name\":\"Accueil\",\"item\":\"https:\/\/www.duboischemicals.com\/food-beverage\/fr\/\"},{\"@type\":\"ListItem\",\"position\":2,\"name\":\"\u00c0 propos de nous\",\"item\":\"https:\/\/www.duboischemicals.com\/food-beverage\/fr\/about-us\/\"},{\"@type\":\"ListItem\",\"position\":3,\"name\":\"L\u2019emplacement de nos installations\"}]},{\"@type\":\"WebSite\",\"@id\":\"https:\/\/www.duboischemicals.com\/food-beverage\/fr\/#website\",\"url\":\"https:\/\/www.duboischemicals.com\/food-beverage\/fr\/\",\"name\":\"Aliments et boissons\",\"description\":\"\",\"potentialAction\":[{\"@type\":\"SearchAction\",\"target\":{\"@type\":\"EntryPoint\",\"urlTemplate\":\"https:\/\/www.duboischemicals.com\/food-beverage\/fr\/?s={search_term_string}\"},\"query-input\":{\"@type\":\"PropertyValueSpecification\",\"valueRequired\":true,\"valueName\":\"search_term_string\"}}],\"inLanguage\":\"fr-FR\"}]}<\/script>\n<!-- \/ Yoast SEO plugin. -->","yoast_head_json":{"title":"novembre 24, 2020 - Aliments et boissons","robots":{"index":"index","follow":"follow","max-snippet":"max-snippet:-1","max-image-preview":"max-image-preview:large","max-video-preview":"max-video-preview:-1"},"canonical":"https:\/\/www.duboischemicals.com\/food-beverage\/fr\/about-us\/facility-locations\/","og_locale":"fr_FR","og_type":"article","og_title":"novembre 24, 2020 - Aliments et boissons","og_description":"Nos installations desservent toute l&rsquo;Am\u00e9rique du Nord Le si\u00e8ge social de DuBois est situ\u00e9 \u00e0 Sharonville, Ohio. Les op\u00e9rations de notre marque, y compris les centres techniques, les installations de fabrication et les entrep\u00f4ts, s&rsquo;\u00e9tendent...","og_url":"https:\/\/www.duboischemicals.com\/food-beverage\/fr\/about-us\/facility-locations\/","og_site_name":"Aliments et boissons","article_modified_time":"2021-02-16T17:42:19+00:00","twitter_card":"summary_large_image","schema":{"@context":"https:\/\/schema.org","@graph":[{"@type":"WebPage","@id":"https:\/\/www.duboischemicals.com\/food-beverage\/fr\/about-us\/facility-locations\/","url":"https:\/\/www.duboischemicals.com\/food-beverage\/fr\/about-us\/facility-locations\/","name":"novembre 24, 2020 - Aliments et boissons","isPartOf":{"@id":"https:\/\/www.duboischemicals.com\/food-beverage\/fr\/#website"},"datePublished":"2020-11-24T12:30:37+00:00","dateModified":"2021-02-16T17:42:19+00:00","breadcrumb":{"@id":"https:\/\/www.duboischemicals.com\/food-beverage\/fr\/about-us\/facility-locations\/#breadcrumb"},"inLanguage":"fr-FR","potentialAction":[{"@type":"ReadAction","target":["https:\/\/www.duboischemicals.com\/food-beverage\/fr\/about-us\/facility-locations\/"]}]},{"@type":"BreadcrumbList","@id":"https:\/\/www.duboischemicals.com\/food-beverage\/fr\/about-us\/facility-locations\/#breadcrumb","itemListElement":[{"@type":"ListItem","position":1,"name":"Accueil","item":"https:\/\/www.duboischemicals.com\/food-beverage\/fr\/"},{"@type":"ListItem","position":2,"name":"\u00c0 propos de nous","item":"https:\/\/www.duboischemicals.com\/food-beverage\/fr\/about-us\/"},{"@type":"ListItem","position":3,"name":"L\u2019emplacement de nos installations"}]},{"@type":"WebSite","@id":"https:\/\/www.duboischemicals.com\/food-beverage\/fr\/#website","url":"https:\/\/www.duboischemicals.com\/food-beverage\/fr\/","name":"Aliments et boissons","description":"","potentialAction":[{"@type":"SearchAction","target":{"@type":"EntryPoint","urlTemplate":"https:\/\/www.duboischemicals.com\/food-beverage\/fr\/?s={search_term_string}"},"query-input":{"@type":"PropertyValueSpecification","valueRequired":true,"valueName":"search_term_string"}}],"inLanguage":"fr-FR"}]}},"_links":{"self":[{"href":"https:\/\/www.duboischemicals.com\/food-beverage\/fr\/wp-json\/wp\/v2\/pages\/10241","targetHints":{"allow":["GET"]}}],"collection":[{"href":"https:\/\/www.duboischemicals.com\/food-beverage\/fr\/wp-json\/wp\/v2\/pages"}],"about":[{"href":"https:\/\/www.duboischemicals.com\/food-beverage\/fr\/wp-json\/wp\/v2\/types\/page"}],"author":[{"embeddable":true,"href":"https:\/\/www.duboischemicals.com\/food-beverage\/fr\/wp-json\/wp\/v2\/users\/220"}],"replies":[{"embeddable":true,"href":"https:\/\/www.duboischemicals.com\/food-beverage\/fr\/wp-json\/wp\/v2\/comments?post=10241"}],"version-history":[{"count":3,"href":"https:\/\/www.duboischemicals.com\/food-beverage\/fr\/wp-json\/wp\/v2\/pages\/10241\/revisions"}],"predecessor-version":[{"id":10640,"href":"https:\/\/www.duboischemicals.com\/food-beverage\/fr\/wp-json\/wp\/v2\/pages\/10241\/revisions\/10640"}],"up":[{"embeddable":true,"href":"https:\/\/www.duboischemicals.com\/food-beverage\/fr\/wp-json\/wp\/v2\/pages\/10235"}],"wp:attachment":[{"href":"https:\/\/www.duboischemicals.com\/food-beverage\/fr\/wp-json\/wp\/v2\/media?parent=10241"}],"curies":[{"name":"wp","href":"https:\/\/api.w.org\/{rel}","templated":true}]}}