{"id":10245,"date":"2018-10-01T18:08:27","date_gmt":"2018-10-01T22:08:27","guid":{"rendered":"https:\/\/www.duboischemicals.com\/\/food-beverage\/fruit-vegetable-processing\/"},"modified":"2021-02-16T12:42:24","modified_gmt":"2021-02-16T17:42:24","slug":"fruit-vegetable-processing","status":"publish","type":"page","link":"https:\/\/www.duboischemicals.com\/food-beverage\/fr\/industries\/fruit-vegetable-processing\/","title":{"rendered":"Transformation des fruits et l\u00e9gumes"},"content":{"rendered":"<p>Le secteur des fruits et l\u00e9gumes continue \u00e0 assumer la responsabilit\u00e9 de fournir des produits frais et s\u00fbrs. Un produit contamin\u00e9 repr\u00e9sente un danger pour les consommateurs et a un effet d\u00e9vastateur sur la r\u00e9putation des entreprises de transformation des fruits et l\u00e9gumes.<\/p>\n<p>Les produits de nettoyage et d\u2019assainissement, la formation sur les applications et le service local de DuBois vous aideront \u00e0 obtenir des produits sans pathog\u00e8nes. Nous nous engageons \u00e0 aider votre \u00e9quipe \u00e0 mettre en place les solutions appropri\u00e9es et n\u00e9cessaires pour garantir un produit s\u00fbr et sain.<\/p>\n<p><strong>Produits et technologies<\/strong><\/p>\n<ul>\n<li><a href=\"http:\/\/www.duboischemicals.com\/\/food-beverage\/products\/cleaners-sanitizers\/\">Nettoyants et assainissants<\/a><\/li>\n<li><a href=\"http:\/\/www.duboischemicals.com\/\/food-beverage\/products\/food-ingredients\/\">Ingr\u00e9dients alimentaires<\/a><\/li>\n<li><a href=\"http:\/\/www.duboischemicals.com\/\/food-beverage\/products\/process-aids\/\">Adjuvants de fabrication<\/a><\/li>\n<li><a href=\"http:\/\/www.duboischemicals.com\/\/food-beverage\/products\/organic-non-gmo\/\">Aliments biologiques et sans OGM<\/a><\/li>\n<li><a href=\"http:\/\/www.duboischemicals.com\/\/food-beverage\/products\/track-conveyor-lubrication\/\">Lubrification des voies et des convoyeurs<\/a><\/li>\n<li><a href=\"http:\/\/www.duboischemicals.com\/\/manufacturing\/products\/facility-maintenance-cleaners\/\">Nettoyage de planchers et g\u00e9n\u00e9ral<\/a><\/li>\n<li><a href=\"http:\/\/www.duboischemicals.com\/\/manufacturing\/products\/lubricants\/\">Lubrification g\u00e9n\u00e9rale des installations<\/a><\/li>\n<li><a href=\"http:\/\/www.duboischemicals.com\/\/water-treatment\/products\/\">Traitement des eaux<\/a><\/li>\n<\/ul>\n","protected":false},"excerpt":{"rendered":"<p>Le secteur des fruits et l\u00e9gumes continue \u00e0 assumer la responsabilit\u00e9 de fournir des produits frais et s\u00fbrs. Un produit contamin\u00e9 repr\u00e9sente un danger pour les consommateurs et a un effet d\u00e9vastateur sur la r\u00e9putation&#8230;<\/p>\n","protected":false},"author":220,"featured_media":0,"parent":10275,"menu_order":4,"comment_status":"closed","ping_status":"closed","template":"","meta":{"_acf_changed":false,"footnotes":""},"class_list":["post-10245","page","type-page","status-publish","hentry"],"acf":[],"yoast_head":"<!-- This site is optimized with the Yoast SEO plugin v26.8 - https:\/\/yoast.com\/product\/yoast-seo-wordpress\/ -->\n<title>octobre 1, 2018 - Aliments et boissons<\/title>\n<meta name=\"robots\" content=\"index, follow, max-snippet:-1, max-image-preview:large, max-video-preview:-1\" \/>\n<link rel=\"canonical\" href=\"https:\/\/www.duboischemicals.com\/food-beverage\/fr\/industries\/fruit-vegetable-processing\/\" \/>\n<meta property=\"og:locale\" content=\"fr_FR\" \/>\n<meta property=\"og:type\" content=\"article\" \/>\n<meta property=\"og:title\" content=\"octobre 1, 2018 - Aliments et boissons\" \/>\n<meta property=\"og:description\" content=\"Le secteur des fruits et l\u00e9gumes continue \u00e0 assumer la responsabilit\u00e9 de fournir des produits frais et s\u00fbrs. Un produit contamin\u00e9 repr\u00e9sente un danger pour les consommateurs et a un effet d\u00e9vastateur sur la r\u00e9putation...\" \/>\n<meta property=\"og:url\" content=\"https:\/\/www.duboischemicals.com\/food-beverage\/fr\/industries\/fruit-vegetable-processing\/\" \/>\n<meta property=\"og:site_name\" content=\"Aliments et boissons\" \/>\n<meta property=\"article:modified_time\" content=\"2021-02-16T17:42:24+00:00\" \/>\n<meta name=\"twitter:card\" content=\"summary_large_image\" \/>\n<meta name=\"twitter:label1\" content=\"Dur\u00e9e de lecture estim\u00e9e\" \/>\n\t<meta name=\"twitter:data1\" content=\"1 minute\" \/>\n<script type=\"application\/ld+json\" class=\"yoast-schema-graph\">{\"@context\":\"https:\/\/schema.org\",\"@graph\":[{\"@type\":\"WebPage\",\"@id\":\"https:\/\/www.duboischemicals.com\/food-beverage\/fr\/industries\/fruit-vegetable-processing\/\",\"url\":\"https:\/\/www.duboischemicals.com\/food-beverage\/fr\/industries\/fruit-vegetable-processing\/\",\"name\":\"octobre 1, 2018 - Aliments et boissons\",\"isPartOf\":{\"@id\":\"https:\/\/www.duboischemicals.com\/food-beverage\/fr\/#website\"},\"datePublished\":\"2018-10-01T22:08:27+00:00\",\"dateModified\":\"2021-02-16T17:42:24+00:00\",\"breadcrumb\":{\"@id\":\"https:\/\/www.duboischemicals.com\/food-beverage\/fr\/industries\/fruit-vegetable-processing\/#breadcrumb\"},\"inLanguage\":\"fr-FR\",\"potentialAction\":[{\"@type\":\"ReadAction\",\"target\":[\"https:\/\/www.duboischemicals.com\/food-beverage\/fr\/industries\/fruit-vegetable-processing\/\"]}]},{\"@type\":\"BreadcrumbList\",\"@id\":\"https:\/\/www.duboischemicals.com\/food-beverage\/fr\/industries\/fruit-vegetable-processing\/#breadcrumb\",\"itemListElement\":[{\"@type\":\"ListItem\",\"position\":1,\"name\":\"Accueil\",\"item\":\"https:\/\/www.duboischemicals.com\/food-beverage\/fr\/\"},{\"@type\":\"ListItem\",\"position\":2,\"name\":\"Industries\",\"item\":\"https:\/\/www.duboischemicals.com\/food-beverage\/fr\/industries\/\"},{\"@type\":\"ListItem\",\"position\":3,\"name\":\"Transformation des fruits et l\u00e9gumes\"}]},{\"@type\":\"WebSite\",\"@id\":\"https:\/\/www.duboischemicals.com\/food-beverage\/fr\/#website\",\"url\":\"https:\/\/www.duboischemicals.com\/food-beverage\/fr\/\",\"name\":\"Aliments et boissons\",\"description\":\"\",\"potentialAction\":[{\"@type\":\"SearchAction\",\"target\":{\"@type\":\"EntryPoint\",\"urlTemplate\":\"https:\/\/www.duboischemicals.com\/food-beverage\/fr\/?s={search_term_string}\"},\"query-input\":{\"@type\":\"PropertyValueSpecification\",\"valueRequired\":true,\"valueName\":\"search_term_string\"}}],\"inLanguage\":\"fr-FR\"}]}<\/script>\n<!-- \/ Yoast SEO plugin. -->","yoast_head_json":{"title":"octobre 1, 2018 - Aliments et boissons","robots":{"index":"index","follow":"follow","max-snippet":"max-snippet:-1","max-image-preview":"max-image-preview:large","max-video-preview":"max-video-preview:-1"},"canonical":"https:\/\/www.duboischemicals.com\/food-beverage\/fr\/industries\/fruit-vegetable-processing\/","og_locale":"fr_FR","og_type":"article","og_title":"octobre 1, 2018 - Aliments et boissons","og_description":"Le secteur des fruits et l\u00e9gumes continue \u00e0 assumer la responsabilit\u00e9 de fournir des produits frais et s\u00fbrs. Un produit contamin\u00e9 repr\u00e9sente un danger pour les consommateurs et a un effet d\u00e9vastateur sur la r\u00e9putation...","og_url":"https:\/\/www.duboischemicals.com\/food-beverage\/fr\/industries\/fruit-vegetable-processing\/","og_site_name":"Aliments et boissons","article_modified_time":"2021-02-16T17:42:24+00:00","twitter_card":"summary_large_image","twitter_misc":{"Dur\u00e9e de lecture estim\u00e9e":"1 minute"},"schema":{"@context":"https:\/\/schema.org","@graph":[{"@type":"WebPage","@id":"https:\/\/www.duboischemicals.com\/food-beverage\/fr\/industries\/fruit-vegetable-processing\/","url":"https:\/\/www.duboischemicals.com\/food-beverage\/fr\/industries\/fruit-vegetable-processing\/","name":"octobre 1, 2018 - Aliments et boissons","isPartOf":{"@id":"https:\/\/www.duboischemicals.com\/food-beverage\/fr\/#website"},"datePublished":"2018-10-01T22:08:27+00:00","dateModified":"2021-02-16T17:42:24+00:00","breadcrumb":{"@id":"https:\/\/www.duboischemicals.com\/food-beverage\/fr\/industries\/fruit-vegetable-processing\/#breadcrumb"},"inLanguage":"fr-FR","potentialAction":[{"@type":"ReadAction","target":["https:\/\/www.duboischemicals.com\/food-beverage\/fr\/industries\/fruit-vegetable-processing\/"]}]},{"@type":"BreadcrumbList","@id":"https:\/\/www.duboischemicals.com\/food-beverage\/fr\/industries\/fruit-vegetable-processing\/#breadcrumb","itemListElement":[{"@type":"ListItem","position":1,"name":"Accueil","item":"https:\/\/www.duboischemicals.com\/food-beverage\/fr\/"},{"@type":"ListItem","position":2,"name":"Industries","item":"https:\/\/www.duboischemicals.com\/food-beverage\/fr\/industries\/"},{"@type":"ListItem","position":3,"name":"Transformation des fruits et l\u00e9gumes"}]},{"@type":"WebSite","@id":"https:\/\/www.duboischemicals.com\/food-beverage\/fr\/#website","url":"https:\/\/www.duboischemicals.com\/food-beverage\/fr\/","name":"Aliments et boissons","description":"","potentialAction":[{"@type":"SearchAction","target":{"@type":"EntryPoint","urlTemplate":"https:\/\/www.duboischemicals.com\/food-beverage\/fr\/?s={search_term_string}"},"query-input":{"@type":"PropertyValueSpecification","valueRequired":true,"valueName":"search_term_string"}}],"inLanguage":"fr-FR"}]}},"_links":{"self":[{"href":"https:\/\/www.duboischemicals.com\/food-beverage\/fr\/wp-json\/wp\/v2\/pages\/10245","targetHints":{"allow":["GET"]}}],"collection":[{"href":"https:\/\/www.duboischemicals.com\/food-beverage\/fr\/wp-json\/wp\/v2\/pages"}],"about":[{"href":"https:\/\/www.duboischemicals.com\/food-beverage\/fr\/wp-json\/wp\/v2\/types\/page"}],"author":[{"embeddable":true,"href":"https:\/\/www.duboischemicals.com\/food-beverage\/fr\/wp-json\/wp\/v2\/users\/220"}],"replies":[{"embeddable":true,"href":"https:\/\/www.duboischemicals.com\/food-beverage\/fr\/wp-json\/wp\/v2\/comments?post=10245"}],"version-history":[{"count":3,"href":"https:\/\/www.duboischemicals.com\/food-beverage\/fr\/wp-json\/wp\/v2\/pages\/10245\/revisions"}],"predecessor-version":[{"id":10650,"href":"https:\/\/www.duboischemicals.com\/food-beverage\/fr\/wp-json\/wp\/v2\/pages\/10245\/revisions\/10650"}],"up":[{"embeddable":true,"href":"https:\/\/www.duboischemicals.com\/food-beverage\/fr\/wp-json\/wp\/v2\/pages\/10275"}],"wp:attachment":[{"href":"https:\/\/www.duboischemicals.com\/food-beverage\/fr\/wp-json\/wp\/v2\/media?parent=10245"}],"curies":[{"name":"wp","href":"https:\/\/api.w.org\/{rel}","templated":true}]}}