{"id":10246,"date":"2018-10-01T18:08:53","date_gmt":"2018-10-01T22:08:53","guid":{"rendered":"https:\/\/www.duboischemicals.com\/\/food-beverage\/snack-food\/"},"modified":"2021-02-16T12:42:07","modified_gmt":"2021-02-16T17:42:07","slug":"snack-food","status":"publish","type":"page","link":"https:\/\/www.duboischemicals.com\/food-beverage\/fr\/industries\/snack-food\/","title":{"rendered":"Aliments de collation"},"content":{"rendered":"<p>Des croustilles aux pretzels, en passant par les beignets et les biscuits, chaque produit de collation pr\u00e9sente des d\u00e9fis uniques en mati\u00e8re de processus. DuBois propose des solutions compl\u00e8tes qui vous permettront d&rsquo;atteindre et de d\u00e9passer vos objectifs. Que ce soit pour enlever du sucre caram\u00e9lis\u00e9 ou de la graisse, DuBois vous permettra de nettoyer la surface de mani\u00e8re s\u00fbre et efficace.<\/p>\n<p><strong>Produits et technologies<\/strong><\/p>\n<ul>\n<li><a href=\"http:\/\/www.duboischemicals.com\/\/food-beverage\/products\/cleaners-sanitizers\/\">Nettoyants et assainissants<\/a><\/li>\n<li><a href=\"http:\/\/www.duboischemicals.com\/\/food-beverage\/products\/food-ingredients\/\">Ingr\u00e9dients alimentaires<\/a><\/li>\n<li><a href=\"http:\/\/www.duboischemicals.com\/\/food-beverage\/products\/process-aids\/\">Adjuvants de fabrication<\/a><\/li>\n<li><a href=\"http:\/\/www.duboischemicals.com\/\/food-beverage\/products\/organic-non-gmo\/\">Aliments biologiques et sans OGM<\/a><\/li>\n<li><a href=\"http:\/\/www.duboischemicals.com\/\/food-beverage\/products\/track-conveyor-lubrication\/\">Lubrification des voies et des convoyeurs<\/a><\/li>\n<li><a href=\"http:\/\/www.duboischemicals.com\/\/manufacturing\/products\/facility-maintenance-cleaners\/\">Nettoyage de planchers et g\u00e9n\u00e9ral<\/a><\/li>\n<li><a href=\"http:\/\/www.duboischemicals.com\/\/manufacturing\/products\/lubricants\/\">Lubrification g\u00e9n\u00e9rale des installations<\/a><\/li>\n<li><a href=\"http:\/\/www.duboischemicals.com\/\/water-treatment\/products\/\">Traitement des eaux<\/a><\/li>\n<\/ul>\n","protected":false},"excerpt":{"rendered":"<p>Des croustilles aux pretzels, en passant par les beignets et les biscuits, chaque produit de collation pr\u00e9sente des d\u00e9fis uniques en mati\u00e8re de processus. DuBois propose des solutions compl\u00e8tes qui vous permettront d&rsquo;atteindre et de&#8230;<\/p>\n","protected":false},"author":220,"featured_media":0,"parent":10275,"menu_order":6,"comment_status":"closed","ping_status":"closed","template":"","meta":{"_acf_changed":false,"footnotes":""},"class_list":["post-10246","page","type-page","status-publish","hentry"],"acf":[],"yoast_head":"<!-- This site is optimized with the Yoast SEO plugin v26.8 - https:\/\/yoast.com\/product\/yoast-seo-wordpress\/ -->\n<title>octobre 1, 2018 - Aliments et boissons<\/title>\n<meta name=\"robots\" content=\"index, follow, max-snippet:-1, max-image-preview:large, max-video-preview:-1\" \/>\n<link rel=\"canonical\" href=\"https:\/\/www.duboischemicals.com\/food-beverage\/fr\/industries\/snack-food\/\" \/>\n<meta property=\"og:locale\" content=\"fr_FR\" \/>\n<meta property=\"og:type\" content=\"article\" \/>\n<meta property=\"og:title\" content=\"octobre 1, 2018 - Aliments et boissons\" \/>\n<meta property=\"og:description\" content=\"Des croustilles aux pretzels, en passant par les beignets et les biscuits, chaque produit de collation pr\u00e9sente des d\u00e9fis uniques en mati\u00e8re de processus. DuBois propose des solutions compl\u00e8tes qui vous permettront d&rsquo;atteindre et de...\" \/>\n<meta property=\"og:url\" content=\"https:\/\/www.duboischemicals.com\/food-beverage\/fr\/industries\/snack-food\/\" \/>\n<meta property=\"og:site_name\" content=\"Aliments et boissons\" \/>\n<meta property=\"article:modified_time\" content=\"2021-02-16T17:42:07+00:00\" \/>\n<meta name=\"twitter:card\" content=\"summary_large_image\" \/>\n<meta name=\"twitter:label1\" content=\"Dur\u00e9e de lecture estim\u00e9e\" \/>\n\t<meta name=\"twitter:data1\" content=\"1 minute\" \/>\n<script type=\"application\/ld+json\" class=\"yoast-schema-graph\">{\"@context\":\"https:\/\/schema.org\",\"@graph\":[{\"@type\":\"WebPage\",\"@id\":\"https:\/\/www.duboischemicals.com\/food-beverage\/fr\/industries\/snack-food\/\",\"url\":\"https:\/\/www.duboischemicals.com\/food-beverage\/fr\/industries\/snack-food\/\",\"name\":\"octobre 1, 2018 - Aliments et boissons\",\"isPartOf\":{\"@id\":\"https:\/\/www.duboischemicals.com\/food-beverage\/fr\/#website\"},\"datePublished\":\"2018-10-01T22:08:53+00:00\",\"dateModified\":\"2021-02-16T17:42:07+00:00\",\"breadcrumb\":{\"@id\":\"https:\/\/www.duboischemicals.com\/food-beverage\/fr\/industries\/snack-food\/#breadcrumb\"},\"inLanguage\":\"fr-FR\",\"potentialAction\":[{\"@type\":\"ReadAction\",\"target\":[\"https:\/\/www.duboischemicals.com\/food-beverage\/fr\/industries\/snack-food\/\"]}]},{\"@type\":\"BreadcrumbList\",\"@id\":\"https:\/\/www.duboischemicals.com\/food-beverage\/fr\/industries\/snack-food\/#breadcrumb\",\"itemListElement\":[{\"@type\":\"ListItem\",\"position\":1,\"name\":\"Accueil\",\"item\":\"https:\/\/www.duboischemicals.com\/food-beverage\/fr\/\"},{\"@type\":\"ListItem\",\"position\":2,\"name\":\"Industries\",\"item\":\"https:\/\/www.duboischemicals.com\/food-beverage\/fr\/industries\/\"},{\"@type\":\"ListItem\",\"position\":3,\"name\":\"Aliments de collation\"}]},{\"@type\":\"WebSite\",\"@id\":\"https:\/\/www.duboischemicals.com\/food-beverage\/fr\/#website\",\"url\":\"https:\/\/www.duboischemicals.com\/food-beverage\/fr\/\",\"name\":\"Aliments et boissons\",\"description\":\"\",\"potentialAction\":[{\"@type\":\"SearchAction\",\"target\":{\"@type\":\"EntryPoint\",\"urlTemplate\":\"https:\/\/www.duboischemicals.com\/food-beverage\/fr\/?s={search_term_string}\"},\"query-input\":{\"@type\":\"PropertyValueSpecification\",\"valueRequired\":true,\"valueName\":\"search_term_string\"}}],\"inLanguage\":\"fr-FR\"}]}<\/script>\n<!-- \/ Yoast SEO plugin. -->","yoast_head_json":{"title":"octobre 1, 2018 - Aliments et boissons","robots":{"index":"index","follow":"follow","max-snippet":"max-snippet:-1","max-image-preview":"max-image-preview:large","max-video-preview":"max-video-preview:-1"},"canonical":"https:\/\/www.duboischemicals.com\/food-beverage\/fr\/industries\/snack-food\/","og_locale":"fr_FR","og_type":"article","og_title":"octobre 1, 2018 - Aliments et boissons","og_description":"Des croustilles aux pretzels, en passant par les beignets et les biscuits, chaque produit de collation pr\u00e9sente des d\u00e9fis uniques en mati\u00e8re de processus. DuBois propose des solutions compl\u00e8tes qui vous permettront d&rsquo;atteindre et de...","og_url":"https:\/\/www.duboischemicals.com\/food-beverage\/fr\/industries\/snack-food\/","og_site_name":"Aliments et boissons","article_modified_time":"2021-02-16T17:42:07+00:00","twitter_card":"summary_large_image","twitter_misc":{"Dur\u00e9e de lecture estim\u00e9e":"1 minute"},"schema":{"@context":"https:\/\/schema.org","@graph":[{"@type":"WebPage","@id":"https:\/\/www.duboischemicals.com\/food-beverage\/fr\/industries\/snack-food\/","url":"https:\/\/www.duboischemicals.com\/food-beverage\/fr\/industries\/snack-food\/","name":"octobre 1, 2018 - Aliments et boissons","isPartOf":{"@id":"https:\/\/www.duboischemicals.com\/food-beverage\/fr\/#website"},"datePublished":"2018-10-01T22:08:53+00:00","dateModified":"2021-02-16T17:42:07+00:00","breadcrumb":{"@id":"https:\/\/www.duboischemicals.com\/food-beverage\/fr\/industries\/snack-food\/#breadcrumb"},"inLanguage":"fr-FR","potentialAction":[{"@type":"ReadAction","target":["https:\/\/www.duboischemicals.com\/food-beverage\/fr\/industries\/snack-food\/"]}]},{"@type":"BreadcrumbList","@id":"https:\/\/www.duboischemicals.com\/food-beverage\/fr\/industries\/snack-food\/#breadcrumb","itemListElement":[{"@type":"ListItem","position":1,"name":"Accueil","item":"https:\/\/www.duboischemicals.com\/food-beverage\/fr\/"},{"@type":"ListItem","position":2,"name":"Industries","item":"https:\/\/www.duboischemicals.com\/food-beverage\/fr\/industries\/"},{"@type":"ListItem","position":3,"name":"Aliments de collation"}]},{"@type":"WebSite","@id":"https:\/\/www.duboischemicals.com\/food-beverage\/fr\/#website","url":"https:\/\/www.duboischemicals.com\/food-beverage\/fr\/","name":"Aliments et boissons","description":"","potentialAction":[{"@type":"SearchAction","target":{"@type":"EntryPoint","urlTemplate":"https:\/\/www.duboischemicals.com\/food-beverage\/fr\/?s={search_term_string}"},"query-input":{"@type":"PropertyValueSpecification","valueRequired":true,"valueName":"search_term_string"}}],"inLanguage":"fr-FR"}]}},"_links":{"self":[{"href":"https:\/\/www.duboischemicals.com\/food-beverage\/fr\/wp-json\/wp\/v2\/pages\/10246","targetHints":{"allow":["GET"]}}],"collection":[{"href":"https:\/\/www.duboischemicals.com\/food-beverage\/fr\/wp-json\/wp\/v2\/pages"}],"about":[{"href":"https:\/\/www.duboischemicals.com\/food-beverage\/fr\/wp-json\/wp\/v2\/types\/page"}],"author":[{"embeddable":true,"href":"https:\/\/www.duboischemicals.com\/food-beverage\/fr\/wp-json\/wp\/v2\/users\/220"}],"replies":[{"embeddable":true,"href":"https:\/\/www.duboischemicals.com\/food-beverage\/fr\/wp-json\/wp\/v2\/comments?post=10246"}],"version-history":[{"count":2,"href":"https:\/\/www.duboischemicals.com\/food-beverage\/fr\/wp-json\/wp\/v2\/pages\/10246\/revisions"}],"predecessor-version":[{"id":10550,"href":"https:\/\/www.duboischemicals.com\/food-beverage\/fr\/wp-json\/wp\/v2\/pages\/10246\/revisions\/10550"}],"up":[{"embeddable":true,"href":"https:\/\/www.duboischemicals.com\/food-beverage\/fr\/wp-json\/wp\/v2\/pages\/10275"}],"wp:attachment":[{"href":"https:\/\/www.duboischemicals.com\/food-beverage\/fr\/wp-json\/wp\/v2\/media?parent=10246"}],"curies":[{"name":"wp","href":"https:\/\/api.w.org\/{rel}","templated":true}]}}