{"id":10249,"date":"2018-10-14T00:02:46","date_gmt":"2018-10-14T04:02:46","guid":{"rendered":"https:\/\/www.duboischemicals.com\/\/food-beverage\/bakery\/"},"modified":"2021-02-19T08:44:19","modified_gmt":"2021-02-19T13:44:19","slug":"bakery","status":"publish","type":"page","link":"https:\/\/www.duboischemicals.com\/food-beverage\/fr\/industries\/bakery\/","title":{"rendered":"Boulangerie"},"content":{"rendered":"<p>L&rsquo;industrie de la boulangerie est confront\u00e9e \u00e0 de nombreux d\u00e9fis lors du nettoyage de ses \u00e9quipements, notamment en ce qui concerne l&rsquo;\u00e9limination compl\u00e8te et efficace des menaces microbiennes.<\/p>\n<p>Les boulangeries et les confiseries sont soumises \u00e0 des normes pr\u00e9cises pour garantir la s\u00e9curit\u00e9 de leurs produits. Les technologies DuBois r\u00e9pondent et d\u00e9passent ces normes pour vous apporter la tranquillit\u00e9 d&rsquo;esprit.<\/p>\n<p><strong>Produits et technologies<\/strong><\/p>\n<ul>\n<li><a href=\"http:\/\/www.duboischemicals.com\/\/food-beverage\/products\/cleaners-sanitizers\/\">Nettoyants et assainissants<\/a><\/li>\n<li><a href=\"http:\/\/www.duboischemicals.com\/\/food-beverage\/products\/food-ingredients\/\">Ingr\u00e9dients alimentaires<\/a><\/li>\n<li><a href=\"http:\/\/www.duboischemicals.com\/\/food-beverage\/products\/process-aids\/\">Adjuvants de fabrication<\/a><\/li>\n<li><a href=\"http:\/\/www.duboischemicals.com\/\/food-beverage\/products\/organic-non-gmo\/\">Aliments biologiques et sans OGM<\/a><\/li>\n<li><a href=\"http:\/\/www.duboischemicals.com\/\/food-beverage\/products\/track-conveyor-lubrication\/\">Lubrification des voies et des convoyeurs<\/a><\/li>\n<li><a href=\"http:\/\/www.duboischemicals.com\/\/manufacturing\/fr\/products\/facility-maintenance-cleaners\/\">Nettoyage de planchers et g\u00e9n\u00e9ral<\/a><\/li>\n<li><a href=\"http:\/\/www.duboischemicals.com\/\/manufacturing\/fr\/products\/lubricants\/\">Lubrification g\u00e9n\u00e9rale des installations<\/a><\/li>\n<li><a href=\"http:\/\/www.duboischemicals.com\/\/water-treatment\/fr\/products\/\">Traitement des eaux<\/a><\/li>\n<\/ul>\n","protected":false},"excerpt":{"rendered":"<p>L&rsquo;industrie de la boulangerie est confront\u00e9e \u00e0 de nombreux d\u00e9fis lors du nettoyage de ses \u00e9quipements, notamment en ce qui concerne l&rsquo;\u00e9limination compl\u00e8te et efficace des menaces microbiennes. Les boulangeries et les confiseries sont soumises&#8230;<\/p>\n","protected":false},"author":220,"featured_media":0,"parent":10275,"menu_order":0,"comment_status":"closed","ping_status":"closed","template":"","meta":{"_acf_changed":false,"footnotes":""},"class_list":["post-10249","page","type-page","status-publish","hentry"],"acf":[],"yoast_head":"<!-- This site is optimized with the Yoast SEO plugin v26.8 - https:\/\/yoast.com\/product\/yoast-seo-wordpress\/ -->\n<title>octobre 14, 2018 - Aliments et boissons<\/title>\n<meta name=\"robots\" content=\"index, follow, max-snippet:-1, max-image-preview:large, max-video-preview:-1\" \/>\n<link rel=\"canonical\" href=\"https:\/\/www.duboischemicals.com\/food-beverage\/fr\/industries\/bakery\/\" \/>\n<meta property=\"og:locale\" content=\"fr_FR\" \/>\n<meta property=\"og:type\" content=\"article\" \/>\n<meta property=\"og:title\" content=\"octobre 14, 2018 - Aliments et boissons\" \/>\n<meta property=\"og:description\" content=\"L&rsquo;industrie de la boulangerie est confront\u00e9e \u00e0 de nombreux d\u00e9fis lors du nettoyage de ses \u00e9quipements, notamment en ce qui concerne l&rsquo;\u00e9limination compl\u00e8te et efficace des menaces microbiennes. Les boulangeries et les confiseries sont soumises...\" \/>\n<meta property=\"og:url\" content=\"https:\/\/www.duboischemicals.com\/food-beverage\/fr\/industries\/bakery\/\" \/>\n<meta property=\"og:site_name\" content=\"Aliments et boissons\" \/>\n<meta property=\"article:modified_time\" content=\"2021-02-19T13:44:19+00:00\" \/>\n<meta name=\"twitter:card\" content=\"summary_large_image\" \/>\n<meta name=\"twitter:label1\" content=\"Dur\u00e9e de lecture estim\u00e9e\" \/>\n\t<meta name=\"twitter:data1\" content=\"1 minute\" \/>\n<script type=\"application\/ld+json\" class=\"yoast-schema-graph\">{\"@context\":\"https:\/\/schema.org\",\"@graph\":[{\"@type\":\"WebPage\",\"@id\":\"https:\/\/www.duboischemicals.com\/food-beverage\/fr\/industries\/bakery\/\",\"url\":\"https:\/\/www.duboischemicals.com\/food-beverage\/fr\/industries\/bakery\/\",\"name\":\"octobre 14, 2018 - Aliments et boissons\",\"isPartOf\":{\"@id\":\"https:\/\/www.duboischemicals.com\/food-beverage\/fr\/#website\"},\"datePublished\":\"2018-10-14T04:02:46+00:00\",\"dateModified\":\"2021-02-19T13:44:19+00:00\",\"breadcrumb\":{\"@id\":\"https:\/\/www.duboischemicals.com\/food-beverage\/fr\/industries\/bakery\/#breadcrumb\"},\"inLanguage\":\"fr-FR\",\"potentialAction\":[{\"@type\":\"ReadAction\",\"target\":[\"https:\/\/www.duboischemicals.com\/food-beverage\/fr\/industries\/bakery\/\"]}]},{\"@type\":\"BreadcrumbList\",\"@id\":\"https:\/\/www.duboischemicals.com\/food-beverage\/fr\/industries\/bakery\/#breadcrumb\",\"itemListElement\":[{\"@type\":\"ListItem\",\"position\":1,\"name\":\"Accueil\",\"item\":\"https:\/\/www.duboischemicals.com\/food-beverage\/fr\/\"},{\"@type\":\"ListItem\",\"position\":2,\"name\":\"Industries\",\"item\":\"https:\/\/www.duboischemicals.com\/food-beverage\/fr\/industries\/\"},{\"@type\":\"ListItem\",\"position\":3,\"name\":\"Boulangerie\"}]},{\"@type\":\"WebSite\",\"@id\":\"https:\/\/www.duboischemicals.com\/food-beverage\/fr\/#website\",\"url\":\"https:\/\/www.duboischemicals.com\/food-beverage\/fr\/\",\"name\":\"Aliments et boissons\",\"description\":\"\",\"potentialAction\":[{\"@type\":\"SearchAction\",\"target\":{\"@type\":\"EntryPoint\",\"urlTemplate\":\"https:\/\/www.duboischemicals.com\/food-beverage\/fr\/?s={search_term_string}\"},\"query-input\":{\"@type\":\"PropertyValueSpecification\",\"valueRequired\":true,\"valueName\":\"search_term_string\"}}],\"inLanguage\":\"fr-FR\"}]}<\/script>\n<!-- \/ Yoast SEO plugin. -->","yoast_head_json":{"title":"octobre 14, 2018 - Aliments et boissons","robots":{"index":"index","follow":"follow","max-snippet":"max-snippet:-1","max-image-preview":"max-image-preview:large","max-video-preview":"max-video-preview:-1"},"canonical":"https:\/\/www.duboischemicals.com\/food-beverage\/fr\/industries\/bakery\/","og_locale":"fr_FR","og_type":"article","og_title":"octobre 14, 2018 - Aliments et boissons","og_description":"L&rsquo;industrie de la boulangerie est confront\u00e9e \u00e0 de nombreux d\u00e9fis lors du nettoyage de ses \u00e9quipements, notamment en ce qui concerne l&rsquo;\u00e9limination compl\u00e8te et efficace des menaces microbiennes. Les boulangeries et les confiseries sont soumises...","og_url":"https:\/\/www.duboischemicals.com\/food-beverage\/fr\/industries\/bakery\/","og_site_name":"Aliments et boissons","article_modified_time":"2021-02-19T13:44:19+00:00","twitter_card":"summary_large_image","twitter_misc":{"Dur\u00e9e de lecture estim\u00e9e":"1 minute"},"schema":{"@context":"https:\/\/schema.org","@graph":[{"@type":"WebPage","@id":"https:\/\/www.duboischemicals.com\/food-beverage\/fr\/industries\/bakery\/","url":"https:\/\/www.duboischemicals.com\/food-beverage\/fr\/industries\/bakery\/","name":"octobre 14, 2018 - Aliments et boissons","isPartOf":{"@id":"https:\/\/www.duboischemicals.com\/food-beverage\/fr\/#website"},"datePublished":"2018-10-14T04:02:46+00:00","dateModified":"2021-02-19T13:44:19+00:00","breadcrumb":{"@id":"https:\/\/www.duboischemicals.com\/food-beverage\/fr\/industries\/bakery\/#breadcrumb"},"inLanguage":"fr-FR","potentialAction":[{"@type":"ReadAction","target":["https:\/\/www.duboischemicals.com\/food-beverage\/fr\/industries\/bakery\/"]}]},{"@type":"BreadcrumbList","@id":"https:\/\/www.duboischemicals.com\/food-beverage\/fr\/industries\/bakery\/#breadcrumb","itemListElement":[{"@type":"ListItem","position":1,"name":"Accueil","item":"https:\/\/www.duboischemicals.com\/food-beverage\/fr\/"},{"@type":"ListItem","position":2,"name":"Industries","item":"https:\/\/www.duboischemicals.com\/food-beverage\/fr\/industries\/"},{"@type":"ListItem","position":3,"name":"Boulangerie"}]},{"@type":"WebSite","@id":"https:\/\/www.duboischemicals.com\/food-beverage\/fr\/#website","url":"https:\/\/www.duboischemicals.com\/food-beverage\/fr\/","name":"Aliments et boissons","description":"","potentialAction":[{"@type":"SearchAction","target":{"@type":"EntryPoint","urlTemplate":"https:\/\/www.duboischemicals.com\/food-beverage\/fr\/?s={search_term_string}"},"query-input":{"@type":"PropertyValueSpecification","valueRequired":true,"valueName":"search_term_string"}}],"inLanguage":"fr-FR"}]}},"_links":{"self":[{"href":"https:\/\/www.duboischemicals.com\/food-beverage\/fr\/wp-json\/wp\/v2\/pages\/10249","targetHints":{"allow":["GET"]}}],"collection":[{"href":"https:\/\/www.duboischemicals.com\/food-beverage\/fr\/wp-json\/wp\/v2\/pages"}],"about":[{"href":"https:\/\/www.duboischemicals.com\/food-beverage\/fr\/wp-json\/wp\/v2\/types\/page"}],"author":[{"embeddable":true,"href":"https:\/\/www.duboischemicals.com\/food-beverage\/fr\/wp-json\/wp\/v2\/users\/220"}],"replies":[{"embeddable":true,"href":"https:\/\/www.duboischemicals.com\/food-beverage\/fr\/wp-json\/wp\/v2\/comments?post=10249"}],"version-history":[{"count":4,"href":"https:\/\/www.duboischemicals.com\/food-beverage\/fr\/wp-json\/wp\/v2\/pages\/10249\/revisions"}],"predecessor-version":[{"id":10714,"href":"https:\/\/www.duboischemicals.com\/food-beverage\/fr\/wp-json\/wp\/v2\/pages\/10249\/revisions\/10714"}],"up":[{"embeddable":true,"href":"https:\/\/www.duboischemicals.com\/food-beverage\/fr\/wp-json\/wp\/v2\/pages\/10275"}],"wp:attachment":[{"href":"https:\/\/www.duboischemicals.com\/food-beverage\/fr\/wp-json\/wp\/v2\/media?parent=10249"}],"curies":[{"name":"wp","href":"https:\/\/api.w.org\/{rel}","templated":true}]}}