{"id":10278,"date":"2018-10-15T17:43:09","date_gmt":"2018-10-15T21:43:09","guid":{"rendered":"https:\/\/www.duboischemicals.com\/\/food-beverage\/products\/cleaners-sanitizers\/"},"modified":"2021-02-16T12:42:36","modified_gmt":"2021-02-16T17:42:36","slug":"cleaners-sanitizers","status":"publish","type":"page","link":"https:\/\/www.duboischemicals.com\/food-beverage\/fr\/products\/cleaners-sanitizers\/","title":{"rendered":"Nettoyants et assainissants"},"content":{"rendered":"<p>DuBois fournit des solutions novatrices \u00e0 l\u2019industrie des aliments et des boissons afin de r\u00e9pondre aux d\u00e9fis auxquels nos clients sont confront\u00e9s tous les jours. Nous nous engageons \u00e0 concevoir des solutions compl\u00e8tes qui tiennent compte du \u00ab\u00a0co\u00fbt total\u00a0\u00bb d\u2019une application. En plus du prix au gallon, nous prenons en consid\u00e9ration de nombreux facteurs lorsque nous proposons une solution. Nos solutions sont con\u00e7ues pour minimiser le co\u00fbt global des op\u00e9rations en r\u00e9duisant le temps de travail, la consommation d\u2019eau et les temps d\u2019arr\u00eat de production.<\/p>\n<p><strong>Produits et technologies\u00a0:<\/strong><\/p>\n<ul>\n<li>Nettoyage en place (NEP)<\/li>\n<li>Nettoyage en usine ouverte (NUO)<\/li>\n<li>Assainissement<\/li>\n<li>Nettoyage de planchers et g\u00e9n\u00e9ral<\/li>\n<li>Lubrification des voies et des convoyeurs<\/li>\n<li>Nettoyage \u00e0 la main<\/li>\n<li>Lessive et vaisselle<\/li>\n<\/ul>\n","protected":false},"excerpt":{"rendered":"<p>DuBois fournit des solutions novatrices \u00e0 l\u2019industrie des aliments et des boissons afin de r\u00e9pondre aux d\u00e9fis auxquels nos clients sont confront\u00e9s tous les jours. Nous nous engageons \u00e0 concevoir des solutions compl\u00e8tes qui tiennent&#8230;<\/p>\n","protected":false},"author":220,"featured_media":10853,"parent":10250,"menu_order":1,"comment_status":"closed","ping_status":"closed","template":"template-prodinfo.php","meta":{"_acf_changed":false,"footnotes":""},"class_list":["post-10278","page","type-page","status-publish","has-post-thumbnail","hentry"],"acf":[],"yoast_head":"<!-- This site is optimized with the Yoast SEO plugin v26.8 - https:\/\/yoast.com\/product\/yoast-seo-wordpress\/ -->\n<title>octobre 15, 2018 - Aliments et boissons<\/title>\n<meta name=\"robots\" content=\"index, follow, max-snippet:-1, max-image-preview:large, max-video-preview:-1\" \/>\n<link rel=\"canonical\" href=\"https:\/\/www.duboischemicals.com\/food-beverage\/fr\/products\/cleaners-sanitizers\/\" \/>\n<meta property=\"og:locale\" content=\"fr_FR\" \/>\n<meta property=\"og:type\" content=\"article\" \/>\n<meta property=\"og:title\" content=\"octobre 15, 2018 - Aliments et boissons\" \/>\n<meta property=\"og:description\" content=\"DuBois fournit des solutions novatrices \u00e0 l\u2019industrie des aliments et des boissons afin de r\u00e9pondre aux d\u00e9fis auxquels nos clients sont confront\u00e9s tous les jours. Nous nous engageons \u00e0 concevoir des solutions compl\u00e8tes qui tiennent...\" \/>\n<meta property=\"og:url\" content=\"https:\/\/www.duboischemicals.com\/food-beverage\/fr\/products\/cleaners-sanitizers\/\" \/>\n<meta property=\"og:site_name\" content=\"Aliments et boissons\" \/>\n<meta property=\"article:modified_time\" content=\"2021-02-16T17:42:36+00:00\" \/>\n<meta property=\"og:image\" content=\"https:\/\/www.duboischemicals.com\/food-beverage\/wp-content\/uploads\/sites\/3\/2018\/12\/Food-and-Beverage-Products-Cleaners-and-Sanitizers-scaled.jpg\" \/>\n\t<meta property=\"og:image:width\" content=\"2560\" \/>\n\t<meta property=\"og:image:height\" content=\"1707\" \/>\n\t<meta property=\"og:image:type\" content=\"image\/jpeg\" \/>\n<meta name=\"twitter:card\" content=\"summary_large_image\" \/>\n<meta name=\"twitter:label1\" content=\"Dur\u00e9e de lecture estim\u00e9e\" \/>\n\t<meta name=\"twitter:data1\" content=\"1 minute\" \/>\n<script type=\"application\/ld+json\" class=\"yoast-schema-graph\">{\"@context\":\"https:\/\/schema.org\",\"@graph\":[{\"@type\":\"WebPage\",\"@id\":\"https:\/\/www.duboischemicals.com\/food-beverage\/fr\/products\/cleaners-sanitizers\/\",\"url\":\"https:\/\/www.duboischemicals.com\/food-beverage\/fr\/products\/cleaners-sanitizers\/\",\"name\":\"octobre 15, 2018 - Aliments et boissons\",\"isPartOf\":{\"@id\":\"https:\/\/www.duboischemicals.com\/food-beverage\/fr\/#website\"},\"primaryImageOfPage\":{\"@id\":\"https:\/\/www.duboischemicals.com\/food-beverage\/fr\/products\/cleaners-sanitizers\/#primaryimage\"},\"image\":{\"@id\":\"https:\/\/www.duboischemicals.com\/food-beverage\/fr\/products\/cleaners-sanitizers\/#primaryimage\"},\"thumbnailUrl\":\"https:\/\/www.duboischemicals.com\/food-beverage\/wp-content\/uploads\/sites\/3\/2023\/06\/139.png\",\"datePublished\":\"2018-10-15T21:43:09+00:00\",\"dateModified\":\"2021-02-16T17:42:36+00:00\",\"breadcrumb\":{\"@id\":\"https:\/\/www.duboischemicals.com\/food-beverage\/fr\/products\/cleaners-sanitizers\/#breadcrumb\"},\"inLanguage\":\"fr-FR\",\"potentialAction\":[{\"@type\":\"ReadAction\",\"target\":[\"https:\/\/www.duboischemicals.com\/food-beverage\/fr\/products\/cleaners-sanitizers\/\"]}]},{\"@type\":\"ImageObject\",\"inLanguage\":\"fr-FR\",\"@id\":\"https:\/\/www.duboischemicals.com\/food-beverage\/fr\/products\/cleaners-sanitizers\/#primaryimage\",\"url\":\"https:\/\/www.duboischemicals.com\/food-beverage\/wp-content\/uploads\/sites\/3\/2023\/06\/139.png\",\"contentUrl\":\"https:\/\/www.duboischemicals.com\/food-beverage\/wp-content\/uploads\/sites\/3\/2023\/06\/139.png\",\"width\":450,\"height\":450,\"caption\":\"Cleaners & Sanitizers\"},{\"@type\":\"BreadcrumbList\",\"@id\":\"https:\/\/www.duboischemicals.com\/food-beverage\/fr\/products\/cleaners-sanitizers\/#breadcrumb\",\"itemListElement\":[{\"@type\":\"ListItem\",\"position\":1,\"name\":\"Accueil\",\"item\":\"https:\/\/www.duboischemicals.com\/food-beverage\/fr\/\"},{\"@type\":\"ListItem\",\"position\":2,\"name\":\"Produits\",\"item\":\"https:\/\/www.duboischemicals.com\/food-beverage\/fr\/products\/\"},{\"@type\":\"ListItem\",\"position\":3,\"name\":\"Nettoyants et assainissants\"}]},{\"@type\":\"WebSite\",\"@id\":\"https:\/\/www.duboischemicals.com\/food-beverage\/fr\/#website\",\"url\":\"https:\/\/www.duboischemicals.com\/food-beverage\/fr\/\",\"name\":\"Aliments et boissons\",\"description\":\"\",\"potentialAction\":[{\"@type\":\"SearchAction\",\"target\":{\"@type\":\"EntryPoint\",\"urlTemplate\":\"https:\/\/www.duboischemicals.com\/food-beverage\/fr\/?s={search_term_string}\"},\"query-input\":{\"@type\":\"PropertyValueSpecification\",\"valueRequired\":true,\"valueName\":\"search_term_string\"}}],\"inLanguage\":\"fr-FR\"}]}<\/script>\n<!-- \/ Yoast SEO plugin. -->","yoast_head_json":{"title":"octobre 15, 2018 - Aliments et boissons","robots":{"index":"index","follow":"follow","max-snippet":"max-snippet:-1","max-image-preview":"max-image-preview:large","max-video-preview":"max-video-preview:-1"},"canonical":"https:\/\/www.duboischemicals.com\/food-beverage\/fr\/products\/cleaners-sanitizers\/","og_locale":"fr_FR","og_type":"article","og_title":"octobre 15, 2018 - Aliments et boissons","og_description":"DuBois fournit des solutions novatrices \u00e0 l\u2019industrie des aliments et des boissons afin de r\u00e9pondre aux d\u00e9fis auxquels nos clients sont confront\u00e9s tous les jours. Nous nous engageons \u00e0 concevoir des solutions compl\u00e8tes qui tiennent...","og_url":"https:\/\/www.duboischemicals.com\/food-beverage\/fr\/products\/cleaners-sanitizers\/","og_site_name":"Aliments et boissons","article_modified_time":"2021-02-16T17:42:36+00:00","og_image":[{"width":2560,"height":1707,"url":"https:\/\/www.duboischemicals.com\/food-beverage\/wp-content\/uploads\/sites\/3\/2018\/12\/Food-and-Beverage-Products-Cleaners-and-Sanitizers-scaled.jpg","type":"image\/jpeg"}],"twitter_card":"summary_large_image","twitter_misc":{"Dur\u00e9e de lecture estim\u00e9e":"1 minute"},"schema":{"@context":"https:\/\/schema.org","@graph":[{"@type":"WebPage","@id":"https:\/\/www.duboischemicals.com\/food-beverage\/fr\/products\/cleaners-sanitizers\/","url":"https:\/\/www.duboischemicals.com\/food-beverage\/fr\/products\/cleaners-sanitizers\/","name":"octobre 15, 2018 - Aliments et boissons","isPartOf":{"@id":"https:\/\/www.duboischemicals.com\/food-beverage\/fr\/#website"},"primaryImageOfPage":{"@id":"https:\/\/www.duboischemicals.com\/food-beverage\/fr\/products\/cleaners-sanitizers\/#primaryimage"},"image":{"@id":"https:\/\/www.duboischemicals.com\/food-beverage\/fr\/products\/cleaners-sanitizers\/#primaryimage"},"thumbnailUrl":"https:\/\/www.duboischemicals.com\/food-beverage\/wp-content\/uploads\/sites\/3\/2023\/06\/139.png","datePublished":"2018-10-15T21:43:09+00:00","dateModified":"2021-02-16T17:42:36+00:00","breadcrumb":{"@id":"https:\/\/www.duboischemicals.com\/food-beverage\/fr\/products\/cleaners-sanitizers\/#breadcrumb"},"inLanguage":"fr-FR","potentialAction":[{"@type":"ReadAction","target":["https:\/\/www.duboischemicals.com\/food-beverage\/fr\/products\/cleaners-sanitizers\/"]}]},{"@type":"ImageObject","inLanguage":"fr-FR","@id":"https:\/\/www.duboischemicals.com\/food-beverage\/fr\/products\/cleaners-sanitizers\/#primaryimage","url":"https:\/\/www.duboischemicals.com\/food-beverage\/wp-content\/uploads\/sites\/3\/2023\/06\/139.png","contentUrl":"https:\/\/www.duboischemicals.com\/food-beverage\/wp-content\/uploads\/sites\/3\/2023\/06\/139.png","width":450,"height":450,"caption":"Cleaners & Sanitizers"},{"@type":"BreadcrumbList","@id":"https:\/\/www.duboischemicals.com\/food-beverage\/fr\/products\/cleaners-sanitizers\/#breadcrumb","itemListElement":[{"@type":"ListItem","position":1,"name":"Accueil","item":"https:\/\/www.duboischemicals.com\/food-beverage\/fr\/"},{"@type":"ListItem","position":2,"name":"Produits","item":"https:\/\/www.duboischemicals.com\/food-beverage\/fr\/products\/"},{"@type":"ListItem","position":3,"name":"Nettoyants et assainissants"}]},{"@type":"WebSite","@id":"https:\/\/www.duboischemicals.com\/food-beverage\/fr\/#website","url":"https:\/\/www.duboischemicals.com\/food-beverage\/fr\/","name":"Aliments et boissons","description":"","potentialAction":[{"@type":"SearchAction","target":{"@type":"EntryPoint","urlTemplate":"https:\/\/www.duboischemicals.com\/food-beverage\/fr\/?s={search_term_string}"},"query-input":{"@type":"PropertyValueSpecification","valueRequired":true,"valueName":"search_term_string"}}],"inLanguage":"fr-FR"}]}},"_links":{"self":[{"href":"https:\/\/www.duboischemicals.com\/food-beverage\/fr\/wp-json\/wp\/v2\/pages\/10278","targetHints":{"allow":["GET"]}}],"collection":[{"href":"https:\/\/www.duboischemicals.com\/food-beverage\/fr\/wp-json\/wp\/v2\/pages"}],"about":[{"href":"https:\/\/www.duboischemicals.com\/food-beverage\/fr\/wp-json\/wp\/v2\/types\/page"}],"author":[{"embeddable":true,"href":"https:\/\/www.duboischemicals.com\/food-beverage\/fr\/wp-json\/wp\/v2\/users\/220"}],"replies":[{"embeddable":true,"href":"https:\/\/www.duboischemicals.com\/food-beverage\/fr\/wp-json\/wp\/v2\/comments?post=10278"}],"version-history":[{"count":3,"href":"https:\/\/www.duboischemicals.com\/food-beverage\/fr\/wp-json\/wp\/v2\/pages\/10278\/revisions"}],"predecessor-version":[{"id":10582,"href":"https:\/\/www.duboischemicals.com\/food-beverage\/fr\/wp-json\/wp\/v2\/pages\/10278\/revisions\/10582"}],"up":[{"embeddable":true,"href":"https:\/\/www.duboischemicals.com\/food-beverage\/fr\/wp-json\/wp\/v2\/pages\/10250"}],"wp:featuredmedia":[{"embeddable":true,"href":"https:\/\/www.duboischemicals.com\/food-beverage\/fr\/wp-json\/wp\/v2\/media\/10853"}],"wp:attachment":[{"href":"https:\/\/www.duboischemicals.com\/food-beverage\/fr\/wp-json\/wp\/v2\/media?parent=10278"}],"curies":[{"name":"wp","href":"https:\/\/api.w.org\/{rel}","templated":true}]}}