{"id":10279,"date":"2018-10-15T17:43:57","date_gmt":"2018-10-15T21:43:57","guid":{"rendered":"https:\/\/www.duboischemicals.com\/\/food-beverage\/products\/food-ingredients\/"},"modified":"2021-02-16T12:42:50","modified_gmt":"2021-02-16T17:42:50","slug":"food-ingredients","status":"publish","type":"page","link":"https:\/\/www.duboischemicals.com\/food-beverage\/fr\/products\/food-ingredients\/","title":{"rendered":"Ingr\u00e9dients alimentaires"},"content":{"rendered":"<p>DuBois fournit de nombreux ingr\u00e9dients alimentaires qui assurent un approvisionnement s\u00fbr et s\u00e9curis\u00e9 \u00e0 nos clients. Lorsque vous choisissez un ingr\u00e9dient alimentaire de DuBois, vous pouvez \u00eatre assur\u00e9 de sa conformit\u00e9 \u00e0 notre programme int\u00e9gr\u00e9 de contr\u00f4le des fournisseurs en mati\u00e8re de qualit\u00e9 et de s\u00e9curit\u00e9 alimentaire (Safe Quality Food, ou \u00ab\u00a0SQF\u00a0\u00bb).<\/p>\n<p><strong>Produits et technologies\u00a0:<\/strong><\/p>\n<ul>\n<li>Agents de conservation<\/li>\n<li>Additifs alimentaires<\/li>\n<li>Ajustement du pH<\/li>\n<li>Huiles<\/li>\n<li>Amidons<\/li>\n<li>Sucres et \u00e9dulcorants<\/li>\n<\/ul>\n","protected":false},"excerpt":{"rendered":"<p>DuBois fournit de nombreux ingr\u00e9dients alimentaires qui assurent un approvisionnement s\u00fbr et s\u00e9curis\u00e9 \u00e0 nos clients. Lorsque vous choisissez un ingr\u00e9dient alimentaire de DuBois, vous pouvez \u00eatre assur\u00e9 de sa conformit\u00e9 \u00e0 notre programme int\u00e9gr\u00e9&#8230;<\/p>\n","protected":false},"author":220,"featured_media":10855,"parent":10250,"menu_order":2,"comment_status":"closed","ping_status":"closed","template":"template-prodinfo.php","meta":{"_acf_changed":false,"footnotes":""},"class_list":["post-10279","page","type-page","status-publish","has-post-thumbnail","hentry"],"acf":[],"yoast_head":"<!-- This site is optimized with the Yoast SEO plugin v26.8 - https:\/\/yoast.com\/product\/yoast-seo-wordpress\/ -->\n<title>octobre 15, 2018 - Aliments et boissons<\/title>\n<meta name=\"robots\" content=\"index, follow, max-snippet:-1, max-image-preview:large, max-video-preview:-1\" \/>\n<link rel=\"canonical\" href=\"https:\/\/www.duboischemicals.com\/food-beverage\/fr\/products\/food-ingredients\/\" \/>\n<meta property=\"og:locale\" content=\"fr_FR\" \/>\n<meta property=\"og:type\" content=\"article\" \/>\n<meta property=\"og:title\" content=\"octobre 15, 2018 - Aliments et boissons\" \/>\n<meta property=\"og:description\" content=\"DuBois fournit de nombreux ingr\u00e9dients alimentaires qui assurent un approvisionnement s\u00fbr et s\u00e9curis\u00e9 \u00e0 nos clients. Lorsque vous choisissez un ingr\u00e9dient alimentaire de DuBois, vous pouvez \u00eatre assur\u00e9 de sa conformit\u00e9 \u00e0 notre programme int\u00e9gr\u00e9...\" \/>\n<meta property=\"og:url\" content=\"https:\/\/www.duboischemicals.com\/food-beverage\/fr\/products\/food-ingredients\/\" \/>\n<meta property=\"og:site_name\" content=\"Aliments et boissons\" \/>\n<meta property=\"article:modified_time\" content=\"2021-02-16T17:42:50+00:00\" \/>\n<meta property=\"og:image\" content=\"https:\/\/www.duboischemicals.com\/food-beverage\/wp-content\/uploads\/sites\/3\/2018\/10\/iStock-177529787-Food-and-Beverage-Products-Food-Ingredients.jpg\" \/>\n\t<meta property=\"og:image:width\" content=\"454\" \/>\n\t<meta property=\"og:image:height\" content=\"450\" \/>\n\t<meta property=\"og:image:type\" content=\"image\/jpeg\" \/>\n<meta name=\"twitter:card\" content=\"summary_large_image\" \/>\n<script type=\"application\/ld+json\" class=\"yoast-schema-graph\">{\"@context\":\"https:\/\/schema.org\",\"@graph\":[{\"@type\":\"WebPage\",\"@id\":\"https:\/\/www.duboischemicals.com\/food-beverage\/fr\/products\/food-ingredients\/\",\"url\":\"https:\/\/www.duboischemicals.com\/food-beverage\/fr\/products\/food-ingredients\/\",\"name\":\"octobre 15, 2018 - Aliments et boissons\",\"isPartOf\":{\"@id\":\"https:\/\/www.duboischemicals.com\/food-beverage\/fr\/#website\"},\"primaryImageOfPage\":{\"@id\":\"https:\/\/www.duboischemicals.com\/food-beverage\/fr\/products\/food-ingredients\/#primaryimage\"},\"image\":{\"@id\":\"https:\/\/www.duboischemicals.com\/food-beverage\/fr\/products\/food-ingredients\/#primaryimage\"},\"thumbnailUrl\":\"https:\/\/www.duboischemicals.com\/food-beverage\/wp-content\/uploads\/sites\/3\/2023\/06\/142.png\",\"datePublished\":\"2018-10-15T21:43:57+00:00\",\"dateModified\":\"2021-02-16T17:42:50+00:00\",\"breadcrumb\":{\"@id\":\"https:\/\/www.duboischemicals.com\/food-beverage\/fr\/products\/food-ingredients\/#breadcrumb\"},\"inLanguage\":\"fr-FR\",\"potentialAction\":[{\"@type\":\"ReadAction\",\"target\":[\"https:\/\/www.duboischemicals.com\/food-beverage\/fr\/products\/food-ingredients\/\"]}]},{\"@type\":\"ImageObject\",\"inLanguage\":\"fr-FR\",\"@id\":\"https:\/\/www.duboischemicals.com\/food-beverage\/fr\/products\/food-ingredients\/#primaryimage\",\"url\":\"https:\/\/www.duboischemicals.com\/food-beverage\/wp-content\/uploads\/sites\/3\/2023\/06\/142.png\",\"contentUrl\":\"https:\/\/www.duboischemicals.com\/food-beverage\/wp-content\/uploads\/sites\/3\/2023\/06\/142.png\",\"width\":450,\"height\":450,\"caption\":\"Food Ingredients\"},{\"@type\":\"BreadcrumbList\",\"@id\":\"https:\/\/www.duboischemicals.com\/food-beverage\/fr\/products\/food-ingredients\/#breadcrumb\",\"itemListElement\":[{\"@type\":\"ListItem\",\"position\":1,\"name\":\"Accueil\",\"item\":\"https:\/\/www.duboischemicals.com\/food-beverage\/fr\/\"},{\"@type\":\"ListItem\",\"position\":2,\"name\":\"Produits\",\"item\":\"https:\/\/www.duboischemicals.com\/food-beverage\/fr\/products\/\"},{\"@type\":\"ListItem\",\"position\":3,\"name\":\"Ingr\u00e9dients alimentaires\"}]},{\"@type\":\"WebSite\",\"@id\":\"https:\/\/www.duboischemicals.com\/food-beverage\/fr\/#website\",\"url\":\"https:\/\/www.duboischemicals.com\/food-beverage\/fr\/\",\"name\":\"Aliments et boissons\",\"description\":\"\",\"potentialAction\":[{\"@type\":\"SearchAction\",\"target\":{\"@type\":\"EntryPoint\",\"urlTemplate\":\"https:\/\/www.duboischemicals.com\/food-beverage\/fr\/?s={search_term_string}\"},\"query-input\":{\"@type\":\"PropertyValueSpecification\",\"valueRequired\":true,\"valueName\":\"search_term_string\"}}],\"inLanguage\":\"fr-FR\"}]}<\/script>\n<!-- \/ Yoast SEO plugin. -->","yoast_head_json":{"title":"octobre 15, 2018 - Aliments et boissons","robots":{"index":"index","follow":"follow","max-snippet":"max-snippet:-1","max-image-preview":"max-image-preview:large","max-video-preview":"max-video-preview:-1"},"canonical":"https:\/\/www.duboischemicals.com\/food-beverage\/fr\/products\/food-ingredients\/","og_locale":"fr_FR","og_type":"article","og_title":"octobre 15, 2018 - Aliments et boissons","og_description":"DuBois fournit de nombreux ingr\u00e9dients alimentaires qui assurent un approvisionnement s\u00fbr et s\u00e9curis\u00e9 \u00e0 nos clients. Lorsque vous choisissez un ingr\u00e9dient alimentaire de DuBois, vous pouvez \u00eatre assur\u00e9 de sa conformit\u00e9 \u00e0 notre programme int\u00e9gr\u00e9...","og_url":"https:\/\/www.duboischemicals.com\/food-beverage\/fr\/products\/food-ingredients\/","og_site_name":"Aliments et boissons","article_modified_time":"2021-02-16T17:42:50+00:00","og_image":[{"width":454,"height":450,"url":"https:\/\/www.duboischemicals.com\/food-beverage\/wp-content\/uploads\/sites\/3\/2018\/10\/iStock-177529787-Food-and-Beverage-Products-Food-Ingredients.jpg","type":"image\/jpeg"}],"twitter_card":"summary_large_image","schema":{"@context":"https:\/\/schema.org","@graph":[{"@type":"WebPage","@id":"https:\/\/www.duboischemicals.com\/food-beverage\/fr\/products\/food-ingredients\/","url":"https:\/\/www.duboischemicals.com\/food-beverage\/fr\/products\/food-ingredients\/","name":"octobre 15, 2018 - Aliments et boissons","isPartOf":{"@id":"https:\/\/www.duboischemicals.com\/food-beverage\/fr\/#website"},"primaryImageOfPage":{"@id":"https:\/\/www.duboischemicals.com\/food-beverage\/fr\/products\/food-ingredients\/#primaryimage"},"image":{"@id":"https:\/\/www.duboischemicals.com\/food-beverage\/fr\/products\/food-ingredients\/#primaryimage"},"thumbnailUrl":"https:\/\/www.duboischemicals.com\/food-beverage\/wp-content\/uploads\/sites\/3\/2023\/06\/142.png","datePublished":"2018-10-15T21:43:57+00:00","dateModified":"2021-02-16T17:42:50+00:00","breadcrumb":{"@id":"https:\/\/www.duboischemicals.com\/food-beverage\/fr\/products\/food-ingredients\/#breadcrumb"},"inLanguage":"fr-FR","potentialAction":[{"@type":"ReadAction","target":["https:\/\/www.duboischemicals.com\/food-beverage\/fr\/products\/food-ingredients\/"]}]},{"@type":"ImageObject","inLanguage":"fr-FR","@id":"https:\/\/www.duboischemicals.com\/food-beverage\/fr\/products\/food-ingredients\/#primaryimage","url":"https:\/\/www.duboischemicals.com\/food-beverage\/wp-content\/uploads\/sites\/3\/2023\/06\/142.png","contentUrl":"https:\/\/www.duboischemicals.com\/food-beverage\/wp-content\/uploads\/sites\/3\/2023\/06\/142.png","width":450,"height":450,"caption":"Food Ingredients"},{"@type":"BreadcrumbList","@id":"https:\/\/www.duboischemicals.com\/food-beverage\/fr\/products\/food-ingredients\/#breadcrumb","itemListElement":[{"@type":"ListItem","position":1,"name":"Accueil","item":"https:\/\/www.duboischemicals.com\/food-beverage\/fr\/"},{"@type":"ListItem","position":2,"name":"Produits","item":"https:\/\/www.duboischemicals.com\/food-beverage\/fr\/products\/"},{"@type":"ListItem","position":3,"name":"Ingr\u00e9dients alimentaires"}]},{"@type":"WebSite","@id":"https:\/\/www.duboischemicals.com\/food-beverage\/fr\/#website","url":"https:\/\/www.duboischemicals.com\/food-beverage\/fr\/","name":"Aliments et boissons","description":"","potentialAction":[{"@type":"SearchAction","target":{"@type":"EntryPoint","urlTemplate":"https:\/\/www.duboischemicals.com\/food-beverage\/fr\/?s={search_term_string}"},"query-input":{"@type":"PropertyValueSpecification","valueRequired":true,"valueName":"search_term_string"}}],"inLanguage":"fr-FR"}]}},"_links":{"self":[{"href":"https:\/\/www.duboischemicals.com\/food-beverage\/fr\/wp-json\/wp\/v2\/pages\/10279","targetHints":{"allow":["GET"]}}],"collection":[{"href":"https:\/\/www.duboischemicals.com\/food-beverage\/fr\/wp-json\/wp\/v2\/pages"}],"about":[{"href":"https:\/\/www.duboischemicals.com\/food-beverage\/fr\/wp-json\/wp\/v2\/types\/page"}],"author":[{"embeddable":true,"href":"https:\/\/www.duboischemicals.com\/food-beverage\/fr\/wp-json\/wp\/v2\/users\/220"}],"replies":[{"embeddable":true,"href":"https:\/\/www.duboischemicals.com\/food-beverage\/fr\/wp-json\/wp\/v2\/comments?post=10279"}],"version-history":[{"count":2,"href":"https:\/\/www.duboischemicals.com\/food-beverage\/fr\/wp-json\/wp\/v2\/pages\/10279\/revisions"}],"predecessor-version":[{"id":10583,"href":"https:\/\/www.duboischemicals.com\/food-beverage\/fr\/wp-json\/wp\/v2\/pages\/10279\/revisions\/10583"}],"up":[{"embeddable":true,"href":"https:\/\/www.duboischemicals.com\/food-beverage\/fr\/wp-json\/wp\/v2\/pages\/10250"}],"wp:featuredmedia":[{"embeddable":true,"href":"https:\/\/www.duboischemicals.com\/food-beverage\/fr\/wp-json\/wp\/v2\/media\/10855"}],"wp:attachment":[{"href":"https:\/\/www.duboischemicals.com\/food-beverage\/fr\/wp-json\/wp\/v2\/media?parent=10279"}],"curies":[{"name":"wp","href":"https:\/\/api.w.org\/{rel}","templated":true}]}}