{"id":10281,"date":"2018-10-15T17:44:42","date_gmt":"2018-10-15T21:44:42","guid":{"rendered":"https:\/\/www.duboischemicals.com\/\/food-beverage\/products\/organic-non-gmo\/"},"modified":"2021-02-16T12:42:44","modified_gmt":"2021-02-16T17:42:44","slug":"organic-non-gmo","status":"publish","type":"page","link":"https:\/\/www.duboischemicals.com\/food-beverage\/fr\/products\/organic-non-gmo\/","title":{"rendered":"Aliments biologiques et sans OGM"},"content":{"rendered":"<p>Les march\u00e9s des aliments biologiques et sans OGM sont des segments du secteur de la transformation des aliments en constante \u00e9volution et \u00e0 croissance rapide. DuBois peut fournir une gamme de produits convenant \u00e0 de nombreuses applications au sein d\u2019une usine de transformation d\u2019aliments biologiques ou sans OGM.<\/p>\n<p>Nous savons que de nombreuses usines agroalimentaires exploitent des cha\u00eenes de production sp\u00e9cialis\u00e9es dans leurs installations ou fonctionnent de mani\u00e8re saisonni\u00e8re dans le cadre de cycles de production sp\u00e9cifiquement consacr\u00e9s aux aliments biologiques ou sans OGM. DuBois vous aidera \u00e0 utiliser la bonne technologie pour votre production d\u2019aliments biologiques ou sans OGM.<\/p>\n<p><strong>Produits et technologies\u00a0:<\/strong><\/p>\n<ul>\n<li>Nettoyants<\/li>\n<li>Assainissants<\/li>\n<li>Agents antimousse<\/li>\n<li>Agents de d\u00e9moulage<\/li>\n<li>Ingr\u00e9dients alimentaires<\/li>\n<\/ul>\n","protected":false},"excerpt":{"rendered":"<p>Les march\u00e9s des aliments biologiques et sans OGM sont des segments du secteur de la transformation des aliments en constante \u00e9volution et \u00e0 croissance rapide. DuBois peut fournir une gamme de produits convenant \u00e0 de&#8230;<\/p>\n","protected":false},"author":220,"featured_media":10857,"parent":10250,"menu_order":4,"comment_status":"closed","ping_status":"closed","template":"template-prodinfo.php","meta":{"_acf_changed":false,"footnotes":""},"class_list":["post-10281","page","type-page","status-publish","has-post-thumbnail","hentry"],"acf":[],"yoast_head":"<!-- This site is optimized with the Yoast SEO plugin v26.8 - https:\/\/yoast.com\/product\/yoast-seo-wordpress\/ -->\n<title>octobre 15, 2018 - Aliments et boissons<\/title>\n<meta name=\"robots\" content=\"index, follow, max-snippet:-1, max-image-preview:large, max-video-preview:-1\" \/>\n<link rel=\"canonical\" href=\"https:\/\/www.duboischemicals.com\/food-beverage\/fr\/products\/organic-non-gmo\/\" \/>\n<meta property=\"og:locale\" content=\"fr_FR\" \/>\n<meta property=\"og:type\" content=\"article\" \/>\n<meta property=\"og:title\" content=\"octobre 15, 2018 - Aliments et boissons\" \/>\n<meta property=\"og:description\" content=\"Les march\u00e9s des aliments biologiques et sans OGM sont des segments du secteur de la transformation des aliments en constante \u00e9volution et \u00e0 croissance rapide. DuBois peut fournir une gamme de produits convenant \u00e0 de...\" \/>\n<meta property=\"og:url\" content=\"https:\/\/www.duboischemicals.com\/food-beverage\/fr\/products\/organic-non-gmo\/\" \/>\n<meta property=\"og:site_name\" content=\"Aliments et boissons\" \/>\n<meta property=\"article:modified_time\" content=\"2021-02-16T17:42:44+00:00\" \/>\n<meta property=\"og:image\" content=\"https:\/\/www.duboischemicals.com\/food-beverage\/wp-content\/uploads\/sites\/3\/2018\/12\/Food-and-Beverage-Products-Organic-and-Non-GMO-1024x683.jpg\" \/>\n\t<meta property=\"og:image:width\" content=\"1024\" \/>\n\t<meta property=\"og:image:height\" content=\"683\" \/>\n\t<meta property=\"og:image:type\" content=\"image\/jpeg\" \/>\n<meta name=\"twitter:card\" content=\"summary_large_image\" \/>\n<meta name=\"twitter:label1\" content=\"Dur\u00e9e de lecture estim\u00e9e\" \/>\n\t<meta name=\"twitter:data1\" content=\"1 minute\" \/>\n<script type=\"application\/ld+json\" class=\"yoast-schema-graph\">{\"@context\":\"https:\/\/schema.org\",\"@graph\":[{\"@type\":\"WebPage\",\"@id\":\"https:\/\/www.duboischemicals.com\/food-beverage\/fr\/products\/organic-non-gmo\/\",\"url\":\"https:\/\/www.duboischemicals.com\/food-beverage\/fr\/products\/organic-non-gmo\/\",\"name\":\"octobre 15, 2018 - Aliments et boissons\",\"isPartOf\":{\"@id\":\"https:\/\/www.duboischemicals.com\/food-beverage\/fr\/#website\"},\"primaryImageOfPage\":{\"@id\":\"https:\/\/www.duboischemicals.com\/food-beverage\/fr\/products\/organic-non-gmo\/#primaryimage\"},\"image\":{\"@id\":\"https:\/\/www.duboischemicals.com\/food-beverage\/fr\/products\/organic-non-gmo\/#primaryimage\"},\"thumbnailUrl\":\"https:\/\/www.duboischemicals.com\/food-beverage\/wp-content\/uploads\/sites\/3\/2023\/06\/144.png\",\"datePublished\":\"2018-10-15T21:44:42+00:00\",\"dateModified\":\"2021-02-16T17:42:44+00:00\",\"breadcrumb\":{\"@id\":\"https:\/\/www.duboischemicals.com\/food-beverage\/fr\/products\/organic-non-gmo\/#breadcrumb\"},\"inLanguage\":\"fr-FR\",\"potentialAction\":[{\"@type\":\"ReadAction\",\"target\":[\"https:\/\/www.duboischemicals.com\/food-beverage\/fr\/products\/organic-non-gmo\/\"]}]},{\"@type\":\"ImageObject\",\"inLanguage\":\"fr-FR\",\"@id\":\"https:\/\/www.duboischemicals.com\/food-beverage\/fr\/products\/organic-non-gmo\/#primaryimage\",\"url\":\"https:\/\/www.duboischemicals.com\/food-beverage\/wp-content\/uploads\/sites\/3\/2023\/06\/144.png\",\"contentUrl\":\"https:\/\/www.duboischemicals.com\/food-beverage\/wp-content\/uploads\/sites\/3\/2023\/06\/144.png\",\"width\":450,\"height\":450,\"caption\":\"Organic & Non GMO Icon\"},{\"@type\":\"BreadcrumbList\",\"@id\":\"https:\/\/www.duboischemicals.com\/food-beverage\/fr\/products\/organic-non-gmo\/#breadcrumb\",\"itemListElement\":[{\"@type\":\"ListItem\",\"position\":1,\"name\":\"Accueil\",\"item\":\"https:\/\/www.duboischemicals.com\/food-beverage\/fr\/\"},{\"@type\":\"ListItem\",\"position\":2,\"name\":\"Produits\",\"item\":\"https:\/\/www.duboischemicals.com\/food-beverage\/fr\/products\/\"},{\"@type\":\"ListItem\",\"position\":3,\"name\":\"Aliments biologiques et sans OGM\"}]},{\"@type\":\"WebSite\",\"@id\":\"https:\/\/www.duboischemicals.com\/food-beverage\/fr\/#website\",\"url\":\"https:\/\/www.duboischemicals.com\/food-beverage\/fr\/\",\"name\":\"Aliments et boissons\",\"description\":\"\",\"potentialAction\":[{\"@type\":\"SearchAction\",\"target\":{\"@type\":\"EntryPoint\",\"urlTemplate\":\"https:\/\/www.duboischemicals.com\/food-beverage\/fr\/?s={search_term_string}\"},\"query-input\":{\"@type\":\"PropertyValueSpecification\",\"valueRequired\":true,\"valueName\":\"search_term_string\"}}],\"inLanguage\":\"fr-FR\"}]}<\/script>\n<!-- \/ Yoast SEO plugin. -->","yoast_head_json":{"title":"octobre 15, 2018 - Aliments et boissons","robots":{"index":"index","follow":"follow","max-snippet":"max-snippet:-1","max-image-preview":"max-image-preview:large","max-video-preview":"max-video-preview:-1"},"canonical":"https:\/\/www.duboischemicals.com\/food-beverage\/fr\/products\/organic-non-gmo\/","og_locale":"fr_FR","og_type":"article","og_title":"octobre 15, 2018 - Aliments et boissons","og_description":"Les march\u00e9s des aliments biologiques et sans OGM sont des segments du secteur de la transformation des aliments en constante \u00e9volution et \u00e0 croissance rapide. DuBois peut fournir une gamme de produits convenant \u00e0 de...","og_url":"https:\/\/www.duboischemicals.com\/food-beverage\/fr\/products\/organic-non-gmo\/","og_site_name":"Aliments et boissons","article_modified_time":"2021-02-16T17:42:44+00:00","og_image":[{"width":1024,"height":683,"url":"https:\/\/www.duboischemicals.com\/food-beverage\/wp-content\/uploads\/sites\/3\/2018\/12\/Food-and-Beverage-Products-Organic-and-Non-GMO-1024x683.jpg","type":"image\/jpeg"}],"twitter_card":"summary_large_image","twitter_misc":{"Dur\u00e9e de lecture estim\u00e9e":"1 minute"},"schema":{"@context":"https:\/\/schema.org","@graph":[{"@type":"WebPage","@id":"https:\/\/www.duboischemicals.com\/food-beverage\/fr\/products\/organic-non-gmo\/","url":"https:\/\/www.duboischemicals.com\/food-beverage\/fr\/products\/organic-non-gmo\/","name":"octobre 15, 2018 - Aliments et boissons","isPartOf":{"@id":"https:\/\/www.duboischemicals.com\/food-beverage\/fr\/#website"},"primaryImageOfPage":{"@id":"https:\/\/www.duboischemicals.com\/food-beverage\/fr\/products\/organic-non-gmo\/#primaryimage"},"image":{"@id":"https:\/\/www.duboischemicals.com\/food-beverage\/fr\/products\/organic-non-gmo\/#primaryimage"},"thumbnailUrl":"https:\/\/www.duboischemicals.com\/food-beverage\/wp-content\/uploads\/sites\/3\/2023\/06\/144.png","datePublished":"2018-10-15T21:44:42+00:00","dateModified":"2021-02-16T17:42:44+00:00","breadcrumb":{"@id":"https:\/\/www.duboischemicals.com\/food-beverage\/fr\/products\/organic-non-gmo\/#breadcrumb"},"inLanguage":"fr-FR","potentialAction":[{"@type":"ReadAction","target":["https:\/\/www.duboischemicals.com\/food-beverage\/fr\/products\/organic-non-gmo\/"]}]},{"@type":"ImageObject","inLanguage":"fr-FR","@id":"https:\/\/www.duboischemicals.com\/food-beverage\/fr\/products\/organic-non-gmo\/#primaryimage","url":"https:\/\/www.duboischemicals.com\/food-beverage\/wp-content\/uploads\/sites\/3\/2023\/06\/144.png","contentUrl":"https:\/\/www.duboischemicals.com\/food-beverage\/wp-content\/uploads\/sites\/3\/2023\/06\/144.png","width":450,"height":450,"caption":"Organic & Non GMO Icon"},{"@type":"BreadcrumbList","@id":"https:\/\/www.duboischemicals.com\/food-beverage\/fr\/products\/organic-non-gmo\/#breadcrumb","itemListElement":[{"@type":"ListItem","position":1,"name":"Accueil","item":"https:\/\/www.duboischemicals.com\/food-beverage\/fr\/"},{"@type":"ListItem","position":2,"name":"Produits","item":"https:\/\/www.duboischemicals.com\/food-beverage\/fr\/products\/"},{"@type":"ListItem","position":3,"name":"Aliments biologiques et sans OGM"}]},{"@type":"WebSite","@id":"https:\/\/www.duboischemicals.com\/food-beverage\/fr\/#website","url":"https:\/\/www.duboischemicals.com\/food-beverage\/fr\/","name":"Aliments et boissons","description":"","potentialAction":[{"@type":"SearchAction","target":{"@type":"EntryPoint","urlTemplate":"https:\/\/www.duboischemicals.com\/food-beverage\/fr\/?s={search_term_string}"},"query-input":{"@type":"PropertyValueSpecification","valueRequired":true,"valueName":"search_term_string"}}],"inLanguage":"fr-FR"}]}},"_links":{"self":[{"href":"https:\/\/www.duboischemicals.com\/food-beverage\/fr\/wp-json\/wp\/v2\/pages\/10281","targetHints":{"allow":["GET"]}}],"collection":[{"href":"https:\/\/www.duboischemicals.com\/food-beverage\/fr\/wp-json\/wp\/v2\/pages"}],"about":[{"href":"https:\/\/www.duboischemicals.com\/food-beverage\/fr\/wp-json\/wp\/v2\/types\/page"}],"author":[{"embeddable":true,"href":"https:\/\/www.duboischemicals.com\/food-beverage\/fr\/wp-json\/wp\/v2\/users\/220"}],"replies":[{"embeddable":true,"href":"https:\/\/www.duboischemicals.com\/food-beverage\/fr\/wp-json\/wp\/v2\/comments?post=10281"}],"version-history":[{"count":3,"href":"https:\/\/www.duboischemicals.com\/food-beverage\/fr\/wp-json\/wp\/v2\/pages\/10281\/revisions"}],"predecessor-version":[{"id":10679,"href":"https:\/\/www.duboischemicals.com\/food-beverage\/fr\/wp-json\/wp\/v2\/pages\/10281\/revisions\/10679"}],"up":[{"embeddable":true,"href":"https:\/\/www.duboischemicals.com\/food-beverage\/fr\/wp-json\/wp\/v2\/pages\/10250"}],"wp:featuredmedia":[{"embeddable":true,"href":"https:\/\/www.duboischemicals.com\/food-beverage\/fr\/wp-json\/wp\/v2\/media\/10857"}],"wp:attachment":[{"href":"https:\/\/www.duboischemicals.com\/food-beverage\/fr\/wp-json\/wp\/v2\/media?parent=10281"}],"curies":[{"name":"wp","href":"https:\/\/api.w.org\/{rel}","templated":true}]}}