{"id":10282,"date":"2018-10-15T17:44:59","date_gmt":"2018-10-15T21:44:59","guid":{"rendered":"https:\/\/www.duboischemicals.com\/\/food-beverage\/products\/track-conveyor-lubrication\/"},"modified":"2021-02-16T12:42:35","modified_gmt":"2021-02-16T17:42:35","slug":"track-conveyor-lubrication","status":"publish","type":"page","link":"https:\/\/www.duboischemicals.com\/food-beverage\/fr\/products\/track-conveyor-lubrication\/","title":{"rendered":"Lubrification de voie et de convoyeur"},"content":{"rendered":"<p>Les programmes novateurs de contr\u00f4le total des boissons de DuBois \u00e9tablissent les toutes derni\u00e8res normes en mati\u00e8re de lubrification des convoyeurs. Nos solutions r\u00e9duiront vos co\u00fbts en eau, en main-d\u2019\u0153uvre et en \u00e9nergie afin d\u2019optimiser les performances des voies et des convoyeurs. Les produits chimiques, le service, l\u2019\u00e9quipement et l\u2019expertise technique de DuBois assurent le bon fonctionnement de vos cha\u00eenes de production.<\/p>\n<p>Nous sommes conscients que les exigences de chacune de vos installations sont uniques; nous concevons des solutions adapt\u00e9es \u00e0 chacune de vos activit\u00e9s. DuBois s\u2019engage \u00e0 fournir les meilleures technologies disponibles \u00e0 un co\u00fbt d\u2019exploitation total qui maximisera votre rentabilit\u00e9.<\/p>\n","protected":false},"excerpt":{"rendered":"<p>Les programmes novateurs de contr\u00f4le total des boissons de DuBois \u00e9tablissent les toutes derni\u00e8res normes en mati\u00e8re de lubrification des convoyeurs. Nos solutions r\u00e9duiront vos co\u00fbts en eau, en main-d\u2019\u0153uvre et en \u00e9nergie afin d\u2019optimiser&#8230;<\/p>\n","protected":false},"author":220,"featured_media":9175,"parent":10250,"menu_order":5,"comment_status":"closed","ping_status":"closed","template":"template-prodinfo.php","meta":{"_acf_changed":false,"footnotes":""},"class_list":["post-10282","page","type-page","status-publish","has-post-thumbnail","hentry"],"acf":[],"yoast_head":"<!-- This site is optimized with the Yoast SEO plugin v26.8 - https:\/\/yoast.com\/product\/yoast-seo-wordpress\/ -->\n<title>octobre 15, 2018 - Aliments et boissons<\/title>\n<meta name=\"robots\" content=\"index, follow, max-snippet:-1, max-image-preview:large, max-video-preview:-1\" \/>\n<link rel=\"canonical\" href=\"https:\/\/www.duboischemicals.com\/food-beverage\/fr\/products\/track-conveyor-lubrication\/\" \/>\n<meta property=\"og:locale\" content=\"fr_FR\" \/>\n<meta property=\"og:type\" content=\"article\" \/>\n<meta property=\"og:title\" content=\"octobre 15, 2018 - Aliments et boissons\" \/>\n<meta property=\"og:description\" content=\"Les programmes novateurs de contr\u00f4le total des boissons de DuBois \u00e9tablissent les toutes derni\u00e8res normes en mati\u00e8re de lubrification des convoyeurs. Nos solutions r\u00e9duiront vos co\u00fbts en eau, en main-d\u2019\u0153uvre et en \u00e9nergie afin d\u2019optimiser...\" \/>\n<meta property=\"og:url\" content=\"https:\/\/www.duboischemicals.com\/food-beverage\/fr\/products\/track-conveyor-lubrication\/\" \/>\n<meta property=\"og:site_name\" content=\"Aliments et boissons\" \/>\n<meta property=\"article:modified_time\" content=\"2021-02-16T17:42:35+00:00\" \/>\n<meta property=\"og:image\" content=\"https:\/\/www.duboischemicals.com\/food-beverage\/wp-content\/uploads\/sites\/3\/2018\/10\/ShutterStock-74821960-Food-and-Beverage-Products-Food-and-Conveyor-Lubrication.jpg\" \/>\n\t<meta property=\"og:image:width\" content=\"454\" \/>\n\t<meta property=\"og:image:height\" content=\"450\" \/>\n\t<meta property=\"og:image:type\" content=\"image\/jpeg\" \/>\n<meta name=\"twitter:card\" content=\"summary_large_image\" \/>\n<meta name=\"twitter:label1\" content=\"Dur\u00e9e de lecture estim\u00e9e\" \/>\n\t<meta name=\"twitter:data1\" content=\"1 minute\" \/>\n<script type=\"application\/ld+json\" class=\"yoast-schema-graph\">{\"@context\":\"https:\/\/schema.org\",\"@graph\":[{\"@type\":\"WebPage\",\"@id\":\"https:\/\/www.duboischemicals.com\/food-beverage\/fr\/products\/track-conveyor-lubrication\/\",\"url\":\"https:\/\/www.duboischemicals.com\/food-beverage\/fr\/products\/track-conveyor-lubrication\/\",\"name\":\"octobre 15, 2018 - Aliments et boissons\",\"isPartOf\":{\"@id\":\"https:\/\/www.duboischemicals.com\/food-beverage\/fr\/#website\"},\"primaryImageOfPage\":{\"@id\":\"https:\/\/www.duboischemicals.com\/food-beverage\/fr\/products\/track-conveyor-lubrication\/#primaryimage\"},\"image\":{\"@id\":\"https:\/\/www.duboischemicals.com\/food-beverage\/fr\/products\/track-conveyor-lubrication\/#primaryimage\"},\"thumbnailUrl\":\"https:\/\/www.duboischemicals.com\/food-beverage\/wp-content\/uploads\/sites\/3\/2018\/10\/ShutterStock-74821960-Food-and-Beverage-Products-Food-and-Conveyor-Lubrication.jpg\",\"datePublished\":\"2018-10-15T21:44:59+00:00\",\"dateModified\":\"2021-02-16T17:42:35+00:00\",\"breadcrumb\":{\"@id\":\"https:\/\/www.duboischemicals.com\/food-beverage\/fr\/products\/track-conveyor-lubrication\/#breadcrumb\"},\"inLanguage\":\"fr-FR\",\"potentialAction\":[{\"@type\":\"ReadAction\",\"target\":[\"https:\/\/www.duboischemicals.com\/food-beverage\/fr\/products\/track-conveyor-lubrication\/\"]}]},{\"@type\":\"ImageObject\",\"inLanguage\":\"fr-FR\",\"@id\":\"https:\/\/www.duboischemicals.com\/food-beverage\/fr\/products\/track-conveyor-lubrication\/#primaryimage\",\"url\":\"https:\/\/www.duboischemicals.com\/food-beverage\/wp-content\/uploads\/sites\/3\/2018\/10\/ShutterStock-74821960-Food-and-Beverage-Products-Food-and-Conveyor-Lubrication.jpg\",\"contentUrl\":\"https:\/\/www.duboischemicals.com\/food-beverage\/wp-content\/uploads\/sites\/3\/2018\/10\/ShutterStock-74821960-Food-and-Beverage-Products-Food-and-Conveyor-Lubrication.jpg\",\"width\":454,\"height\":450},{\"@type\":\"BreadcrumbList\",\"@id\":\"https:\/\/www.duboischemicals.com\/food-beverage\/fr\/products\/track-conveyor-lubrication\/#breadcrumb\",\"itemListElement\":[{\"@type\":\"ListItem\",\"position\":1,\"name\":\"Accueil\",\"item\":\"https:\/\/www.duboischemicals.com\/food-beverage\/fr\/\"},{\"@type\":\"ListItem\",\"position\":2,\"name\":\"Produits\",\"item\":\"https:\/\/www.duboischemicals.com\/food-beverage\/fr\/products\/\"},{\"@type\":\"ListItem\",\"position\":3,\"name\":\"Lubrification de voie et de convoyeur\"}]},{\"@type\":\"WebSite\",\"@id\":\"https:\/\/www.duboischemicals.com\/food-beverage\/fr\/#website\",\"url\":\"https:\/\/www.duboischemicals.com\/food-beverage\/fr\/\",\"name\":\"Aliments et boissons\",\"description\":\"\",\"potentialAction\":[{\"@type\":\"SearchAction\",\"target\":{\"@type\":\"EntryPoint\",\"urlTemplate\":\"https:\/\/www.duboischemicals.com\/food-beverage\/fr\/?s={search_term_string}\"},\"query-input\":{\"@type\":\"PropertyValueSpecification\",\"valueRequired\":true,\"valueName\":\"search_term_string\"}}],\"inLanguage\":\"fr-FR\"}]}<\/script>\n<!-- \/ Yoast SEO plugin. -->","yoast_head_json":{"title":"octobre 15, 2018 - Aliments et boissons","robots":{"index":"index","follow":"follow","max-snippet":"max-snippet:-1","max-image-preview":"max-image-preview:large","max-video-preview":"max-video-preview:-1"},"canonical":"https:\/\/www.duboischemicals.com\/food-beverage\/fr\/products\/track-conveyor-lubrication\/","og_locale":"fr_FR","og_type":"article","og_title":"octobre 15, 2018 - Aliments et boissons","og_description":"Les programmes novateurs de contr\u00f4le total des boissons de DuBois \u00e9tablissent les toutes derni\u00e8res normes en mati\u00e8re de lubrification des convoyeurs. Nos solutions r\u00e9duiront vos co\u00fbts en eau, en main-d\u2019\u0153uvre et en \u00e9nergie afin d\u2019optimiser...","og_url":"https:\/\/www.duboischemicals.com\/food-beverage\/fr\/products\/track-conveyor-lubrication\/","og_site_name":"Aliments et boissons","article_modified_time":"2021-02-16T17:42:35+00:00","og_image":[{"width":454,"height":450,"url":"https:\/\/www.duboischemicals.com\/food-beverage\/wp-content\/uploads\/sites\/3\/2018\/10\/ShutterStock-74821960-Food-and-Beverage-Products-Food-and-Conveyor-Lubrication.jpg","type":"image\/jpeg"}],"twitter_card":"summary_large_image","twitter_misc":{"Dur\u00e9e de lecture estim\u00e9e":"1 minute"},"schema":{"@context":"https:\/\/schema.org","@graph":[{"@type":"WebPage","@id":"https:\/\/www.duboischemicals.com\/food-beverage\/fr\/products\/track-conveyor-lubrication\/","url":"https:\/\/www.duboischemicals.com\/food-beverage\/fr\/products\/track-conveyor-lubrication\/","name":"octobre 15, 2018 - Aliments et boissons","isPartOf":{"@id":"https:\/\/www.duboischemicals.com\/food-beverage\/fr\/#website"},"primaryImageOfPage":{"@id":"https:\/\/www.duboischemicals.com\/food-beverage\/fr\/products\/track-conveyor-lubrication\/#primaryimage"},"image":{"@id":"https:\/\/www.duboischemicals.com\/food-beverage\/fr\/products\/track-conveyor-lubrication\/#primaryimage"},"thumbnailUrl":"https:\/\/www.duboischemicals.com\/food-beverage\/wp-content\/uploads\/sites\/3\/2018\/10\/ShutterStock-74821960-Food-and-Beverage-Products-Food-and-Conveyor-Lubrication.jpg","datePublished":"2018-10-15T21:44:59+00:00","dateModified":"2021-02-16T17:42:35+00:00","breadcrumb":{"@id":"https:\/\/www.duboischemicals.com\/food-beverage\/fr\/products\/track-conveyor-lubrication\/#breadcrumb"},"inLanguage":"fr-FR","potentialAction":[{"@type":"ReadAction","target":["https:\/\/www.duboischemicals.com\/food-beverage\/fr\/products\/track-conveyor-lubrication\/"]}]},{"@type":"ImageObject","inLanguage":"fr-FR","@id":"https:\/\/www.duboischemicals.com\/food-beverage\/fr\/products\/track-conveyor-lubrication\/#primaryimage","url":"https:\/\/www.duboischemicals.com\/food-beverage\/wp-content\/uploads\/sites\/3\/2018\/10\/ShutterStock-74821960-Food-and-Beverage-Products-Food-and-Conveyor-Lubrication.jpg","contentUrl":"https:\/\/www.duboischemicals.com\/food-beverage\/wp-content\/uploads\/sites\/3\/2018\/10\/ShutterStock-74821960-Food-and-Beverage-Products-Food-and-Conveyor-Lubrication.jpg","width":454,"height":450},{"@type":"BreadcrumbList","@id":"https:\/\/www.duboischemicals.com\/food-beverage\/fr\/products\/track-conveyor-lubrication\/#breadcrumb","itemListElement":[{"@type":"ListItem","position":1,"name":"Accueil","item":"https:\/\/www.duboischemicals.com\/food-beverage\/fr\/"},{"@type":"ListItem","position":2,"name":"Produits","item":"https:\/\/www.duboischemicals.com\/food-beverage\/fr\/products\/"},{"@type":"ListItem","position":3,"name":"Lubrification de voie et de convoyeur"}]},{"@type":"WebSite","@id":"https:\/\/www.duboischemicals.com\/food-beverage\/fr\/#website","url":"https:\/\/www.duboischemicals.com\/food-beverage\/fr\/","name":"Aliments et boissons","description":"","potentialAction":[{"@type":"SearchAction","target":{"@type":"EntryPoint","urlTemplate":"https:\/\/www.duboischemicals.com\/food-beverage\/fr\/?s={search_term_string}"},"query-input":{"@type":"PropertyValueSpecification","valueRequired":true,"valueName":"search_term_string"}}],"inLanguage":"fr-FR"}]}},"_links":{"self":[{"href":"https:\/\/www.duboischemicals.com\/food-beverage\/fr\/wp-json\/wp\/v2\/pages\/10282","targetHints":{"allow":["GET"]}}],"collection":[{"href":"https:\/\/www.duboischemicals.com\/food-beverage\/fr\/wp-json\/wp\/v2\/pages"}],"about":[{"href":"https:\/\/www.duboischemicals.com\/food-beverage\/fr\/wp-json\/wp\/v2\/types\/page"}],"author":[{"embeddable":true,"href":"https:\/\/www.duboischemicals.com\/food-beverage\/fr\/wp-json\/wp\/v2\/users\/220"}],"replies":[{"embeddable":true,"href":"https:\/\/www.duboischemicals.com\/food-beverage\/fr\/wp-json\/wp\/v2\/comments?post=10282"}],"version-history":[{"count":3,"href":"https:\/\/www.duboischemicals.com\/food-beverage\/fr\/wp-json\/wp\/v2\/pages\/10282\/revisions"}],"predecessor-version":[{"id":10663,"href":"https:\/\/www.duboischemicals.com\/food-beverage\/fr\/wp-json\/wp\/v2\/pages\/10282\/revisions\/10663"}],"up":[{"embeddable":true,"href":"https:\/\/www.duboischemicals.com\/food-beverage\/fr\/wp-json\/wp\/v2\/pages\/10250"}],"wp:featuredmedia":[{"embeddable":true,"href":"https:\/\/www.duboischemicals.com\/food-beverage\/fr\/wp-json\/wp\/v2\/media\/9175"}],"wp:attachment":[{"href":"https:\/\/www.duboischemicals.com\/food-beverage\/fr\/wp-json\/wp\/v2\/media?parent=10282"}],"curies":[{"name":"wp","href":"https:\/\/api.w.org\/{rel}","templated":true}]}}