{"id":10297,"date":"2018-10-01T17:38:25","date_gmt":"2018-10-01T21:38:25","guid":{"rendered":"https:\/\/www.duboischemicals.com\/\/food-beverage\/industries\/brewery\/"},"modified":"2021-02-16T12:42:36","modified_gmt":"2021-02-16T17:42:36","slug":"brewery","status":"publish","type":"page","link":"https:\/\/www.duboischemicals.com\/food-beverage\/fr\/industries\/brewery\/","title":{"rendered":"Brasserie"},"content":{"rendered":"<p>L&rsquo;industrie de la brasserie est ax\u00e9e sur le go\u00fbt unique, la qualit\u00e9 et l&rsquo;exp\u00e9rience.<\/p>\n<p>Les brasseurs doivent relever les d\u00e9fis de produire une saveur uniforme, d&rsquo;am\u00e9liorer la dur\u00e9e de conservation et d&rsquo;augmenter les rendements. Les agents antimousse et clarifiants de qualit\u00e9 alimentaire de DuBois, con\u00e7us pour le secteur des brasseries, des distilleries et des \u00e9tablissements vinicoles, contribuent \u00e0 la r\u00e9alisation de ces objectifs.<\/p>\n<p>Les produits chimiques de qualit\u00e9 sup\u00e9rieure et le soutien technique de DuBois vous aideront \u00e0 produire de mani\u00e8re constante des boissons de haute qualit\u00e9. De la production \u00e0 l&#8217;emballage, nous vous accompagnons dans tous les domaines.<\/p>\n<p><strong>Produits et technologies<\/strong><\/p>\n<ul>\n<li><a href=\"http:\/\/www.duboischemicals.com\/\/food-beverage\/products\/cleaners-sanitizers\/\">Nettoyants et assainissants<\/a><\/li>\n<li><a href=\"http:\/\/www.duboischemicals.com\/\/food-beverage\/products\/food-ingredients\/\">Ingr\u00e9dients alimentaires<\/a><\/li>\n<li><a href=\"http:\/\/www.duboischemicals.com\/\/food-beverage\/products\/process-aids\/\">Adjuvants de fabrication<\/a><\/li>\n<li><a href=\"http:\/\/www.duboischemicals.com\/\/food-beverage\/products\/organic-non-gmo\/\">Aliments biologiques et sans OGM<\/a><\/li>\n<li><a href=\"http:\/\/www.duboischemicals.com\/\/food-beverage\/products\/track-conveyor-lubrication\/\">Lubrification des voies et des convoyeurs<\/a><\/li>\n<li><a href=\"http:\/\/www.duboischemicals.com\/\/manufacturing\/products\/facility-maintenance-cleaners\/\">Nettoyage de planchers et g\u00e9n\u00e9ral<\/a><\/li>\n<li><a href=\"http:\/\/www.duboischemicals.com\/\/manufacturing\/products\/lubricants\/\">Lubrification g\u00e9n\u00e9rale des installations<\/a><\/li>\n<li><a href=\"http:\/\/www.duboischemicals.com\/\/water-treatment\/products\/\">Traitement des eaux<\/a><\/li>\n<\/ul>\n","protected":false},"excerpt":{"rendered":"<p>L&rsquo;industrie de la brasserie est ax\u00e9e sur le go\u00fbt unique, la qualit\u00e9 et l&rsquo;exp\u00e9rience. Les brasseurs doivent relever les d\u00e9fis de produire une saveur uniforme, d&rsquo;am\u00e9liorer la dur\u00e9e de conservation et d&rsquo;augmenter les rendements. Les&#8230;<\/p>\n","protected":false},"author":220,"featured_media":0,"parent":10275,"menu_order":2,"comment_status":"closed","ping_status":"closed","template":"","meta":{"_acf_changed":false,"footnotes":""},"class_list":["post-10297","page","type-page","status-publish","hentry"],"acf":[],"yoast_head":"<!-- This site is optimized with the Yoast SEO plugin v26.8 - https:\/\/yoast.com\/product\/yoast-seo-wordpress\/ -->\n<title>octobre 1, 2018 - Aliments et boissons<\/title>\n<meta name=\"robots\" content=\"index, follow, max-snippet:-1, max-image-preview:large, max-video-preview:-1\" \/>\n<link rel=\"canonical\" href=\"https:\/\/www.duboischemicals.com\/food-beverage\/fr\/industries\/brewery\/\" \/>\n<meta property=\"og:locale\" content=\"fr_FR\" \/>\n<meta property=\"og:type\" content=\"article\" \/>\n<meta property=\"og:title\" content=\"octobre 1, 2018 - Aliments et boissons\" \/>\n<meta property=\"og:description\" content=\"L&rsquo;industrie de la brasserie est ax\u00e9e sur le go\u00fbt unique, la qualit\u00e9 et l&rsquo;exp\u00e9rience. Les brasseurs doivent relever les d\u00e9fis de produire une saveur uniforme, d&rsquo;am\u00e9liorer la dur\u00e9e de conservation et d&rsquo;augmenter les rendements. Les...\" \/>\n<meta property=\"og:url\" content=\"https:\/\/www.duboischemicals.com\/food-beverage\/fr\/industries\/brewery\/\" \/>\n<meta property=\"og:site_name\" content=\"Aliments et boissons\" \/>\n<meta property=\"article:modified_time\" content=\"2021-02-16T17:42:36+00:00\" \/>\n<meta name=\"twitter:card\" content=\"summary_large_image\" \/>\n<meta name=\"twitter:label1\" content=\"Dur\u00e9e de lecture estim\u00e9e\" \/>\n\t<meta name=\"twitter:data1\" content=\"1 minute\" \/>\n<script type=\"application\/ld+json\" class=\"yoast-schema-graph\">{\"@context\":\"https:\/\/schema.org\",\"@graph\":[{\"@type\":\"WebPage\",\"@id\":\"https:\/\/www.duboischemicals.com\/food-beverage\/fr\/industries\/brewery\/\",\"url\":\"https:\/\/www.duboischemicals.com\/food-beverage\/fr\/industries\/brewery\/\",\"name\":\"octobre 1, 2018 - Aliments et boissons\",\"isPartOf\":{\"@id\":\"https:\/\/www.duboischemicals.com\/food-beverage\/fr\/#website\"},\"datePublished\":\"2018-10-01T21:38:25+00:00\",\"dateModified\":\"2021-02-16T17:42:36+00:00\",\"breadcrumb\":{\"@id\":\"https:\/\/www.duboischemicals.com\/food-beverage\/fr\/industries\/brewery\/#breadcrumb\"},\"inLanguage\":\"fr-FR\",\"potentialAction\":[{\"@type\":\"ReadAction\",\"target\":[\"https:\/\/www.duboischemicals.com\/food-beverage\/fr\/industries\/brewery\/\"]}]},{\"@type\":\"BreadcrumbList\",\"@id\":\"https:\/\/www.duboischemicals.com\/food-beverage\/fr\/industries\/brewery\/#breadcrumb\",\"itemListElement\":[{\"@type\":\"ListItem\",\"position\":1,\"name\":\"Accueil\",\"item\":\"https:\/\/www.duboischemicals.com\/food-beverage\/fr\/\"},{\"@type\":\"ListItem\",\"position\":2,\"name\":\"Industries\",\"item\":\"https:\/\/www.duboischemicals.com\/food-beverage\/fr\/industries\/\"},{\"@type\":\"ListItem\",\"position\":3,\"name\":\"Brasserie\"}]},{\"@type\":\"WebSite\",\"@id\":\"https:\/\/www.duboischemicals.com\/food-beverage\/fr\/#website\",\"url\":\"https:\/\/www.duboischemicals.com\/food-beverage\/fr\/\",\"name\":\"Aliments et boissons\",\"description\":\"\",\"potentialAction\":[{\"@type\":\"SearchAction\",\"target\":{\"@type\":\"EntryPoint\",\"urlTemplate\":\"https:\/\/www.duboischemicals.com\/food-beverage\/fr\/?s={search_term_string}\"},\"query-input\":{\"@type\":\"PropertyValueSpecification\",\"valueRequired\":true,\"valueName\":\"search_term_string\"}}],\"inLanguage\":\"fr-FR\"}]}<\/script>\n<!-- \/ Yoast SEO plugin. -->","yoast_head_json":{"title":"octobre 1, 2018 - Aliments et boissons","robots":{"index":"index","follow":"follow","max-snippet":"max-snippet:-1","max-image-preview":"max-image-preview:large","max-video-preview":"max-video-preview:-1"},"canonical":"https:\/\/www.duboischemicals.com\/food-beverage\/fr\/industries\/brewery\/","og_locale":"fr_FR","og_type":"article","og_title":"octobre 1, 2018 - Aliments et boissons","og_description":"L&rsquo;industrie de la brasserie est ax\u00e9e sur le go\u00fbt unique, la qualit\u00e9 et l&rsquo;exp\u00e9rience. Les brasseurs doivent relever les d\u00e9fis de produire une saveur uniforme, d&rsquo;am\u00e9liorer la dur\u00e9e de conservation et d&rsquo;augmenter les rendements. Les...","og_url":"https:\/\/www.duboischemicals.com\/food-beverage\/fr\/industries\/brewery\/","og_site_name":"Aliments et boissons","article_modified_time":"2021-02-16T17:42:36+00:00","twitter_card":"summary_large_image","twitter_misc":{"Dur\u00e9e de lecture estim\u00e9e":"1 minute"},"schema":{"@context":"https:\/\/schema.org","@graph":[{"@type":"WebPage","@id":"https:\/\/www.duboischemicals.com\/food-beverage\/fr\/industries\/brewery\/","url":"https:\/\/www.duboischemicals.com\/food-beverage\/fr\/industries\/brewery\/","name":"octobre 1, 2018 - Aliments et boissons","isPartOf":{"@id":"https:\/\/www.duboischemicals.com\/food-beverage\/fr\/#website"},"datePublished":"2018-10-01T21:38:25+00:00","dateModified":"2021-02-16T17:42:36+00:00","breadcrumb":{"@id":"https:\/\/www.duboischemicals.com\/food-beverage\/fr\/industries\/brewery\/#breadcrumb"},"inLanguage":"fr-FR","potentialAction":[{"@type":"ReadAction","target":["https:\/\/www.duboischemicals.com\/food-beverage\/fr\/industries\/brewery\/"]}]},{"@type":"BreadcrumbList","@id":"https:\/\/www.duboischemicals.com\/food-beverage\/fr\/industries\/brewery\/#breadcrumb","itemListElement":[{"@type":"ListItem","position":1,"name":"Accueil","item":"https:\/\/www.duboischemicals.com\/food-beverage\/fr\/"},{"@type":"ListItem","position":2,"name":"Industries","item":"https:\/\/www.duboischemicals.com\/food-beverage\/fr\/industries\/"},{"@type":"ListItem","position":3,"name":"Brasserie"}]},{"@type":"WebSite","@id":"https:\/\/www.duboischemicals.com\/food-beverage\/fr\/#website","url":"https:\/\/www.duboischemicals.com\/food-beverage\/fr\/","name":"Aliments et boissons","description":"","potentialAction":[{"@type":"SearchAction","target":{"@type":"EntryPoint","urlTemplate":"https:\/\/www.duboischemicals.com\/food-beverage\/fr\/?s={search_term_string}"},"query-input":{"@type":"PropertyValueSpecification","valueRequired":true,"valueName":"search_term_string"}}],"inLanguage":"fr-FR"}]}},"_links":{"self":[{"href":"https:\/\/www.duboischemicals.com\/food-beverage\/fr\/wp-json\/wp\/v2\/pages\/10297","targetHints":{"allow":["GET"]}}],"collection":[{"href":"https:\/\/www.duboischemicals.com\/food-beverage\/fr\/wp-json\/wp\/v2\/pages"}],"about":[{"href":"https:\/\/www.duboischemicals.com\/food-beverage\/fr\/wp-json\/wp\/v2\/types\/page"}],"author":[{"embeddable":true,"href":"https:\/\/www.duboischemicals.com\/food-beverage\/fr\/wp-json\/wp\/v2\/users\/220"}],"replies":[{"embeddable":true,"href":"https:\/\/www.duboischemicals.com\/food-beverage\/fr\/wp-json\/wp\/v2\/comments?post=10297"}],"version-history":[{"count":3,"href":"https:\/\/www.duboischemicals.com\/food-beverage\/fr\/wp-json\/wp\/v2\/pages\/10297\/revisions"}],"predecessor-version":[{"id":10665,"href":"https:\/\/www.duboischemicals.com\/food-beverage\/fr\/wp-json\/wp\/v2\/pages\/10297\/revisions\/10665"}],"up":[{"embeddable":true,"href":"https:\/\/www.duboischemicals.com\/food-beverage\/fr\/wp-json\/wp\/v2\/pages\/10275"}],"wp:attachment":[{"href":"https:\/\/www.duboischemicals.com\/food-beverage\/fr\/wp-json\/wp\/v2\/media?parent=10297"}],"curies":[{"name":"wp","href":"https:\/\/api.w.org\/{rel}","templated":true}]}}