{"id":15761,"date":"2018-10-01T17:38:37","date_gmt":"2018-10-01T21:38:37","guid":{"rendered":"https:\/\/www.duboischemicals.com\/\/automotive\/"},"modified":"2021-03-11T15:06:09","modified_gmt":"2021-03-11T20:06:09","slug":"automotive","status":"publish","type":"page","link":"https:\/\/www.duboischemicals.com\/fr\/industries\/automotive\/","title":{"rendered":"Automobile"},"content":{"rendered":"<h2>R\u00e9pondre aux normes \u00e9lev\u00e9es des constructeurs automobiles d\u2019aujourd\u2019hui<\/h2>\n<p>Le march\u00e9 automobile comprend de nombreux constructeurs de v\u00e9hicules ainsi qu\u2019un vaste r\u00e9seau de fournisseurs de composantes et de sous-ensembles. Chacun de ces intervenants doit \u00eatre en mesure de fabriquer ses pi\u00e8ces et ses produits selon des normes \u00e9lev\u00e9es et des tol\u00e9rances serr\u00e9es \u00e0 travers l\u2019ensemble de ses op\u00e9rations.\u00a0DuBois est bien \u00e9quip\u00e9 pour donner un avantage concurrentiel aux usines automobiles \u00e0 capacit\u00e9 et \u00e0 volume de production \u00e9lev\u00e9s. Gr\u00e2ce \u00e0 son savoir-faire en mati\u00e8re d\u2019applications ainsi qu\u2019\u00e0 un \u00e9ventail de liquides m\u00e9tallurgiques novateurs et de lubrifiants de haute performance, DuBois cr\u00e9e des solutions con\u00e7ues pour augmenter la productivit\u00e9, r\u00e9duire les co\u00fbts globaux et am\u00e9liorer les performances en mati\u00e8re de sant\u00e9, de s\u00e9curit\u00e9 et d\u2019environnement.\u00a0<span data-ccp-props=\"{&quot;134233118&quot;:true,&quot;201341983&quot;:0,&quot;335559739&quot;:200,&quot;335559740&quot;:240}\">\u00a0<\/span><\/p>\n<p>Afin de respecter les normes \u00e9lev\u00e9es qui pr\u00e9valent de nos jours dans l\u2019industrie automobile, DuBois a mis au point une gamme compl\u00e8te de produits. Voici quelques-unes de leurs utilisations\u00a0:<span data-ccp-props=\"{&quot;134233118&quot;:true,&quot;201341983&quot;:0,&quot;335559739&quot;:200,&quot;335559740&quot;:240}\">\u00a0<\/p>\n<p><\/span><strong>\u00c9limination des m\u00e9taux<\/strong><span data-ccp-props=\"{&quot;134233279&quot;:true,&quot;201341983&quot;:0,&quot;335559739&quot;:200,&quot;335559740&quot;:240}\">\u00a0<\/span><\/p>\n<p>La gamme de liquides de refroidissement de pointe DuBois est un assortiment polyvalent de fluides solubles, semi-synth\u00e9tiques, synth\u00e9tiques et de fluides de coupe. Nos experts techniques \u00e9valueront vos activit\u00e9s et recommanderont les produits chimiques permettant le bon \u00e9quilibre entre les propri\u00e9t\u00e9s de lubrification et de refroidissement.<span data-ccp-props=\"{&quot;134233279&quot;:true,&quot;201341983&quot;:0,&quot;335559685&quot;:720,&quot;335559739&quot;:200,&quot;335559740&quot;:240}\">\u00a0<\/span><strong><\/p>\n<p>Formage des m\u00e9taux<\/strong><span data-ccp-props=\"{&quot;134233279&quot;:true,&quot;201341983&quot;:0,&quot;335559739&quot;:200,&quot;335559740&quot;:240}\">\u00a0<\/span><\/p>\n<p>La s\u00e9rie de fluides de formage des m\u00e9taux DuBois comprend de nombreux produits destin\u00e9s aux applications automobiles. Nos produits permettent une excellente lubrification et une excellente protection contre la corrosion, am\u00e9liorant ainsi la finition de votre surface et prolongeant la vie utile des \u00e9quipements dispendieux utilis\u00e9s dans les op\u00e9rations de formage des m\u00e9taux.<span data-ccp-props=\"{&quot;134233279&quot;:true,&quot;201341983&quot;:0,&quot;335559685&quot;:720,&quot;335559739&quot;:200,&quot;335559740&quot;:240}\">\u00a0<\/span><strong><\/p>\n<p>Protection des m\u00e9taux\u00a0<\/strong><\/p>\n<p>La corrosion est une pr\u00e9occupation pour tout processus de travail des m\u00e9taux.\u00a0La gamme d\u2019antirouilles DuBois comprend un assortiment complet de produits con\u00e7us pour inhiber la corrosion tout au long du processus de fabrication.<\/p>\n<p><strong>Nettoyage des m\u00e9taux<\/strong><span data-ccp-props=\"{&quot;134233279&quot;:true,&quot;201341983&quot;:0,&quot;335559739&quot;:200,&quot;335559740&quot;:240}\">\u00a0<\/span><\/p>\n<p>DuBois aborde le probl\u00e8me du nettoyage des m\u00e9taux gr\u00e2ce \u00e0 sa compr\u00e9hension de la chimie des fluides et du processus de fabrication automobile. Le respect constant des exigences de propret\u00e9 a un impact direct sur la qualit\u00e9 des produits finis.En mettant \u00e0 profit l\u2019expertise en proc\u00e9d\u00e9s et en applications de notre personnel sur le terrain et de nos sp\u00e9cialistes du soutien, nous mettons l\u2019accent sur la compatibilit\u00e9 et la propret\u00e9 des produits tout au long des proc\u00e9d\u00e9s m\u00e9tallurgiques.\u00a0<span data-ccp-props=\"{&quot;134233279&quot;:true,&quot;201341983&quot;:0,&quot;335559685&quot;:720,&quot;335559739&quot;:200,&quot;335559740&quot;:240}\">\u00a0<\/p>\n<p><\/span><strong>Lubrifiants de haute performance\u00a0<\/strong><\/p>\n<p>La gamme d\u2019huiles et de graisse de haute performance DuBois \u00e9tablit de nouvelles normes de performance dans de nombreuses industries. Bien que notre technologie des produits soit exceptionnelle, nous savons que la r\u00e9ussite de tout programme de lubrification d\u00e9pend de bien plus que de la technologie int\u00e9gr\u00e9e \u00e0 un produit.La dimension la plus importante de tout programme est le personnel; celui-ci doit \u00eatre muni de solutions efficaces qui donnent des r\u00e9sultats. Voil\u00e0 o\u00f9 DuBois se d\u00e9marque de la concurrence.<span data-ccp-props=\"{&quot;134233279&quot;:true,&quot;201341983&quot;:0,&quot;335559685&quot;:720,&quot;335559739&quot;:200,&quot;335559740&quot;:240}\">\u00a0<\/span><\/p>\n<p><b><br \/>\nProduits\u00a0<\/b><b>et technologies<\/b><span data-ccp-props=\"{&quot;201341983&quot;:0,&quot;335559739&quot;:150,&quot;335559740&quot;:240}\">\u00a0<\/span><\/p>\n<ul>\n<li data-leveltext=\"\uf0b7\" data-font=\"Symbol\" data-listid=\"4\" aria-setsize=\"-1\" data-aria-posinset=\"1\" data-aria-level=\"1\"><a href=\"http:\/\/www.duboischemicals.com\/\/manufacturing\/products\/metalworking-fluids\/\">Liquides m\u00e9tallurgiques<\/a>\u00a0<span data-ccp-props=\"{&quot;201341983&quot;:0,&quot;335559685&quot;:450,&quot;335559739&quot;:200,&quot;335559740&quot;:240}\">\u00a0<\/span><\/li>\n<li data-leveltext=\"\uf0b7\" data-font=\"Symbol\" data-listid=\"4\" aria-setsize=\"-1\" data-aria-posinset=\"2\" data-aria-level=\"1\"><a href=\"http:\/\/www.duboischemicals.com\/\/manufacturing\/products\/lubricants\/\">Lubrifiants<\/a>\u00a0<span data-ccp-props=\"{&quot;201341983&quot;:0,&quot;335559685&quot;:450,&quot;335559739&quot;:200,&quot;335559740&quot;:240}\">\u00a0<\/span><\/li>\n<li data-leveltext=\"\uf0b7\" data-font=\"Symbol\" data-listid=\"4\" aria-setsize=\"-1\" data-aria-posinset=\"3\" data-aria-level=\"1\"><a href=\"http:\/\/www.duboischemicals.com\/\/manufacturing\/products\/rust-preventives\/\">Antirouilles<\/a><\/li>\n<li data-leveltext=\"\uf0b7\" data-font=\"Symbol\" data-listid=\"4\" aria-setsize=\"-1\" data-aria-posinset=\"3\" data-aria-level=\"1\"><a href=\"http:\/\/www.duboischemicals.com\/\/manufacturing\/products\/industrial-cleaners\/\">Nettoyants industriels<\/a><\/li>\n<li data-leveltext=\"\uf0b7\" data-font=\"Symbol\" data-listid=\"4\" aria-setsize=\"-1\" data-aria-posinset=\"3\" data-aria-level=\"1\"><a href=\"http:\/\/www.duboischemicals.com\/\/manufacturing\/products\/pretreatment-paint-line-solutions\/\">Solutions pour le pr\u00e9traitement des m\u00e9taux et pour les cha\u00eenes de peinture<\/a><\/li>\n<li data-leveltext=\"\uf0b7\" data-font=\"Symbol\" data-listid=\"4\" aria-setsize=\"-1\" data-aria-posinset=\"3\" data-aria-level=\"1\"><a href=\"http:\/\/www.duboischemicals.com\/\/manufacturing\/products\/metal-finishing\/\">Finition des m\u00e9taux<\/a>\u00a0<span data-ccp-props=\"{&quot;201341983&quot;:0,&quot;335559685&quot;:450,&quot;335559739&quot;:200,&quot;335559740&quot;:240}\">\u00a0<\/span><\/li>\n<li data-leveltext=\"\uf0b7\" data-font=\"Symbol\" data-listid=\"4\" aria-setsize=\"-1\" data-aria-posinset=\"3\" data-aria-level=\"1\"><a href=\"http:\/\/www.duboischemicals.com\/\/manufacturing\/products\/heat-treatment\/\">Sels et liquides de trempe pour le traitement thermique<\/a>\u00a0<span data-ccp-props=\"{&quot;201341983&quot;:0,&quot;335559685&quot;:450,&quot;335559739&quot;:200,&quot;335559740&quot;:240}\">\u00a0<\/span><\/li>\n<li data-leveltext=\"\uf0b7\" data-font=\"Symbol\" data-listid=\"4\" aria-setsize=\"-1\" data-aria-posinset=\"3\" data-aria-level=\"1\"><a href=\"http:\/\/www.duboischemicals.com\/\/manufacturing\/products\/facility-maintenance-cleaners\/\">Nettoyants pour l\u2019entretien des installations<\/a>\u00a0<span data-ccp-props=\"{&quot;201341983&quot;:0,&quot;335559685&quot;:450,&quot;335559739&quot;:200,&quot;335559740&quot;:240}\">\u00a0<\/span><\/li>\n<li data-leveltext=\"\uf0b7\" data-font=\"Symbol\" data-listid=\"4\" aria-setsize=\"-1\" data-aria-posinset=\"3\" data-aria-level=\"1\"><a href=\"http:\/\/www.duboischemicals.com\/\/manufacturing\/products\/material-handling-carts\/\">Chariots de manutention des mat\u00e9riaux<\/a>\u00a0<span data-ccp-props=\"{&quot;201341983&quot;:0,&quot;335559685&quot;:450,&quot;335559739&quot;:200,&quot;335559740&quot;:240}\">\u00a0<\/span><\/li>\n<li data-leveltext=\"\uf0b7\" data-font=\"Symbol\" data-listid=\"4\" aria-setsize=\"-1\" data-aria-posinset=\"3\" data-aria-level=\"1\"><a href=\"http:\/\/www.duboischemicals.com\/\/water-treatment\/\">Traitement de l\u2019eau et des d\u00e9chets<\/a>\u00a0<span data-ccp-props=\"{&quot;201341983&quot;:0,&quot;335559685&quot;:450,&quot;335559739&quot;:200,&quot;335559740&quot;:240}\">\u00a0<\/span><\/li>\n<\/ul>\n<p><b>Ressources suppl\u00e9mentaires<\/b><span data-ccp-props=\"{&quot;201341983&quot;:0,&quot;335559739&quot;:150,&quot;335559740&quot;:240}\">\u00a0<\/span><\/p>\n<ul>\n<li data-leveltext=\"\uf0b7\" data-font=\"Symbol\" data-listid=\"7\" aria-setsize=\"-1\" data-aria-posinset=\"3\" data-aria-level=\"1\"><a href=\"http:\/\/www.duboischemicals.com\/\/resources\/case-studies\/installation-of-monitrol-water-management-program-at-midwest-automotive-customer-results-in-80-water-and-15-chemical-usage-reductions\/\" target=\"_blank\" rel=\"noopener noreferrer\">\u00c9tude de cas<\/a><span data-ccp-props=\"{&quot;134233279&quot;:true,&quot;201341983&quot;:0,&quot;335559739&quot;:150,&quot;335559740&quot;:240}\">\u00a0<\/span><\/li>\n<li data-leveltext=\"\uf0b7\" data-font=\"Symbol\" data-listid=\"7\" aria-setsize=\"-1\" data-aria-posinset=\"3\" data-aria-level=\"1\"><a href=\"http:\/\/www.duboischemicals.com\/\/contact-us\/\">Demande de produits approuv\u00e9s pour les utilisateurs militaires et les fabricants d\u2019\u00e9quipement d\u2019origine<\/a><\/li>\n<\/ul>\n","protected":false},"excerpt":{"rendered":"<p>R\u00e9pondre aux normes \u00e9lev\u00e9es des constructeurs automobiles d\u2019aujourd\u2019hui Le march\u00e9 automobile comprend de nombreux constructeurs de v\u00e9hicules ainsi qu\u2019un vaste r\u00e9seau de fournisseurs de composantes et de sous-ensembles. Chacun de ces intervenants doit \u00eatre en&#8230;<\/p>\n","protected":false},"author":220,"featured_media":0,"parent":15833,"menu_order":3,"comment_status":"closed","ping_status":"closed","template":"","meta":{"_acf_changed":false,"footnotes":""},"class_list":["post-15761","page","type-page","status-publish","hentry"],"acf":[],"yoast_head":"<!-- This site is optimized with the Yoast SEO plugin v26.8 - https:\/\/yoast.com\/product\/yoast-seo-wordpress\/ -->\n<title>Automobile - DuBois Chemicals<\/title>\n<meta name=\"robots\" content=\"index, follow, max-snippet:-1, max-image-preview:large, max-video-preview:-1\" \/>\n<link rel=\"canonical\" href=\"https:\/\/www.duboischemicals.com\/fr\/industries\/automotive\/\" \/>\n<meta property=\"og:locale\" content=\"fr_FR\" \/>\n<meta property=\"og:type\" content=\"article\" \/>\n<meta property=\"og:title\" content=\"Automobile - DuBois Chemicals\" \/>\n<meta property=\"og:description\" content=\"R\u00e9pondre aux normes \u00e9lev\u00e9es des constructeurs automobiles d\u2019aujourd\u2019hui Le march\u00e9 automobile comprend de nombreux constructeurs de v\u00e9hicules ainsi qu\u2019un vaste r\u00e9seau de fournisseurs de composantes et de sous-ensembles. Chacun de ces intervenants doit \u00eatre en...\" \/>\n<meta property=\"og:url\" content=\"https:\/\/www.duboischemicals.com\/fr\/industries\/automotive\/\" \/>\n<meta property=\"og:site_name\" content=\"DuBois Chemicals\" \/>\n<meta property=\"article:modified_time\" content=\"2021-03-11T20:06:09+00:00\" \/>\n<meta name=\"twitter:card\" content=\"summary_large_image\" \/>\n<meta name=\"twitter:label1\" content=\"Dur\u00e9e de lecture estim\u00e9e\" \/>\n\t<meta name=\"twitter:data1\" content=\"3 minutes\" \/>\n<script type=\"application\/ld+json\" class=\"yoast-schema-graph\">{\"@context\":\"https:\/\/schema.org\",\"@graph\":[{\"@type\":\"WebPage\",\"@id\":\"https:\/\/www.duboischemicals.com\/fr\/industries\/automotive\/\",\"url\":\"https:\/\/www.duboischemicals.com\/fr\/industries\/automotive\/\",\"name\":\"Automobile - DuBois Chemicals\",\"isPartOf\":{\"@id\":\"https:\/\/www.duboischemicals.com\/fr\/#website\"},\"datePublished\":\"2018-10-01T21:38:37+00:00\",\"dateModified\":\"2021-03-11T20:06:09+00:00\",\"breadcrumb\":{\"@id\":\"https:\/\/www.duboischemicals.com\/fr\/industries\/automotive\/#breadcrumb\"},\"inLanguage\":\"fr-FR\",\"potentialAction\":[{\"@type\":\"ReadAction\",\"target\":[\"https:\/\/www.duboischemicals.com\/fr\/industries\/automotive\/\"]}]},{\"@type\":\"BreadcrumbList\",\"@id\":\"https:\/\/www.duboischemicals.com\/fr\/industries\/automotive\/#breadcrumb\",\"itemListElement\":[{\"@type\":\"ListItem\",\"position\":1,\"name\":\"Accueil\",\"item\":\"https:\/\/www.duboischemicals.com\/fr\/\"},{\"@type\":\"ListItem\",\"position\":2,\"name\":\"Industries\",\"item\":\"https:\/\/www.duboischemicals.com\/fr\/industries\/\"},{\"@type\":\"ListItem\",\"position\":3,\"name\":\"Automobile\"}]},{\"@type\":\"WebSite\",\"@id\":\"https:\/\/www.duboischemicals.com\/fr\/#website\",\"url\":\"https:\/\/www.duboischemicals.com\/fr\/\",\"name\":\"DuBois Chemicals\",\"description\":\"\",\"potentialAction\":[{\"@type\":\"SearchAction\",\"target\":{\"@type\":\"EntryPoint\",\"urlTemplate\":\"https:\/\/www.duboischemicals.com\/fr\/?s={search_term_string}\"},\"query-input\":{\"@type\":\"PropertyValueSpecification\",\"valueRequired\":true,\"valueName\":\"search_term_string\"}}],\"inLanguage\":\"fr-FR\"}]}<\/script>\n<!-- \/ Yoast SEO plugin. -->","yoast_head_json":{"title":"Automobile - DuBois Chemicals","robots":{"index":"index","follow":"follow","max-snippet":"max-snippet:-1","max-image-preview":"max-image-preview:large","max-video-preview":"max-video-preview:-1"},"canonical":"https:\/\/www.duboischemicals.com\/fr\/industries\/automotive\/","og_locale":"fr_FR","og_type":"article","og_title":"Automobile - DuBois Chemicals","og_description":"R\u00e9pondre aux normes \u00e9lev\u00e9es des constructeurs automobiles d\u2019aujourd\u2019hui Le march\u00e9 automobile comprend de nombreux constructeurs de v\u00e9hicules ainsi qu\u2019un vaste r\u00e9seau de fournisseurs de composantes et de sous-ensembles. Chacun de ces intervenants doit \u00eatre en...","og_url":"https:\/\/www.duboischemicals.com\/fr\/industries\/automotive\/","og_site_name":"DuBois Chemicals","article_modified_time":"2021-03-11T20:06:09+00:00","twitter_card":"summary_large_image","twitter_misc":{"Dur\u00e9e de lecture estim\u00e9e":"3 minutes"},"schema":{"@context":"https:\/\/schema.org","@graph":[{"@type":"WebPage","@id":"https:\/\/www.duboischemicals.com\/fr\/industries\/automotive\/","url":"https:\/\/www.duboischemicals.com\/fr\/industries\/automotive\/","name":"Automobile - DuBois Chemicals","isPartOf":{"@id":"https:\/\/www.duboischemicals.com\/fr\/#website"},"datePublished":"2018-10-01T21:38:37+00:00","dateModified":"2021-03-11T20:06:09+00:00","breadcrumb":{"@id":"https:\/\/www.duboischemicals.com\/fr\/industries\/automotive\/#breadcrumb"},"inLanguage":"fr-FR","potentialAction":[{"@type":"ReadAction","target":["https:\/\/www.duboischemicals.com\/fr\/industries\/automotive\/"]}]},{"@type":"BreadcrumbList","@id":"https:\/\/www.duboischemicals.com\/fr\/industries\/automotive\/#breadcrumb","itemListElement":[{"@type":"ListItem","position":1,"name":"Accueil","item":"https:\/\/www.duboischemicals.com\/fr\/"},{"@type":"ListItem","position":2,"name":"Industries","item":"https:\/\/www.duboischemicals.com\/fr\/industries\/"},{"@type":"ListItem","position":3,"name":"Automobile"}]},{"@type":"WebSite","@id":"https:\/\/www.duboischemicals.com\/fr\/#website","url":"https:\/\/www.duboischemicals.com\/fr\/","name":"DuBois Chemicals","description":"","potentialAction":[{"@type":"SearchAction","target":{"@type":"EntryPoint","urlTemplate":"https:\/\/www.duboischemicals.com\/fr\/?s={search_term_string}"},"query-input":{"@type":"PropertyValueSpecification","valueRequired":true,"valueName":"search_term_string"}}],"inLanguage":"fr-FR"}]}},"_links":{"self":[{"href":"https:\/\/www.duboischemicals.com\/fr\/wp-json\/wp\/v2\/pages\/15761","targetHints":{"allow":["GET"]}}],"collection":[{"href":"https:\/\/www.duboischemicals.com\/fr\/wp-json\/wp\/v2\/pages"}],"about":[{"href":"https:\/\/www.duboischemicals.com\/fr\/wp-json\/wp\/v2\/types\/page"}],"author":[{"embeddable":true,"href":"https:\/\/www.duboischemicals.com\/fr\/wp-json\/wp\/v2\/users\/220"}],"replies":[{"embeddable":true,"href":"https:\/\/www.duboischemicals.com\/fr\/wp-json\/wp\/v2\/comments?post=15761"}],"version-history":[{"count":22,"href":"https:\/\/www.duboischemicals.com\/fr\/wp-json\/wp\/v2\/pages\/15761\/revisions"}],"predecessor-version":[{"id":19489,"href":"https:\/\/www.duboischemicals.com\/fr\/wp-json\/wp\/v2\/pages\/15761\/revisions\/19489"}],"up":[{"embeddable":true,"href":"https:\/\/www.duboischemicals.com\/fr\/wp-json\/wp\/v2\/pages\/15833"}],"wp:attachment":[{"href":"https:\/\/www.duboischemicals.com\/fr\/wp-json\/wp\/v2\/media?parent=15761"}],"curies":[{"name":"wp","href":"https:\/\/api.w.org\/{rel}","templated":true}]}}