{"id":15769,"date":"2018-10-01T17:38:59","date_gmt":"2018-10-01T21:38:59","guid":{"rendered":"https:\/\/www.duboischemicals.com\/\/commercial-heat-treatment\/"},"modified":"2021-02-26T10:15:01","modified_gmt":"2021-02-26T15:15:01","slug":"commercial-heat-treatment","status":"publish","type":"page","link":"https:\/\/www.duboischemicals.com\/fr\/industries\/commercial-heat-treatment\/","title":{"rendered":"Traitement thermique commercial"},"content":{"rendered":"<h2>Une gamme compl\u00e8te de solutions de traitement thermique commercial<\/h2>\n<p>Les traitements thermiques commerciaux permettent de donner aux produits les propri\u00e9t\u00e9s n\u00e9cessaires pour durer; qu&rsquo;il s&rsquo;agisse de rendre une fixation r\u00e9sistante ou un engrenage dur, le traitement thermique est important.<span data-ccp-props=\"{&quot;134233118&quot;:true,&quot;201341983&quot;:0,&quot;335559739&quot;:200,&quot;335559740&quot;:240}\">\u00a0<\/span><\/p>\n<p>Quelle que soit votre sp\u00e9cialit\u00e9, DuBois propose une gamme compl\u00e8te de sels fondus, de liquides de refroidissement, de rev\u00eatements de protection et d&rsquo;autres solutions innovantes pour\u00a0:<span data-ccp-props=\"{&quot;134233118&quot;:true,&quot;201341983&quot;:0,&quot;335559739&quot;:200,&quot;335559740&quot;:240}\">\u00a0<\/span><\/p>\n<ul>\n<li data-leveltext=\"\uf0b7\" data-font=\"Symbol\" data-listid=\"12\" aria-setsize=\"-1\" data-aria-posinset=\"1\" data-aria-level=\"1\">Le pr\u00e9chauffage et le durcissement<span data-ccp-props=\"{&quot;134233118&quot;:true,&quot;134233279&quot;:true,&quot;201341983&quot;:0,&quot;335559739&quot;:200,&quot;335559740&quot;:240}\">\u00a0<\/span><\/li>\n<li data-leveltext=\"\uf0b7\" data-font=\"Symbol\" data-listid=\"12\" aria-setsize=\"-1\" data-aria-posinset=\"2\" data-aria-level=\"1\">Le durcissement \u00e0 grande vitesse<span data-ccp-props=\"{&quot;134233118&quot;:true,&quot;134233279&quot;:true,&quot;201341983&quot;:0,&quot;335559739&quot;:200,&quot;335559740&quot;:240}\">\u00a0<\/span><\/li>\n<li data-leveltext=\"\uf0b7\" data-font=\"Symbol\" data-listid=\"12\" aria-setsize=\"-1\" data-aria-posinset=\"3\" data-aria-level=\"1\">Trempe et trempage<span data-ccp-props=\"{&quot;134233118&quot;:true,&quot;134233279&quot;:true,&quot;201341983&quot;:0,&quot;335559739&quot;:200,&quot;335559740&quot;:240}\">\u00a0<\/span><\/li>\n<li data-leveltext=\"\uf0b7\" data-font=\"Symbol\" data-listid=\"12\" aria-setsize=\"-1\" data-aria-posinset=\"4\" data-aria-level=\"1\">Recuit<span data-ccp-props=\"{&quot;134233118&quot;:true,&quot;134233279&quot;:true,&quot;201341983&quot;:0,&quot;335559739&quot;:200,&quot;335559740&quot;:240}\">\u00a0<\/span><\/li>\n<li data-leveltext=\"\uf0b7\" data-font=\"Symbol\" data-listid=\"12\" aria-setsize=\"-1\" data-aria-posinset=\"4\" data-aria-level=\"1\">Recuit de d\u00e9tente<span data-ccp-props=\"{&quot;134233118&quot;:true,&quot;134233279&quot;:true,&quot;201341983&quot;:0,&quot;335559739&quot;:200,&quot;335559740&quot;:240}\">\u00a0<\/span><\/li>\n<li data-leveltext=\"\uf0b7\" data-font=\"Symbol\" data-listid=\"12\" aria-setsize=\"-1\" data-aria-posinset=\"4\" data-aria-level=\"1\">C\u00e9mentation au carbone<span data-ccp-props=\"{&quot;134233118&quot;:true,&quot;134233279&quot;:true,&quot;201341983&quot;:0,&quot;335559739&quot;:200,&quot;335559740&quot;:240}\">\u00a0<\/span><\/li>\n<li data-leveltext=\"\uf0b7\" data-font=\"Symbol\" data-listid=\"12\" aria-setsize=\"-1\" data-aria-posinset=\"4\" data-aria-level=\"1\">Nitruration\u00a0liquide<span data-ccp-props=\"{&quot;134233118&quot;:true,&quot;134233279&quot;:true,&quot;201341983&quot;:0,&quot;335559739&quot;:200,&quot;335559740&quot;:240}\">\u00a0<\/span><\/li>\n<li data-leveltext=\"\uf0b7\" data-font=\"Symbol\" data-listid=\"12\" aria-setsize=\"-1\" data-aria-posinset=\"4\" data-aria-level=\"1\">Traitement des solutions d\u2019aluminium<span data-ccp-props=\"{&quot;134233118&quot;:true,&quot;134233279&quot;:true,&quot;201341983&quot;:0,&quot;335559739&quot;:200,&quot;335559740&quot;:240}\">\u00a0<\/span><\/li>\n<li data-leveltext=\"\uf0b7\" data-font=\"Symbol\" data-listid=\"12\" aria-setsize=\"-1\" data-aria-posinset=\"4\" data-aria-level=\"1\">Brasage de l\u2019aluminium<span data-ccp-props=\"{&quot;134233118&quot;:true,&quot;134233279&quot;:true,&quot;201341983&quot;:0,&quot;335559739&quot;:200,&quot;335559740&quot;:240}\">\u00a0<\/span><\/li>\n<\/ul>\n<p>Les entreprises commerciales de traitement thermique font confiance \u00e0 notre savoir-faire et \u00e0 notre soutien technique depuis plus de 100\u00a0ans. Les sels fondus de DuBois permettent d&rsquo;obtenir des pi\u00e8ces uniformes et sans distorsion et vous permettent de r\u00e9pondre aux exigences physiques et m\u00e9tallurgiques rigoureuses de vos clients. Nos liquides de refroidissement sont faciles \u00e0 utiliser; ils offrent un contr\u00f4le maximal du refroidissement pour obtenir des performances pr\u00e9visibles, sont faciles \u00e0 nettoyer et donnent les pi\u00e8ces les plus brillantes.\u00a0\u00a0<span data-ccp-props=\"{&quot;134233118&quot;:true,&quot;201341983&quot;:0,&quot;335559739&quot;:200,&quot;335559740&quot;:240}\">\u00a0<\/span><\/p>\n<p>Pour obtenir la meilleure qualit\u00e9 et le meilleur rapport qualit\u00e9-prix, vous pouvez compter sur DuBois pour vous aider \u00e0 am\u00e9liorer vos proc\u00e9d\u00e9s de traitement thermique et \u00e0 accro\u00eetre la rentabilit\u00e9 de votre exploitation.<span data-ccp-props=\"{&quot;134233118&quot;:true,&quot;201341983&quot;:0,&quot;335559739&quot;:200,&quot;335559740&quot;:240}\">\u00a0<\/span><\/p>\n<p><b>Produits\u00a0<\/b><b>et technologies<\/b><span data-ccp-props=\"{&quot;201341983&quot;:0,&quot;335559739&quot;:150,&quot;335559740&quot;:240}\">\u00a0<\/span><\/p>\n<ul>\n<li data-leveltext=\"\uf0b7\" data-font=\"Symbol\" data-listid=\"4\" aria-setsize=\"-1\" data-aria-posinset=\"1\" data-aria-level=\"1\"><a href=\"http:\/\/www.duboischemicals.com\/\/manufacturing\/products\/heat-treatment\/\">Sels fondus de traitement thermique<\/a><\/li>\n<li data-leveltext=\"\uf0b7\" data-font=\"Symbol\" data-listid=\"4\" aria-setsize=\"-1\" data-aria-posinset=\"2\" data-aria-level=\"1\"><a href=\"http:\/\/www.duboischemicals.com\/\/manufacturing\/products\/heat-treatment\/\">Liquides de refroidissement \u00e0 base de p\u00e9trole et d&rsquo;eau<\/a>\u00a0<span data-ccp-props=\"{&quot;201341983&quot;:0,&quot;335559685&quot;:450,&quot;335559739&quot;:200,&quot;335559740&quot;:240}\">\u00a0<\/span><\/li>\n<li data-leveltext=\"\uf0b7\" data-font=\"Symbol\" data-listid=\"4\" aria-setsize=\"-1\" data-aria-posinset=\"2\" data-aria-level=\"1\"><a href=\"http:\/\/www.duboischemicals.com\/\/manufacturing\/products\/heat-treatment\/\">Rev\u00eatements de protection anti\u00e9talement<\/a><\/li>\n<li data-leveltext=\"\uf0b7\" data-font=\"Symbol\" data-listid=\"4\" aria-setsize=\"-1\" data-aria-posinset=\"2\" data-aria-level=\"1\"><a href=\"http:\/\/www.duboischemicals.com\/\/manufacturing\/products\/lubricants\/\">Lubrifiants<\/a>\u00a0<span data-ccp-props=\"{&quot;201341983&quot;:0,&quot;335559685&quot;:450,&quot;335559739&quot;:200,&quot;335559740&quot;:240}\">\u00a0<\/span><\/li>\n<li data-leveltext=\"\uf0b7\" data-font=\"Symbol\" data-listid=\"4\" aria-setsize=\"-1\" data-aria-posinset=\"2\" data-aria-level=\"1\"><a href=\"http:\/\/www.duboischemicals.com\/\/manufacturing\/products\/industrial-cleaners\/\">Nettoyants industriels<\/a>\u00a0<span data-ccp-props=\"{&quot;201341983&quot;:0,&quot;335559685&quot;:450,&quot;335559739&quot;:200,&quot;335559740&quot;:240}\">\u00a0<\/span><\/li>\n<li data-leveltext=\"\uf0b7\" data-font=\"Symbol\" data-listid=\"4\" aria-setsize=\"-1\" data-aria-posinset=\"2\" data-aria-level=\"1\"><a href=\"http:\/\/www.duboischemicals.com\/\/manufacturing\/products\/rust-preventives\/\">Antirouilles<\/a><\/li>\n<li data-leveltext=\"\uf0b7\" data-font=\"Symbol\" data-listid=\"4\" aria-setsize=\"-1\" data-aria-posinset=\"2\" data-aria-level=\"1\"><a href=\"http:\/\/www.duboischemicals.com\/\/manufacturing\/products\/facility-maintenance-cleaners\/\">Nettoyants pour l\u2019entretien des installations<\/a>\u00a0<span data-ccp-props=\"{&quot;201341983&quot;:0,&quot;335559685&quot;:450,&quot;335559739&quot;:200,&quot;335559740&quot;:240}\">\u00a0<\/span><\/li>\n<li data-leveltext=\"\uf0b7\" data-font=\"Symbol\" data-listid=\"4\" aria-setsize=\"-1\" data-aria-posinset=\"2\" data-aria-level=\"1\"><a href=\"http:\/\/www.duboischemicals.com\/\/water-treatment\/\">Traitement de l\u2019eau et des d\u00e9chets<\/a><\/li>\n<\/ul>\n","protected":false},"excerpt":{"rendered":"<p>Une gamme compl\u00e8te de solutions de traitement thermique commercial Les traitements thermiques commerciaux permettent de donner aux produits les propri\u00e9t\u00e9s n\u00e9cessaires pour durer; qu&rsquo;il s&rsquo;agisse de rendre une fixation r\u00e9sistante ou un engrenage dur, le&#8230;<\/p>\n","protected":false},"author":220,"featured_media":0,"parent":15833,"menu_order":5,"comment_status":"closed","ping_status":"closed","template":"","meta":{"_acf_changed":false,"footnotes":""},"class_list":["post-15769","page","type-page","status-publish","hentry"],"acf":[],"yoast_head":"<!-- This site is optimized with the Yoast SEO plugin v26.8 - https:\/\/yoast.com\/product\/yoast-seo-wordpress\/ -->\n<title>Traitement thermique commercial - DuBois Chemicals<\/title>\n<meta name=\"robots\" content=\"index, follow, max-snippet:-1, max-image-preview:large, max-video-preview:-1\" \/>\n<link rel=\"canonical\" href=\"https:\/\/www.duboischemicals.com\/fr\/industries\/commercial-heat-treatment\/\" \/>\n<meta property=\"og:locale\" content=\"fr_FR\" \/>\n<meta property=\"og:type\" content=\"article\" \/>\n<meta property=\"og:title\" content=\"Traitement thermique commercial - DuBois Chemicals\" \/>\n<meta property=\"og:description\" content=\"Une gamme compl\u00e8te de solutions de traitement thermique commercial Les traitements thermiques commerciaux permettent de donner aux produits les propri\u00e9t\u00e9s n\u00e9cessaires pour durer; qu&rsquo;il s&rsquo;agisse de rendre une fixation r\u00e9sistante ou un engrenage dur, le...\" \/>\n<meta property=\"og:url\" content=\"https:\/\/www.duboischemicals.com\/fr\/industries\/commercial-heat-treatment\/\" \/>\n<meta property=\"og:site_name\" content=\"DuBois Chemicals\" \/>\n<meta property=\"article:modified_time\" content=\"2021-02-26T15:15:01+00:00\" \/>\n<meta name=\"twitter:card\" content=\"summary_large_image\" \/>\n<meta name=\"twitter:label1\" content=\"Dur\u00e9e de lecture estim\u00e9e\" \/>\n\t<meta name=\"twitter:data1\" content=\"1 minute\" \/>\n<script type=\"application\/ld+json\" class=\"yoast-schema-graph\">{\"@context\":\"https:\/\/schema.org\",\"@graph\":[{\"@type\":\"WebPage\",\"@id\":\"https:\/\/www.duboischemicals.com\/fr\/industries\/commercial-heat-treatment\/\",\"url\":\"https:\/\/www.duboischemicals.com\/fr\/industries\/commercial-heat-treatment\/\",\"name\":\"Traitement thermique commercial - DuBois Chemicals\",\"isPartOf\":{\"@id\":\"https:\/\/www.duboischemicals.com\/fr\/#website\"},\"datePublished\":\"2018-10-01T21:38:59+00:00\",\"dateModified\":\"2021-02-26T15:15:01+00:00\",\"breadcrumb\":{\"@id\":\"https:\/\/www.duboischemicals.com\/fr\/industries\/commercial-heat-treatment\/#breadcrumb\"},\"inLanguage\":\"fr-FR\",\"potentialAction\":[{\"@type\":\"ReadAction\",\"target\":[\"https:\/\/www.duboischemicals.com\/fr\/industries\/commercial-heat-treatment\/\"]}]},{\"@type\":\"BreadcrumbList\",\"@id\":\"https:\/\/www.duboischemicals.com\/fr\/industries\/commercial-heat-treatment\/#breadcrumb\",\"itemListElement\":[{\"@type\":\"ListItem\",\"position\":1,\"name\":\"Accueil\",\"item\":\"https:\/\/www.duboischemicals.com\/fr\/\"},{\"@type\":\"ListItem\",\"position\":2,\"name\":\"Industries\",\"item\":\"https:\/\/www.duboischemicals.com\/fr\/industries\/\"},{\"@type\":\"ListItem\",\"position\":3,\"name\":\"Traitement thermique commercial\"}]},{\"@type\":\"WebSite\",\"@id\":\"https:\/\/www.duboischemicals.com\/fr\/#website\",\"url\":\"https:\/\/www.duboischemicals.com\/fr\/\",\"name\":\"DuBois Chemicals\",\"description\":\"\",\"potentialAction\":[{\"@type\":\"SearchAction\",\"target\":{\"@type\":\"EntryPoint\",\"urlTemplate\":\"https:\/\/www.duboischemicals.com\/fr\/?s={search_term_string}\"},\"query-input\":{\"@type\":\"PropertyValueSpecification\",\"valueRequired\":true,\"valueName\":\"search_term_string\"}}],\"inLanguage\":\"fr-FR\"}]}<\/script>\n<!-- \/ Yoast SEO plugin. -->","yoast_head_json":{"title":"Traitement thermique commercial - DuBois Chemicals","robots":{"index":"index","follow":"follow","max-snippet":"max-snippet:-1","max-image-preview":"max-image-preview:large","max-video-preview":"max-video-preview:-1"},"canonical":"https:\/\/www.duboischemicals.com\/fr\/industries\/commercial-heat-treatment\/","og_locale":"fr_FR","og_type":"article","og_title":"Traitement thermique commercial - DuBois Chemicals","og_description":"Une gamme compl\u00e8te de solutions de traitement thermique commercial Les traitements thermiques commerciaux permettent de donner aux produits les propri\u00e9t\u00e9s n\u00e9cessaires pour durer; qu&rsquo;il s&rsquo;agisse de rendre une fixation r\u00e9sistante ou un engrenage dur, le...","og_url":"https:\/\/www.duboischemicals.com\/fr\/industries\/commercial-heat-treatment\/","og_site_name":"DuBois Chemicals","article_modified_time":"2021-02-26T15:15:01+00:00","twitter_card":"summary_large_image","twitter_misc":{"Dur\u00e9e de lecture estim\u00e9e":"1 minute"},"schema":{"@context":"https:\/\/schema.org","@graph":[{"@type":"WebPage","@id":"https:\/\/www.duboischemicals.com\/fr\/industries\/commercial-heat-treatment\/","url":"https:\/\/www.duboischemicals.com\/fr\/industries\/commercial-heat-treatment\/","name":"Traitement thermique commercial - DuBois Chemicals","isPartOf":{"@id":"https:\/\/www.duboischemicals.com\/fr\/#website"},"datePublished":"2018-10-01T21:38:59+00:00","dateModified":"2021-02-26T15:15:01+00:00","breadcrumb":{"@id":"https:\/\/www.duboischemicals.com\/fr\/industries\/commercial-heat-treatment\/#breadcrumb"},"inLanguage":"fr-FR","potentialAction":[{"@type":"ReadAction","target":["https:\/\/www.duboischemicals.com\/fr\/industries\/commercial-heat-treatment\/"]}]},{"@type":"BreadcrumbList","@id":"https:\/\/www.duboischemicals.com\/fr\/industries\/commercial-heat-treatment\/#breadcrumb","itemListElement":[{"@type":"ListItem","position":1,"name":"Accueil","item":"https:\/\/www.duboischemicals.com\/fr\/"},{"@type":"ListItem","position":2,"name":"Industries","item":"https:\/\/www.duboischemicals.com\/fr\/industries\/"},{"@type":"ListItem","position":3,"name":"Traitement thermique commercial"}]},{"@type":"WebSite","@id":"https:\/\/www.duboischemicals.com\/fr\/#website","url":"https:\/\/www.duboischemicals.com\/fr\/","name":"DuBois Chemicals","description":"","potentialAction":[{"@type":"SearchAction","target":{"@type":"EntryPoint","urlTemplate":"https:\/\/www.duboischemicals.com\/fr\/?s={search_term_string}"},"query-input":{"@type":"PropertyValueSpecification","valueRequired":true,"valueName":"search_term_string"}}],"inLanguage":"fr-FR"}]}},"_links":{"self":[{"href":"https:\/\/www.duboischemicals.com\/fr\/wp-json\/wp\/v2\/pages\/15769","targetHints":{"allow":["GET"]}}],"collection":[{"href":"https:\/\/www.duboischemicals.com\/fr\/wp-json\/wp\/v2\/pages"}],"about":[{"href":"https:\/\/www.duboischemicals.com\/fr\/wp-json\/wp\/v2\/types\/page"}],"author":[{"embeddable":true,"href":"https:\/\/www.duboischemicals.com\/fr\/wp-json\/wp\/v2\/users\/220"}],"replies":[{"embeddable":true,"href":"https:\/\/www.duboischemicals.com\/fr\/wp-json\/wp\/v2\/comments?post=15769"}],"version-history":[{"count":6,"href":"https:\/\/www.duboischemicals.com\/fr\/wp-json\/wp\/v2\/pages\/15769\/revisions"}],"predecessor-version":[{"id":19287,"href":"https:\/\/www.duboischemicals.com\/fr\/wp-json\/wp\/v2\/pages\/15769\/revisions\/19287"}],"up":[{"embeddable":true,"href":"https:\/\/www.duboischemicals.com\/fr\/wp-json\/wp\/v2\/pages\/15833"}],"wp:attachment":[{"href":"https:\/\/www.duboischemicals.com\/fr\/wp-json\/wp\/v2\/media?parent=15769"}],"curies":[{"name":"wp","href":"https:\/\/api.w.org\/{rel}","templated":true}]}}